{"id":16192,"date":"2019-01-01T17:00:18","date_gmt":"2019-01-01T17:00:18","guid":{"rendered":"https:\/\/cmnordeste.pt\/cultura\/?page_id=16192"},"modified":"2020-04-13T12:46:30","modified_gmt":"2020-04-13T12:46:30","slug":"exposicoes-temporarias","status":"publish","type":"page","link":"https:\/\/cmnordeste.pt\/cultura\/museu-do-nordeste\/exposicoes-temporarias\/","title":{"rendered":"Museu Municipal Nestor de Sousa &#8211; Exposi\u00e7\u00f5es Tempor\u00e1rias"},"content":{"rendered":"<h2>Mostra de doa\u00e7\u00f5es feitas ao Museu Municipal Nestor de Sousa<\/h2>\n<p><strong><a href=\"https:\/\/cmnordeste.pt\/cultura\/museu-do-nordeste\/exposicoes-temporarias\/mostra-de-doacoes_2019_marco_abril\/\"><img loading=\"lazy\" decoding=\"async\" title=\"Mostra de doa\u00e7\u00f5es Mar\u00e7o \/ Abril 2019\" src=\"https:\/\/cmnordeste.pt\/cultura\/wp-content\/uploads\/sites\/4\/2019\/05\/mostra-de-doacoes_2019_marco_abril.jpg\" alt=\"Mostra de doa\u00e7\u00f5es Mar\u00e7o \/ Abril 2019\" class=\"_img_responsive_auto _self_right alignnone wp-image-16200 size-full\" width=\"1920\" height=\"1275\" srcset=\"https:\/\/cmnordeste.pt\/cultura\/wp-content\/uploads\/sites\/4\/2019\/05\/mostra-de-doacoes_2019_marco_abril.jpg 1920w, https:\/\/cmnordeste.pt\/cultura\/wp-content\/uploads\/sites\/4\/2019\/05\/mostra-de-doacoes_2019_marco_abril-768x510.jpg 768w, https:\/\/cmnordeste.pt\/cultura\/wp-content\/uploads\/sites\/4\/2019\/05\/mostra-de-doacoes_2019_marco_abril-1024x680.jpg 1024w\" sizes=\"auto, (max-width: 1920px) 100vw, 1920px\" \/><\/a><\/strong><\/p>\n<p><strong>local da exposi\u00e7\u00e3o<\/strong>: Museu Municipal Nestor de Sousa<\/p>\n<p><strong>Mar\u00e7o\/abril\/2019<\/strong><\/p>\n<p><strong>Boi\u00e3o<\/strong> cer\u00e2mico com tampa, normalmente utilizado para armazenar enchidos e banha na cozinha (barro cozido, vidrado e pintado: &#8220;Lou\u00e7a de Figueira&#8221; \u2013 Cer\u00e2mica da Lagoa)<\/p>\n<p><strong>Tigela<\/strong> cer\u00e2mica utilizada para comer a sopa ou &#8220;sopas de leite&#8221; (barro cozido, vidrado e pintado: &#8220;Lou\u00e7a de Figueira&#8221; \u2013 Cer\u00e2mica da Lagoa)<\/p>\n<p><strong>Toalha de renda<\/strong> feita \u00e0 m\u00e3o com fio grosso de algod\u00e3o, de produ\u00e7\u00e3o artesanal local<\/p>\n<p class=\"separador_bloco\">Estas pe\u00e7as foram gentilmente oferecidas ao museu pela Sr.\u00aa Maria Jos\u00e9 Pacheco Cabral, da Vila de Nordeste, em fevereiro de 2019.<\/p>\n<p>&nbsp;<\/p>\n<p class=\"separador_bloco\">\n<h2>Museu fora de portas<\/h2>\n<p><strong>Exposi\u00e7\u00e3o itinerante, em locais a definir<\/strong><\/p>\n<p>O Museu fora de portas \u00e9 uma iniciativa da C\u00e2mara Municipal de Nordeste que visa aproximar o museu \u00e0 popula\u00e7\u00e3o local.<\/p>\n<p>Para isso, est\u00e1 a ser desenvolvida uma exposi\u00e7\u00e3o itinerante que ir\u00e1 percorrer todas as freguesias do concelho, levando para perto da popula\u00e7\u00e3o alguns objetos que faziam parte dos h\u00e1bitos e tradi\u00e7\u00f5es de antigamente.<\/p>\n<p>Deste modo, espera-se alcan\u00e7ar um maior n\u00famero de visitantes e distribuir a oferta cultural por todas as freguesias do Nordeste.<\/p>\n<p>Fique atento ao nosso programa para saber onde poder\u00e1 visitar esta exposi\u00e7\u00e3o.<\/p>\n<p>&nbsp;<\/p>\n<p><strong>Programa <\/strong>(a atualizar em virtude do Plano de Emerg\u00eancia Nacional &#8211; COVID-19)<\/p>\n<p><\/p>\n<ul>\n<li>Fev\/2020 \u2013 Pedreira (Sal\u00e3o Paroquial)<\/li>\n<li>Mar\/2020 \u2013 Lomba da Fazenda (sede da junta de freguesia)<\/li>\n<li>Abr\/2020 \u2013 S. Pedro de Nordestinho (antiga escola prim\u00e1ria, de 2\u00aa a 6\u00aa feira das 8h30 \u00e0s 17h20)<\/li>\n<li>Maio &#8211; S. Ant\u00f3nio de Nordestinho (Centro Cultural Pe. Manuel Raposo, de 2\u00aa a 6\u00aa feiras das 8h00 \u00e0s 12h00\n<p>e d<span style=\"color: #333333\">as 13h00h \u00e0s 16h00)<\/span><\/p>\n<\/li>\n<li>Jun\/2020 \u2013 Algarvia (sede da Filarm\u00f3nica Estrela do Oriente &#8211; dias e hor\u00e1rio a definir)<\/li>\n<li>Jul\/2020 \u2013 Feteira Pequena (sede da junta de freguesia &#8211; dias e hor\u00e1rio a definir)<\/li>\n<li>Ago\/2020 \u2013 Achada (Casa do Povo &#8211; dias e hor\u00e1rio a definir)<\/li>\n<li>Set\/2020 \u2013 Achadinha (Casa Jo\u00e3o de Melo, de 2\u00aa a 6\u00aa feira das 13h00 \u00e0s 19h00 e s\u00e1bado das 9h00 \u00e0s 14h00)<\/li>\n<li>Out\/2020 \u2013 Salga (Centro de Atividades Culturais e Recreativas da Salga, de 2\u00aa a 6\u00aa feiras das 11h00 \u00e0s 18h00)<\/li>\n<\/ul>\n","protected":false},"excerpt":{"rendered":"<p>Mostra de doa\u00e7\u00f5es feitas ao Museu Municipal Nestor de Sousa local da exposi\u00e7\u00e3o: Museu Municipal Nestor de Sousa Mar\u00e7o\/abril\/2019 Boi\u00e3o cer\u00e2mico com tampa, normalmente utilizado para armazenar enchidos e banha na cozinha (barro cozido, vidrado e pintado: &#8220;Lou\u00e7a de Figueira&#8221; \u2013 Cer\u00e2mica da Lagoa) Tigela cer\u00e2mica utilizada para comer a sopa ou &#8220;sopas de leite&#8221; [&hellip;]<\/p>\n","protected":false},"author":1,"featured_media":16193,"parent":16138,"menu_order":14,"comment_status":"closed","ping_status":"closed","template":"page-museu.php","meta":{"_acf_changed":false,"footnotes":""},"class_list":["post-16192","page","type-page","status-publish","has-post-thumbnail","hentry"],"acf":[],"yoast_head":"<!-- This site is optimized with the Yoast SEO plugin v27.2 - https:\/\/yoast.com\/product\/yoast-seo-wordpress\/ -->\n<title>Museu Municipal Nestor de Sousa - Exposi\u00e7\u00f5es Tempor\u00e1rias - Cultura<\/title>\n<meta name=\"robots\" content=\"index, follow, max-snippet:-1, max-image-preview:large, max-video-preview:-1\" \/>\n<link rel=\"canonical\" href=\"https:\/\/cmnordeste.pt\/cultura\/museu-do-nordeste\/exposicoes-temporarias\/\" \/>\n<meta property=\"og:locale\" content=\"pt_PT\" \/>\n<meta property=\"og:type\" content=\"article\" \/>\n<meta property=\"og:title\" content=\"Museu Municipal Nestor de Sousa - Exposi\u00e7\u00f5es Tempor\u00e1rias - Cultura\" \/>\n<meta property=\"og:description\" content=\"Mostra de doa\u00e7\u00f5es feitas ao Museu Municipal Nestor de Sousa local da exposi\u00e7\u00e3o: Museu Municipal Nestor de Sousa Mar\u00e7o\/abril\/2019 Boi\u00e3o cer\u00e2mico com tampa, normalmente utilizado para armazenar enchidos e banha na cozinha (barro cozido, vidrado e pintado: &#8220;Lou\u00e7a de Figueira&#8221; \u2013 Cer\u00e2mica da Lagoa) Tigela cer\u00e2mica utilizada para comer a sopa ou &#8220;sopas de leite&#8221; [&hellip;]\" \/>\n<meta property=\"og:url\" content=\"https:\/\/cmnordeste.pt\/cultura\/museu-do-nordeste\/exposicoes-temporarias\/\" \/>\n<meta property=\"og:site_name\" content=\"Cultura\" \/>\n<meta property=\"article:modified_time\" content=\"2020-04-13T12:46:30+00:00\" \/>\n<meta property=\"og:image\" content=\"https:\/\/cmnordeste.pt\/cultura\/wp-content\/uploads\/sites\/4\/2019\/05\/exposicoes-temporarias-1535x1080.jpg\" \/>\n\t<meta property=\"og:image:width\" content=\"1535\" \/>\n\t<meta property=\"og:image:height\" content=\"1200\" \/>\n\t<meta property=\"og:image:type\" content=\"image\/jpeg\" \/>\n<meta name=\"twitter:card\" content=\"summary_large_image\" \/>\n<meta name=\"twitter:label1\" content=\"Tempo estimado de leitura\" \/>\n\t<meta name=\"twitter:data1\" content=\"2 minutos\" \/>\n<script type=\"application\/ld+json\" class=\"yoast-schema-graph\">{\"@context\":\"https:\/\/schema.org\",\"@graph\":[{\"@type\":\"WebPage\",\"@id\":\"https:\/\/cmnordeste.pt\/cultura\/museu-do-nordeste\/exposicoes-temporarias\/\",\"url\":\"https:\/\/cmnordeste.pt\/cultura\/museu-do-nordeste\/exposicoes-temporarias\/\",\"name\":\"Museu Municipal Nestor de Sousa - Exposi\u00e7\u00f5es Tempor\u00e1rias - Cultura\",\"isPartOf\":{\"@id\":\"https:\/\/cmnordeste.pt\/cultura\/#website\"},\"primaryImageOfPage\":{\"@id\":\"https:\/\/cmnordeste.pt\/cultura\/museu-do-nordeste\/exposicoes-temporarias\/#primaryimage\"},\"image\":{\"@id\":\"https:\/\/cmnordeste.pt\/cultura\/museu-do-nordeste\/exposicoes-temporarias\/#primaryimage\"},\"thumbnailUrl\":\"https:\/\/cmnordeste.pt\/cultura\/wp-content\/uploads\/sites\/4\/2019\/05\/exposicoes-temporarias-1535x1080.jpg\",\"datePublished\":\"2019-01-01T17:00:18+00:00\",\"dateModified\":\"2020-04-13T12:46:30+00:00\",\"breadcrumb\":{\"@id\":\"https:\/\/cmnordeste.pt\/cultura\/museu-do-nordeste\/exposicoes-temporarias\/#breadcrumb\"},\"inLanguage\":\"pt-PT\",\"potentialAction\":[{\"@type\":\"ReadAction\",\"target\":[\"https:\/\/cmnordeste.pt\/cultura\/museu-do-nordeste\/exposicoes-temporarias\/\"]}]},{\"@type\":\"ImageObject\",\"inLanguage\":\"pt-PT\",\"@id\":\"https:\/\/cmnordeste.pt\/cultura\/museu-do-nordeste\/exposicoes-temporarias\/#primaryimage\",\"url\":\"https:\/\/cmnordeste.pt\/cultura\/wp-content\/uploads\/sites\/4\/2019\/05\/exposicoes-temporarias-1535x1080.jpg\",\"contentUrl\":\"https:\/\/cmnordeste.pt\/cultura\/wp-content\/uploads\/sites\/4\/2019\/05\/exposicoes-temporarias-1535x1080.jpg\",\"width\":1535,\"height\":1200,\"caption\":\"Exposi\u00e7\u00f5es tempor\u00e1rias\"},{\"@type\":\"BreadcrumbList\",\"@id\":\"https:\/\/cmnordeste.pt\/cultura\/museu-do-nordeste\/exposicoes-temporarias\/#breadcrumb\",\"itemListElement\":[{\"@type\":\"ListItem\",\"position\":1,\"name\":\"In\u00edcio\",\"item\":\"https:\/\/cmnordeste.pt\/cultura\/\"},{\"@type\":\"ListItem\",\"position\":2,\"name\":\"Museu Municipal Nestor de Sousa\",\"item\":\"https:\/\/cmnordeste.pt\/cultura\/museu-do-nordeste\/\"},{\"@type\":\"ListItem\",\"position\":3,\"name\":\"Museu Municipal Nestor de Sousa &#8211; Exposi\u00e7\u00f5es Tempor\u00e1rias\"}]},{\"@type\":\"WebSite\",\"@id\":\"https:\/\/cmnordeste.pt\/cultura\/#website\",\"url\":\"https:\/\/cmnordeste.pt\/cultura\/\",\"name\":\"Cultura\",\"description\":\"Nordeste - Cultura\",\"potentialAction\":[{\"@type\":\"SearchAction\",\"target\":{\"@type\":\"EntryPoint\",\"urlTemplate\":\"https:\/\/cmnordeste.pt\/cultura\/?s={search_term_string}\"},\"query-input\":{\"@type\":\"PropertyValueSpecification\",\"valueRequired\":true,\"valueName\":\"search_term_string\"}}],\"inLanguage\":\"pt-PT\"}]}<\/script>\n<!-- \/ Yoast SEO plugin. -->","yoast_head_json":{"title":"Museu Municipal Nestor de Sousa - Exposi\u00e7\u00f5es Tempor\u00e1rias - Cultura","robots":{"index":"index","follow":"follow","max-snippet":"max-snippet:-1","max-image-preview":"max-image-preview:large","max-video-preview":"max-video-preview:-1"},"canonical":"https:\/\/cmnordeste.pt\/cultura\/museu-do-nordeste\/exposicoes-temporarias\/","og_locale":"pt_PT","og_type":"article","og_title":"Museu Municipal Nestor de Sousa - Exposi\u00e7\u00f5es Tempor\u00e1rias - Cultura","og_description":"Mostra de doa\u00e7\u00f5es feitas ao Museu Municipal Nestor de Sousa local da exposi\u00e7\u00e3o: Museu Municipal Nestor de Sousa Mar\u00e7o\/abril\/2019 Boi\u00e3o cer\u00e2mico com tampa, normalmente utilizado para armazenar enchidos e banha na cozinha (barro cozido, vidrado e pintado: &#8220;Lou\u00e7a de Figueira&#8221; \u2013 Cer\u00e2mica da Lagoa) Tigela cer\u00e2mica utilizada para comer a sopa ou &#8220;sopas de leite&#8221; [&hellip;]","og_url":"https:\/\/cmnordeste.pt\/cultura\/museu-do-nordeste\/exposicoes-temporarias\/","og_site_name":"Cultura","article_modified_time":"2020-04-13T12:46:30+00:00","og_image":[{"width":1535,"height":1200,"url":"https:\/\/cmnordeste.pt\/cultura\/wp-content\/uploads\/sites\/4\/2019\/05\/exposicoes-temporarias-1535x1080.jpg","type":"image\/jpeg"}],"twitter_card":"summary_large_image","twitter_misc":{"Tempo estimado de leitura":"2 minutos"},"schema":{"@context":"https:\/\/schema.org","@graph":[{"@type":"WebPage","@id":"https:\/\/cmnordeste.pt\/cultura\/museu-do-nordeste\/exposicoes-temporarias\/","url":"https:\/\/cmnordeste.pt\/cultura\/museu-do-nordeste\/exposicoes-temporarias\/","name":"Museu Municipal Nestor de Sousa - Exposi\u00e7\u00f5es Tempor\u00e1rias - Cultura","isPartOf":{"@id":"https:\/\/cmnordeste.pt\/cultura\/#website"},"primaryImageOfPage":{"@id":"https:\/\/cmnordeste.pt\/cultura\/museu-do-nordeste\/exposicoes-temporarias\/#primaryimage"},"image":{"@id":"https:\/\/cmnordeste.pt\/cultura\/museu-do-nordeste\/exposicoes-temporarias\/#primaryimage"},"thumbnailUrl":"https:\/\/cmnordeste.pt\/cultura\/wp-content\/uploads\/sites\/4\/2019\/05\/exposicoes-temporarias-1535x1080.jpg","datePublished":"2019-01-01T17:00:18+00:00","dateModified":"2020-04-13T12:46:30+00:00","breadcrumb":{"@id":"https:\/\/cmnordeste.pt\/cultura\/museu-do-nordeste\/exposicoes-temporarias\/#breadcrumb"},"inLanguage":"pt-PT","potentialAction":[{"@type":"ReadAction","target":["https:\/\/cmnordeste.pt\/cultura\/museu-do-nordeste\/exposicoes-temporarias\/"]}]},{"@type":"ImageObject","inLanguage":"pt-PT","@id":"https:\/\/cmnordeste.pt\/cultura\/museu-do-nordeste\/exposicoes-temporarias\/#primaryimage","url":"https:\/\/cmnordeste.pt\/cultura\/wp-content\/uploads\/sites\/4\/2019\/05\/exposicoes-temporarias-1535x1080.jpg","contentUrl":"https:\/\/cmnordeste.pt\/cultura\/wp-content\/uploads\/sites\/4\/2019\/05\/exposicoes-temporarias-1535x1080.jpg","width":1535,"height":1200,"caption":"Exposi\u00e7\u00f5es tempor\u00e1rias"},{"@type":"BreadcrumbList","@id":"https:\/\/cmnordeste.pt\/cultura\/museu-do-nordeste\/exposicoes-temporarias\/#breadcrumb","itemListElement":[{"@type":"ListItem","position":1,"name":"In\u00edcio","item":"https:\/\/cmnordeste.pt\/cultura\/"},{"@type":"ListItem","position":2,"name":"Museu Municipal Nestor de Sousa","item":"https:\/\/cmnordeste.pt\/cultura\/museu-do-nordeste\/"},{"@type":"ListItem","position":3,"name":"Museu Municipal Nestor de Sousa &#8211; Exposi\u00e7\u00f5es Tempor\u00e1rias"}]},{"@type":"WebSite","@id":"https:\/\/cmnordeste.pt\/cultura\/#website","url":"https:\/\/cmnordeste.pt\/cultura\/","name":"Cultura","description":"Nordeste - Cultura","potentialAction":[{"@type":"SearchAction","target":{"@type":"EntryPoint","urlTemplate":"https:\/\/cmnordeste.pt\/cultura\/?s={search_term_string}"},"query-input":{"@type":"PropertyValueSpecification","valueRequired":true,"valueName":"search_term_string"}}],"inLanguage":"pt-PT"}]}},"_links":{"self":[{"href":"https:\/\/cmnordeste.pt\/cultura\/wp-json\/wp\/v2\/pages\/16192","targetHints":{"allow":["GET"]}}],"collection":[{"href":"https:\/\/cmnordeste.pt\/cultura\/wp-json\/wp\/v2\/pages"}],"about":[{"href":"https:\/\/cmnordeste.pt\/cultura\/wp-json\/wp\/v2\/types\/page"}],"author":[{"embeddable":true,"href":"https:\/\/cmnordeste.pt\/cultura\/wp-json\/wp\/v2\/users\/1"}],"replies":[{"embeddable":true,"href":"https:\/\/cmnordeste.pt\/cultura\/wp-json\/wp\/v2\/comments?post=16192"}],"version-history":[{"count":4,"href":"https:\/\/cmnordeste.pt\/cultura\/wp-json\/wp\/v2\/pages\/16192\/revisions"}],"predecessor-version":[{"id":16367,"href":"https:\/\/cmnordeste.pt\/cultura\/wp-json\/wp\/v2\/pages\/16192\/revisions\/16367"}],"up":[{"embeddable":true,"href":"https:\/\/cmnordeste.pt\/cultura\/wp-json\/wp\/v2\/pages\/16138"}],"wp:featuredmedia":[{"embeddable":true,"href":"https:\/\/cmnordeste.pt\/cultura\/wp-json\/wp\/v2\/media\/16193"}],"wp:attachment":[{"href":"https:\/\/cmnordeste.pt\/cultura\/wp-json\/wp\/v2\/media?parent=16192"}],"curies":[{"name":"wp","href":"https:\/\/api.w.org\/{rel}","templated":true}]}}