{"id":16385,"date":"2020-02-01T21:03:50","date_gmt":"2020-02-01T21:03:50","guid":{"rendered":"https:\/\/cmnordeste.pt\/cultura\/?page_id=16385"},"modified":"2020-04-22T20:06:27","modified_gmt":"2020-04-22T20:06:27","slug":"nucleo-etnografico-da-achada","status":"publish","type":"page","link":"https:\/\/cmnordeste.pt\/cultura\/museus-do_nordeste\/nucleo-etnografico-da-achada\/","title":{"rendered":"N\u00facleo Etnogr\u00e1fico da Achada"},"content":{"rendered":"<script>fsg_json['fsg_post_16385'] = [\n{id: 16386, image: 'http:\/\/cmnordeste.pt\/cultura\/wp-content\/uploads\/sites\/4\/2020\/04\/nucleo_etnografico_achada_1.jpg', extlink: '', thumb: 'https:\/\/cmnordeste.pt\/cultura\/wp-content\/uploads\/sites\/4\/2020\/04\/nucleo_etnografico_achada_1-300x300.jpg', permalink: '<div class=\"galleria-layeritem\"><a title=\"Permalink\" href=\"https:\/\/cmnordeste.pt\/cultura\/museus-do_nordeste\/nucleo-etnografico-da-achada\/#16386\"><div class=\"galleria-link-bookmark\"><\/div><\/a><\/div>', layer: '<div class=\"galleria-infolayer\"><div class=\"galleria-layeritem\" style=\"padding-right: 20px;\"><h1>nucleo etnografico achada 1<\/h1><\/div><div class=\"galleria-layeritem\"><a title=\"Permalink\" href=\"https:\/\/cmnordeste.pt\/cultura\/museus-do_nordeste\/nucleo-etnografico-da-achada\/#16386\"><div class=\"galleria-link-bookmark\"><\/div><\/a><\/div><div class=\"galleria-layeritem\" style=\"padding-right: 20px;\"><\/div>'},\n{id: 16387, image: 'http:\/\/cmnordeste.pt\/cultura\/wp-content\/uploads\/sites\/4\/2020\/04\/nucleo_etnografico_achada_2.jpg', extlink: '', thumb: 'https:\/\/cmnordeste.pt\/cultura\/wp-content\/uploads\/sites\/4\/2020\/04\/nucleo_etnografico_achada_2-300x300.jpg', permalink: '<div class=\"galleria-layeritem\"><a title=\"Permalink\" href=\"https:\/\/cmnordeste.pt\/cultura\/museus-do_nordeste\/nucleo-etnografico-da-achada\/#16387\"><div class=\"galleria-link-bookmark\"><\/div><\/a><\/div>', layer: '<div class=\"galleria-infolayer\"><div class=\"galleria-layeritem\" style=\"padding-right: 20px;\"><h1>nucleo etnografico achada 2<\/h1><\/div><div class=\"galleria-layeritem\"><a title=\"Permalink\" href=\"https:\/\/cmnordeste.pt\/cultura\/museus-do_nordeste\/nucleo-etnografico-da-achada\/#16387\"><div class=\"galleria-link-bookmark\"><\/div><\/a><\/div><div class=\"galleria-layeritem\" style=\"padding-right: 20px;\"><\/div>'},\n{id: 16388, image: 'http:\/\/cmnordeste.pt\/cultura\/wp-content\/uploads\/sites\/4\/2020\/04\/nucleo_etnografico_achada_mapa.jpg', extlink: '', thumb: 'https:\/\/cmnordeste.pt\/cultura\/wp-content\/uploads\/sites\/4\/2020\/04\/nucleo_etnografico_achada_mapa-300x300.jpg', permalink: '<div class=\"galleria-layeritem\"><a title=\"Permalink\" href=\"https:\/\/cmnordeste.pt\/cultura\/museus-do_nordeste\/nucleo-etnografico-da-achada\/#16388\"><div class=\"galleria-link-bookmark\"><\/div><\/a><\/div>', layer: '<div class=\"galleria-infolayer\"><div class=\"galleria-layeritem\" style=\"padding-right: 20px;\"><h1>nucleo etnografico achada mapa<\/h1><\/div><div class=\"galleria-layeritem\"><a title=\"Permalink\" href=\"https:\/\/cmnordeste.pt\/cultura\/museus-do_nordeste\/nucleo-etnografico-da-achada\/#16388\"><div class=\"galleria-link-bookmark\"><\/div><\/a><\/div><div class=\"galleria-layeritem\" style=\"padding-right: 20px;\"><\/div>'}\n];<\/script>\n<p>Os costumes e as tradi\u00e7\u00f5es do povo da Achada est\u00e3o reunidos neste n\u00facleo museol\u00f3gico, criado em 2006 por iniciativa da Comiss\u00e3o Fabriqueira da Igreja de Nossa Senhora da Anuncia\u00e7\u00e3o, com o apoio do munic\u00edpio.<\/p>\n<p>Este n\u00facleo museol\u00f3gico re\u00fane v\u00e1rios artefactos cedidos pela popula\u00e7\u00e3o da freguesia, encontrando-se aqui utens\u00edlios agr\u00edcolas, objetos da vida dom\u00e9stica, artefactos ligados \u00e0 emigra\u00e7\u00e3o e aos rituais religiosos, em especial ao culto do Esp\u00edrito Santo, entre outras pe\u00e7as, a perpetuar uma parte significativa da hist\u00f3ria cultural da freguesia.<\/p>\n<p>Morada: Rua da Igreja, 9630-016 Achada<\/p>\n<p><strong>Coordenadas Geogr\u00e1ficas<\/strong><\/p>\n<ul>\n<li>Longitude (x) = 652680.34; Latitude (y) = 4191539.21 (PTRA08\/UTM Fuso 26N)<\/li>\n<li>Longitude (x) = -25.26441; Latitude (y) = 37.85853 (WGS 84)<\/li>\n<\/ul>\n<p><strong>Telefone<\/strong>: 296 452 186<\/p>\n<p><strong>Hor\u00e1rio<\/strong>: Segunda a sexta-feira: das 8:00h \u00e0s 12:00h e das 13:00h \u00e0s 16:00h (encerra aos fins de semana e feriados)<\/p>\n<p>Contactar os respons\u00e1veis no caso de estar temporariamente encerrado: 917267368<\/p>\n<p><a data-postid=\"fsg_post_16385\" data-imgid=\"16386\" href=\"https:\/\/cmnordeste.pt\/cultura\/wp-content\/uploads\/sites\/4\/2020\/04\/nucleo_etnografico_achada_1.jpg\"><img loading=\"lazy\" decoding=\"async\" src=\"https:\/\/cmnordeste.pt\/cultura\/wp-content\/uploads\/sites\/4\/2020\/04\/nucleo_etnografico_achada_1-768x512.jpg\" alt=\"nucleo etnografico achada\" class=\"_img_responsive_grid col-xs-12 col-sm-4 alignnone wp-image-16386 size-medium_large\" width=\"768\" height=\"512\" srcset=\"https:\/\/cmnordeste.pt\/cultura\/wp-content\/uploads\/sites\/4\/2020\/04\/nucleo_etnografico_achada_1-768x512.jpg 768w, https:\/\/cmnordeste.pt\/cultura\/wp-content\/uploads\/sites\/4\/2020\/04\/nucleo_etnografico_achada_1-1024x683.jpg 1024w, https:\/\/cmnordeste.pt\/cultura\/wp-content\/uploads\/sites\/4\/2020\/04\/nucleo_etnografico_achada_1.jpg 1200w\" sizes=\"auto, (max-width: 768px) 100vw, 768px\" \/><\/a><\/p>\n<p><a data-postid=\"fsg_post_16385\" data-imgid=\"16387\" href=\"https:\/\/cmnordeste.pt\/cultura\/wp-content\/uploads\/sites\/4\/2020\/04\/nucleo_etnografico_achada_2.jpg\"><img loading=\"lazy\" decoding=\"async\" src=\"https:\/\/cmnordeste.pt\/cultura\/wp-content\/uploads\/sites\/4\/2020\/04\/nucleo_etnografico_achada_2-768x512.jpg\" alt=\"nucleo etnografico achada 2\" class=\"_img_responsive_grid col-xs-12 col-sm-4 alignnone wp-image-16387 size-medium_large\" width=\"768\" height=\"512\" srcset=\"https:\/\/cmnordeste.pt\/cultura\/wp-content\/uploads\/sites\/4\/2020\/04\/nucleo_etnografico_achada_2-768x512.jpg 768w, https:\/\/cmnordeste.pt\/cultura\/wp-content\/uploads\/sites\/4\/2020\/04\/nucleo_etnografico_achada_2-1024x683.jpg 1024w, https:\/\/cmnordeste.pt\/cultura\/wp-content\/uploads\/sites\/4\/2020\/04\/nucleo_etnografico_achada_2.jpg 1200w\" sizes=\"auto, (max-width: 768px) 100vw, 768px\" \/><\/a><\/p>\n<p><a data-postid=\"fsg_post_16385\" data-imgid=\"16388\" href=\"https:\/\/cmnordeste.pt\/cultura\/wp-content\/uploads\/sites\/4\/2020\/04\/nucleo_etnografico_achada_mapa.jpg\"><img loading=\"lazy\" decoding=\"async\" title=\"nucleo etnografico achada mapa\" src=\"https:\/\/cmnordeste.pt\/cultura\/wp-content\/uploads\/sites\/4\/2020\/04\/nucleo_etnografico_achada_mapa-768x512.jpg\" alt=\"nucleo etnografico achada mapa\" class=\"_img_responsive_grid col-xs-12 col-sm-4 alignnone wp-image-16388 size-medium_large\" width=\"768\" height=\"512\" srcset=\"https:\/\/cmnordeste.pt\/cultura\/wp-content\/uploads\/sites\/4\/2020\/04\/nucleo_etnografico_achada_mapa-768x512.jpg 768w, https:\/\/cmnordeste.pt\/cultura\/wp-content\/uploads\/sites\/4\/2020\/04\/nucleo_etnografico_achada_mapa-1024x683.jpg 1024w, https:\/\/cmnordeste.pt\/cultura\/wp-content\/uploads\/sites\/4\/2020\/04\/nucleo_etnografico_achada_mapa.jpg 1200w\" sizes=\"auto, (max-width: 768px) 100vw, 768px\" \/><\/a><\/p>\n<p><a data-postid=\"fsg_post_16385\" data-imgid=\"16387\" href=\"https:\/\/cmnordeste.pt\/cultura\/wp-content\/uploads\/sites\/4\/2020\/04\/nucleo_etnografico_achada_2.jpg\"><\/a><\/p>\n<p class=\"separador_bloco\">\n","protected":false},"excerpt":{"rendered":"<p>Os costumes e as tradi\u00e7\u00f5es do povo da Achada est\u00e3o reunidos neste n\u00facleo museol\u00f3gico, criado em 2006 por iniciativa da Comiss\u00e3o Fabriqueira da Igreja de Nossa Senhora da Anuncia\u00e7\u00e3o, com o apoio do munic\u00edpio. Este n\u00facleo museol\u00f3gico re\u00fane v\u00e1rios artefactos cedidos pela popula\u00e7\u00e3o da freguesia, encontrando-se aqui utens\u00edlios agr\u00edcolas, objetos da vida dom\u00e9stica, artefactos ligados [&hellip;]<\/p>\n","protected":false},"author":1,"featured_media":0,"parent":22,"menu_order":21,"comment_status":"closed","ping_status":"closed","template":"","meta":{"_acf_changed":false,"footnotes":""},"class_list":["post-16385","page","type-page","status-publish","hentry"],"acf":[],"yoast_head":"<!-- This site is optimized with the Yoast SEO plugin v27.2 - https:\/\/yoast.com\/product\/yoast-seo-wordpress\/ -->\n<title>N\u00facleo Etnogr\u00e1fico da Achada - Cultura<\/title>\n<meta name=\"robots\" content=\"index, follow, max-snippet:-1, max-image-preview:large, max-video-preview:-1\" \/>\n<link rel=\"canonical\" href=\"https:\/\/cmnordeste.pt\/cultura\/museus-do_nordeste\/nucleo-etnografico-da-achada\/\" \/>\n<meta property=\"og:locale\" content=\"pt_PT\" \/>\n<meta property=\"og:type\" content=\"article\" \/>\n<meta property=\"og:title\" content=\"N\u00facleo Etnogr\u00e1fico da Achada - Cultura\" \/>\n<meta property=\"og:description\" content=\"Os costumes e as tradi\u00e7\u00f5es do povo da Achada est\u00e3o reunidos neste n\u00facleo museol\u00f3gico, criado em 2006 por iniciativa da Comiss\u00e3o Fabriqueira da Igreja de Nossa Senhora da Anuncia\u00e7\u00e3o, com o apoio do munic\u00edpio. Este n\u00facleo museol\u00f3gico re\u00fane v\u00e1rios artefactos cedidos pela popula\u00e7\u00e3o da freguesia, encontrando-se aqui utens\u00edlios agr\u00edcolas, objetos da vida dom\u00e9stica, artefactos ligados [&hellip;]\" \/>\n<meta property=\"og:url\" content=\"https:\/\/cmnordeste.pt\/cultura\/museus-do_nordeste\/nucleo-etnografico-da-achada\/\" \/>\n<meta property=\"og:site_name\" content=\"Cultura\" \/>\n<meta property=\"article:modified_time\" content=\"2020-04-22T20:06:27+00:00\" \/>\n<meta property=\"og:image\" content=\"https:\/\/cmnordeste.pt\/cultura\/wp-content\/uploads\/sites\/4\/2020\/04\/nucleo_etnografico_achada_1-768x512.jpg\" \/>\n<meta name=\"twitter:card\" content=\"summary_large_image\" \/>\n<meta name=\"twitter:label1\" content=\"Tempo estimado de leitura\" \/>\n\t<meta name=\"twitter:data1\" content=\"1 minuto\" \/>\n<script type=\"application\/ld+json\" class=\"yoast-schema-graph\">{\"@context\":\"https:\/\/schema.org\",\"@graph\":[{\"@type\":\"WebPage\",\"@id\":\"https:\/\/cmnordeste.pt\/cultura\/museus-do_nordeste\/nucleo-etnografico-da-achada\/\",\"url\":\"https:\/\/cmnordeste.pt\/cultura\/museus-do_nordeste\/nucleo-etnografico-da-achada\/\",\"name\":\"N\u00facleo Etnogr\u00e1fico da Achada - Cultura\",\"isPartOf\":{\"@id\":\"https:\/\/cmnordeste.pt\/cultura\/#website\"},\"primaryImageOfPage\":{\"@id\":\"https:\/\/cmnordeste.pt\/cultura\/museus-do_nordeste\/nucleo-etnografico-da-achada\/#primaryimage\"},\"image\":{\"@id\":\"https:\/\/cmnordeste.pt\/cultura\/museus-do_nordeste\/nucleo-etnografico-da-achada\/#primaryimage\"},\"thumbnailUrl\":\"https:\/\/cmnordeste.pt\/cultura\/wp-content\/uploads\/sites\/4\/2020\/04\/nucleo_etnografico_achada_1-768x512.jpg\",\"datePublished\":\"2020-02-01T21:03:50+00:00\",\"dateModified\":\"2020-04-22T20:06:27+00:00\",\"breadcrumb\":{\"@id\":\"https:\/\/cmnordeste.pt\/cultura\/museus-do_nordeste\/nucleo-etnografico-da-achada\/#breadcrumb\"},\"inLanguage\":\"pt-PT\",\"potentialAction\":[{\"@type\":\"ReadAction\",\"target\":[\"https:\/\/cmnordeste.pt\/cultura\/museus-do_nordeste\/nucleo-etnografico-da-achada\/\"]}]},{\"@type\":\"ImageObject\",\"inLanguage\":\"pt-PT\",\"@id\":\"https:\/\/cmnordeste.pt\/cultura\/museus-do_nordeste\/nucleo-etnografico-da-achada\/#primaryimage\",\"url\":\"https:\/\/cmnordeste.pt\/cultura\/wp-content\/uploads\/sites\/4\/2020\/04\/nucleo_etnografico_achada_1.jpg\",\"contentUrl\":\"https:\/\/cmnordeste.pt\/cultura\/wp-content\/uploads\/sites\/4\/2020\/04\/nucleo_etnografico_achada_1.jpg\",\"width\":1200,\"height\":800,\"caption\":\"nucleo etnografico achada 1\"},{\"@type\":\"BreadcrumbList\",\"@id\":\"https:\/\/cmnordeste.pt\/cultura\/museus-do_nordeste\/nucleo-etnografico-da-achada\/#breadcrumb\",\"itemListElement\":[{\"@type\":\"ListItem\",\"position\":1,\"name\":\"In\u00edcio\",\"item\":\"https:\/\/cmnordeste.pt\/cultura\/\"},{\"@type\":\"ListItem\",\"position\":2,\"name\":\"Espa\u00e7os Museol\u00f3gicos e de Exposi\u00e7\u00e3o do Nordeste\",\"item\":\"https:\/\/cmnordeste.pt\/cultura\/museus-do_nordeste\/\"},{\"@type\":\"ListItem\",\"position\":3,\"name\":\"N\u00facleo Etnogr\u00e1fico da Achada\"}]},{\"@type\":\"WebSite\",\"@id\":\"https:\/\/cmnordeste.pt\/cultura\/#website\",\"url\":\"https:\/\/cmnordeste.pt\/cultura\/\",\"name\":\"Cultura\",\"description\":\"Nordeste - Cultura\",\"potentialAction\":[{\"@type\":\"SearchAction\",\"target\":{\"@type\":\"EntryPoint\",\"urlTemplate\":\"https:\/\/cmnordeste.pt\/cultura\/?s={search_term_string}\"},\"query-input\":{\"@type\":\"PropertyValueSpecification\",\"valueRequired\":true,\"valueName\":\"search_term_string\"}}],\"inLanguage\":\"pt-PT\"}]}<\/script>\n<!-- \/ Yoast SEO plugin. -->","yoast_head_json":{"title":"N\u00facleo Etnogr\u00e1fico da Achada - Cultura","robots":{"index":"index","follow":"follow","max-snippet":"max-snippet:-1","max-image-preview":"max-image-preview:large","max-video-preview":"max-video-preview:-1"},"canonical":"https:\/\/cmnordeste.pt\/cultura\/museus-do_nordeste\/nucleo-etnografico-da-achada\/","og_locale":"pt_PT","og_type":"article","og_title":"N\u00facleo Etnogr\u00e1fico da Achada - Cultura","og_description":"Os costumes e as tradi\u00e7\u00f5es do povo da Achada est\u00e3o reunidos neste n\u00facleo museol\u00f3gico, criado em 2006 por iniciativa da Comiss\u00e3o Fabriqueira da Igreja de Nossa Senhora da Anuncia\u00e7\u00e3o, com o apoio do munic\u00edpio. Este n\u00facleo museol\u00f3gico re\u00fane v\u00e1rios artefactos cedidos pela popula\u00e7\u00e3o da freguesia, encontrando-se aqui utens\u00edlios agr\u00edcolas, objetos da vida dom\u00e9stica, artefactos ligados [&hellip;]","og_url":"https:\/\/cmnordeste.pt\/cultura\/museus-do_nordeste\/nucleo-etnografico-da-achada\/","og_site_name":"Cultura","article_modified_time":"2020-04-22T20:06:27+00:00","og_image":[{"url":"https:\/\/cmnordeste.pt\/cultura\/wp-content\/uploads\/sites\/4\/2020\/04\/nucleo_etnografico_achada_1-768x512.jpg","type":"","width":"","height":""}],"twitter_card":"summary_large_image","twitter_misc":{"Tempo estimado de leitura":"1 minuto"},"schema":{"@context":"https:\/\/schema.org","@graph":[{"@type":"WebPage","@id":"https:\/\/cmnordeste.pt\/cultura\/museus-do_nordeste\/nucleo-etnografico-da-achada\/","url":"https:\/\/cmnordeste.pt\/cultura\/museus-do_nordeste\/nucleo-etnografico-da-achada\/","name":"N\u00facleo Etnogr\u00e1fico da Achada - Cultura","isPartOf":{"@id":"https:\/\/cmnordeste.pt\/cultura\/#website"},"primaryImageOfPage":{"@id":"https:\/\/cmnordeste.pt\/cultura\/museus-do_nordeste\/nucleo-etnografico-da-achada\/#primaryimage"},"image":{"@id":"https:\/\/cmnordeste.pt\/cultura\/museus-do_nordeste\/nucleo-etnografico-da-achada\/#primaryimage"},"thumbnailUrl":"https:\/\/cmnordeste.pt\/cultura\/wp-content\/uploads\/sites\/4\/2020\/04\/nucleo_etnografico_achada_1-768x512.jpg","datePublished":"2020-02-01T21:03:50+00:00","dateModified":"2020-04-22T20:06:27+00:00","breadcrumb":{"@id":"https:\/\/cmnordeste.pt\/cultura\/museus-do_nordeste\/nucleo-etnografico-da-achada\/#breadcrumb"},"inLanguage":"pt-PT","potentialAction":[{"@type":"ReadAction","target":["https:\/\/cmnordeste.pt\/cultura\/museus-do_nordeste\/nucleo-etnografico-da-achada\/"]}]},{"@type":"ImageObject","inLanguage":"pt-PT","@id":"https:\/\/cmnordeste.pt\/cultura\/museus-do_nordeste\/nucleo-etnografico-da-achada\/#primaryimage","url":"https:\/\/cmnordeste.pt\/cultura\/wp-content\/uploads\/sites\/4\/2020\/04\/nucleo_etnografico_achada_1.jpg","contentUrl":"https:\/\/cmnordeste.pt\/cultura\/wp-content\/uploads\/sites\/4\/2020\/04\/nucleo_etnografico_achada_1.jpg","width":1200,"height":800,"caption":"nucleo etnografico achada 1"},{"@type":"BreadcrumbList","@id":"https:\/\/cmnordeste.pt\/cultura\/museus-do_nordeste\/nucleo-etnografico-da-achada\/#breadcrumb","itemListElement":[{"@type":"ListItem","position":1,"name":"In\u00edcio","item":"https:\/\/cmnordeste.pt\/cultura\/"},{"@type":"ListItem","position":2,"name":"Espa\u00e7os Museol\u00f3gicos e de Exposi\u00e7\u00e3o do Nordeste","item":"https:\/\/cmnordeste.pt\/cultura\/museus-do_nordeste\/"},{"@type":"ListItem","position":3,"name":"N\u00facleo Etnogr\u00e1fico da Achada"}]},{"@type":"WebSite","@id":"https:\/\/cmnordeste.pt\/cultura\/#website","url":"https:\/\/cmnordeste.pt\/cultura\/","name":"Cultura","description":"Nordeste - Cultura","potentialAction":[{"@type":"SearchAction","target":{"@type":"EntryPoint","urlTemplate":"https:\/\/cmnordeste.pt\/cultura\/?s={search_term_string}"},"query-input":{"@type":"PropertyValueSpecification","valueRequired":true,"valueName":"search_term_string"}}],"inLanguage":"pt-PT"}]}},"_links":{"self":[{"href":"https:\/\/cmnordeste.pt\/cultura\/wp-json\/wp\/v2\/pages\/16385","targetHints":{"allow":["GET"]}}],"collection":[{"href":"https:\/\/cmnordeste.pt\/cultura\/wp-json\/wp\/v2\/pages"}],"about":[{"href":"https:\/\/cmnordeste.pt\/cultura\/wp-json\/wp\/v2\/types\/page"}],"author":[{"embeddable":true,"href":"https:\/\/cmnordeste.pt\/cultura\/wp-json\/wp\/v2\/users\/1"}],"replies":[{"embeddable":true,"href":"https:\/\/cmnordeste.pt\/cultura\/wp-json\/wp\/v2\/comments?post=16385"}],"version-history":[{"count":4,"href":"https:\/\/cmnordeste.pt\/cultura\/wp-json\/wp\/v2\/pages\/16385\/revisions"}],"predecessor-version":[{"id":16460,"href":"https:\/\/cmnordeste.pt\/cultura\/wp-json\/wp\/v2\/pages\/16385\/revisions\/16460"}],"up":[{"embeddable":true,"href":"https:\/\/cmnordeste.pt\/cultura\/wp-json\/wp\/v2\/pages\/22"}],"wp:attachment":[{"href":"https:\/\/cmnordeste.pt\/cultura\/wp-json\/wp\/v2\/media?parent=16385"}],"curies":[{"name":"wp","href":"https:\/\/api.w.org\/{rel}","templated":true}]}}