{"id":16397,"date":"2020-09-22T12:00:42","date_gmt":"2020-09-22T12:00:42","guid":{"rendered":"https:\/\/cmnordeste.pt\/cultura\/?page_id=16397"},"modified":"2025-09-22T12:11:41","modified_gmt":"2025-09-22T12:11:41","slug":"nucleo-etnografico-da-junta-de-freguesia-da-lomba-da-fazenda","status":"publish","type":"page","link":"https:\/\/cmnordeste.pt\/cultura\/museus-do_nordeste\/nucleo-etnografico-da-junta-de-freguesia-da-lomba-da-fazenda\/","title":{"rendered":"N\u00facleo Etnogr\u00e1fico da Junta de Freguesia da Lomba da Fazenda"},"content":{"rendered":"<script>fsg_json['fsg_post_16397'] = [\n{id: 16398, image: 'http:\/\/cmnordeste.pt\/cultura\/wp-content\/uploads\/sites\/4\/2020\/04\/nucleo_etnografico_jf_lomba_fazenda_1.jpg', extlink: '', thumb: 'https:\/\/cmnordeste.pt\/cultura\/wp-content\/uploads\/sites\/4\/2020\/04\/nucleo_etnografico_jf_lomba_fazenda_1-300x300.jpg', permalink: '<div class=\"galleria-layeritem\"><a title=\"Permalink\" href=\"https:\/\/cmnordeste.pt\/cultura\/museus-do_nordeste\/nucleo-etnografico-da-junta-de-freguesia-da-lomba-da-fazenda\/#16398\"><div class=\"galleria-link-bookmark\"><\/div><\/a><\/div>', layer: '<div class=\"galleria-infolayer\"><div class=\"galleria-layeritem\" style=\"padding-right: 20px;\"><h1>nucleo etnografico jf lomba fazenda 1<\/h1><\/div><div class=\"galleria-layeritem\"><a title=\"Permalink\" href=\"https:\/\/cmnordeste.pt\/cultura\/museus-do_nordeste\/nucleo-etnografico-da-junta-de-freguesia-da-lomba-da-fazenda\/#16398\"><div class=\"galleria-link-bookmark\"><\/div><\/a><\/div><div class=\"galleria-layeritem\" style=\"padding-right: 20px;\"><\/div>'},\n{id: 16399, image: 'http:\/\/cmnordeste.pt\/cultura\/wp-content\/uploads\/sites\/4\/2020\/04\/nucleo_etnografico_jf_lomba_fazenda_mapa.jpg', extlink: '', thumb: 'https:\/\/cmnordeste.pt\/cultura\/wp-content\/uploads\/sites\/4\/2020\/04\/nucleo_etnografico_jf_lomba_fazenda_mapa-300x300.jpg', permalink: '<div class=\"galleria-layeritem\"><a title=\"Permalink\" href=\"https:\/\/cmnordeste.pt\/cultura\/museus-do_nordeste\/nucleo-etnografico-da-junta-de-freguesia-da-lomba-da-fazenda\/#16399\"><div class=\"galleria-link-bookmark\"><\/div><\/a><\/div>', layer: '<div class=\"galleria-infolayer\"><div class=\"galleria-layeritem\" style=\"padding-right: 20px;\"><h1>nucleo etnografico jf lomba fazenda mapa<\/h1><\/div><div class=\"galleria-layeritem\"><a title=\"Permalink\" href=\"https:\/\/cmnordeste.pt\/cultura\/museus-do_nordeste\/nucleo-etnografico-da-junta-de-freguesia-da-lomba-da-fazenda\/#16399\"><div class=\"galleria-link-bookmark\"><\/div><\/a><\/div><div class=\"galleria-layeritem\" style=\"padding-right: 20px;\"><\/div>'}\n];<\/script>\n<p>Este espa\u00e7o expositivo, de cariz etnogr\u00e1fico, foi criado em 2007 pela Junta de Freguesia da Lomba da Fazenda, com o intuito de preservar as mem\u00f3rias de algumas tradi\u00e7\u00f5es culturais desta freguesia. Aqui podem ver-se alguns utens\u00edlios que antigamente se usavam nas lides di\u00e1rias das fam\u00edlias da Lomba da Fazenda.<\/p>\n<p>Morada: Estrada Regional n.\u00ba4, Concei\u00e7\u00e3o, 9630-103 Lomba da Fazenda<\/p>\n<p><strong>Coordenadas Geogr\u00e1ficas:<\/strong><\/p>\n<div style=\"padding-left: 40px\"><strong>Longitude<\/strong> (x) = 661798.38; Latitude (y) = 4190200.25 (PTRA08\/UTM Fuso 26N)<\/div>\n<div style=\"padding-left: 40px\"><strong>Longitude<\/strong> (x) = -25.16109; Latitude (y) = 37.84490 (WGS 84)<\/div>\n<p><strong>Telefone<\/strong>: 296 486 103<\/p>\n<p><strong>Hor\u00e1rio<\/strong>: Segunda a sexta-feira: das 8:30h \u00e0s 12:00h e das 13:00h \u00e0s 16:00h (encerra aos fins de semana e feriados)<\/p>\n<p><strong>(o n\u00facleo poder\u00e1 estar<\/strong> <em><strong>temporariamente em manuten\u00e7\u00e3o<\/strong><\/em>)<\/p>\n<p><strong>Email<\/strong>: jffazenda@sapo.pt<\/p>\n<p><a data-postid=\"fsg_post_16397\" data-imgid=\"16398\" href=\"https:\/\/cmnordeste.pt\/cultura\/wp-content\/uploads\/sites\/4\/2020\/04\/nucleo_etnografico_jf_lomba_fazenda_1.jpg\"><img loading=\"lazy\" decoding=\"async\" title=\"nucleo etnografico jf lomba fazenda 1\" src=\"https:\/\/cmnordeste.pt\/cultura\/wp-content\/uploads\/sites\/4\/2020\/04\/nucleo_etnografico_jf_lomba_fazenda_1-768x512.jpg\" alt=\"nucleo etnografico jf lomba fazenda 1\" class=\"_img_responsive_grid col-xs-12 col-sm-6 alignnone wp-image-16398 size-medium_large\" width=\"768\" height=\"512\" srcset=\"https:\/\/cmnordeste.pt\/cultura\/wp-content\/uploads\/sites\/4\/2020\/04\/nucleo_etnografico_jf_lomba_fazenda_1-768x512.jpg 768w, https:\/\/cmnordeste.pt\/cultura\/wp-content\/uploads\/sites\/4\/2020\/04\/nucleo_etnografico_jf_lomba_fazenda_1-1024x683.jpg 1024w, https:\/\/cmnordeste.pt\/cultura\/wp-content\/uploads\/sites\/4\/2020\/04\/nucleo_etnografico_jf_lomba_fazenda_1.jpg 1200w\" sizes=\"auto, (max-width: 768px) 100vw, 768px\" \/><\/a><\/p>\n<p><a data-postid=\"fsg_post_16397\" data-imgid=\"16399\" href=\"https:\/\/cmnordeste.pt\/cultura\/wp-content\/uploads\/sites\/4\/2020\/04\/nucleo_etnografico_jf_lomba_fazenda_mapa.jpg\"><img loading=\"lazy\" decoding=\"async\" title=\"nucleo etnografico jf lomba fazenda mapa\" src=\"https:\/\/cmnordeste.pt\/cultura\/wp-content\/uploads\/sites\/4\/2020\/04\/nucleo_etnografico_jf_lomba_fazenda_mapa-768x512.jpg\" alt=\"nucleo etnografico jf lomba fazenda mapa\" class=\"_img_responsive_grid col-xs-12 col-sm-6 alignnone wp-image-16399 size-medium_large\" width=\"768\" height=\"512\" srcset=\"https:\/\/cmnordeste.pt\/cultura\/wp-content\/uploads\/sites\/4\/2020\/04\/nucleo_etnografico_jf_lomba_fazenda_mapa-768x512.jpg 768w, https:\/\/cmnordeste.pt\/cultura\/wp-content\/uploads\/sites\/4\/2020\/04\/nucleo_etnografico_jf_lomba_fazenda_mapa-1024x683.jpg 1024w, https:\/\/cmnordeste.pt\/cultura\/wp-content\/uploads\/sites\/4\/2020\/04\/nucleo_etnografico_jf_lomba_fazenda_mapa.jpg 1200w\" sizes=\"auto, (max-width: 768px) 100vw, 768px\" \/><\/a><\/p>\n<p class=\"separador_bloco\">\n","protected":false},"excerpt":{"rendered":"<p>Este espa\u00e7o expositivo, de cariz etnogr\u00e1fico, foi criado em 2007 pela Junta de Freguesia da Lomba da Fazenda, com o intuito de preservar as mem\u00f3rias de algumas tradi\u00e7\u00f5es culturais desta freguesia. Aqui podem ver-se alguns utens\u00edlios que antigamente se usavam nas lides di\u00e1rias das fam\u00edlias da Lomba da Fazenda. Morada: Estrada Regional n.\u00ba4, Concei\u00e7\u00e3o, 9630-103 [&hellip;]<\/p>\n","protected":false},"author":1,"featured_media":0,"parent":22,"menu_order":23,"comment_status":"closed","ping_status":"closed","template":"","meta":{"_acf_changed":false,"footnotes":""},"class_list":["post-16397","page","type-page","status-publish","hentry"],"acf":[],"yoast_head":"<!-- This site is optimized with the Yoast SEO plugin v27.4 - https:\/\/yoast.com\/product\/yoast-seo-wordpress\/ -->\n<title>N\u00facleo Etnogr\u00e1fico da Junta de Freguesia da Lomba da Fazenda - Cultura<\/title>\n<meta name=\"robots\" content=\"index, follow, max-snippet:-1, max-image-preview:large, max-video-preview:-1\" \/>\n<link rel=\"canonical\" href=\"https:\/\/cmnordeste.pt\/cultura\/museus-do_nordeste\/nucleo-etnografico-da-junta-de-freguesia-da-lomba-da-fazenda\/\" \/>\n<meta property=\"og:locale\" content=\"pt_PT\" \/>\n<meta property=\"og:type\" content=\"article\" \/>\n<meta property=\"og:title\" content=\"N\u00facleo Etnogr\u00e1fico da Junta de Freguesia da Lomba da Fazenda - Cultura\" \/>\n<meta property=\"og:description\" content=\"Este espa\u00e7o expositivo, de cariz etnogr\u00e1fico, foi criado em 2007 pela Junta de Freguesia da Lomba da Fazenda, com o intuito de preservar as mem\u00f3rias de algumas tradi\u00e7\u00f5es culturais desta freguesia. Aqui podem ver-se alguns utens\u00edlios que antigamente se usavam nas lides di\u00e1rias das fam\u00edlias da Lomba da Fazenda. Morada: Estrada Regional n.\u00ba4, Concei\u00e7\u00e3o, 9630-103 [&hellip;]\" \/>\n<meta property=\"og:url\" content=\"https:\/\/cmnordeste.pt\/cultura\/museus-do_nordeste\/nucleo-etnografico-da-junta-de-freguesia-da-lomba-da-fazenda\/\" \/>\n<meta property=\"og:site_name\" content=\"Cultura\" \/>\n<meta property=\"article:modified_time\" content=\"2025-09-22T12:11:41+00:00\" \/>\n<meta property=\"og:image\" content=\"https:\/\/cmnordeste.pt\/cultura\/wp-content\/uploads\/sites\/4\/2020\/04\/nucleo_etnografico_jf_lomba_fazenda_1-768x512.jpg\" \/>\n<meta name=\"twitter:card\" content=\"summary_large_image\" \/>\n<meta name=\"twitter:label1\" content=\"Tempo estimado de leitura\" \/>\n\t<meta name=\"twitter:data1\" content=\"1 minuto\" \/>\n<script type=\"application\/ld+json\" class=\"yoast-schema-graph\">{\"@context\":\"https:\\\/\\\/schema.org\",\"@graph\":[{\"@type\":\"WebPage\",\"@id\":\"https:\\\/\\\/cmnordeste.pt\\\/cultura\\\/museus-do_nordeste\\\/nucleo-etnografico-da-junta-de-freguesia-da-lomba-da-fazenda\\\/\",\"url\":\"https:\\\/\\\/cmnordeste.pt\\\/cultura\\\/museus-do_nordeste\\\/nucleo-etnografico-da-junta-de-freguesia-da-lomba-da-fazenda\\\/\",\"name\":\"N\u00facleo Etnogr\u00e1fico da Junta de Freguesia da Lomba da Fazenda - Cultura\",\"isPartOf\":{\"@id\":\"https:\\\/\\\/cmnordeste.pt\\\/cultura\\\/#website\"},\"primaryImageOfPage\":{\"@id\":\"https:\\\/\\\/cmnordeste.pt\\\/cultura\\\/museus-do_nordeste\\\/nucleo-etnografico-da-junta-de-freguesia-da-lomba-da-fazenda\\\/#primaryimage\"},\"image\":{\"@id\":\"https:\\\/\\\/cmnordeste.pt\\\/cultura\\\/museus-do_nordeste\\\/nucleo-etnografico-da-junta-de-freguesia-da-lomba-da-fazenda\\\/#primaryimage\"},\"thumbnailUrl\":\"https:\\\/\\\/cmnordeste.pt\\\/cultura\\\/wp-content\\\/uploads\\\/sites\\\/4\\\/2020\\\/04\\\/nucleo_etnografico_jf_lomba_fazenda_1-768x512.jpg\",\"datePublished\":\"2020-09-22T12:00:42+00:00\",\"dateModified\":\"2025-09-22T12:11:41+00:00\",\"breadcrumb\":{\"@id\":\"https:\\\/\\\/cmnordeste.pt\\\/cultura\\\/museus-do_nordeste\\\/nucleo-etnografico-da-junta-de-freguesia-da-lomba-da-fazenda\\\/#breadcrumb\"},\"inLanguage\":\"pt-PT\",\"potentialAction\":[{\"@type\":\"ReadAction\",\"target\":[\"https:\\\/\\\/cmnordeste.pt\\\/cultura\\\/museus-do_nordeste\\\/nucleo-etnografico-da-junta-de-freguesia-da-lomba-da-fazenda\\\/\"]}]},{\"@type\":\"ImageObject\",\"inLanguage\":\"pt-PT\",\"@id\":\"https:\\\/\\\/cmnordeste.pt\\\/cultura\\\/museus-do_nordeste\\\/nucleo-etnografico-da-junta-de-freguesia-da-lomba-da-fazenda\\\/#primaryimage\",\"url\":\"https:\\\/\\\/cmnordeste.pt\\\/cultura\\\/wp-content\\\/uploads\\\/sites\\\/4\\\/2020\\\/04\\\/nucleo_etnografico_jf_lomba_fazenda_1.jpg\",\"contentUrl\":\"https:\\\/\\\/cmnordeste.pt\\\/cultura\\\/wp-content\\\/uploads\\\/sites\\\/4\\\/2020\\\/04\\\/nucleo_etnografico_jf_lomba_fazenda_1.jpg\",\"width\":1200,\"height\":800,\"caption\":\"nucleo etnografico jf lomba fazenda 1\"},{\"@type\":\"BreadcrumbList\",\"@id\":\"https:\\\/\\\/cmnordeste.pt\\\/cultura\\\/museus-do_nordeste\\\/nucleo-etnografico-da-junta-de-freguesia-da-lomba-da-fazenda\\\/#breadcrumb\",\"itemListElement\":[{\"@type\":\"ListItem\",\"position\":1,\"name\":\"In\u00edcio\",\"item\":\"https:\\\/\\\/cmnordeste.pt\\\/cultura\\\/\"},{\"@type\":\"ListItem\",\"position\":2,\"name\":\"Espa\u00e7os Museol\u00f3gicos e de Exposi\u00e7\u00e3o do Nordeste\",\"item\":\"https:\\\/\\\/cmnordeste.pt\\\/cultura\\\/museus-do_nordeste\\\/\"},{\"@type\":\"ListItem\",\"position\":3,\"name\":\"N\u00facleo Etnogr\u00e1fico da Junta de Freguesia da Lomba da Fazenda\"}]},{\"@type\":\"WebSite\",\"@id\":\"https:\\\/\\\/cmnordeste.pt\\\/cultura\\\/#website\",\"url\":\"https:\\\/\\\/cmnordeste.pt\\\/cultura\\\/\",\"name\":\"Cultura\",\"description\":\"Nordeste - Cultura\",\"potentialAction\":[{\"@type\":\"SearchAction\",\"target\":{\"@type\":\"EntryPoint\",\"urlTemplate\":\"https:\\\/\\\/cmnordeste.pt\\\/cultura\\\/?s={search_term_string}\"},\"query-input\":{\"@type\":\"PropertyValueSpecification\",\"valueRequired\":true,\"valueName\":\"search_term_string\"}}],\"inLanguage\":\"pt-PT\"}]}<\/script>\n<!-- \/ Yoast SEO plugin. -->","yoast_head_json":{"title":"N\u00facleo Etnogr\u00e1fico da Junta de Freguesia da Lomba da Fazenda - Cultura","robots":{"index":"index","follow":"follow","max-snippet":"max-snippet:-1","max-image-preview":"max-image-preview:large","max-video-preview":"max-video-preview:-1"},"canonical":"https:\/\/cmnordeste.pt\/cultura\/museus-do_nordeste\/nucleo-etnografico-da-junta-de-freguesia-da-lomba-da-fazenda\/","og_locale":"pt_PT","og_type":"article","og_title":"N\u00facleo Etnogr\u00e1fico da Junta de Freguesia da Lomba da Fazenda - Cultura","og_description":"Este espa\u00e7o expositivo, de cariz etnogr\u00e1fico, foi criado em 2007 pela Junta de Freguesia da Lomba da Fazenda, com o intuito de preservar as mem\u00f3rias de algumas tradi\u00e7\u00f5es culturais desta freguesia. Aqui podem ver-se alguns utens\u00edlios que antigamente se usavam nas lides di\u00e1rias das fam\u00edlias da Lomba da Fazenda. Morada: Estrada Regional n.\u00ba4, Concei\u00e7\u00e3o, 9630-103 [&hellip;]","og_url":"https:\/\/cmnordeste.pt\/cultura\/museus-do_nordeste\/nucleo-etnografico-da-junta-de-freguesia-da-lomba-da-fazenda\/","og_site_name":"Cultura","article_modified_time":"2025-09-22T12:11:41+00:00","og_image":[{"url":"https:\/\/cmnordeste.pt\/cultura\/wp-content\/uploads\/sites\/4\/2020\/04\/nucleo_etnografico_jf_lomba_fazenda_1-768x512.jpg","type":"","width":"","height":""}],"twitter_card":"summary_large_image","twitter_misc":{"Tempo estimado de leitura":"1 minuto"},"schema":{"@context":"https:\/\/schema.org","@graph":[{"@type":"WebPage","@id":"https:\/\/cmnordeste.pt\/cultura\/museus-do_nordeste\/nucleo-etnografico-da-junta-de-freguesia-da-lomba-da-fazenda\/","url":"https:\/\/cmnordeste.pt\/cultura\/museus-do_nordeste\/nucleo-etnografico-da-junta-de-freguesia-da-lomba-da-fazenda\/","name":"N\u00facleo Etnogr\u00e1fico da Junta de Freguesia da Lomba da Fazenda - Cultura","isPartOf":{"@id":"https:\/\/cmnordeste.pt\/cultura\/#website"},"primaryImageOfPage":{"@id":"https:\/\/cmnordeste.pt\/cultura\/museus-do_nordeste\/nucleo-etnografico-da-junta-de-freguesia-da-lomba-da-fazenda\/#primaryimage"},"image":{"@id":"https:\/\/cmnordeste.pt\/cultura\/museus-do_nordeste\/nucleo-etnografico-da-junta-de-freguesia-da-lomba-da-fazenda\/#primaryimage"},"thumbnailUrl":"https:\/\/cmnordeste.pt\/cultura\/wp-content\/uploads\/sites\/4\/2020\/04\/nucleo_etnografico_jf_lomba_fazenda_1-768x512.jpg","datePublished":"2020-09-22T12:00:42+00:00","dateModified":"2025-09-22T12:11:41+00:00","breadcrumb":{"@id":"https:\/\/cmnordeste.pt\/cultura\/museus-do_nordeste\/nucleo-etnografico-da-junta-de-freguesia-da-lomba-da-fazenda\/#breadcrumb"},"inLanguage":"pt-PT","potentialAction":[{"@type":"ReadAction","target":["https:\/\/cmnordeste.pt\/cultura\/museus-do_nordeste\/nucleo-etnografico-da-junta-de-freguesia-da-lomba-da-fazenda\/"]}]},{"@type":"ImageObject","inLanguage":"pt-PT","@id":"https:\/\/cmnordeste.pt\/cultura\/museus-do_nordeste\/nucleo-etnografico-da-junta-de-freguesia-da-lomba-da-fazenda\/#primaryimage","url":"https:\/\/cmnordeste.pt\/cultura\/wp-content\/uploads\/sites\/4\/2020\/04\/nucleo_etnografico_jf_lomba_fazenda_1.jpg","contentUrl":"https:\/\/cmnordeste.pt\/cultura\/wp-content\/uploads\/sites\/4\/2020\/04\/nucleo_etnografico_jf_lomba_fazenda_1.jpg","width":1200,"height":800,"caption":"nucleo etnografico jf lomba fazenda 1"},{"@type":"BreadcrumbList","@id":"https:\/\/cmnordeste.pt\/cultura\/museus-do_nordeste\/nucleo-etnografico-da-junta-de-freguesia-da-lomba-da-fazenda\/#breadcrumb","itemListElement":[{"@type":"ListItem","position":1,"name":"In\u00edcio","item":"https:\/\/cmnordeste.pt\/cultura\/"},{"@type":"ListItem","position":2,"name":"Espa\u00e7os Museol\u00f3gicos e de Exposi\u00e7\u00e3o do Nordeste","item":"https:\/\/cmnordeste.pt\/cultura\/museus-do_nordeste\/"},{"@type":"ListItem","position":3,"name":"N\u00facleo Etnogr\u00e1fico da Junta de Freguesia da Lomba da Fazenda"}]},{"@type":"WebSite","@id":"https:\/\/cmnordeste.pt\/cultura\/#website","url":"https:\/\/cmnordeste.pt\/cultura\/","name":"Cultura","description":"Nordeste - Cultura","potentialAction":[{"@type":"SearchAction","target":{"@type":"EntryPoint","urlTemplate":"https:\/\/cmnordeste.pt\/cultura\/?s={search_term_string}"},"query-input":{"@type":"PropertyValueSpecification","valueRequired":true,"valueName":"search_term_string"}}],"inLanguage":"pt-PT"}]}},"_links":{"self":[{"href":"https:\/\/cmnordeste.pt\/cultura\/wp-json\/wp\/v2\/pages\/16397","targetHints":{"allow":["GET"]}}],"collection":[{"href":"https:\/\/cmnordeste.pt\/cultura\/wp-json\/wp\/v2\/pages"}],"about":[{"href":"https:\/\/cmnordeste.pt\/cultura\/wp-json\/wp\/v2\/types\/page"}],"author":[{"embeddable":true,"href":"https:\/\/cmnordeste.pt\/cultura\/wp-json\/wp\/v2\/users\/1"}],"replies":[{"embeddable":true,"href":"https:\/\/cmnordeste.pt\/cultura\/wp-json\/wp\/v2\/comments?post=16397"}],"version-history":[{"count":6,"href":"https:\/\/cmnordeste.pt\/cultura\/wp-json\/wp\/v2\/pages\/16397\/revisions"}],"predecessor-version":[{"id":16822,"href":"https:\/\/cmnordeste.pt\/cultura\/wp-json\/wp\/v2\/pages\/16397\/revisions\/16822"}],"up":[{"embeddable":true,"href":"https:\/\/cmnordeste.pt\/cultura\/wp-json\/wp\/v2\/pages\/22"}],"wp:attachment":[{"href":"https:\/\/cmnordeste.pt\/cultura\/wp-json\/wp\/v2\/media?parent=16397"}],"curies":[{"name":"wp","href":"https:\/\/api.w.org\/{rel}","templated":true}]}}