{"id":16497,"date":"2021-09-12T16:31:34","date_gmt":"2021-09-12T16:31:34","guid":{"rendered":"https:\/\/cmnordeste.pt\/cultura\/?page_id=16497"},"modified":"2023-09-05T15:54:42","modified_gmt":"2023-09-05T15:54:42","slug":"apresentacao","status":"publish","type":"page","link":"https:\/\/cmnordeste.pt\/cultura\/casa-joao-de-melo\/apresentacao\/","title":{"rendered":"Casa Jo\u00e3o de Melo &#8211; Apresenta\u00e7\u00e3o"},"content":{"rendered":"<script>fsg_json['fsg_post_16497'] = [\n{id: 16493, image: 'http:\/\/cmnordeste.pt\/cultura\/wp-content\/uploads\/sites\/4\/2021\/09\/cjm_pb.jpg', extlink: '', thumb: 'https:\/\/cmnordeste.pt\/cultura\/wp-content\/uploads\/sites\/4\/2021\/09\/cjm_pb-300x300.jpg', permalink: '<div class=\"galleria-layeritem\"><a title=\"Permalink\" href=\"https:\/\/cmnordeste.pt\/cultura\/casa-joao-de-melo\/apresentacao\/#16493\"><div class=\"galleria-link-bookmark\"><\/div><\/a><\/div>', layer: '<div class=\"galleria-infolayer\"><div class=\"galleria-layeritem\" style=\"padding-right: 20px;\"><h1>Log\u00f3tipo Casa Jo\u00e3o de Melo<\/h1><\/div><div class=\"galleria-layeritem\"><a title=\"Permalink\" href=\"https:\/\/cmnordeste.pt\/cultura\/casa-joao-de-melo\/apresentacao\/#16493\"><div class=\"galleria-link-bookmark\"><\/div><\/a><\/div><div class=\"galleria-layeritem\" style=\"padding-right: 20px;\"><\/div>'},\n{id: 16494, image: 'http:\/\/cmnordeste.pt\/cultura\/wp-content\/uploads\/sites\/4\/2021\/09\/p1800826.jpg', extlink: '', thumb: 'https:\/\/cmnordeste.pt\/cultura\/wp-content\/uploads\/sites\/4\/2021\/09\/p1800826-300x300.jpg', permalink: '<div class=\"galleria-layeritem\"><a title=\"Permalink\" href=\"https:\/\/cmnordeste.pt\/cultura\/casa-joao-de-melo\/apresentacao\/#16494\"><div class=\"galleria-link-bookmark\"><\/div><\/a><\/div>', layer: '<div class=\"galleria-infolayer\"><div class=\"galleria-layeritem\" style=\"padding-right: 20px;\"><h1>Escritor Jo\u00e3o de Melo<\/h1><\/div><div class=\"galleria-layeritem\"><a title=\"Permalink\" href=\"https:\/\/cmnordeste.pt\/cultura\/casa-joao-de-melo\/apresentacao\/#16494\"><div class=\"galleria-link-bookmark\"><\/div><\/a><\/div><div class=\"galleria-layeritem\" style=\"padding-right: 20px;\"><\/div>'},\n{id: 16502, image: 'http:\/\/cmnordeste.pt\/cultura\/wp-content\/uploads\/sites\/4\/2021\/09\/2021_06_15-tc-9.jpg', extlink: '', thumb: 'https:\/\/cmnordeste.pt\/cultura\/wp-content\/uploads\/sites\/4\/2021\/09\/2021_06_15-tc-9-300x300.jpg', permalink: '<div class=\"galleria-layeritem\"><a title=\"Permalink\" href=\"https:\/\/cmnordeste.pt\/cultura\/casa-joao-de-melo\/apresentacao\/#16502\"><div class=\"galleria-link-bookmark\"><\/div><\/a><\/div>', layer: '<div class=\"galleria-infolayer\"><div class=\"galleria-layeritem\" style=\"padding-right: 20px;\"><h1>Casa Jo\u00e3o de Melo - Apresenta\u00e7\u00e3o<\/h1><\/div><div class=\"galleria-layeritem\"><a title=\"Permalink\" href=\"https:\/\/cmnordeste.pt\/cultura\/casa-joao-de-melo\/apresentacao\/#16502\"><div class=\"galleria-link-bookmark\"><\/div><\/a><\/div><div class=\"galleria-layeritem\" style=\"padding-right: 20px;\"><\/div>'}\n];<\/script>\n<p><a data-postid=\"fsg_post_16497\" data-imgid=\"16493\" href=\"https:\/\/cmnordeste.pt\/cultura\/wp-content\/uploads\/sites\/4\/2021\/09\/cjm_pb.jpg\"><img loading=\"lazy\" decoding=\"async\" width=\"768\" height=\"331\" src=\"https:\/\/cmnordeste.pt\/cultura\/wp-content\/uploads\/sites\/4\/2021\/09\/cjm_pb-768x331.jpg\" alt=\"Log\u00f3tipo Casa Jo\u00e3o de Melo\" style=\"width: auto;max-height: 200px\" class=\"_img_responsive_auto aligncenter wp-image-16493 size-medium\" srcset=\"https:\/\/cmnordeste.pt\/cultura\/wp-content\/uploads\/sites\/4\/2021\/09\/cjm_pb-768x331.jpg 768w, https:\/\/cmnordeste.pt\/cultura\/wp-content\/uploads\/sites\/4\/2021\/09\/cjm_pb-1024x442.jpg 1024w, https:\/\/cmnordeste.pt\/cultura\/wp-content\/uploads\/sites\/4\/2021\/09\/cjm_pb.jpg 1920w\" sizes=\"auto, (max-width: 768px) 100vw, 768px\" \/><\/a><\/p>\n<h2>Vis\u00e3o<\/h2>\n<p>Um local de cultura e para a cultura, onde a literatura, a hist\u00f3ria e as tradi\u00e7\u00f5es se conjugam num polo agregador de diversas atividades de interesse cultural, liter\u00e1rio, art\u00edstico e patrimonial do concelho de Nordeste.<\/p>\n<p>&nbsp;<\/p>\n<h2>Miss\u00e3o<\/h2>\n<p>Contribuir para o conhecimento da vida e da obra do escritor Jo\u00e3o de Melo e para a divulga\u00e7\u00e3o das mem\u00f3rias hist\u00f3ricas, etnogr\u00e1ficas e patrimoniais do concelho de Nordeste e da freguesia da Achadinha.<\/p>\n<p>&nbsp;<\/p>\n<h2>O escritor Jo\u00e3o de Melo<\/h2>\n<p><a data-postid=\"fsg_post_16497\" data-imgid=\"16494\" href=\"https:\/\/cmnordeste.pt\/cultura\/wp-content\/uploads\/sites\/4\/2021\/09\/p1800826.jpg\"><img loading=\"lazy\" decoding=\"async\" width=\"1920\" height=\"2560\" src=\"https:\/\/cmnordeste.pt\/cultura\/wp-content\/uploads\/sites\/4\/2021\/09\/p1800826.jpg\" alt=\"Escritor Jo\u00e3o de Melo\" style=\"width: auto;max-height: 300px\" class=\"_img_responsive_auto _self_right alignnone wp-image-16494 size-full\" title=\"Escritor Jo\u00e3o de Melo\" srcset=\"https:\/\/cmnordeste.pt\/cultura\/wp-content\/uploads\/sites\/4\/2021\/09\/p1800826.jpg 1920w, https:\/\/cmnordeste.pt\/cultura\/wp-content\/uploads\/sites\/4\/2021\/09\/p1800826-384x512.jpg 384w, https:\/\/cmnordeste.pt\/cultura\/wp-content\/uploads\/sites\/4\/2021\/09\/p1800826-768x1024.jpg 768w\" sizes=\"auto, (max-width: 1920px) 100vw, 1920px\" \/><\/a><\/p>\n<p>Jo\u00e3o de Melo, natural da freguesia da Achadinha, publicou o primeiro conto aos 18 anos. O primeiro romance que escreveu, em 1977, teve por base a experi\u00eancia na guerra colonial em Angola, tema que deixou feridas abertas na sua gera\u00e7\u00e3o e que o escritor acaba por revisitar em outras obras.<\/p>\n<p>As mem\u00f3rias de fam\u00edlia e as viv\u00eancias numa das mais remotas aldeias da ilha micaelense s\u00e3o descritas em diversas obras, por vezes de forma perturbante, n\u00e3o deixando os leitores indiferentes.<\/p>\n<p>Recebeu diversas distin\u00e7\u00f5es honor\u00edficas pelo trabalho que desenvolveu ao longo de uma carreira com mais de 40 anos, com destaque para os galardoados romances que t\u00eam como cen\u00e1rio o &#8220;lugar do Ros\u00e1rio&#8221; da sua inf\u00e2ncia \u2013 a Achadinha \u2013, tais como \u00abGente Feliz Com L\u00e1grimas\u00bb e \u00abO Meu Mundo N\u00e3o \u00c9 Deste Reino\u00bb. Mais recentemente, na obra premiada \u00abLivro de Vozes e Sobras\u00bb, aborda de forma ins\u00f3lita uma &#8220;trindade&#8221; tem\u00e1tica que conjuga a revolu\u00e7\u00e3o, a descoloniza\u00e7\u00e3o e as inten\u00e7\u00f5es separatistas da FLA nos A\u00e7ores.<\/p>\n<p>&nbsp;<\/p>\n<p class=\"separador_bloco\">\n<h2>A Casa Jo\u00e3o de Melo<\/h2>\n<p class=\"_citacao\">&#8220;A constru\u00e7\u00e3o da casa \u00e9 um dos epis\u00f3dios mais luminosos da inf\u00e2ncia. N\u00e3o me recordo dos caboucos, nem de como cresceram e a que ritmo e por m\u00e3o de quem foram erguidas as paredes. (&#8230;) N\u00e3o sei como foi guarnecida, tanto por dentro como por fora. H\u00e1 ali\u00e1s uma parte de sonho e outra duma aguda lucidez no conjunto dessas vis\u00f5es da casa.&#8221; <strong>Jo\u00e3o de Melo<\/p>\n<p><\/strong><\/p>\n<p><a data-postid=\"fsg_post_16497\" data-imgid=\"16502\" href=\"https:\/\/cmnordeste.pt\/cultura\/wp-content\/uploads\/sites\/4\/2021\/09\/2021_06_15-tc-9.jpg\"><img loading=\"lazy\" decoding=\"async\" width=\"1920\" height=\"1080\" title=\"Casa Jo\u00e3o de Melo - Apresenta\u00e7\u00e3o\" src=\"https:\/\/cmnordeste.pt\/cultura\/wp-content\/uploads\/sites\/4\/2021\/09\/2021_06_15-tc-9-1920x1080.jpg\" alt=\"Casa Jo\u00e3o de Melo - Apresenta\u00e7\u00e3o\" style=\"width: auto;max-height: 300px\" class=\"_img_responsive_auto _self_right alignnone wp-image-16502 size-full\" \/><\/a><\/p>\n<p>Instalada na casa onde morou, na inf\u00e2ncia, o ilustre e premiado escritor nordestense que lhe deu o nome, a \u00abCasa Jo\u00e3o de Melo\u00bb \u00e9 uma val\u00eancia cultural dinamizada pela C\u00e2mara Municipal de Nordeste que, atualmente, constitui um polo agregador de diversas atividades de interesse cultural, liter\u00e1rio, art\u00edstico e patrimonial do concelho de Nordeste. Reabriu ao p\u00fablico a 29\/08\/2021 com um novo projeto cultural que visa dar a conhecer a vida e a obra do escritor Jo\u00e3o de Melo e contribuir para a divulga\u00e7\u00e3o das mem\u00f3rias hist\u00f3ricas, etnogr\u00e1ficas e patrimoniais do concelho de Nordeste e da freguesia da Achadinha.<\/p>\n<p>&nbsp;<\/p>\n<p class=\"separador_bloco\">\n","protected":false},"excerpt":{"rendered":"<p>Vis\u00e3o Um local de cultura e para a cultura, onde a literatura, a hist\u00f3ria e as tradi\u00e7\u00f5es se conjugam num polo agregador de diversas atividades de interesse cultural, liter\u00e1rio, art\u00edstico e patrimonial do concelho de Nordeste. &nbsp; Miss\u00e3o Contribuir para o conhecimento da vida e da obra do escritor Jo\u00e3o de Melo e para a [&hellip;]<\/p>\n","protected":false},"author":1,"featured_media":16502,"parent":16495,"menu_order":101,"comment_status":"closed","ping_status":"closed","template":"page-museu.php","meta":{"_acf_changed":false,"footnotes":""},"class_list":["post-16497","page","type-page","status-publish","has-post-thumbnail","hentry"],"acf":[],"yoast_head":"<!-- This site is optimized with the Yoast SEO plugin v27.4 - https:\/\/yoast.com\/product\/yoast-seo-wordpress\/ -->\n<title>Casa Jo\u00e3o de Melo - Apresenta\u00e7\u00e3o - Cultura<\/title>\n<meta name=\"description\" content=\"Casa Jo\u00e3o de Melo - Apresenta\u00e7\u00e3o. Jo\u00e3o de Melo, natural da freguesia da Achadinha, publicou o primeiro conto aos 18 anos.\" \/>\n<meta name=\"robots\" content=\"index, follow, max-snippet:-1, max-image-preview:large, max-video-preview:-1\" \/>\n<link rel=\"canonical\" href=\"https:\/\/cmnordeste.pt\/cultura\/casa-joao-de-melo\/apresentacao\/\" \/>\n<meta property=\"og:locale\" content=\"pt_PT\" \/>\n<meta property=\"og:type\" content=\"article\" \/>\n<meta property=\"og:title\" content=\"Casa Jo\u00e3o de Melo - Apresenta\u00e7\u00e3o - Cultura\" \/>\n<meta property=\"og:description\" content=\"Casa Jo\u00e3o de Melo - Apresenta\u00e7\u00e3o. Jo\u00e3o de Melo, natural da freguesia da Achadinha, publicou o primeiro conto aos 18 anos.\" \/>\n<meta property=\"og:url\" content=\"https:\/\/cmnordeste.pt\/cultura\/casa-joao-de-melo\/apresentacao\/\" \/>\n<meta property=\"og:site_name\" content=\"Cultura\" \/>\n<meta property=\"article:modified_time\" content=\"2023-09-05T15:54:42+00:00\" \/>\n<meta property=\"og:image\" content=\"https:\/\/cmnordeste.pt\/cultura\/wp-content\/uploads\/sites\/4\/2021\/09\/2021_06_15-tc-9-1920x1080.jpg\" \/>\n\t<meta property=\"og:image:width\" content=\"1920\" \/>\n\t<meta property=\"og:image:height\" content=\"1280\" \/>\n\t<meta property=\"og:image:type\" content=\"image\/jpeg\" \/>\n<meta name=\"twitter:card\" content=\"summary_large_image\" \/>\n<meta name=\"twitter:label1\" content=\"Tempo estimado de leitura\" \/>\n\t<meta name=\"twitter:data1\" content=\"2 minutos\" \/>\n<script type=\"application\/ld+json\" class=\"yoast-schema-graph\">{\"@context\":\"https:\\\/\\\/schema.org\",\"@graph\":[{\"@type\":\"WebPage\",\"@id\":\"https:\\\/\\\/cmnordeste.pt\\\/cultura\\\/casa-joao-de-melo\\\/apresentacao\\\/\",\"url\":\"https:\\\/\\\/cmnordeste.pt\\\/cultura\\\/casa-joao-de-melo\\\/apresentacao\\\/\",\"name\":\"Casa Jo\u00e3o de Melo - Apresenta\u00e7\u00e3o - Cultura\",\"isPartOf\":{\"@id\":\"https:\\\/\\\/cmnordeste.pt\\\/cultura\\\/#website\"},\"primaryImageOfPage\":{\"@id\":\"https:\\\/\\\/cmnordeste.pt\\\/cultura\\\/casa-joao-de-melo\\\/apresentacao\\\/#primaryimage\"},\"image\":{\"@id\":\"https:\\\/\\\/cmnordeste.pt\\\/cultura\\\/casa-joao-de-melo\\\/apresentacao\\\/#primaryimage\"},\"thumbnailUrl\":\"https:\\\/\\\/cmnordeste.pt\\\/cultura\\\/wp-content\\\/uploads\\\/sites\\\/4\\\/2021\\\/09\\\/2021_06_15-tc-9-1920x1080.jpg\",\"datePublished\":\"2021-09-12T16:31:34+00:00\",\"dateModified\":\"2023-09-05T15:54:42+00:00\",\"description\":\"Casa Jo\u00e3o de Melo - Apresenta\u00e7\u00e3o. Jo\u00e3o de Melo, natural da freguesia da Achadinha, publicou o primeiro conto aos 18 anos.\",\"breadcrumb\":{\"@id\":\"https:\\\/\\\/cmnordeste.pt\\\/cultura\\\/casa-joao-de-melo\\\/apresentacao\\\/#breadcrumb\"},\"inLanguage\":\"pt-PT\",\"potentialAction\":[{\"@type\":\"ReadAction\",\"target\":[\"https:\\\/\\\/cmnordeste.pt\\\/cultura\\\/casa-joao-de-melo\\\/apresentacao\\\/\"]}]},{\"@type\":\"ImageObject\",\"inLanguage\":\"pt-PT\",\"@id\":\"https:\\\/\\\/cmnordeste.pt\\\/cultura\\\/casa-joao-de-melo\\\/apresentacao\\\/#primaryimage\",\"url\":\"https:\\\/\\\/cmnordeste.pt\\\/cultura\\\/wp-content\\\/uploads\\\/sites\\\/4\\\/2021\\\/09\\\/2021_06_15-tc-9-1920x1080.jpg\",\"contentUrl\":\"https:\\\/\\\/cmnordeste.pt\\\/cultura\\\/wp-content\\\/uploads\\\/sites\\\/4\\\/2021\\\/09\\\/2021_06_15-tc-9-1920x1080.jpg\",\"width\":1920,\"height\":1280,\"caption\":\"Casa Jo\u00e3o de Melo - Apresenta\u00e7\u00e3o\"},{\"@type\":\"BreadcrumbList\",\"@id\":\"https:\\\/\\\/cmnordeste.pt\\\/cultura\\\/casa-joao-de-melo\\\/apresentacao\\\/#breadcrumb\",\"itemListElement\":[{\"@type\":\"ListItem\",\"position\":1,\"name\":\"In\u00edcio\",\"item\":\"https:\\\/\\\/cmnordeste.pt\\\/cultura\\\/\"},{\"@type\":\"ListItem\",\"position\":2,\"name\":\"Casa Jo\u00e3o de Melo\",\"item\":\"https:\\\/\\\/cmnordeste.pt\\\/cultura\\\/casa-joao-de-melo\\\/\"},{\"@type\":\"ListItem\",\"position\":3,\"name\":\"Casa Jo\u00e3o de Melo &#8211; Apresenta\u00e7\u00e3o\"}]},{\"@type\":\"WebSite\",\"@id\":\"https:\\\/\\\/cmnordeste.pt\\\/cultura\\\/#website\",\"url\":\"https:\\\/\\\/cmnordeste.pt\\\/cultura\\\/\",\"name\":\"Cultura\",\"description\":\"Nordeste - Cultura\",\"potentialAction\":[{\"@type\":\"SearchAction\",\"target\":{\"@type\":\"EntryPoint\",\"urlTemplate\":\"https:\\\/\\\/cmnordeste.pt\\\/cultura\\\/?s={search_term_string}\"},\"query-input\":{\"@type\":\"PropertyValueSpecification\",\"valueRequired\":true,\"valueName\":\"search_term_string\"}}],\"inLanguage\":\"pt-PT\"}]}<\/script>\n<!-- \/ Yoast SEO plugin. -->","yoast_head_json":{"title":"Casa Jo\u00e3o de Melo - Apresenta\u00e7\u00e3o - Cultura","description":"Casa Jo\u00e3o de Melo - Apresenta\u00e7\u00e3o. Jo\u00e3o de Melo, natural da freguesia da Achadinha, publicou o primeiro conto aos 18 anos.","robots":{"index":"index","follow":"follow","max-snippet":"max-snippet:-1","max-image-preview":"max-image-preview:large","max-video-preview":"max-video-preview:-1"},"canonical":"https:\/\/cmnordeste.pt\/cultura\/casa-joao-de-melo\/apresentacao\/","og_locale":"pt_PT","og_type":"article","og_title":"Casa Jo\u00e3o de Melo - Apresenta\u00e7\u00e3o - Cultura","og_description":"Casa Jo\u00e3o de Melo - Apresenta\u00e7\u00e3o. Jo\u00e3o de Melo, natural da freguesia da Achadinha, publicou o primeiro conto aos 18 anos.","og_url":"https:\/\/cmnordeste.pt\/cultura\/casa-joao-de-melo\/apresentacao\/","og_site_name":"Cultura","article_modified_time":"2023-09-05T15:54:42+00:00","og_image":[{"width":1920,"height":1280,"url":"https:\/\/cmnordeste.pt\/cultura\/wp-content\/uploads\/sites\/4\/2021\/09\/2021_06_15-tc-9-1920x1080.jpg","type":"image\/jpeg"}],"twitter_card":"summary_large_image","twitter_misc":{"Tempo estimado de leitura":"2 minutos"},"schema":{"@context":"https:\/\/schema.org","@graph":[{"@type":"WebPage","@id":"https:\/\/cmnordeste.pt\/cultura\/casa-joao-de-melo\/apresentacao\/","url":"https:\/\/cmnordeste.pt\/cultura\/casa-joao-de-melo\/apresentacao\/","name":"Casa Jo\u00e3o de Melo - Apresenta\u00e7\u00e3o - Cultura","isPartOf":{"@id":"https:\/\/cmnordeste.pt\/cultura\/#website"},"primaryImageOfPage":{"@id":"https:\/\/cmnordeste.pt\/cultura\/casa-joao-de-melo\/apresentacao\/#primaryimage"},"image":{"@id":"https:\/\/cmnordeste.pt\/cultura\/casa-joao-de-melo\/apresentacao\/#primaryimage"},"thumbnailUrl":"https:\/\/cmnordeste.pt\/cultura\/wp-content\/uploads\/sites\/4\/2021\/09\/2021_06_15-tc-9-1920x1080.jpg","datePublished":"2021-09-12T16:31:34+00:00","dateModified":"2023-09-05T15:54:42+00:00","description":"Casa Jo\u00e3o de Melo - Apresenta\u00e7\u00e3o. Jo\u00e3o de Melo, natural da freguesia da Achadinha, publicou o primeiro conto aos 18 anos.","breadcrumb":{"@id":"https:\/\/cmnordeste.pt\/cultura\/casa-joao-de-melo\/apresentacao\/#breadcrumb"},"inLanguage":"pt-PT","potentialAction":[{"@type":"ReadAction","target":["https:\/\/cmnordeste.pt\/cultura\/casa-joao-de-melo\/apresentacao\/"]}]},{"@type":"ImageObject","inLanguage":"pt-PT","@id":"https:\/\/cmnordeste.pt\/cultura\/casa-joao-de-melo\/apresentacao\/#primaryimage","url":"https:\/\/cmnordeste.pt\/cultura\/wp-content\/uploads\/sites\/4\/2021\/09\/2021_06_15-tc-9-1920x1080.jpg","contentUrl":"https:\/\/cmnordeste.pt\/cultura\/wp-content\/uploads\/sites\/4\/2021\/09\/2021_06_15-tc-9-1920x1080.jpg","width":1920,"height":1280,"caption":"Casa Jo\u00e3o de Melo - Apresenta\u00e7\u00e3o"},{"@type":"BreadcrumbList","@id":"https:\/\/cmnordeste.pt\/cultura\/casa-joao-de-melo\/apresentacao\/#breadcrumb","itemListElement":[{"@type":"ListItem","position":1,"name":"In\u00edcio","item":"https:\/\/cmnordeste.pt\/cultura\/"},{"@type":"ListItem","position":2,"name":"Casa Jo\u00e3o de Melo","item":"https:\/\/cmnordeste.pt\/cultura\/casa-joao-de-melo\/"},{"@type":"ListItem","position":3,"name":"Casa Jo\u00e3o de Melo &#8211; Apresenta\u00e7\u00e3o"}]},{"@type":"WebSite","@id":"https:\/\/cmnordeste.pt\/cultura\/#website","url":"https:\/\/cmnordeste.pt\/cultura\/","name":"Cultura","description":"Nordeste - Cultura","potentialAction":[{"@type":"SearchAction","target":{"@type":"EntryPoint","urlTemplate":"https:\/\/cmnordeste.pt\/cultura\/?s={search_term_string}"},"query-input":{"@type":"PropertyValueSpecification","valueRequired":true,"valueName":"search_term_string"}}],"inLanguage":"pt-PT"}]}},"_links":{"self":[{"href":"https:\/\/cmnordeste.pt\/cultura\/wp-json\/wp\/v2\/pages\/16497","targetHints":{"allow":["GET"]}}],"collection":[{"href":"https:\/\/cmnordeste.pt\/cultura\/wp-json\/wp\/v2\/pages"}],"about":[{"href":"https:\/\/cmnordeste.pt\/cultura\/wp-json\/wp\/v2\/types\/page"}],"author":[{"embeddable":true,"href":"https:\/\/cmnordeste.pt\/cultura\/wp-json\/wp\/v2\/users\/1"}],"replies":[{"embeddable":true,"href":"https:\/\/cmnordeste.pt\/cultura\/wp-json\/wp\/v2\/comments?post=16497"}],"version-history":[{"count":4,"href":"https:\/\/cmnordeste.pt\/cultura\/wp-json\/wp\/v2\/pages\/16497\/revisions"}],"predecessor-version":[{"id":16704,"href":"https:\/\/cmnordeste.pt\/cultura\/wp-json\/wp\/v2\/pages\/16497\/revisions\/16704"}],"up":[{"embeddable":true,"href":"https:\/\/cmnordeste.pt\/cultura\/wp-json\/wp\/v2\/pages\/16495"}],"wp:featuredmedia":[{"embeddable":true,"href":"https:\/\/cmnordeste.pt\/cultura\/wp-json\/wp\/v2\/media\/16502"}],"wp:attachment":[{"href":"https:\/\/cmnordeste.pt\/cultura\/wp-json\/wp\/v2\/media?parent=16497"}],"curies":[{"name":"wp","href":"https:\/\/api.w.org\/{rel}","templated":true}]}}