{"id":16842,"date":"2025-09-22T21:12:00","date_gmt":"2025-09-22T21:12:00","guid":{"rendered":"https:\/\/cmnordeste.pt\/cultura\/?page_id=16842"},"modified":"2025-09-22T21:15:49","modified_gmt":"2025-09-22T21:15:49","slug":"farol-do-arnel","status":"publish","type":"page","link":"https:\/\/cmnordeste.pt\/cultura\/museus-do_nordeste\/farol-do-arnel\/","title":{"rendered":"Farol do Arnel"},"content":{"rendered":"<script>fsg_json['fsg_post_16842'] = [\n{id: 16839, image: 'http:\/\/cmnordeste.pt\/cultura\/wp-content\/uploads\/sites\/4\/2025\/09\/farol_do_arnel_2.jpg', extlink: '', thumb: 'https:\/\/cmnordeste.pt\/cultura\/wp-content\/uploads\/sites\/4\/2025\/09\/farol_do_arnel_2-300x300.jpg', permalink: '<div class=\"galleria-layeritem\"><a title=\"Permalink\" href=\"https:\/\/cmnordeste.pt\/cultura\/museus-do_nordeste\/farol-do-arnel\/#16839\"><div class=\"galleria-link-bookmark\"><\/div><\/a><\/div>', layer: '<div class=\"galleria-infolayer\"><div class=\"galleria-layeritem\" style=\"padding-right: 20px;\"><h1>Farol do Arnel 2<\/h1><\/div><div class=\"galleria-layeritem\"><a title=\"Permalink\" href=\"https:\/\/cmnordeste.pt\/cultura\/museus-do_nordeste\/farol-do-arnel\/#16839\"><div class=\"galleria-link-bookmark\"><\/div><\/a><\/div><div class=\"galleria-layeritem\" style=\"padding-right: 20px;\"><\/div>'},\n{id: 16838, image: 'http:\/\/cmnordeste.pt\/cultura\/wp-content\/uploads\/sites\/4\/2025\/09\/farol_do_arnel_1.jpg', extlink: '', thumb: 'https:\/\/cmnordeste.pt\/cultura\/wp-content\/uploads\/sites\/4\/2025\/09\/farol_do_arnel_1-300x300.jpg', permalink: '<div class=\"galleria-layeritem\"><a title=\"Permalink\" href=\"https:\/\/cmnordeste.pt\/cultura\/museus-do_nordeste\/farol-do-arnel\/#16838\"><div class=\"galleria-link-bookmark\"><\/div><\/a><\/div>', layer: '<div class=\"galleria-infolayer\"><div class=\"galleria-layeritem\" style=\"padding-right: 20px;\"><h1>Farol do Arnel 1<\/h1><\/div><div class=\"galleria-layeritem\"><a title=\"Permalink\" href=\"https:\/\/cmnordeste.pt\/cultura\/museus-do_nordeste\/farol-do-arnel\/#16838\"><div class=\"galleria-link-bookmark\"><\/div><\/a><\/div><div class=\"galleria-layeritem\" style=\"padding-right: 20px;\"><\/div>'}\n];<\/script>\n<p>O Farol do Arnel foi o primeiro farol implantado na Regi\u00e3o Aut\u00f3noma dos A\u00e7ores, no ano de 1876.<\/p>\n<p>S\u00e3o facultadas visitas guiadas ao Farol do Arnel, um dia na semana, podendo os visitantes conhecer a hist\u00f3ria e o patrim\u00f3nio, assim como a atividade do farol e do faroleiro.<\/p>\n<p>No Farol do Arnel pode ainda ser apreciada uma exposi\u00e7\u00e3o permanente sobre os far\u00f3is dos A\u00e7ores.<\/p>\n<p><strong>Acesso<br \/>\n<\/strong>Dada a inclina\u00e7\u00e3o acentuada do caminho de acesso ao farol e poucos lugares de estacionamento, aconselha-se que o percurso seja feito a p\u00e9, ficando as viaturas no parque de estacionamento no in\u00edcio da descida para o Caminho do Porto.<\/p>\n<p><strong>Hor\u00e1rio<br \/>\n<\/strong>Aberto para visita \u00e0 4\u00aa feira<br \/>\n14h00 \u00e0s 17h00 \u2013 ver\u00e3o<br \/>\n13h30 \u00e0s 16h30 \u2013 inverno<\/p>\n<p><strong>Entrada gratuito e sem inscri\u00e7\u00e3o<\/strong>.<\/p>\n<p>&nbsp;<\/p>\n<p><a data-postid=\"fsg_post_16842\" data-imgid=\"16839\" href=\"https:\/\/cmnordeste.pt\/cultura\/wp-content\/uploads\/sites\/4\/2025\/09\/farol_do_arnel_2.jpg\"><img loading=\"lazy\" decoding=\"async\" title=\"Farol do Arnel 2\" src=\"https:\/\/cmnordeste.pt\/cultura\/wp-content\/uploads\/sites\/4\/2025\/09\/farol_do_arnel_2.jpg\" alt=\"Farol do Arnel 2\" width=\"768\" height=\"512\" class=\"_img_responsive_grid col-xs-12 col-sm-6 alignnone wp-image-16839 size-full\" \/><\/a><\/p>\n<p><a data-postid=\"fsg_post_16842\" data-imgid=\"16838\" href=\"https:\/\/cmnordeste.pt\/cultura\/wp-content\/uploads\/sites\/4\/2025\/09\/farol_do_arnel_1.jpg\"><img loading=\"lazy\" decoding=\"async\" title=\"Farol do Arnel 1\" src=\"https:\/\/cmnordeste.pt\/cultura\/wp-content\/uploads\/sites\/4\/2025\/09\/farol_do_arnel_1.jpg\" alt=\"Farol do Arnel 1\" width=\"768\" height=\"512\" class=\"_img_responsive_grid col-xs-12 col-sm-6 alignnone wp-image-16838 size-full\" \/><\/a><\/p>\n<p class=\"separador_bloco\">\n","protected":false},"excerpt":{"rendered":"<p>O Farol do Arnel foi o primeiro farol implantado na Regi\u00e3o Aut\u00f3noma dos A\u00e7ores, no ano de 1876. S\u00e3o facultadas visitas guiadas ao Farol do Arnel, um dia na semana, podendo os visitantes conhecer a hist\u00f3ria e o patrim\u00f3nio, assim como a atividade do farol e do faroleiro. No Farol do Arnel pode ainda ser [&hellip;]<\/p>\n","protected":false},"author":1,"featured_media":16838,"parent":22,"menu_order":32,"comment_status":"closed","ping_status":"closed","template":"","meta":{"_acf_changed":false,"footnotes":""},"class_list":["post-16842","page","type-page","status-publish","has-post-thumbnail","hentry"],"acf":[],"yoast_head":"<!-- This site is optimized with the Yoast SEO plugin v27.4 - https:\/\/yoast.com\/product\/yoast-seo-wordpress\/ -->\n<title>Farol do Arnel - Cultura<\/title>\n<meta name=\"robots\" content=\"index, follow, max-snippet:-1, max-image-preview:large, max-video-preview:-1\" \/>\n<link rel=\"canonical\" href=\"https:\/\/cmnordeste.pt\/cultura\/?page_id=16842\" \/>\n<meta property=\"og:locale\" content=\"pt_PT\" \/>\n<meta property=\"og:type\" content=\"article\" \/>\n<meta property=\"og:title\" content=\"Farol do Arnel - Cultura\" \/>\n<meta property=\"og:description\" content=\"O Farol do Arnel foi o primeiro farol implantado na Regi\u00e3o Aut\u00f3noma dos A\u00e7ores, no ano de 1876. S\u00e3o facultadas visitas guiadas ao Farol do Arnel, um dia na semana, podendo os visitantes conhecer a hist\u00f3ria e o patrim\u00f3nio, assim como a atividade do farol e do faroleiro. No Farol do Arnel pode ainda ser [&hellip;]\" \/>\n<meta property=\"og:url\" content=\"https:\/\/cmnordeste.pt\/cultura\/?page_id=16842\" \/>\n<meta property=\"og:site_name\" content=\"Cultura\" \/>\n<meta property=\"article:modified_time\" content=\"2025-09-22T21:15:49+00:00\" \/>\n<meta property=\"og:image\" content=\"https:\/\/cmnordeste.pt\/cultura\/wp-content\/uploads\/sites\/4\/2025\/09\/farol_do_arnel_2.jpg\" \/>\n\t<meta property=\"og:image:width\" content=\"768\" \/>\n\t<meta property=\"og:image:height\" content=\"512\" \/>\n\t<meta property=\"og:image:type\" content=\"image\/jpeg\" \/>\n<meta name=\"twitter:card\" content=\"summary_large_image\" \/>\n<meta name=\"twitter:label1\" content=\"Tempo estimado de leitura\" \/>\n\t<meta name=\"twitter:data1\" content=\"1 minuto\" \/>\n<script type=\"application\/ld+json\" class=\"yoast-schema-graph\">{\"@context\":\"https:\\\/\\\/schema.org\",\"@graph\":[{\"@type\":\"WebPage\",\"@id\":\"https:\\\/\\\/cmnordeste.pt\\\/cultura\\\/?page_id=16842\",\"url\":\"https:\\\/\\\/cmnordeste.pt\\\/cultura\\\/?page_id=16842\",\"name\":\"Farol do Arnel - Cultura\",\"isPartOf\":{\"@id\":\"https:\\\/\\\/cmnordeste.pt\\\/cultura\\\/#website\"},\"primaryImageOfPage\":{\"@id\":\"https:\\\/\\\/cmnordeste.pt\\\/cultura\\\/?page_id=16842#primaryimage\"},\"image\":{\"@id\":\"https:\\\/\\\/cmnordeste.pt\\\/cultura\\\/?page_id=16842#primaryimage\"},\"thumbnailUrl\":\"https:\\\/\\\/cmnordeste.pt\\\/cultura\\\/wp-content\\\/uploads\\\/sites\\\/4\\\/2025\\\/09\\\/farol_do_arnel_1.jpg\",\"datePublished\":\"2025-09-22T21:12:00+00:00\",\"dateModified\":\"2025-09-22T21:15:49+00:00\",\"breadcrumb\":{\"@id\":\"https:\\\/\\\/cmnordeste.pt\\\/cultura\\\/?page_id=16842#breadcrumb\"},\"inLanguage\":\"pt-PT\",\"potentialAction\":[{\"@type\":\"ReadAction\",\"target\":[\"https:\\\/\\\/cmnordeste.pt\\\/cultura\\\/?page_id=16842\"]}]},{\"@type\":\"ImageObject\",\"inLanguage\":\"pt-PT\",\"@id\":\"https:\\\/\\\/cmnordeste.pt\\\/cultura\\\/?page_id=16842#primaryimage\",\"url\":\"https:\\\/\\\/cmnordeste.pt\\\/cultura\\\/wp-content\\\/uploads\\\/sites\\\/4\\\/2025\\\/09\\\/farol_do_arnel_1.jpg\",\"contentUrl\":\"https:\\\/\\\/cmnordeste.pt\\\/cultura\\\/wp-content\\\/uploads\\\/sites\\\/4\\\/2025\\\/09\\\/farol_do_arnel_1.jpg\",\"width\":768,\"height\":512,\"caption\":\"Farol do Arnel 1\"},{\"@type\":\"BreadcrumbList\",\"@id\":\"https:\\\/\\\/cmnordeste.pt\\\/cultura\\\/?page_id=16842#breadcrumb\",\"itemListElement\":[{\"@type\":\"ListItem\",\"position\":1,\"name\":\"In\u00edcio\",\"item\":\"https:\\\/\\\/cmnordeste.pt\\\/cultura\\\/\"},{\"@type\":\"ListItem\",\"position\":2,\"name\":\"Espa\u00e7os Museol\u00f3gicos e de Exposi\u00e7\u00e3o do Nordeste\",\"item\":\"https:\\\/\\\/cmnordeste.pt\\\/cultura\\\/museus-do_nordeste\\\/\"},{\"@type\":\"ListItem\",\"position\":3,\"name\":\"Farol do Arnel\"}]},{\"@type\":\"WebSite\",\"@id\":\"https:\\\/\\\/cmnordeste.pt\\\/cultura\\\/#website\",\"url\":\"https:\\\/\\\/cmnordeste.pt\\\/cultura\\\/\",\"name\":\"Cultura\",\"description\":\"Nordeste - Cultura\",\"potentialAction\":[{\"@type\":\"SearchAction\",\"target\":{\"@type\":\"EntryPoint\",\"urlTemplate\":\"https:\\\/\\\/cmnordeste.pt\\\/cultura\\\/?s={search_term_string}\"},\"query-input\":{\"@type\":\"PropertyValueSpecification\",\"valueRequired\":true,\"valueName\":\"search_term_string\"}}],\"inLanguage\":\"pt-PT\"}]}<\/script>\n<!-- \/ Yoast SEO plugin. -->","yoast_head_json":{"title":"Farol do Arnel - Cultura","robots":{"index":"index","follow":"follow","max-snippet":"max-snippet:-1","max-image-preview":"max-image-preview:large","max-video-preview":"max-video-preview:-1"},"canonical":"https:\/\/cmnordeste.pt\/cultura\/?page_id=16842","og_locale":"pt_PT","og_type":"article","og_title":"Farol do Arnel - Cultura","og_description":"O Farol do Arnel foi o primeiro farol implantado na Regi\u00e3o Aut\u00f3noma dos A\u00e7ores, no ano de 1876. S\u00e3o facultadas visitas guiadas ao Farol do Arnel, um dia na semana, podendo os visitantes conhecer a hist\u00f3ria e o patrim\u00f3nio, assim como a atividade do farol e do faroleiro. No Farol do Arnel pode ainda ser [&hellip;]","og_url":"https:\/\/cmnordeste.pt\/cultura\/?page_id=16842","og_site_name":"Cultura","article_modified_time":"2025-09-22T21:15:49+00:00","og_image":[{"width":768,"height":512,"url":"https:\/\/cmnordeste.pt\/cultura\/wp-content\/uploads\/sites\/4\/2025\/09\/farol_do_arnel_2.jpg","type":"image\/jpeg"}],"twitter_card":"summary_large_image","twitter_misc":{"Tempo estimado de leitura":"1 minuto"},"schema":{"@context":"https:\/\/schema.org","@graph":[{"@type":"WebPage","@id":"https:\/\/cmnordeste.pt\/cultura\/?page_id=16842","url":"https:\/\/cmnordeste.pt\/cultura\/?page_id=16842","name":"Farol do Arnel - Cultura","isPartOf":{"@id":"https:\/\/cmnordeste.pt\/cultura\/#website"},"primaryImageOfPage":{"@id":"https:\/\/cmnordeste.pt\/cultura\/?page_id=16842#primaryimage"},"image":{"@id":"https:\/\/cmnordeste.pt\/cultura\/?page_id=16842#primaryimage"},"thumbnailUrl":"https:\/\/cmnordeste.pt\/cultura\/wp-content\/uploads\/sites\/4\/2025\/09\/farol_do_arnel_1.jpg","datePublished":"2025-09-22T21:12:00+00:00","dateModified":"2025-09-22T21:15:49+00:00","breadcrumb":{"@id":"https:\/\/cmnordeste.pt\/cultura\/?page_id=16842#breadcrumb"},"inLanguage":"pt-PT","potentialAction":[{"@type":"ReadAction","target":["https:\/\/cmnordeste.pt\/cultura\/?page_id=16842"]}]},{"@type":"ImageObject","inLanguage":"pt-PT","@id":"https:\/\/cmnordeste.pt\/cultura\/?page_id=16842#primaryimage","url":"https:\/\/cmnordeste.pt\/cultura\/wp-content\/uploads\/sites\/4\/2025\/09\/farol_do_arnel_1.jpg","contentUrl":"https:\/\/cmnordeste.pt\/cultura\/wp-content\/uploads\/sites\/4\/2025\/09\/farol_do_arnel_1.jpg","width":768,"height":512,"caption":"Farol do Arnel 1"},{"@type":"BreadcrumbList","@id":"https:\/\/cmnordeste.pt\/cultura\/?page_id=16842#breadcrumb","itemListElement":[{"@type":"ListItem","position":1,"name":"In\u00edcio","item":"https:\/\/cmnordeste.pt\/cultura\/"},{"@type":"ListItem","position":2,"name":"Espa\u00e7os Museol\u00f3gicos e de Exposi\u00e7\u00e3o do Nordeste","item":"https:\/\/cmnordeste.pt\/cultura\/museus-do_nordeste\/"},{"@type":"ListItem","position":3,"name":"Farol do Arnel"}]},{"@type":"WebSite","@id":"https:\/\/cmnordeste.pt\/cultura\/#website","url":"https:\/\/cmnordeste.pt\/cultura\/","name":"Cultura","description":"Nordeste - Cultura","potentialAction":[{"@type":"SearchAction","target":{"@type":"EntryPoint","urlTemplate":"https:\/\/cmnordeste.pt\/cultura\/?s={search_term_string}"},"query-input":{"@type":"PropertyValueSpecification","valueRequired":true,"valueName":"search_term_string"}}],"inLanguage":"pt-PT"}]}},"_links":{"self":[{"href":"https:\/\/cmnordeste.pt\/cultura\/wp-json\/wp\/v2\/pages\/16842","targetHints":{"allow":["GET"]}}],"collection":[{"href":"https:\/\/cmnordeste.pt\/cultura\/wp-json\/wp\/v2\/pages"}],"about":[{"href":"https:\/\/cmnordeste.pt\/cultura\/wp-json\/wp\/v2\/types\/page"}],"author":[{"embeddable":true,"href":"https:\/\/cmnordeste.pt\/cultura\/wp-json\/wp\/v2\/users\/1"}],"replies":[{"embeddable":true,"href":"https:\/\/cmnordeste.pt\/cultura\/wp-json\/wp\/v2\/comments?post=16842"}],"version-history":[{"count":5,"href":"https:\/\/cmnordeste.pt\/cultura\/wp-json\/wp\/v2\/pages\/16842\/revisions"}],"predecessor-version":[{"id":16847,"href":"https:\/\/cmnordeste.pt\/cultura\/wp-json\/wp\/v2\/pages\/16842\/revisions\/16847"}],"up":[{"embeddable":true,"href":"https:\/\/cmnordeste.pt\/cultura\/wp-json\/wp\/v2\/pages\/22"}],"wp:featuredmedia":[{"embeddable":true,"href":"https:\/\/cmnordeste.pt\/cultura\/wp-json\/wp\/v2\/media\/16838"}],"wp:attachment":[{"href":"https:\/\/cmnordeste.pt\/cultura\/wp-json\/wp\/v2\/media?parent=16842"}],"curies":[{"name":"wp","href":"https:\/\/api.w.org\/{rel}","templated":true}]}}