{"id":3489,"date":"2015-03-16T12:41:43","date_gmt":"2015-03-16T12:41:43","guid":{"rendered":"https:\/\/cmnordeste.pt\/cultura\/?page_id=3489"},"modified":"2021-09-13T06:39:41","modified_gmt":"2021-09-13T06:39:41","slug":"proximos-eventos","status":"publish","type":"page","link":"https:\/\/cmnordeste.pt\/cultura\/agenda\/proximos-eventos\/","title":{"rendered":"Pr\u00f3ximos Eventos"},"content":{"rendered":"<p>&lt; P\u00c1GINA RESERVADA AOS PR\u00d3XIMOS EVENTOS &#8211; N\u00c3O EDITAR &gt;<\/p>\n","protected":false},"excerpt":{"rendered":"<p>&lt; P\u00c1GINA RESERVADA AOS PR\u00d3XIMOS EVENTOS &#8211; N\u00c3O EDITAR &gt;<\/p>\n","protected":false},"author":1,"featured_media":0,"parent":14,"menu_order":310,"comment_status":"closed","ping_status":"closed","template":"page-grid-comum.php","meta":{"_acf_changed":false,"footnotes":""},"class_list":["post-3489","page","type-page","status-publish","hentry"],"acf":[],"yoast_head":"<!-- This site is optimized with the Yoast SEO plugin v27.2 - https:\/\/yoast.com\/product\/yoast-seo-wordpress\/ -->\n<title>Pr\u00f3ximos Eventos - Cultura<\/title>\n<meta name=\"robots\" content=\"index, follow, max-snippet:-1, max-image-preview:large, max-video-preview:-1\" \/>\n<link rel=\"canonical\" href=\"https:\/\/cmnordeste.pt\/cultura\/agenda\/proximos-eventos\/\" \/>\n<meta property=\"og:locale\" content=\"pt_PT\" \/>\n<meta property=\"og:type\" content=\"article\" \/>\n<meta property=\"og:title\" content=\"Pr\u00f3ximos Eventos - Cultura\" \/>\n<meta property=\"og:description\" content=\"&lt; P\u00c1GINA RESERVADA AOS PR\u00d3XIMOS EVENTOS &#8211; N\u00c3O EDITAR &gt;\" \/>\n<meta property=\"og:url\" content=\"https:\/\/cmnordeste.pt\/cultura\/agenda\/proximos-eventos\/\" \/>\n<meta property=\"og:site_name\" content=\"Cultura\" \/>\n<meta property=\"article:modified_time\" content=\"2021-09-13T06:39:41+00:00\" \/>\n<meta name=\"twitter:card\" content=\"summary_large_image\" \/>\n<script type=\"application\/ld+json\" class=\"yoast-schema-graph\">{\"@context\":\"https:\/\/schema.org\",\"@graph\":[{\"@type\":\"WebPage\",\"@id\":\"https:\/\/cmnordeste.pt\/cultura\/agenda\/proximos-eventos\/\",\"url\":\"https:\/\/cmnordeste.pt\/cultura\/agenda\/proximos-eventos\/\",\"name\":\"Pr\u00f3ximos Eventos - Cultura\",\"isPartOf\":{\"@id\":\"https:\/\/cmnordeste.pt\/cultura\/#website\"},\"datePublished\":\"2015-03-16T12:41:43+00:00\",\"dateModified\":\"2021-09-13T06:39:41+00:00\",\"breadcrumb\":{\"@id\":\"https:\/\/cmnordeste.pt\/cultura\/agenda\/proximos-eventos\/#breadcrumb\"},\"inLanguage\":\"pt-PT\",\"potentialAction\":[{\"@type\":\"ReadAction\",\"target\":[\"https:\/\/cmnordeste.pt\/cultura\/agenda\/proximos-eventos\/\"]}]},{\"@type\":\"BreadcrumbList\",\"@id\":\"https:\/\/cmnordeste.pt\/cultura\/agenda\/proximos-eventos\/#breadcrumb\",\"itemListElement\":[{\"@type\":\"ListItem\",\"position\":1,\"name\":\"In\u00edcio\",\"item\":\"https:\/\/cmnordeste.pt\/cultura\/\"},{\"@type\":\"ListItem\",\"position\":2,\"name\":\"Agenda\",\"item\":\"https:\/\/cmnordeste.pt\/cultura\/agenda\/\"},{\"@type\":\"ListItem\",\"position\":3,\"name\":\"Pr\u00f3ximos Eventos\"}]},{\"@type\":\"WebSite\",\"@id\":\"https:\/\/cmnordeste.pt\/cultura\/#website\",\"url\":\"https:\/\/cmnordeste.pt\/cultura\/\",\"name\":\"Cultura\",\"description\":\"Nordeste - Cultura\",\"potentialAction\":[{\"@type\":\"SearchAction\",\"target\":{\"@type\":\"EntryPoint\",\"urlTemplate\":\"https:\/\/cmnordeste.pt\/cultura\/?s={search_term_string}\"},\"query-input\":{\"@type\":\"PropertyValueSpecification\",\"valueRequired\":true,\"valueName\":\"search_term_string\"}}],\"inLanguage\":\"pt-PT\"}]}<\/script>\n<!-- \/ Yoast SEO plugin. -->","yoast_head_json":{"title":"Pr\u00f3ximos Eventos - Cultura","robots":{"index":"index","follow":"follow","max-snippet":"max-snippet:-1","max-image-preview":"max-image-preview:large","max-video-preview":"max-video-preview:-1"},"canonical":"https:\/\/cmnordeste.pt\/cultura\/agenda\/proximos-eventos\/","og_locale":"pt_PT","og_type":"article","og_title":"Pr\u00f3ximos Eventos - Cultura","og_description":"&lt; P\u00c1GINA RESERVADA AOS PR\u00d3XIMOS EVENTOS &#8211; N\u00c3O EDITAR &gt;","og_url":"https:\/\/cmnordeste.pt\/cultura\/agenda\/proximos-eventos\/","og_site_name":"Cultura","article_modified_time":"2021-09-13T06:39:41+00:00","twitter_card":"summary_large_image","schema":{"@context":"https:\/\/schema.org","@graph":[{"@type":"WebPage","@id":"https:\/\/cmnordeste.pt\/cultura\/agenda\/proximos-eventos\/","url":"https:\/\/cmnordeste.pt\/cultura\/agenda\/proximos-eventos\/","name":"Pr\u00f3ximos Eventos - Cultura","isPartOf":{"@id":"https:\/\/cmnordeste.pt\/cultura\/#website"},"datePublished":"2015-03-16T12:41:43+00:00","dateModified":"2021-09-13T06:39:41+00:00","breadcrumb":{"@id":"https:\/\/cmnordeste.pt\/cultura\/agenda\/proximos-eventos\/#breadcrumb"},"inLanguage":"pt-PT","potentialAction":[{"@type":"ReadAction","target":["https:\/\/cmnordeste.pt\/cultura\/agenda\/proximos-eventos\/"]}]},{"@type":"BreadcrumbList","@id":"https:\/\/cmnordeste.pt\/cultura\/agenda\/proximos-eventos\/#breadcrumb","itemListElement":[{"@type":"ListItem","position":1,"name":"In\u00edcio","item":"https:\/\/cmnordeste.pt\/cultura\/"},{"@type":"ListItem","position":2,"name":"Agenda","item":"https:\/\/cmnordeste.pt\/cultura\/agenda\/"},{"@type":"ListItem","position":3,"name":"Pr\u00f3ximos Eventos"}]},{"@type":"WebSite","@id":"https:\/\/cmnordeste.pt\/cultura\/#website","url":"https:\/\/cmnordeste.pt\/cultura\/","name":"Cultura","description":"Nordeste - Cultura","potentialAction":[{"@type":"SearchAction","target":{"@type":"EntryPoint","urlTemplate":"https:\/\/cmnordeste.pt\/cultura\/?s={search_term_string}"},"query-input":{"@type":"PropertyValueSpecification","valueRequired":true,"valueName":"search_term_string"}}],"inLanguage":"pt-PT"}]}},"_links":{"self":[{"href":"https:\/\/cmnordeste.pt\/cultura\/wp-json\/wp\/v2\/pages\/3489","targetHints":{"allow":["GET"]}}],"collection":[{"href":"https:\/\/cmnordeste.pt\/cultura\/wp-json\/wp\/v2\/pages"}],"about":[{"href":"https:\/\/cmnordeste.pt\/cultura\/wp-json\/wp\/v2\/types\/page"}],"author":[{"embeddable":true,"href":"https:\/\/cmnordeste.pt\/cultura\/wp-json\/wp\/v2\/users\/1"}],"replies":[{"embeddable":true,"href":"https:\/\/cmnordeste.pt\/cultura\/wp-json\/wp\/v2\/comments?post=3489"}],"version-history":[{"count":1,"href":"https:\/\/cmnordeste.pt\/cultura\/wp-json\/wp\/v2\/pages\/3489\/revisions"}],"predecessor-version":[{"id":16023,"href":"https:\/\/cmnordeste.pt\/cultura\/wp-json\/wp\/v2\/pages\/3489\/revisions\/16023"}],"up":[{"embeddable":true,"href":"https:\/\/cmnordeste.pt\/cultura\/wp-json\/wp\/v2\/pages\/14"}],"wp:attachment":[{"href":"https:\/\/cmnordeste.pt\/cultura\/wp-json\/wp\/v2\/media?parent=3489"}],"curies":[{"name":"wp","href":"https:\/\/api.w.org\/{rel}","templated":true}]}}