{"id":4598,"date":"2017-12-14T02:19:46","date_gmt":"2017-12-14T02:19:46","guid":{"rendered":"https:\/\/cmnordeste.pt\/desporto\/?page_id=4598"},"modified":"2020-06-10T19:18:44","modified_gmt":"2020-06-10T19:18:44","slug":"centro-desportivo-e-recreativo","status":"publish","type":"page","link":"https:\/\/cmnordeste.pt\/desporto\/","title":{"rendered":"Centro Desportivo e Recreativo"},"content":{"rendered":"\n<p><strong>Respons\u00e1vel:<\/strong> H\u00e9lder Camarinha<\/p>\n<p><strong>Contactos<\/strong><\/p>\n<p>C\u00e2mara Municipal do Nordeste<br \/>\nPra\u00e7a da Rep\u00fablica 9630 -141 Nordeste<br \/>\nTlf: 296 480 060<br \/>\nTlm: 91 43 20 338<br \/>\nWebsite: <a href=\"http:\/\/www.cdrcnordeste.pt\" target=\"_blank\" rel=\"noopener noreferrer\">http:\/\/www.cdrcnordeste.pt<\/a><br \/>\nEmail: <a href=\"mailto:c.d.r.c.nordeste@gmail.com\">c.d.r.c.nordeste@gmail.com<\/a><br \/>\nP\u00e1gina de Facebook <a href=\"https:\/\/www.facebook.com\/cdrcnordete\/\">aqui<\/a><\/p>\n","protected":false},"excerpt":{"rendered":"<p>Respons\u00e1vel: H\u00e9lder Camarinha Contactos C\u00e2mara Municipal do Nordeste Pra\u00e7a da Rep\u00fablica 9630 -141 Nordeste Tlf: 296 480 060 Tlm: 91 43 20 338 Website: http:\/\/www.cdrcnordeste.pt Email: c.d.r.c.nordeste@gmail.com P\u00e1gina de Facebook aqui<\/p>\n","protected":false},"author":1,"featured_media":6851,"parent":0,"menu_order":10,"comment_status":"closed","ping_status":"closed","template":"","meta":{"_acf_changed":false,"footnotes":""},"class_list":["post-4598","page","type-page","status-publish","has-post-thumbnail","hentry"],"acf":[],"yoast_head":"<!-- This site is optimized with the Yoast SEO plugin v27.4 - https:\/\/yoast.com\/product\/yoast-seo-wordpress\/ -->\n<title>Centro Desportivo e Recreativo - Desporto<\/title>\n<meta name=\"robots\" content=\"index, follow, max-snippet:-1, max-image-preview:large, max-video-preview:-1\" \/>\n<link rel=\"canonical\" href=\"https:\/\/cmnordeste.pt\/desporto\/\" \/>\n<meta property=\"og:locale\" content=\"pt_PT\" \/>\n<meta property=\"og:type\" content=\"article\" \/>\n<meta property=\"og:title\" content=\"Centro Desportivo e Recreativo - Desporto\" \/>\n<meta property=\"og:description\" content=\"Respons\u00e1vel: H\u00e9lder Camarinha Contactos C\u00e2mara Municipal do Nordeste Pra\u00e7a da Rep\u00fablica 9630 -141 Nordeste Tlf: 296 480 060 Tlm: 91 43 20 338 Website: http:\/\/www.cdrcnordeste.pt Email: c.d.r.c.nordeste@gmail.com P\u00e1gina de Facebook aqui\" \/>\n<meta property=\"og:url\" content=\"https:\/\/cmnordeste.pt\/desporto\/\" \/>\n<meta property=\"og:site_name\" content=\"Desporto\" \/>\n<meta property=\"article:modified_time\" content=\"2020-06-10T19:18:44+00:00\" \/>\n<meta property=\"og:image\" content=\"https:\/\/cmnordeste.pt\/desporto\/wp-content\/uploads\/sites\/5\/2019\/03\/P1044106-1920x1080.jpg\" \/>\n\t<meta property=\"og:image:width\" content=\"1920\" \/>\n\t<meta property=\"og:image:height\" content=\"1960\" \/>\n\t<meta property=\"og:image:type\" content=\"image\/jpeg\" \/>\n<meta name=\"twitter:card\" content=\"summary_large_image\" \/>\n<script type=\"application\/ld+json\" class=\"yoast-schema-graph\">{\"@context\":\"https:\\\/\\\/schema.org\",\"@graph\":[{\"@type\":\"WebPage\",\"@id\":\"https:\\\/\\\/cmnordeste.pt\\\/desporto\\\/\",\"url\":\"https:\\\/\\\/cmnordeste.pt\\\/desporto\\\/\",\"name\":\"Centro Desportivo e Recreativo - Desporto\",\"isPartOf\":{\"@id\":\"https:\\\/\\\/cmnordeste.pt\\\/desporto\\\/#website\"},\"primaryImageOfPage\":{\"@id\":\"https:\\\/\\\/cmnordeste.pt\\\/desporto\\\/#primaryimage\"},\"image\":{\"@id\":\"https:\\\/\\\/cmnordeste.pt\\\/desporto\\\/#primaryimage\"},\"thumbnailUrl\":\"https:\\\/\\\/cmnordeste.pt\\\/desporto\\\/wp-content\\\/uploads\\\/sites\\\/5\\\/2019\\\/03\\\/P1044106-1920x1080.jpg\",\"datePublished\":\"2017-12-14T02:19:46+00:00\",\"dateModified\":\"2020-06-10T19:18:44+00:00\",\"breadcrumb\":{\"@id\":\"https:\\\/\\\/cmnordeste.pt\\\/desporto\\\/#breadcrumb\"},\"inLanguage\":\"pt-PT\",\"potentialAction\":[{\"@type\":\"ReadAction\",\"target\":[\"https:\\\/\\\/cmnordeste.pt\\\/desporto\\\/\"]}]},{\"@type\":\"ImageObject\",\"inLanguage\":\"pt-PT\",\"@id\":\"https:\\\/\\\/cmnordeste.pt\\\/desporto\\\/#primaryimage\",\"url\":\"https:\\\/\\\/cmnordeste.pt\\\/desporto\\\/wp-content\\\/uploads\\\/sites\\\/5\\\/2019\\\/03\\\/P1044106-1920x1080.jpg\",\"contentUrl\":\"https:\\\/\\\/cmnordeste.pt\\\/desporto\\\/wp-content\\\/uploads\\\/sites\\\/5\\\/2019\\\/03\\\/P1044106-1920x1080.jpg\",\"width\":1920,\"height\":1960},{\"@type\":\"BreadcrumbList\",\"@id\":\"https:\\\/\\\/cmnordeste.pt\\\/desporto\\\/#breadcrumb\",\"itemListElement\":[{\"@type\":\"ListItem\",\"position\":1,\"name\":\"In\u00edcio\",\"item\":\"https:\\\/\\\/cmnordeste.pt\\\/desporto\\\/\"},{\"@type\":\"ListItem\",\"position\":2,\"name\":\"Centro Desportivo e Recreativo\"}]},{\"@type\":\"WebSite\",\"@id\":\"https:\\\/\\\/cmnordeste.pt\\\/desporto\\\/#website\",\"url\":\"https:\\\/\\\/cmnordeste.pt\\\/desporto\\\/\",\"name\":\"Desporto\",\"description\":\"Desporto no Nordeste\",\"potentialAction\":[{\"@type\":\"SearchAction\",\"target\":{\"@type\":\"EntryPoint\",\"urlTemplate\":\"https:\\\/\\\/cmnordeste.pt\\\/desporto\\\/?s={search_term_string}\"},\"query-input\":{\"@type\":\"PropertyValueSpecification\",\"valueRequired\":true,\"valueName\":\"search_term_string\"}}],\"inLanguage\":\"pt-PT\"}]}<\/script>\n<!-- \/ Yoast SEO plugin. -->","yoast_head_json":{"title":"Centro Desportivo e Recreativo - Desporto","robots":{"index":"index","follow":"follow","max-snippet":"max-snippet:-1","max-image-preview":"max-image-preview:large","max-video-preview":"max-video-preview:-1"},"canonical":"https:\/\/cmnordeste.pt\/desporto\/","og_locale":"pt_PT","og_type":"article","og_title":"Centro Desportivo e Recreativo - Desporto","og_description":"Respons\u00e1vel: H\u00e9lder Camarinha Contactos C\u00e2mara Municipal do Nordeste Pra\u00e7a da Rep\u00fablica 9630 -141 Nordeste Tlf: 296 480 060 Tlm: 91 43 20 338 Website: http:\/\/www.cdrcnordeste.pt Email: c.d.r.c.nordeste@gmail.com P\u00e1gina de Facebook aqui","og_url":"https:\/\/cmnordeste.pt\/desporto\/","og_site_name":"Desporto","article_modified_time":"2020-06-10T19:18:44+00:00","og_image":[{"width":1920,"height":1960,"url":"https:\/\/cmnordeste.pt\/desporto\/wp-content\/uploads\/sites\/5\/2019\/03\/P1044106-1920x1080.jpg","type":"image\/jpeg"}],"twitter_card":"summary_large_image","schema":{"@context":"https:\/\/schema.org","@graph":[{"@type":"WebPage","@id":"https:\/\/cmnordeste.pt\/desporto\/","url":"https:\/\/cmnordeste.pt\/desporto\/","name":"Centro Desportivo e Recreativo - Desporto","isPartOf":{"@id":"https:\/\/cmnordeste.pt\/desporto\/#website"},"primaryImageOfPage":{"@id":"https:\/\/cmnordeste.pt\/desporto\/#primaryimage"},"image":{"@id":"https:\/\/cmnordeste.pt\/desporto\/#primaryimage"},"thumbnailUrl":"https:\/\/cmnordeste.pt\/desporto\/wp-content\/uploads\/sites\/5\/2019\/03\/P1044106-1920x1080.jpg","datePublished":"2017-12-14T02:19:46+00:00","dateModified":"2020-06-10T19:18:44+00:00","breadcrumb":{"@id":"https:\/\/cmnordeste.pt\/desporto\/#breadcrumb"},"inLanguage":"pt-PT","potentialAction":[{"@type":"ReadAction","target":["https:\/\/cmnordeste.pt\/desporto\/"]}]},{"@type":"ImageObject","inLanguage":"pt-PT","@id":"https:\/\/cmnordeste.pt\/desporto\/#primaryimage","url":"https:\/\/cmnordeste.pt\/desporto\/wp-content\/uploads\/sites\/5\/2019\/03\/P1044106-1920x1080.jpg","contentUrl":"https:\/\/cmnordeste.pt\/desporto\/wp-content\/uploads\/sites\/5\/2019\/03\/P1044106-1920x1080.jpg","width":1920,"height":1960},{"@type":"BreadcrumbList","@id":"https:\/\/cmnordeste.pt\/desporto\/#breadcrumb","itemListElement":[{"@type":"ListItem","position":1,"name":"In\u00edcio","item":"https:\/\/cmnordeste.pt\/desporto\/"},{"@type":"ListItem","position":2,"name":"Centro Desportivo e Recreativo"}]},{"@type":"WebSite","@id":"https:\/\/cmnordeste.pt\/desporto\/#website","url":"https:\/\/cmnordeste.pt\/desporto\/","name":"Desporto","description":"Desporto no Nordeste","potentialAction":[{"@type":"SearchAction","target":{"@type":"EntryPoint","urlTemplate":"https:\/\/cmnordeste.pt\/desporto\/?s={search_term_string}"},"query-input":{"@type":"PropertyValueSpecification","valueRequired":true,"valueName":"search_term_string"}}],"inLanguage":"pt-PT"}]}},"_links":{"self":[{"href":"https:\/\/cmnordeste.pt\/desporto\/wp-json\/wp\/v2\/pages\/4598","targetHints":{"allow":["GET"]}}],"collection":[{"href":"https:\/\/cmnordeste.pt\/desporto\/wp-json\/wp\/v2\/pages"}],"about":[{"href":"https:\/\/cmnordeste.pt\/desporto\/wp-json\/wp\/v2\/types\/page"}],"author":[{"embeddable":true,"href":"https:\/\/cmnordeste.pt\/desporto\/wp-json\/wp\/v2\/users\/1"}],"replies":[{"embeddable":true,"href":"https:\/\/cmnordeste.pt\/desporto\/wp-json\/wp\/v2\/comments?post=4598"}],"version-history":[{"count":4,"href":"https:\/\/cmnordeste.pt\/desporto\/wp-json\/wp\/v2\/pages\/4598\/revisions"}],"predecessor-version":[{"id":7319,"href":"https:\/\/cmnordeste.pt\/desporto\/wp-json\/wp\/v2\/pages\/4598\/revisions\/7319"}],"wp:featuredmedia":[{"embeddable":true,"href":"https:\/\/cmnordeste.pt\/desporto\/wp-json\/wp\/v2\/media\/6851"}],"wp:attachment":[{"href":"https:\/\/cmnordeste.pt\/desporto\/wp-json\/wp\/v2\/media?parent=4598"}],"curies":[{"name":"wp","href":"https:\/\/api.w.org\/{rel}","templated":true}]}}