{"id":4605,"date":"2017-12-14T02:56:16","date_gmt":"2017-12-14T02:56:16","guid":{"rendered":"https:\/\/cmnordeste.pt\/desporto\/?page_id=4605"},"modified":"2019-05-01T12:39:52","modified_gmt":"2019-05-01T12:39:52","slug":"contactos","status":"publish","type":"page","link":"https:\/\/cmnordeste.pt\/desporto\/centro-desportivo-e-recreativo\/contactos\/","title":{"rendered":"Contactos"},"content":{"rendered":"<p><strong>Centro Desportivo e Recreativo do Concelho do Nordeste<\/strong><\/p>\n<p><strong>Respons\u00e1vel:<\/strong> H\u00e9lder Camarinha<\/p>\n<p><strong>Contactos<\/strong><br \/>\nC\u00e2mara Municipal do Nordeste<br \/>\nPra\u00e7a da Rep\u00fablica 9630 -141 Nordeste<br \/>\nTlf: 296 480 060<br \/>\nTlm: 91 43 20 338<br \/>\nWebsite: <a href=\"http:\/\/www.cdrcnordeste.pt\" target=\"_blank\" rel=\"noopener noreferrer\">http:\/\/www.cdrcnordeste.pt<\/a><br \/>\nEmail: <a href=\"mailto:c.d.r.c.nordeste@gmail.com\">c.d.r.c.nordeste@gmail.com<\/a><br \/>\nP\u00e1gina de <a href=\"https:\/\/www.facebook.com\/cdrcnordete\/\" rel=\"noopener noreferrer\" target=\"_blank\">Facebook<\/a><\/p>\n","protected":false},"excerpt":{"rendered":"<p>Centro Desportivo e Recreativo do Concelho do Nordeste Respons\u00e1vel: H\u00e9lder Camarinha Contactos C\u00e2mara Municipal do Nordeste Pra\u00e7a da Rep\u00fablica 9630 -141 Nordeste Tlf: 296 480 060 Tlm: 91 43 20 338 Website: http:\/\/www.cdrcnordeste.pt Email: c.d.r.c.nordeste@gmail.com P\u00e1gina de Facebook<\/p>\n","protected":false},"author":1,"featured_media":0,"parent":4598,"menu_order":13,"comment_status":"closed","ping_status":"closed","template":"","meta":{"_acf_changed":false,"footnotes":""},"class_list":["post-4605","page","type-page","status-publish","hentry"],"acf":[],"yoast_head":"<!-- This site is optimized with the Yoast SEO plugin v27.4 - https:\/\/yoast.com\/product\/yoast-seo-wordpress\/ -->\n<title>Contactos - Desporto<\/title>\n<meta name=\"robots\" content=\"index, follow, max-snippet:-1, max-image-preview:large, max-video-preview:-1\" \/>\n<link rel=\"canonical\" href=\"https:\/\/cmnordeste.pt\/desporto\/centro-desportivo-e-recreativo\/contactos\/\" \/>\n<meta property=\"og:locale\" content=\"pt_PT\" \/>\n<meta property=\"og:type\" content=\"article\" \/>\n<meta property=\"og:title\" content=\"Contactos - Desporto\" \/>\n<meta property=\"og:description\" content=\"Centro Desportivo e Recreativo do Concelho do Nordeste Respons\u00e1vel: H\u00e9lder Camarinha Contactos C\u00e2mara Municipal do Nordeste Pra\u00e7a da Rep\u00fablica 9630 -141 Nordeste Tlf: 296 480 060 Tlm: 91 43 20 338 Website: http:\/\/www.cdrcnordeste.pt Email: c.d.r.c.nordeste@gmail.com P\u00e1gina de Facebook\" \/>\n<meta property=\"og:url\" content=\"https:\/\/cmnordeste.pt\/desporto\/centro-desportivo-e-recreativo\/contactos\/\" \/>\n<meta property=\"og:site_name\" content=\"Desporto\" \/>\n<meta property=\"article:modified_time\" content=\"2019-05-01T12:39:52+00:00\" \/>\n<meta name=\"twitter:card\" content=\"summary_large_image\" \/>\n<script type=\"application\/ld+json\" class=\"yoast-schema-graph\">{\"@context\":\"https:\\\/\\\/schema.org\",\"@graph\":[{\"@type\":\"WebPage\",\"@id\":\"https:\\\/\\\/cmnordeste.pt\\\/desporto\\\/centro-desportivo-e-recreativo\\\/contactos\\\/\",\"url\":\"https:\\\/\\\/cmnordeste.pt\\\/desporto\\\/centro-desportivo-e-recreativo\\\/contactos\\\/\",\"name\":\"Contactos - Desporto\",\"isPartOf\":{\"@id\":\"https:\\\/\\\/cmnordeste.pt\\\/desporto\\\/#website\"},\"datePublished\":\"2017-12-14T02:56:16+00:00\",\"dateModified\":\"2019-05-01T12:39:52+00:00\",\"breadcrumb\":{\"@id\":\"https:\\\/\\\/cmnordeste.pt\\\/desporto\\\/centro-desportivo-e-recreativo\\\/contactos\\\/#breadcrumb\"},\"inLanguage\":\"pt-PT\",\"potentialAction\":[{\"@type\":\"ReadAction\",\"target\":[\"https:\\\/\\\/cmnordeste.pt\\\/desporto\\\/centro-desportivo-e-recreativo\\\/contactos\\\/\"]}]},{\"@type\":\"BreadcrumbList\",\"@id\":\"https:\\\/\\\/cmnordeste.pt\\\/desporto\\\/centro-desportivo-e-recreativo\\\/contactos\\\/#breadcrumb\",\"itemListElement\":[{\"@type\":\"ListItem\",\"position\":1,\"name\":\"In\u00edcio\",\"item\":\"https:\\\/\\\/cmnordeste.pt\\\/desporto\\\/\"},{\"@type\":\"ListItem\",\"position\":2,\"name\":\"Centro Desportivo e Recreativo\",\"item\":\"https:\\\/\\\/cmnordeste.pt\\\/desporto\\\/\"},{\"@type\":\"ListItem\",\"position\":3,\"name\":\"Contactos\"}]},{\"@type\":\"WebSite\",\"@id\":\"https:\\\/\\\/cmnordeste.pt\\\/desporto\\\/#website\",\"url\":\"https:\\\/\\\/cmnordeste.pt\\\/desporto\\\/\",\"name\":\"Desporto\",\"description\":\"Desporto no Nordeste\",\"potentialAction\":[{\"@type\":\"SearchAction\",\"target\":{\"@type\":\"EntryPoint\",\"urlTemplate\":\"https:\\\/\\\/cmnordeste.pt\\\/desporto\\\/?s={search_term_string}\"},\"query-input\":{\"@type\":\"PropertyValueSpecification\",\"valueRequired\":true,\"valueName\":\"search_term_string\"}}],\"inLanguage\":\"pt-PT\"}]}<\/script>\n<!-- \/ Yoast SEO plugin. -->","yoast_head_json":{"title":"Contactos - Desporto","robots":{"index":"index","follow":"follow","max-snippet":"max-snippet:-1","max-image-preview":"max-image-preview:large","max-video-preview":"max-video-preview:-1"},"canonical":"https:\/\/cmnordeste.pt\/desporto\/centro-desportivo-e-recreativo\/contactos\/","og_locale":"pt_PT","og_type":"article","og_title":"Contactos - Desporto","og_description":"Centro Desportivo e Recreativo do Concelho do Nordeste Respons\u00e1vel: H\u00e9lder Camarinha Contactos C\u00e2mara Municipal do Nordeste Pra\u00e7a da Rep\u00fablica 9630 -141 Nordeste Tlf: 296 480 060 Tlm: 91 43 20 338 Website: http:\/\/www.cdrcnordeste.pt Email: c.d.r.c.nordeste@gmail.com P\u00e1gina de Facebook","og_url":"https:\/\/cmnordeste.pt\/desporto\/centro-desportivo-e-recreativo\/contactos\/","og_site_name":"Desporto","article_modified_time":"2019-05-01T12:39:52+00:00","twitter_card":"summary_large_image","schema":{"@context":"https:\/\/schema.org","@graph":[{"@type":"WebPage","@id":"https:\/\/cmnordeste.pt\/desporto\/centro-desportivo-e-recreativo\/contactos\/","url":"https:\/\/cmnordeste.pt\/desporto\/centro-desportivo-e-recreativo\/contactos\/","name":"Contactos - Desporto","isPartOf":{"@id":"https:\/\/cmnordeste.pt\/desporto\/#website"},"datePublished":"2017-12-14T02:56:16+00:00","dateModified":"2019-05-01T12:39:52+00:00","breadcrumb":{"@id":"https:\/\/cmnordeste.pt\/desporto\/centro-desportivo-e-recreativo\/contactos\/#breadcrumb"},"inLanguage":"pt-PT","potentialAction":[{"@type":"ReadAction","target":["https:\/\/cmnordeste.pt\/desporto\/centro-desportivo-e-recreativo\/contactos\/"]}]},{"@type":"BreadcrumbList","@id":"https:\/\/cmnordeste.pt\/desporto\/centro-desportivo-e-recreativo\/contactos\/#breadcrumb","itemListElement":[{"@type":"ListItem","position":1,"name":"In\u00edcio","item":"https:\/\/cmnordeste.pt\/desporto\/"},{"@type":"ListItem","position":2,"name":"Centro Desportivo e Recreativo","item":"https:\/\/cmnordeste.pt\/desporto\/"},{"@type":"ListItem","position":3,"name":"Contactos"}]},{"@type":"WebSite","@id":"https:\/\/cmnordeste.pt\/desporto\/#website","url":"https:\/\/cmnordeste.pt\/desporto\/","name":"Desporto","description":"Desporto no Nordeste","potentialAction":[{"@type":"SearchAction","target":{"@type":"EntryPoint","urlTemplate":"https:\/\/cmnordeste.pt\/desporto\/?s={search_term_string}"},"query-input":{"@type":"PropertyValueSpecification","valueRequired":true,"valueName":"search_term_string"}}],"inLanguage":"pt-PT"}]}},"_links":{"self":[{"href":"https:\/\/cmnordeste.pt\/desporto\/wp-json\/wp\/v2\/pages\/4605","targetHints":{"allow":["GET"]}}],"collection":[{"href":"https:\/\/cmnordeste.pt\/desporto\/wp-json\/wp\/v2\/pages"}],"about":[{"href":"https:\/\/cmnordeste.pt\/desporto\/wp-json\/wp\/v2\/types\/page"}],"author":[{"embeddable":true,"href":"https:\/\/cmnordeste.pt\/desporto\/wp-json\/wp\/v2\/users\/1"}],"replies":[{"embeddable":true,"href":"https:\/\/cmnordeste.pt\/desporto\/wp-json\/wp\/v2\/comments?post=4605"}],"version-history":[{"count":2,"href":"https:\/\/cmnordeste.pt\/desporto\/wp-json\/wp\/v2\/pages\/4605\/revisions"}],"predecessor-version":[{"id":7011,"href":"https:\/\/cmnordeste.pt\/desporto\/wp-json\/wp\/v2\/pages\/4605\/revisions\/7011"}],"up":[{"embeddable":true,"href":"https:\/\/cmnordeste.pt\/desporto\/wp-json\/wp\/v2\/pages\/4598"}],"wp:attachment":[{"href":"https:\/\/cmnordeste.pt\/desporto\/wp-json\/wp\/v2\/media?parent=4605"}],"curies":[{"name":"wp","href":"https:\/\/api.w.org\/{rel}","templated":true}]}}