{"id":4639,"date":"2017-12-14T14:55:32","date_gmt":"2017-12-14T14:55:32","guid":{"rendered":"https:\/\/cmnordeste.pt\/desporto\/?page_id=4639"},"modified":"2019-05-01T12:39:30","modified_gmt":"2019-05-01T12:39:30","slug":"objetivos-e-corpos-gerentes","status":"publish","type":"page","link":"https:\/\/cmnordeste.pt\/desporto\/centro-desportivo-e-recreativo\/objetivos-e-corpos-gerentes\/","title":{"rendered":"Objetivos e Corpos Gerentes"},"content":{"rendered":"<h3 style=\"text-align: center;\">OBJETIVOS<\/h3>\n<ol>\n<li>A promo\u00e7\u00e3o desportiva e recreativa da popula\u00e7\u00e3o do Nordeste;<\/li>\n<li>Proporcionar o conv\u00edvio \/ competi\u00e7\u00e3o entre jovens e adultos da mesma idade, que t\u00eam gosto por id\u00eanticas modalidades desportivas e que estas n\u00e3o estejam contempladas pelas estruturas oficiais (associa\u00e7\u00f5es, clubes, outros);<\/li>\n<li>Apoiar, quando solicitada, na elabora\u00e7\u00e3o do Plano de Desenvolvimento Desportivo da C\u00e2mara Municipal e executa-lo.<\/li>\n<\/ol>\n<p>&nbsp;<\/p>\n<p>&nbsp;<\/p>\n<h3 style=\"text-align: center;\">CORPOS GERENTES<\/h3>\n<h4>ASSEMBLEIA GERAL<\/h4>\n<p>PRESIDENTE \u2013 Lu\u00eds Manuel Raposo de Lima<br \/>\n1.\u00ba SECRETARIO \u2013 Rui Filipe Pacheco Medeiros<br \/>\n2.\u00ba SECRETARIO \u2013 Rafael Moniz Vieira<\/p>\n<h4>DIRE\u00c7\u00c3O<\/h4>\n<p>PRESIDENTE \u2013 H\u00e9lder Miguel Brites de Oliveira Camarinha<br \/>\n1.\u00ba SECRETARIO \u2013 Jorge Miguel Cabral Lopes<br \/>\nTESOUREIRO \u2013 Filipa Amaral Lima<\/p>\n<h4>CONSELHO FISCAL<\/h4>\n<p>PRESIDENTE \u2013 Sara Raquel Mendon\u00e7a Sousa<br \/>\n1.\u00ba RELATOR \u2013 Jos\u00e9 Maria Soares Almeida<br \/>\n2.\u00ba RELATOR \u2013 Armando Silva Sousa Costa<\/p>\n<p>&nbsp;<\/p>\n<p><strong>COORDENADORES CENTRO DESPORTIVO E RECREATIVO CO CONCELHO DO NORDESTE:<\/strong><\/p>\n<p>H\u00e9lder Miguel Brites de Oliveira Camarinha e Jorge Miguel Cabral Lopes<\/p>\n","protected":false},"excerpt":{"rendered":"<p>OBJETIVOS A promo\u00e7\u00e3o desportiva e recreativa da popula\u00e7\u00e3o do Nordeste; Proporcionar o conv\u00edvio \/ competi\u00e7\u00e3o entre jovens e adultos da mesma idade, que t\u00eam gosto por id\u00eanticas modalidades desportivas e que estas n\u00e3o estejam contempladas pelas estruturas oficiais (associa\u00e7\u00f5es, clubes, outros); Apoiar, quando solicitada, na elabora\u00e7\u00e3o do Plano de Desenvolvimento Desportivo da C\u00e2mara Municipal e [&hellip;]<\/p>\n","protected":false},"author":1,"featured_media":0,"parent":4598,"menu_order":12,"comment_status":"closed","ping_status":"closed","template":"","meta":{"_acf_changed":false,"footnotes":""},"class_list":["post-4639","page","type-page","status-publish","hentry"],"acf":[],"yoast_head":"<!-- This site is optimized with the Yoast SEO plugin v27.4 - https:\/\/yoast.com\/product\/yoast-seo-wordpress\/ -->\n<title>Objetivos e Corpos Gerentes - Desporto<\/title>\n<meta name=\"robots\" content=\"index, follow, max-snippet:-1, max-image-preview:large, max-video-preview:-1\" \/>\n<link rel=\"canonical\" href=\"https:\/\/cmnordeste.pt\/desporto\/centro-desportivo-e-recreativo\/objetivos-e-corpos-gerentes\/\" \/>\n<meta property=\"og:locale\" content=\"pt_PT\" \/>\n<meta property=\"og:type\" content=\"article\" \/>\n<meta property=\"og:title\" content=\"Objetivos e Corpos Gerentes - Desporto\" \/>\n<meta property=\"og:description\" content=\"OBJETIVOS A promo\u00e7\u00e3o desportiva e recreativa da popula\u00e7\u00e3o do Nordeste; Proporcionar o conv\u00edvio \/ competi\u00e7\u00e3o entre jovens e adultos da mesma idade, que t\u00eam gosto por id\u00eanticas modalidades desportivas e que estas n\u00e3o estejam contempladas pelas estruturas oficiais (associa\u00e7\u00f5es, clubes, outros); Apoiar, quando solicitada, na elabora\u00e7\u00e3o do Plano de Desenvolvimento Desportivo da C\u00e2mara Municipal e [&hellip;]\" \/>\n<meta property=\"og:url\" content=\"https:\/\/cmnordeste.pt\/desporto\/centro-desportivo-e-recreativo\/objetivos-e-corpos-gerentes\/\" \/>\n<meta property=\"og:site_name\" content=\"Desporto\" \/>\n<meta property=\"article:modified_time\" content=\"2019-05-01T12:39:30+00:00\" \/>\n<meta name=\"twitter:card\" content=\"summary_large_image\" \/>\n<meta name=\"twitter:label1\" content=\"Tempo estimado de leitura\" \/>\n\t<meta name=\"twitter:data1\" content=\"1 minuto\" \/>\n<script type=\"application\/ld+json\" class=\"yoast-schema-graph\">{\"@context\":\"https:\\\/\\\/schema.org\",\"@graph\":[{\"@type\":\"WebPage\",\"@id\":\"https:\\\/\\\/cmnordeste.pt\\\/desporto\\\/centro-desportivo-e-recreativo\\\/objetivos-e-corpos-gerentes\\\/\",\"url\":\"https:\\\/\\\/cmnordeste.pt\\\/desporto\\\/centro-desportivo-e-recreativo\\\/objetivos-e-corpos-gerentes\\\/\",\"name\":\"Objetivos e Corpos Gerentes - Desporto\",\"isPartOf\":{\"@id\":\"https:\\\/\\\/cmnordeste.pt\\\/desporto\\\/#website\"},\"datePublished\":\"2017-12-14T14:55:32+00:00\",\"dateModified\":\"2019-05-01T12:39:30+00:00\",\"breadcrumb\":{\"@id\":\"https:\\\/\\\/cmnordeste.pt\\\/desporto\\\/centro-desportivo-e-recreativo\\\/objetivos-e-corpos-gerentes\\\/#breadcrumb\"},\"inLanguage\":\"pt-PT\",\"potentialAction\":[{\"@type\":\"ReadAction\",\"target\":[\"https:\\\/\\\/cmnordeste.pt\\\/desporto\\\/centro-desportivo-e-recreativo\\\/objetivos-e-corpos-gerentes\\\/\"]}]},{\"@type\":\"BreadcrumbList\",\"@id\":\"https:\\\/\\\/cmnordeste.pt\\\/desporto\\\/centro-desportivo-e-recreativo\\\/objetivos-e-corpos-gerentes\\\/#breadcrumb\",\"itemListElement\":[{\"@type\":\"ListItem\",\"position\":1,\"name\":\"In\u00edcio\",\"item\":\"https:\\\/\\\/cmnordeste.pt\\\/desporto\\\/\"},{\"@type\":\"ListItem\",\"position\":2,\"name\":\"Centro Desportivo e Recreativo\",\"item\":\"https:\\\/\\\/cmnordeste.pt\\\/desporto\\\/\"},{\"@type\":\"ListItem\",\"position\":3,\"name\":\"Objetivos e Corpos Gerentes\"}]},{\"@type\":\"WebSite\",\"@id\":\"https:\\\/\\\/cmnordeste.pt\\\/desporto\\\/#website\",\"url\":\"https:\\\/\\\/cmnordeste.pt\\\/desporto\\\/\",\"name\":\"Desporto\",\"description\":\"Desporto no Nordeste\",\"potentialAction\":[{\"@type\":\"SearchAction\",\"target\":{\"@type\":\"EntryPoint\",\"urlTemplate\":\"https:\\\/\\\/cmnordeste.pt\\\/desporto\\\/?s={search_term_string}\"},\"query-input\":{\"@type\":\"PropertyValueSpecification\",\"valueRequired\":true,\"valueName\":\"search_term_string\"}}],\"inLanguage\":\"pt-PT\"}]}<\/script>\n<!-- \/ Yoast SEO plugin. -->","yoast_head_json":{"title":"Objetivos e Corpos Gerentes - Desporto","robots":{"index":"index","follow":"follow","max-snippet":"max-snippet:-1","max-image-preview":"max-image-preview:large","max-video-preview":"max-video-preview:-1"},"canonical":"https:\/\/cmnordeste.pt\/desporto\/centro-desportivo-e-recreativo\/objetivos-e-corpos-gerentes\/","og_locale":"pt_PT","og_type":"article","og_title":"Objetivos e Corpos Gerentes - Desporto","og_description":"OBJETIVOS A promo\u00e7\u00e3o desportiva e recreativa da popula\u00e7\u00e3o do Nordeste; Proporcionar o conv\u00edvio \/ competi\u00e7\u00e3o entre jovens e adultos da mesma idade, que t\u00eam gosto por id\u00eanticas modalidades desportivas e que estas n\u00e3o estejam contempladas pelas estruturas oficiais (associa\u00e7\u00f5es, clubes, outros); Apoiar, quando solicitada, na elabora\u00e7\u00e3o do Plano de Desenvolvimento Desportivo da C\u00e2mara Municipal e [&hellip;]","og_url":"https:\/\/cmnordeste.pt\/desporto\/centro-desportivo-e-recreativo\/objetivos-e-corpos-gerentes\/","og_site_name":"Desporto","article_modified_time":"2019-05-01T12:39:30+00:00","twitter_card":"summary_large_image","twitter_misc":{"Tempo estimado de leitura":"1 minuto"},"schema":{"@context":"https:\/\/schema.org","@graph":[{"@type":"WebPage","@id":"https:\/\/cmnordeste.pt\/desporto\/centro-desportivo-e-recreativo\/objetivos-e-corpos-gerentes\/","url":"https:\/\/cmnordeste.pt\/desporto\/centro-desportivo-e-recreativo\/objetivos-e-corpos-gerentes\/","name":"Objetivos e Corpos Gerentes - Desporto","isPartOf":{"@id":"https:\/\/cmnordeste.pt\/desporto\/#website"},"datePublished":"2017-12-14T14:55:32+00:00","dateModified":"2019-05-01T12:39:30+00:00","breadcrumb":{"@id":"https:\/\/cmnordeste.pt\/desporto\/centro-desportivo-e-recreativo\/objetivos-e-corpos-gerentes\/#breadcrumb"},"inLanguage":"pt-PT","potentialAction":[{"@type":"ReadAction","target":["https:\/\/cmnordeste.pt\/desporto\/centro-desportivo-e-recreativo\/objetivos-e-corpos-gerentes\/"]}]},{"@type":"BreadcrumbList","@id":"https:\/\/cmnordeste.pt\/desporto\/centro-desportivo-e-recreativo\/objetivos-e-corpos-gerentes\/#breadcrumb","itemListElement":[{"@type":"ListItem","position":1,"name":"In\u00edcio","item":"https:\/\/cmnordeste.pt\/desporto\/"},{"@type":"ListItem","position":2,"name":"Centro Desportivo e Recreativo","item":"https:\/\/cmnordeste.pt\/desporto\/"},{"@type":"ListItem","position":3,"name":"Objetivos e Corpos Gerentes"}]},{"@type":"WebSite","@id":"https:\/\/cmnordeste.pt\/desporto\/#website","url":"https:\/\/cmnordeste.pt\/desporto\/","name":"Desporto","description":"Desporto no Nordeste","potentialAction":[{"@type":"SearchAction","target":{"@type":"EntryPoint","urlTemplate":"https:\/\/cmnordeste.pt\/desporto\/?s={search_term_string}"},"query-input":{"@type":"PropertyValueSpecification","valueRequired":true,"valueName":"search_term_string"}}],"inLanguage":"pt-PT"}]}},"_links":{"self":[{"href":"https:\/\/cmnordeste.pt\/desporto\/wp-json\/wp\/v2\/pages\/4639","targetHints":{"allow":["GET"]}}],"collection":[{"href":"https:\/\/cmnordeste.pt\/desporto\/wp-json\/wp\/v2\/pages"}],"about":[{"href":"https:\/\/cmnordeste.pt\/desporto\/wp-json\/wp\/v2\/types\/page"}],"author":[{"embeddable":true,"href":"https:\/\/cmnordeste.pt\/desporto\/wp-json\/wp\/v2\/users\/1"}],"replies":[{"embeddable":true,"href":"https:\/\/cmnordeste.pt\/desporto\/wp-json\/wp\/v2\/comments?post=4639"}],"version-history":[{"count":1,"href":"https:\/\/cmnordeste.pt\/desporto\/wp-json\/wp\/v2\/pages\/4639\/revisions"}],"predecessor-version":[{"id":7010,"href":"https:\/\/cmnordeste.pt\/desporto\/wp-json\/wp\/v2\/pages\/4639\/revisions\/7010"}],"up":[{"embeddable":true,"href":"https:\/\/cmnordeste.pt\/desporto\/wp-json\/wp\/v2\/pages\/4598"}],"wp:attachment":[{"href":"https:\/\/cmnordeste.pt\/desporto\/wp-json\/wp\/v2\/media?parent=4639"}],"curies":[{"name":"wp","href":"https:\/\/api.w.org\/{rel}","templated":true}]}}