{"id":26,"date":"2014-07-04T17:19:04","date_gmt":"2014-07-04T17:19:04","guid":{"rendered":"https:\/\/cmnordeste.pt\/municipio\/?page_id=26"},"modified":"2019-06-04T13:27:14","modified_gmt":"2019-06-04T13:27:14","slug":"contate-nos","status":"publish","type":"page","link":"https:\/\/cmnordeste.pt\/municipio\/contactos\/contate-nos\/","title":{"rendered":"Contacte-nos"},"content":{"rendered":"<div class=\"cf7sg-container\"><div id=\"cf7sg-form-form-contacto-new\" class=\"cf7-smart-grid has-grid key_form-contacto-new\">\n<div class=\"wpcf7 no-js\" id=\"wpcf7-f13323-o1\" lang=\"pt-PT\" dir=\"ltr\" data-wpcf7-id=\"13323\">\n<div class=\"screen-reader-response\"><p role=\"status\" aria-live=\"polite\" aria-atomic=\"true\"><\/p> <ul><\/ul><\/div>\n<form action=\"\/municipio\/wp-json\/wp\/v2\/pages\/26#wpcf7-f13323-o1\" method=\"post\" class=\"wpcf7-form init\" aria-label=\"Formul\u00e1rio de contacto\" novalidate=\"novalidate\" data-status=\"init\">\n<fieldset class=\"hidden-fields-container\"><input type=\"hidden\" name=\"_wpcf7\" value=\"13323\" \/><input type=\"hidden\" name=\"_wpcf7_version\" value=\"6.1.5\" \/><input type=\"hidden\" name=\"_wpcf7_locale\" value=\"pt_PT\" \/><input type=\"hidden\" name=\"_wpcf7_unit_tag\" value=\"wpcf7-f13323-o1\" \/><input type=\"hidden\" name=\"_wpcf7_container_post\" value=\"0\" \/><input type=\"hidden\" name=\"_wpcf7_posted_data_hash\" value=\"\" \/><input type=\"hidden\" name=\"_wpcf7_key\" value=\"form-contacto-new\" \/><input type=\"hidden\" name=\"_cf7sg_toggles\" value=\"\" \/><input type=\"hidden\" name=\"_cf7sg_version\" value=\"4.15.8\" \/><input type=\"hidden\" name=\"_wpnonce\" value=\"61022fafe4\" \/><input type=\"hidden\" name=\"_wpcf7_recaptcha_response\" value=\"\" \/>\n<\/fieldset>\n<div class=\"container\">\n  <div class=\"row\">\n    <div class=\"columns full\">\n      <div class=\"container\">\n        <div class=\"row\">\n          <div class=\"columns full\">\n            <div class=\"field\"><label>\u00a0<\/label><span class=\"wpcf7-form-control-wrap\" data-name=\"your-name\"><input size=\"40\" maxlength=\"400\" class=\"wpcf7-form-control wpcf7-text wpcf7-validates-as-required\" aria-required=\"true\" aria-invalid=\"false\" placeholder=\"O seu Nome *\" value=\"\" type=\"text\" name=\"your-name\" \/><\/span>\n              <p class=\"info-tip\"><\/p>\n            <\/div>\n          <\/div>\n        <\/div>\n      <\/div>\n      <div class=\"container\">\n        <div class=\"row\">\n          <div class=\"columns full\">\n            <div class=\"field\"><label>\u00a0<\/label><span class=\"wpcf7-form-control-wrap\" data-name=\"your-email\"><input size=\"40\" maxlength=\"400\" class=\"wpcf7-form-control wpcf7-email wpcf7-validates-as-required wpcf7-text wpcf7-validates-as-email\" aria-required=\"true\" aria-invalid=\"false\" placeholder=\"O seu Email *\" value=\"\" type=\"email\" name=\"your-email\" \/><\/span>\n              <p class=\"info-tip\"><\/p>\n            <\/div>\n          <\/div>\n        <\/div>\n      <\/div>\n      <div class=\"container\">\n        <div class=\"row\">\n          <div class=\"columns full\">\n            <div class=\"field\"><label>\u00a0<\/label><span class=\"wpcf7-form-control-wrap\" data-name=\"your-tel\"><input size=\"40\" maxlength=\"400\" class=\"wpcf7-form-control wpcf7-tel wpcf7-text wpcf7-validates-as-tel\" aria-invalid=\"false\" placeholder=\"O seu Telefone\" value=\"\" type=\"tel\" name=\"your-tel\" \/><\/span>\n              <p class=\"info-tip\"><\/p>\n            <\/div>\n          <\/div>\n        <\/div>\n      <\/div>\n      <div class=\"container\">\n        <div class=\"row\">\n          <div class=\"columns full\">\n            <div class=\"field\"><label>\u00a0<\/label><span class=\"wpcf7-form-control-wrap\" data-name=\"your-subject\"><input size=\"40\" maxlength=\"400\" class=\"wpcf7-form-control wpcf7-text wpcf7-validates-as-required\" aria-required=\"true\" aria-invalid=\"false\" placeholder=\"Assunto *\" value=\"\" type=\"text\" name=\"your-subject\" \/><\/span>\n              <p class=\"info-tip\"><\/p>\n            <\/div>\n          <\/div>\n        <\/div>\n      <\/div>\n      <div class=\"container\">\n        <div class=\"row\">\n          <div class=\"columns full\">\n            <div class=\"field\"><label>\u00a0<\/label><span class=\"wpcf7-form-control-wrap\" data-name=\"your-message\"><textarea cols=\"40\" rows=\"5\" maxlength=\"2000\" class=\"wpcf7-form-control wpcf7-textarea wpcf7-validates-as-required\" aria-required=\"true\" aria-invalid=\"false\" placeholder=\"A sua Mensagem *\" name=\"your-message\"><\/textarea><\/span>\n              <p class=\"info-tip\"><\/p>\n            <\/div>\n          <\/div>\n        <\/div>\n      <\/div>\n      <div class=\"container\">\n        <div class=\"row\">\n          <div class=\"columns full\">\n            <div class=\"field\"><label><\/label><span class=\"wpcf7-form-control-wrap\" data-name=\"acceptance-150\"><span class=\"wpcf7-form-control wpcf7-acceptance\"><span class=\"wpcf7-list-item\"><input type=\"checkbox\" name=\"acceptance-150\" value=\"1\" class=\"cf7_check_dados_pessoais\" id=\"id_cf7_check_dados_pessoais\" aria-invalid=\"false\" \/><\/span><\/span><\/span> Consinto o tratamento dos dados pessoais solicitados, para resposta \u00e0 minha comunica\u00e7\u00e3o.\n              <p class=\"info-tip\"><\/p>\n            <\/div>\n          <\/div>\n        <\/div>\n      <\/div>\n      <div class=\"container\">\n        <div class=\"row\">\n          <div class=\"columns full\">\n            <div class=\"field\"><label><\/label><input class=\"wpcf7-form-control wpcf7-submit has-spinner\" type=\"submit\" value=\"Enviar\" \/>\n              <p class=\"info-tip\"><\/p>\n            <\/div>\n          <\/div>\n        <\/div>\n      <\/div>\n    <\/div>\n  <\/div>\n<\/div><div class=\"wpcf7-response-output\" aria-hidden=\"true\"><\/div>\n<\/form>\n<\/div>\n<\/div><\/div>\n","protected":false},"excerpt":{"rendered":"","protected":false},"author":1,"featured_media":0,"parent":5,"menu_order":14,"comment_status":"closed","ping_status":"closed","template":"page-width-max.php","meta":{"_acf_changed":false,"footnotes":""},"class_list":["post-26","page","type-page","status-publish","hentry"],"acf":[],"yoast_head":"<!-- This site is optimized with the Yoast SEO plugin v27.4 - https:\/\/yoast.com\/product\/yoast-seo-wordpress\/ -->\n<title>Contacte-nos - Munic\u00edpio<\/title>\n<meta name=\"robots\" content=\"index, follow, max-snippet:-1, max-image-preview:large, max-video-preview:-1\" \/>\n<link rel=\"canonical\" href=\"https:\/\/cmnordeste.pt\/municipio\/contactos\/contate-nos\/\" \/>\n<meta property=\"og:locale\" content=\"pt_PT\" \/>\n<meta property=\"og:type\" content=\"article\" \/>\n<meta property=\"og:title\" content=\"Contacte-nos - Munic\u00edpio\" \/>\n<meta property=\"og:url\" content=\"https:\/\/cmnordeste.pt\/municipio\/contactos\/contate-nos\/\" \/>\n<meta property=\"og:site_name\" content=\"Munic\u00edpio\" \/>\n<meta property=\"article:modified_time\" content=\"2019-06-04T13:27:14+00:00\" \/>\n<meta name=\"twitter:card\" content=\"summary_large_image\" \/>\n<script type=\"application\/ld+json\" class=\"yoast-schema-graph\">{\"@context\":\"https:\\\/\\\/schema.org\",\"@graph\":[{\"@type\":\"WebPage\",\"@id\":\"https:\\\/\\\/cmnordeste.pt\\\/municipio\\\/contactos\\\/contate-nos\\\/\",\"url\":\"https:\\\/\\\/cmnordeste.pt\\\/municipio\\\/contactos\\\/contate-nos\\\/\",\"name\":\"Contacte-nos - Munic\u00edpio\",\"isPartOf\":{\"@id\":\"https:\\\/\\\/cmnordeste.pt\\\/municipio\\\/#website\"},\"datePublished\":\"2014-07-04T17:19:04+00:00\",\"dateModified\":\"2019-06-04T13:27:14+00:00\",\"breadcrumb\":{\"@id\":\"https:\\\/\\\/cmnordeste.pt\\\/municipio\\\/contactos\\\/contate-nos\\\/#breadcrumb\"},\"inLanguage\":\"pt-PT\",\"potentialAction\":[{\"@type\":\"ReadAction\",\"target\":[\"https:\\\/\\\/cmnordeste.pt\\\/municipio\\\/contactos\\\/contate-nos\\\/\"]}]},{\"@type\":\"BreadcrumbList\",\"@id\":\"https:\\\/\\\/cmnordeste.pt\\\/municipio\\\/contactos\\\/contate-nos\\\/#breadcrumb\",\"itemListElement\":[{\"@type\":\"ListItem\",\"position\":1,\"name\":\"In\u00edcio\",\"item\":\"https:\\\/\\\/cmnordeste.pt\\\/municipio\\\/\"},{\"@type\":\"ListItem\",\"position\":2,\"name\":\"Contactos\",\"item\":\"https:\\\/\\\/cmnordeste.pt\\\/municipio\\\/contactos\\\/\"},{\"@type\":\"ListItem\",\"position\":3,\"name\":\"Contacte-nos\"}]},{\"@type\":\"WebSite\",\"@id\":\"https:\\\/\\\/cmnordeste.pt\\\/municipio\\\/#website\",\"url\":\"https:\\\/\\\/cmnordeste.pt\\\/municipio\\\/\",\"name\":\"Munic\u00edpio\",\"description\":\"Munic\u00edpio do Nordeste\",\"potentialAction\":[{\"@type\":\"SearchAction\",\"target\":{\"@type\":\"EntryPoint\",\"urlTemplate\":\"https:\\\/\\\/cmnordeste.pt\\\/municipio\\\/?s={search_term_string}\"},\"query-input\":{\"@type\":\"PropertyValueSpecification\",\"valueRequired\":true,\"valueName\":\"search_term_string\"}}],\"inLanguage\":\"pt-PT\"}]}<\/script>\n<!-- \/ Yoast SEO plugin. -->","yoast_head_json":{"title":"Contacte-nos - Munic\u00edpio","robots":{"index":"index","follow":"follow","max-snippet":"max-snippet:-1","max-image-preview":"max-image-preview:large","max-video-preview":"max-video-preview:-1"},"canonical":"https:\/\/cmnordeste.pt\/municipio\/contactos\/contate-nos\/","og_locale":"pt_PT","og_type":"article","og_title":"Contacte-nos - Munic\u00edpio","og_url":"https:\/\/cmnordeste.pt\/municipio\/contactos\/contate-nos\/","og_site_name":"Munic\u00edpio","article_modified_time":"2019-06-04T13:27:14+00:00","twitter_card":"summary_large_image","schema":{"@context":"https:\/\/schema.org","@graph":[{"@type":"WebPage","@id":"https:\/\/cmnordeste.pt\/municipio\/contactos\/contate-nos\/","url":"https:\/\/cmnordeste.pt\/municipio\/contactos\/contate-nos\/","name":"Contacte-nos - Munic\u00edpio","isPartOf":{"@id":"https:\/\/cmnordeste.pt\/municipio\/#website"},"datePublished":"2014-07-04T17:19:04+00:00","dateModified":"2019-06-04T13:27:14+00:00","breadcrumb":{"@id":"https:\/\/cmnordeste.pt\/municipio\/contactos\/contate-nos\/#breadcrumb"},"inLanguage":"pt-PT","potentialAction":[{"@type":"ReadAction","target":["https:\/\/cmnordeste.pt\/municipio\/contactos\/contate-nos\/"]}]},{"@type":"BreadcrumbList","@id":"https:\/\/cmnordeste.pt\/municipio\/contactos\/contate-nos\/#breadcrumb","itemListElement":[{"@type":"ListItem","position":1,"name":"In\u00edcio","item":"https:\/\/cmnordeste.pt\/municipio\/"},{"@type":"ListItem","position":2,"name":"Contactos","item":"https:\/\/cmnordeste.pt\/municipio\/contactos\/"},{"@type":"ListItem","position":3,"name":"Contacte-nos"}]},{"@type":"WebSite","@id":"https:\/\/cmnordeste.pt\/municipio\/#website","url":"https:\/\/cmnordeste.pt\/municipio\/","name":"Munic\u00edpio","description":"Munic\u00edpio do Nordeste","potentialAction":[{"@type":"SearchAction","target":{"@type":"EntryPoint","urlTemplate":"https:\/\/cmnordeste.pt\/municipio\/?s={search_term_string}"},"query-input":{"@type":"PropertyValueSpecification","valueRequired":true,"valueName":"search_term_string"}}],"inLanguage":"pt-PT"}]}},"_links":{"self":[{"href":"https:\/\/cmnordeste.pt\/municipio\/wp-json\/wp\/v2\/pages\/26","targetHints":{"allow":["GET"]}}],"collection":[{"href":"https:\/\/cmnordeste.pt\/municipio\/wp-json\/wp\/v2\/pages"}],"about":[{"href":"https:\/\/cmnordeste.pt\/municipio\/wp-json\/wp\/v2\/types\/page"}],"author":[{"embeddable":true,"href":"https:\/\/cmnordeste.pt\/municipio\/wp-json\/wp\/v2\/users\/1"}],"replies":[{"embeddable":true,"href":"https:\/\/cmnordeste.pt\/municipio\/wp-json\/wp\/v2\/comments?post=26"}],"version-history":[{"count":1,"href":"https:\/\/cmnordeste.pt\/municipio\/wp-json\/wp\/v2\/pages\/26\/revisions"}],"predecessor-version":[{"id":13334,"href":"https:\/\/cmnordeste.pt\/municipio\/wp-json\/wp\/v2\/pages\/26\/revisions\/13334"}],"up":[{"embeddable":true,"href":"https:\/\/cmnordeste.pt\/municipio\/wp-json\/wp\/v2\/pages\/5"}],"wp:attachment":[{"href":"https:\/\/cmnordeste.pt\/municipio\/wp-json\/wp\/v2\/media?parent=26"}],"curies":[{"name":"wp","href":"https:\/\/api.w.org\/{rel}","templated":true}]}}