{"id":3030,"date":"2025-09-17T15:40:23","date_gmt":"2025-09-17T15:40:23","guid":{"rendered":"https:\/\/cmnordeste.pt\/municipio\/?page_id=3030"},"modified":"2025-09-18T10:30:34","modified_gmt":"2025-09-18T10:30:34","slug":"biblioteca-municipal","status":"publish","type":"page","link":"https:\/\/cmnordeste.pt\/municipio\/servicos\/biblioteca-municipal\/","title":{"rendered":"Biblioteca Municipal"},"content":{"rendered":"<p><img loading=\"lazy\" decoding=\"async\" title=\"Biblioteca Municipal\" src=\"https:\/\/cmnordeste.pt\/municipio\/wp-content\/uploads\/sites\/3\/2025\/09\/p1000081-1920x1080.jpg\" alt=\"Biblioteca Municipal\" width=\"559\" height=\"315\" class=\" wp-image-13920\" \/><\/p>\n<p><strong>Esp\u00f3lio<\/strong><\/p>\n<p>O esp\u00f3lio da Biblioteca Municipal possui cerca de 10 Mil livros, para consulta e requisi\u00e7\u00e3o, entre estes, v\u00e1rios exemplares de autores nordestenses.<\/p>\n<p>O edif\u00edcio \u00e9 composto por uma ampla sala de arquivo bibliogr\u00e1fico; sala de leitura e de trabalho, e sala infantil. Tem acesso em elevador para pessoas com mobilidade reduzida.<\/p>\n<p>&nbsp;<\/p>\n<p><strong>Morada<br \/>\n<\/strong><\/p>\n<p><strong>\u00a0<\/strong>Rua Ant\u00f3nio Alves de oliveira, S\/N<\/p>\n<p>\u00a09630 &#8211; 147, Vila de Nordeste<\/p>\n<p>\n<strong><br \/>\nAberta<\/strong> de segunda a sexta-feira das 8h30 \u00e0s 12h30 e das 13h30 \u00e0s 16h30<br \/>\n<span style=\"line-height: 1.5\">Tel.: 296 486 208<\/span><\/p>\n<p><span style=\"line-height: 1.5\">E-mail: biblioteca@cmnordeste.pt<\/span><\/p>\n<h4><\/h4>\n","protected":false},"excerpt":{"rendered":"<p>Esp\u00f3lio O esp\u00f3lio da Biblioteca Municipal possui cerca de 10 Mil livros, para consulta e requisi\u00e7\u00e3o, entre estes, v\u00e1rios exemplares de autores nordestenses. O edif\u00edcio \u00e9 composto por uma ampla sala de arquivo bibliogr\u00e1fico; sala de leitura e de trabalho, e sala infantil. Tem acesso em elevador para pessoas com mobilidade reduzida. &nbsp; Morada \u00a0Rua [&hellip;]<\/p>\n","protected":false},"author":1,"featured_media":0,"parent":11,"menu_order":0,"comment_status":"closed","ping_status":"closed","template":"","meta":{"_acf_changed":false,"footnotes":""},"class_list":["post-3030","page","type-page","status-publish","hentry"],"acf":[],"yoast_head":"<!-- This site is optimized with the Yoast SEO plugin v27.2 - https:\/\/yoast.com\/product\/yoast-seo-wordpress\/ -->\n<title>Biblioteca Municipal - Munic\u00edpio<\/title>\n<meta name=\"robots\" content=\"index, follow, max-snippet:-1, max-image-preview:large, max-video-preview:-1\" \/>\n<link rel=\"canonical\" href=\"https:\/\/cmnordeste.pt\/municipio\/servicos\/biblioteca-municipal\/\" \/>\n<meta property=\"og:locale\" content=\"pt_PT\" \/>\n<meta property=\"og:type\" content=\"article\" \/>\n<meta property=\"og:title\" content=\"Biblioteca Municipal - Munic\u00edpio\" \/>\n<meta property=\"og:description\" content=\"Esp\u00f3lio O esp\u00f3lio da Biblioteca Municipal possui cerca de 10 Mil livros, para consulta e requisi\u00e7\u00e3o, entre estes, v\u00e1rios exemplares de autores nordestenses. O edif\u00edcio \u00e9 composto por uma ampla sala de arquivo bibliogr\u00e1fico; sala de leitura e de trabalho, e sala infantil. Tem acesso em elevador para pessoas com mobilidade reduzida. &nbsp; Morada \u00a0Rua [&hellip;]\" \/>\n<meta property=\"og:url\" content=\"https:\/\/cmnordeste.pt\/municipio\/servicos\/biblioteca-municipal\/\" \/>\n<meta property=\"og:site_name\" content=\"Munic\u00edpio\" \/>\n<meta property=\"article:modified_time\" content=\"2025-09-18T10:30:34+00:00\" \/>\n<meta property=\"og:image\" content=\"https:\/\/cmnordeste.pt\/municipio\/wp-content\/uploads\/sites\/3\/2014\/12\/nova-janela-da-p\u00e1gina4.jpg\" \/>\n<meta name=\"twitter:card\" content=\"summary_large_image\" \/>\n<script type=\"application\/ld+json\" class=\"yoast-schema-graph\">{\"@context\":\"https:\/\/schema.org\",\"@graph\":[{\"@type\":\"WebPage\",\"@id\":\"https:\/\/cmnordeste.pt\/municipio\/servicos\/biblioteca-municipal\/\",\"url\":\"https:\/\/cmnordeste.pt\/municipio\/servicos\/biblioteca-municipal\/\",\"name\":\"Biblioteca Municipal - Munic\u00edpio\",\"isPartOf\":{\"@id\":\"https:\/\/cmnordeste.pt\/municipio\/#website\"},\"primaryImageOfPage\":{\"@id\":\"https:\/\/cmnordeste.pt\/municipio\/servicos\/biblioteca-municipal\/#primaryimage\"},\"image\":{\"@id\":\"https:\/\/cmnordeste.pt\/municipio\/servicos\/biblioteca-municipal\/#primaryimage\"},\"thumbnailUrl\":\"https:\/\/cmnordeste.pt\/municipio\/wp-content\/uploads\/sites\/3\/2025\/09\/p1000081-1920x1080.jpg\",\"datePublished\":\"2025-09-17T15:40:23+00:00\",\"dateModified\":\"2025-09-18T10:30:34+00:00\",\"breadcrumb\":{\"@id\":\"https:\/\/cmnordeste.pt\/municipio\/servicos\/biblioteca-municipal\/#breadcrumb\"},\"inLanguage\":\"pt-PT\",\"potentialAction\":[{\"@type\":\"ReadAction\",\"target\":[\"https:\/\/cmnordeste.pt\/municipio\/servicos\/biblioteca-municipal\/\"]}]},{\"@type\":\"ImageObject\",\"inLanguage\":\"pt-PT\",\"@id\":\"https:\/\/cmnordeste.pt\/municipio\/servicos\/biblioteca-municipal\/#primaryimage\",\"url\":\"https:\/\/cmnordeste.pt\/municipio\/wp-content\/uploads\/sites\/3\/2025\/09\/p1000081-1920x1080.jpg\",\"contentUrl\":\"https:\/\/cmnordeste.pt\/municipio\/wp-content\/uploads\/sites\/3\/2025\/09\/p1000081-1920x1080.jpg\",\"width\":1920,\"height\":1126,\"caption\":\"Biblioteca Municipal\"},{\"@type\":\"BreadcrumbList\",\"@id\":\"https:\/\/cmnordeste.pt\/municipio\/servicos\/biblioteca-municipal\/#breadcrumb\",\"itemListElement\":[{\"@type\":\"ListItem\",\"position\":1,\"name\":\"In\u00edcio\",\"item\":\"https:\/\/cmnordeste.pt\/municipio\/\"},{\"@type\":\"ListItem\",\"position\":2,\"name\":\"Servi\u00e7os\",\"item\":\"https:\/\/cmnordeste.pt\/municipio\/servicos\/\"},{\"@type\":\"ListItem\",\"position\":3,\"name\":\"Biblioteca Municipal\"}]},{\"@type\":\"WebSite\",\"@id\":\"https:\/\/cmnordeste.pt\/municipio\/#website\",\"url\":\"https:\/\/cmnordeste.pt\/municipio\/\",\"name\":\"Munic\u00edpio\",\"description\":\"Munic\u00edpio do Nordeste\",\"potentialAction\":[{\"@type\":\"SearchAction\",\"target\":{\"@type\":\"EntryPoint\",\"urlTemplate\":\"https:\/\/cmnordeste.pt\/municipio\/?s={search_term_string}\"},\"query-input\":{\"@type\":\"PropertyValueSpecification\",\"valueRequired\":true,\"valueName\":\"search_term_string\"}}],\"inLanguage\":\"pt-PT\"}]}<\/script>\n<!-- \/ Yoast SEO plugin. -->","yoast_head_json":{"title":"Biblioteca Municipal - Munic\u00edpio","robots":{"index":"index","follow":"follow","max-snippet":"max-snippet:-1","max-image-preview":"max-image-preview:large","max-video-preview":"max-video-preview:-1"},"canonical":"https:\/\/cmnordeste.pt\/municipio\/servicos\/biblioteca-municipal\/","og_locale":"pt_PT","og_type":"article","og_title":"Biblioteca Municipal - Munic\u00edpio","og_description":"Esp\u00f3lio O esp\u00f3lio da Biblioteca Municipal possui cerca de 10 Mil livros, para consulta e requisi\u00e7\u00e3o, entre estes, v\u00e1rios exemplares de autores nordestenses. O edif\u00edcio \u00e9 composto por uma ampla sala de arquivo bibliogr\u00e1fico; sala de leitura e de trabalho, e sala infantil. Tem acesso em elevador para pessoas com mobilidade reduzida. &nbsp; Morada \u00a0Rua [&hellip;]","og_url":"https:\/\/cmnordeste.pt\/municipio\/servicos\/biblioteca-municipal\/","og_site_name":"Munic\u00edpio","article_modified_time":"2025-09-18T10:30:34+00:00","og_image":[{"url":"https:\/\/cmnordeste.pt\/municipio\/wp-content\/uploads\/sites\/3\/2014\/12\/nova-janela-da-p\u00e1gina4.jpg","type":"","width":"","height":""}],"twitter_card":"summary_large_image","schema":{"@context":"https:\/\/schema.org","@graph":[{"@type":"WebPage","@id":"https:\/\/cmnordeste.pt\/municipio\/servicos\/biblioteca-municipal\/","url":"https:\/\/cmnordeste.pt\/municipio\/servicos\/biblioteca-municipal\/","name":"Biblioteca Municipal - Munic\u00edpio","isPartOf":{"@id":"https:\/\/cmnordeste.pt\/municipio\/#website"},"primaryImageOfPage":{"@id":"https:\/\/cmnordeste.pt\/municipio\/servicos\/biblioteca-municipal\/#primaryimage"},"image":{"@id":"https:\/\/cmnordeste.pt\/municipio\/servicos\/biblioteca-municipal\/#primaryimage"},"thumbnailUrl":"https:\/\/cmnordeste.pt\/municipio\/wp-content\/uploads\/sites\/3\/2025\/09\/p1000081-1920x1080.jpg","datePublished":"2025-09-17T15:40:23+00:00","dateModified":"2025-09-18T10:30:34+00:00","breadcrumb":{"@id":"https:\/\/cmnordeste.pt\/municipio\/servicos\/biblioteca-municipal\/#breadcrumb"},"inLanguage":"pt-PT","potentialAction":[{"@type":"ReadAction","target":["https:\/\/cmnordeste.pt\/municipio\/servicos\/biblioteca-municipal\/"]}]},{"@type":"ImageObject","inLanguage":"pt-PT","@id":"https:\/\/cmnordeste.pt\/municipio\/servicos\/biblioteca-municipal\/#primaryimage","url":"https:\/\/cmnordeste.pt\/municipio\/wp-content\/uploads\/sites\/3\/2025\/09\/p1000081-1920x1080.jpg","contentUrl":"https:\/\/cmnordeste.pt\/municipio\/wp-content\/uploads\/sites\/3\/2025\/09\/p1000081-1920x1080.jpg","width":1920,"height":1126,"caption":"Biblioteca Municipal"},{"@type":"BreadcrumbList","@id":"https:\/\/cmnordeste.pt\/municipio\/servicos\/biblioteca-municipal\/#breadcrumb","itemListElement":[{"@type":"ListItem","position":1,"name":"In\u00edcio","item":"https:\/\/cmnordeste.pt\/municipio\/"},{"@type":"ListItem","position":2,"name":"Servi\u00e7os","item":"https:\/\/cmnordeste.pt\/municipio\/servicos\/"},{"@type":"ListItem","position":3,"name":"Biblioteca Municipal"}]},{"@type":"WebSite","@id":"https:\/\/cmnordeste.pt\/municipio\/#website","url":"https:\/\/cmnordeste.pt\/municipio\/","name":"Munic\u00edpio","description":"Munic\u00edpio do Nordeste","potentialAction":[{"@type":"SearchAction","target":{"@type":"EntryPoint","urlTemplate":"https:\/\/cmnordeste.pt\/municipio\/?s={search_term_string}"},"query-input":{"@type":"PropertyValueSpecification","valueRequired":true,"valueName":"search_term_string"}}],"inLanguage":"pt-PT"}]}},"_links":{"self":[{"href":"https:\/\/cmnordeste.pt\/municipio\/wp-json\/wp\/v2\/pages\/3030","targetHints":{"allow":["GET"]}}],"collection":[{"href":"https:\/\/cmnordeste.pt\/municipio\/wp-json\/wp\/v2\/pages"}],"about":[{"href":"https:\/\/cmnordeste.pt\/municipio\/wp-json\/wp\/v2\/types\/page"}],"author":[{"embeddable":true,"href":"https:\/\/cmnordeste.pt\/municipio\/wp-json\/wp\/v2\/users\/1"}],"replies":[{"embeddable":true,"href":"https:\/\/cmnordeste.pt\/municipio\/wp-json\/wp\/v2\/comments?post=3030"}],"version-history":[{"count":9,"href":"https:\/\/cmnordeste.pt\/municipio\/wp-json\/wp\/v2\/pages\/3030\/revisions"}],"predecessor-version":[{"id":13935,"href":"https:\/\/cmnordeste.pt\/municipio\/wp-json\/wp\/v2\/pages\/3030\/revisions\/13935"}],"up":[{"embeddable":true,"href":"https:\/\/cmnordeste.pt\/municipio\/wp-json\/wp\/v2\/pages\/11"}],"wp:attachment":[{"href":"https:\/\/cmnordeste.pt\/municipio\/wp-json\/wp\/v2\/media?parent=3030"}],"curies":[{"name":"wp","href":"https:\/\/api.w.org\/{rel}","templated":true}]}}