{"id":44,"date":"2025-09-17T16:20:12","date_gmt":"2025-09-17T16:20:12","guid":{"rendered":"https:\/\/cmnordeste.pt\/municipio\/?page_id=44"},"modified":"2025-09-17T16:24:13","modified_gmt":"2025-09-17T16:24:13","slug":"ecopontos","status":"publish","type":"page","link":"https:\/\/cmnordeste.pt\/municipio\/servicos\/ecopontos\/","title":{"rendered":"Ecopontos"},"content":{"rendered":"<h2>Dias de Recolha por Freguesias<\/h2>\n<p><img loading=\"lazy\" decoding=\"async\" class=\"aligncenter wp-image-635 size-full\" src=\"\/municipio\/wp-content\/uploads\/sites\/3\/2014\/07\/ecopontos.jpg\" alt=\"ecopontos\" width=\"704\" height=\"316\" srcset=\"https:\/\/cmnordeste.pt\/municipio\/wp-content\/uploads\/sites\/3\/2014\/07\/ecopontos.jpg 704w, https:\/\/cmnordeste.pt\/municipio\/wp-content\/uploads\/sites\/3\/2014\/07\/ecopontos-300x134.jpg 300w\" sizes=\"auto, (max-width: 704px) 100vw, 704px\" \/><\/p>\n<p>&nbsp;<\/p>\n<h2>Pl\u00e1stico de Lavradores<\/h2>\n<p>\u00c0 4\u00aa feira junto aos postos de leite das respetivas freguesias<\/p>\n<p>&nbsp;<\/p>\n<h2>Recolha de Monstros<\/h2>\n<p>Recolha de Monstros \/ electrodom\u00e9sticos \/ ferro velho e outros:<\/p>\n<p>\u00c0\u00a0<strong>6\u00aa feira de manh\u00e3<\/strong>\u00a0junto \u00e0s moradias (ou deixe-os gratuitamente no Aterro Sanit\u00e1rio)<\/p>\n<p>Para monstros de grandes dimens\u00f5es deve informar de v\u00e9spera a Nordeste Ativo (tel. 296 488 364)<\/p>\n<h2>Recolha de Verdes\u00a0<\/h2>\n<p>Deixe-os gratuitamente no Aterro Sanit\u00e1rio<\/p>\n<p>&nbsp;<\/p>\n<h2>Dep\u00f3sito de \u00d3leo Dom\u00e9stico &#8211; Ole\u00f5es<\/h2>\n<p>Freguesia da <strong>Salga<\/strong><br \/>\nRua Manuel In\u00e1cio de Melo, estacionamento.<\/p>\n<p>Freguesia da <strong>Achadinha<\/strong><br \/>\nRua Direita, estacionamento junto \u00e0 Igreja (paragem de autocarros).<\/p>\n<p>Freguesia da <strong>Achada<\/strong><br \/>\nRua do Vig\u00e1rio, estacionamento junto \u00e0 Junta de Freguesia.<\/p>\n<p>Freguesia de Santana (<strong>Feteira Pequena<\/strong>)<br \/>\nEstacionamento junto \u00e0 Igreja.<\/p>\n<p>Freguesia de Santana (<strong>Feteira Grande<\/strong>)<br \/>\nEstacionamento junto \u00e0 paragem de autocarros (Rua do Rocha).<\/p>\n<p>Freguesia da <strong>Algarvia<\/strong><br \/>\nRua do Atalho, estacionamento junto ao Polidesportivo.<\/p>\n<p>Freguesia de <strong>Santo Ant\u00f3nio<\/strong> Nordestinho<br \/>\nEstrada Regional, estacionamento junto ao Snack Bar Pico da Vara.<\/p>\n<p>Freguesia de <strong>S\u00e3o Pedro<\/strong> Nordestinho<br \/>\nRua de S\u00e3o Pedro, estacionamento junto \u00e0 Igreja.<\/p>\n<p>Freguesia da Lomba da <strong>Fazenda<\/strong><br \/>\nRua da Concei\u00e7\u00e3o, estacionamento junto \u00e0 Igreja.<\/p>\n<p>Freguesia de Nordeste (<strong>Vila<\/strong> do Nordeste)<br \/>\nEstacionamento do Jogo da Choca.<\/p>\n<p>Freguesia de Nordeste (<strong>Pedreira<\/strong>)<br \/>\nRua da Igreja, estacionamento junto \u00e0 Igreja.<\/p>\n<p>&nbsp;<\/p>\n<h3>Capsul\u00e3o &#8211; Dep\u00f3sito de Capsulas de Caf\u00e9\u00a0<\/h3>\n<table width=\"552\">\n<tbody>\n<tr>\n<td width=\"199\">\n<p><strong>Freguesia<\/strong><\/p>\n<\/td>\n<td width=\"353\">\n<p><strong>Morada<\/strong><\/p>\n<\/td>\n<\/tr>\n<tr>\n<td width=\"199\">\n<p>Nordeste<\/p>\n<\/td>\n<td width=\"353\">\n<p><a href=\"https:\/\/maps.app.goo.gl\/uXAbcUXC2hobZcLw6\">Largo do Jogo da Choca &#8211; Junto ao Ole\u00e3o<\/a><\/p>\n<\/td>\n<\/tr>\n<tr>\n<td width=\"199\">\n<p>Lomba da Fazenda<\/p>\n<\/td>\n<td width=\"353\">\n<p><a href=\"https:\/\/maps.app.goo.gl\/RRBkNpuNeN58NDKs5\">Rua da Concei\u00e7\u00e3o &#8211; Junto ao Ole\u00e3o<\/a><\/p>\n<\/td>\n<\/tr>\n<tr>\n<td width=\"199\">\n<p>Achada<\/p>\n<\/td>\n<td width=\"353\">\n<p><a href=\"https:\/\/maps.app.goo.gl\/DGAtNut9qFybTd4h8\">Junta de Freguesia da Achada &#8211; Junto ao Ole\u00e3o<\/a><\/p>\n<\/td>\n<\/tr>\n<\/tbody>\n<\/table>\n<h2><\/h2>\n<h2>Contatos<\/h2>\n<p><strong>Nordeste Activo, E.E.M.<\/strong><\/p>\n<p>Telf.: 296 488 189<\/p>\n<p>E-mail:\u00a0<a class=\"email\" style=\"color: #224466\" href=\"mailto:nordesteactivo@mail.telepac.pt\">nordesteactivo@mail.telepac.pt<\/a><\/p>\n<p>Web:\u00a0<a class=\"normal\" style=\"color: #224466\" href=\"http:\/\/www.nordesteativo.pt\/\" target=\"_blank\" rel=\"noopener noreferrer\">http:\/\/www.nordesteativo.pt<\/a><\/p>\n<p>Web:\u00a0<a class=\"normal\" style=\"color: #224466\" href=\"http:\/\/www.pontoverde.pt\/\" target=\"_blank\" rel=\"noopener noreferrer\">http:\/\/www.pontoverde.pt<\/a><\/p>\n<h2><\/h2>\n<p>&nbsp;<\/p>\n<h2>Ecopontos<\/h2>\n<p><img loading=\"lazy\" decoding=\"async\" class=\"aligncenter wp-image-637 size-full\" src=\"https:\/\/cmnordeste.pt\/municipio\/wp-content\/uploads\/sites\/3\/2014\/07\/ecopontos1.jpg\" alt=\"ecopontos1\" width=\"700\" height=\"543\" srcset=\"https:\/\/cmnordeste.pt\/municipio\/wp-content\/uploads\/sites\/3\/2014\/07\/ecopontos1.jpg 700w, https:\/\/cmnordeste.pt\/municipio\/wp-content\/uploads\/sites\/3\/2014\/07\/ecopontos1-300x232.jpg 300w\" sizes=\"auto, (max-width: 700px) 100vw, 700px\" \/><\/p>\n<h3 class=\"normal_justificado\" style=\"color: #555555;text-align: center\"><span style=\"text-decoration: underline\"><strong>N\u00c3O COLOQUE ESTES LIXOS EM RIBEIRAS, TALUDES OU LIXEIRAS CLANDESTINAS!<\/strong><\/span><\/h3>\n","protected":false},"excerpt":{"rendered":"<p>Dias de Recolha por Freguesias &nbsp; Pl\u00e1stico de Lavradores \u00c0 4\u00aa feira junto aos postos de leite das respetivas freguesias &nbsp; Recolha de Monstros Recolha de Monstros \/ electrodom\u00e9sticos \/ ferro velho e outros: \u00c0\u00a06\u00aa feira de manh\u00e3\u00a0junto \u00e0s moradias (ou deixe-os gratuitamente no Aterro Sanit\u00e1rio) Para monstros de grandes dimens\u00f5es deve informar de v\u00e9spera [&hellip;]<\/p>\n","protected":false},"author":1,"featured_media":10434,"parent":11,"menu_order":0,"comment_status":"closed","ping_status":"closed","template":"","meta":{"_acf_changed":false,"footnotes":""},"class_list":["post-44","page","type-page","status-publish","has-post-thumbnail","hentry"],"acf":[],"yoast_head":"<!-- This site is optimized with the Yoast SEO plugin v27.4 - https:\/\/yoast.com\/product\/yoast-seo-wordpress\/ -->\n<title>Ecopontos - Munic\u00edpio<\/title>\n<meta name=\"robots\" content=\"index, follow, max-snippet:-1, max-image-preview:large, max-video-preview:-1\" \/>\n<link rel=\"canonical\" href=\"https:\/\/cmnordeste.pt\/municipio\/servicos\/ecopontos\/\" \/>\n<meta property=\"og:locale\" content=\"pt_PT\" \/>\n<meta property=\"og:type\" content=\"article\" \/>\n<meta property=\"og:title\" content=\"Ecopontos - Munic\u00edpio\" \/>\n<meta property=\"og:description\" content=\"Dias de Recolha por Freguesias &nbsp; Pl\u00e1stico de Lavradores \u00c0 4\u00aa feira junto aos postos de leite das respetivas freguesias &nbsp; Recolha de Monstros Recolha de Monstros \/ electrodom\u00e9sticos \/ ferro velho e outros: \u00c0\u00a06\u00aa feira de manh\u00e3\u00a0junto \u00e0s moradias (ou deixe-os gratuitamente no Aterro Sanit\u00e1rio) Para monstros de grandes dimens\u00f5es deve informar de v\u00e9spera [&hellip;]\" \/>\n<meta property=\"og:url\" content=\"https:\/\/cmnordeste.pt\/municipio\/servicos\/ecopontos\/\" \/>\n<meta property=\"og:site_name\" content=\"Munic\u00edpio\" \/>\n<meta property=\"article:modified_time\" content=\"2025-09-17T16:24:13+00:00\" \/>\n<meta property=\"og:image\" content=\"https:\/\/cmnordeste.pt\/municipio\/wp-content\/uploads\/sites\/3\/2014\/07\/DSC00046.jpg\" \/>\n\t<meta property=\"og:image:width\" content=\"1024\" \/>\n\t<meta property=\"og:image:height\" content=\"683\" \/>\n\t<meta property=\"og:image:type\" content=\"image\/jpeg\" \/>\n<meta name=\"twitter:card\" content=\"summary_large_image\" \/>\n<meta name=\"twitter:label1\" content=\"Tempo estimado de leitura\" \/>\n\t<meta name=\"twitter:data1\" content=\"1 minuto\" \/>\n<script type=\"application\/ld+json\" class=\"yoast-schema-graph\">{\"@context\":\"https:\\\/\\\/schema.org\",\"@graph\":[{\"@type\":\"WebPage\",\"@id\":\"https:\\\/\\\/cmnordeste.pt\\\/municipio\\\/servicos\\\/ecopontos\\\/\",\"url\":\"https:\\\/\\\/cmnordeste.pt\\\/municipio\\\/servicos\\\/ecopontos\\\/\",\"name\":\"Ecopontos - Munic\u00edpio\",\"isPartOf\":{\"@id\":\"https:\\\/\\\/cmnordeste.pt\\\/municipio\\\/#website\"},\"primaryImageOfPage\":{\"@id\":\"https:\\\/\\\/cmnordeste.pt\\\/municipio\\\/servicos\\\/ecopontos\\\/#primaryimage\"},\"image\":{\"@id\":\"https:\\\/\\\/cmnordeste.pt\\\/municipio\\\/servicos\\\/ecopontos\\\/#primaryimage\"},\"thumbnailUrl\":\"https:\\\/\\\/cmnordeste.pt\\\/municipio\\\/wp-content\\\/uploads\\\/sites\\\/3\\\/2014\\\/07\\\/DSC00046.jpg\",\"datePublished\":\"2025-09-17T16:20:12+00:00\",\"dateModified\":\"2025-09-17T16:24:13+00:00\",\"breadcrumb\":{\"@id\":\"https:\\\/\\\/cmnordeste.pt\\\/municipio\\\/servicos\\\/ecopontos\\\/#breadcrumb\"},\"inLanguage\":\"pt-PT\",\"potentialAction\":[{\"@type\":\"ReadAction\",\"target\":[\"https:\\\/\\\/cmnordeste.pt\\\/municipio\\\/servicos\\\/ecopontos\\\/\"]}]},{\"@type\":\"ImageObject\",\"inLanguage\":\"pt-PT\",\"@id\":\"https:\\\/\\\/cmnordeste.pt\\\/municipio\\\/servicos\\\/ecopontos\\\/#primaryimage\",\"url\":\"https:\\\/\\\/cmnordeste.pt\\\/municipio\\\/wp-content\\\/uploads\\\/sites\\\/3\\\/2014\\\/07\\\/DSC00046.jpg\",\"contentUrl\":\"https:\\\/\\\/cmnordeste.pt\\\/municipio\\\/wp-content\\\/uploads\\\/sites\\\/3\\\/2014\\\/07\\\/DSC00046.jpg\",\"width\":1024,\"height\":683},{\"@type\":\"BreadcrumbList\",\"@id\":\"https:\\\/\\\/cmnordeste.pt\\\/municipio\\\/servicos\\\/ecopontos\\\/#breadcrumb\",\"itemListElement\":[{\"@type\":\"ListItem\",\"position\":1,\"name\":\"In\u00edcio\",\"item\":\"https:\\\/\\\/cmnordeste.pt\\\/municipio\\\/\"},{\"@type\":\"ListItem\",\"position\":2,\"name\":\"Servi\u00e7os\",\"item\":\"https:\\\/\\\/cmnordeste.pt\\\/municipio\\\/servicos\\\/\"},{\"@type\":\"ListItem\",\"position\":3,\"name\":\"Ecopontos\"}]},{\"@type\":\"WebSite\",\"@id\":\"https:\\\/\\\/cmnordeste.pt\\\/municipio\\\/#website\",\"url\":\"https:\\\/\\\/cmnordeste.pt\\\/municipio\\\/\",\"name\":\"Munic\u00edpio\",\"description\":\"Munic\u00edpio do Nordeste\",\"potentialAction\":[{\"@type\":\"SearchAction\",\"target\":{\"@type\":\"EntryPoint\",\"urlTemplate\":\"https:\\\/\\\/cmnordeste.pt\\\/municipio\\\/?s={search_term_string}\"},\"query-input\":{\"@type\":\"PropertyValueSpecification\",\"valueRequired\":true,\"valueName\":\"search_term_string\"}}],\"inLanguage\":\"pt-PT\"}]}<\/script>\n<!-- \/ Yoast SEO plugin. -->","yoast_head_json":{"title":"Ecopontos - Munic\u00edpio","robots":{"index":"index","follow":"follow","max-snippet":"max-snippet:-1","max-image-preview":"max-image-preview:large","max-video-preview":"max-video-preview:-1"},"canonical":"https:\/\/cmnordeste.pt\/municipio\/servicos\/ecopontos\/","og_locale":"pt_PT","og_type":"article","og_title":"Ecopontos - Munic\u00edpio","og_description":"Dias de Recolha por Freguesias &nbsp; Pl\u00e1stico de Lavradores \u00c0 4\u00aa feira junto aos postos de leite das respetivas freguesias &nbsp; Recolha de Monstros Recolha de Monstros \/ electrodom\u00e9sticos \/ ferro velho e outros: \u00c0\u00a06\u00aa feira de manh\u00e3\u00a0junto \u00e0s moradias (ou deixe-os gratuitamente no Aterro Sanit\u00e1rio) Para monstros de grandes dimens\u00f5es deve informar de v\u00e9spera [&hellip;]","og_url":"https:\/\/cmnordeste.pt\/municipio\/servicos\/ecopontos\/","og_site_name":"Munic\u00edpio","article_modified_time":"2025-09-17T16:24:13+00:00","og_image":[{"width":1024,"height":683,"url":"https:\/\/cmnordeste.pt\/municipio\/wp-content\/uploads\/sites\/3\/2014\/07\/DSC00046.jpg","type":"image\/jpeg"}],"twitter_card":"summary_large_image","twitter_misc":{"Tempo estimado de leitura":"1 minuto"},"schema":{"@context":"https:\/\/schema.org","@graph":[{"@type":"WebPage","@id":"https:\/\/cmnordeste.pt\/municipio\/servicos\/ecopontos\/","url":"https:\/\/cmnordeste.pt\/municipio\/servicos\/ecopontos\/","name":"Ecopontos - Munic\u00edpio","isPartOf":{"@id":"https:\/\/cmnordeste.pt\/municipio\/#website"},"primaryImageOfPage":{"@id":"https:\/\/cmnordeste.pt\/municipio\/servicos\/ecopontos\/#primaryimage"},"image":{"@id":"https:\/\/cmnordeste.pt\/municipio\/servicos\/ecopontos\/#primaryimage"},"thumbnailUrl":"https:\/\/cmnordeste.pt\/municipio\/wp-content\/uploads\/sites\/3\/2014\/07\/DSC00046.jpg","datePublished":"2025-09-17T16:20:12+00:00","dateModified":"2025-09-17T16:24:13+00:00","breadcrumb":{"@id":"https:\/\/cmnordeste.pt\/municipio\/servicos\/ecopontos\/#breadcrumb"},"inLanguage":"pt-PT","potentialAction":[{"@type":"ReadAction","target":["https:\/\/cmnordeste.pt\/municipio\/servicos\/ecopontos\/"]}]},{"@type":"ImageObject","inLanguage":"pt-PT","@id":"https:\/\/cmnordeste.pt\/municipio\/servicos\/ecopontos\/#primaryimage","url":"https:\/\/cmnordeste.pt\/municipio\/wp-content\/uploads\/sites\/3\/2014\/07\/DSC00046.jpg","contentUrl":"https:\/\/cmnordeste.pt\/municipio\/wp-content\/uploads\/sites\/3\/2014\/07\/DSC00046.jpg","width":1024,"height":683},{"@type":"BreadcrumbList","@id":"https:\/\/cmnordeste.pt\/municipio\/servicos\/ecopontos\/#breadcrumb","itemListElement":[{"@type":"ListItem","position":1,"name":"In\u00edcio","item":"https:\/\/cmnordeste.pt\/municipio\/"},{"@type":"ListItem","position":2,"name":"Servi\u00e7os","item":"https:\/\/cmnordeste.pt\/municipio\/servicos\/"},{"@type":"ListItem","position":3,"name":"Ecopontos"}]},{"@type":"WebSite","@id":"https:\/\/cmnordeste.pt\/municipio\/#website","url":"https:\/\/cmnordeste.pt\/municipio\/","name":"Munic\u00edpio","description":"Munic\u00edpio do Nordeste","potentialAction":[{"@type":"SearchAction","target":{"@type":"EntryPoint","urlTemplate":"https:\/\/cmnordeste.pt\/municipio\/?s={search_term_string}"},"query-input":{"@type":"PropertyValueSpecification","valueRequired":true,"valueName":"search_term_string"}}],"inLanguage":"pt-PT"}]}},"_links":{"self":[{"href":"https:\/\/cmnordeste.pt\/municipio\/wp-json\/wp\/v2\/pages\/44","targetHints":{"allow":["GET"]}}],"collection":[{"href":"https:\/\/cmnordeste.pt\/municipio\/wp-json\/wp\/v2\/pages"}],"about":[{"href":"https:\/\/cmnordeste.pt\/municipio\/wp-json\/wp\/v2\/types\/page"}],"author":[{"embeddable":true,"href":"https:\/\/cmnordeste.pt\/municipio\/wp-json\/wp\/v2\/users\/1"}],"replies":[{"embeddable":true,"href":"https:\/\/cmnordeste.pt\/municipio\/wp-json\/wp\/v2\/comments?post=44"}],"version-history":[{"count":6,"href":"https:\/\/cmnordeste.pt\/municipio\/wp-json\/wp\/v2\/pages\/44\/revisions"}],"predecessor-version":[{"id":13929,"href":"https:\/\/cmnordeste.pt\/municipio\/wp-json\/wp\/v2\/pages\/44\/revisions\/13929"}],"up":[{"embeddable":true,"href":"https:\/\/cmnordeste.pt\/municipio\/wp-json\/wp\/v2\/pages\/11"}],"wp:featuredmedia":[{"embeddable":true,"href":"https:\/\/cmnordeste.pt\/municipio\/wp-json\/wp\/v2\/media\/10434"}],"wp:attachment":[{"href":"https:\/\/cmnordeste.pt\/municipio\/wp-json\/wp\/v2\/media?parent=44"}],"curies":[{"name":"wp","href":"https:\/\/api.w.org\/{rel}","templated":true}]}}