{"id":83,"date":"2025-09-17T17:09:13","date_gmt":"2025-09-17T17:09:13","guid":{"rendered":"https:\/\/cmnordeste.pt\/municipio\/?page_id=83"},"modified":"2025-09-17T16:12:50","modified_gmt":"2025-09-17T16:12:50","slug":"espacos-internet","status":"publish","type":"page","link":"https:\/\/cmnordeste.pt\/municipio\/servicos\/espacos-internet\/","title":{"rendered":"Espa\u00e7os Internet"},"content":{"rendered":"<p>&nbsp;<\/p>\n\n<p>&nbsp;<\/p>\n<p><strong>Centro de Inform\u00e1tica Casa Jo\u00e3o de Melo<\/strong><\/p>\n<p>Achadinha &#8211; Rua Direita<\/p>\n<p>Seg\u00aa a Sexta 8h30-12h30 e 13h30-16h30<\/p>\n<p>Tel.:296 452 026<\/p>\n<p>E-mail: casajoaodemelo@cmnordeste.pt<\/p>\n<p>Acesso gratuito<\/p>\n<p>&nbsp;<\/p>\n<p><strong>Centro de inform\u00e1tica da Algarvia (de momento encerrado)<\/strong><\/p>\n<p>Rua D. David Dias Pimentel<\/p>\n<p>Seg\u00aa a Sexta 9h00-12h30\/13h30-17h00<\/p>\n<p>Tel.:296 452 206<\/p>\n<p>E-mail: internetalgarvia@hotmail.pt<\/p>\n<p>Acesso gratuito<\/p>\n<p>&nbsp;<\/p>\n<p>&nbsp;<\/p>\n","protected":false},"excerpt":{"rendered":"<p>&nbsp; &nbsp; Centro de Inform\u00e1tica Casa Jo\u00e3o de Melo Achadinha &#8211; Rua Direita Seg\u00aa a Sexta 8h30-12h30 e 13h30-16h30 Tel.:296 452 026 E-mail: casajoaodemelo@cmnordeste.pt Acesso gratuito &nbsp; Centro de inform\u00e1tica da Algarvia (de momento encerrado) Rua D. David Dias Pimentel Seg\u00aa a Sexta 9h00-12h30\/13h30-17h00 Tel.:296 452 206 E-mail: internetalgarvia@hotmail.pt Acesso gratuito &nbsp; &nbsp;<\/p>\n","protected":false},"author":1,"featured_media":0,"parent":11,"menu_order":0,"comment_status":"closed","ping_status":"closed","template":"","meta":{"_acf_changed":false,"footnotes":""},"class_list":["post-83","page","type-page","status-publish","hentry"],"acf":[],"yoast_head":"<!-- This site is optimized with the Yoast SEO plugin v27.4 - https:\/\/yoast.com\/product\/yoast-seo-wordpress\/ -->\n<title>Espa\u00e7os Internet - Munic\u00edpio<\/title>\n<meta name=\"robots\" content=\"index, follow, max-snippet:-1, max-image-preview:large, max-video-preview:-1\" \/>\n<link rel=\"canonical\" href=\"https:\/\/cmnordeste.pt\/municipio\/servicos\/espacos-internet\/\" \/>\n<meta property=\"og:locale\" content=\"pt_PT\" \/>\n<meta property=\"og:type\" content=\"article\" \/>\n<meta property=\"og:title\" content=\"Espa\u00e7os Internet - Munic\u00edpio\" \/>\n<meta property=\"og:description\" content=\"&nbsp; &nbsp; Centro de Inform\u00e1tica Casa Jo\u00e3o de Melo Achadinha &#8211; Rua Direita Seg\u00aa a Sexta 8h30-12h30 e 13h30-16h30 Tel.:296 452 026 E-mail: casajoaodemelo@cmnordeste.pt Acesso gratuito &nbsp; Centro de inform\u00e1tica da Algarvia (de momento encerrado) Rua D. David Dias Pimentel Seg\u00aa a Sexta 9h00-12h30\/13h30-17h00 Tel.:296 452 206 E-mail: internetalgarvia@hotmail.pt Acesso gratuito &nbsp; &nbsp;\" \/>\n<meta property=\"og:url\" content=\"https:\/\/cmnordeste.pt\/municipio\/servicos\/espacos-internet\/\" \/>\n<meta property=\"og:site_name\" content=\"Munic\u00edpio\" \/>\n<meta property=\"og:image\" content=\"https:\/\/cmnordeste.pt\/municipio\/wp-content\/uploads\/sites\/3\/2014\/07\/DSC_0002_602.jpg\" \/>\n<meta name=\"twitter:card\" content=\"summary_large_image\" \/>\n<script type=\"application\/ld+json\" class=\"yoast-schema-graph\">{\"@context\":\"https:\\\/\\\/schema.org\",\"@graph\":[{\"@type\":\"WebPage\",\"@id\":\"https:\\\/\\\/cmnordeste.pt\\\/municipio\\\/servicos\\\/espacos-internet\\\/\",\"url\":\"https:\\\/\\\/cmnordeste.pt\\\/municipio\\\/servicos\\\/espacos-internet\\\/\",\"name\":\"Espa\u00e7os Internet - Munic\u00edpio\",\"isPartOf\":{\"@id\":\"https:\\\/\\\/cmnordeste.pt\\\/municipio\\\/#website\"},\"datePublished\":\"2025-09-17T17:09:13+00:00\",\"breadcrumb\":{\"@id\":\"https:\\\/\\\/cmnordeste.pt\\\/municipio\\\/servicos\\\/espacos-internet\\\/#breadcrumb\"},\"inLanguage\":\"pt-PT\",\"potentialAction\":[{\"@type\":\"ReadAction\",\"target\":[\"https:\\\/\\\/cmnordeste.pt\\\/municipio\\\/servicos\\\/espacos-internet\\\/\"]}]},{\"@type\":\"BreadcrumbList\",\"@id\":\"https:\\\/\\\/cmnordeste.pt\\\/municipio\\\/servicos\\\/espacos-internet\\\/#breadcrumb\",\"itemListElement\":[{\"@type\":\"ListItem\",\"position\":1,\"name\":\"In\u00edcio\",\"item\":\"https:\\\/\\\/cmnordeste.pt\\\/municipio\\\/\"},{\"@type\":\"ListItem\",\"position\":2,\"name\":\"Servi\u00e7os\",\"item\":\"https:\\\/\\\/cmnordeste.pt\\\/municipio\\\/servicos\\\/\"},{\"@type\":\"ListItem\",\"position\":3,\"name\":\"Espa\u00e7os Internet\"}]},{\"@type\":\"WebSite\",\"@id\":\"https:\\\/\\\/cmnordeste.pt\\\/municipio\\\/#website\",\"url\":\"https:\\\/\\\/cmnordeste.pt\\\/municipio\\\/\",\"name\":\"Munic\u00edpio\",\"description\":\"Munic\u00edpio do Nordeste\",\"potentialAction\":[{\"@type\":\"SearchAction\",\"target\":{\"@type\":\"EntryPoint\",\"urlTemplate\":\"https:\\\/\\\/cmnordeste.pt\\\/municipio\\\/?s={search_term_string}\"},\"query-input\":{\"@type\":\"PropertyValueSpecification\",\"valueRequired\":true,\"valueName\":\"search_term_string\"}}],\"inLanguage\":\"pt-PT\"}]}<\/script>\n<!-- \/ Yoast SEO plugin. -->","yoast_head_json":{"title":"Espa\u00e7os Internet - Munic\u00edpio","robots":{"index":"index","follow":"follow","max-snippet":"max-snippet:-1","max-image-preview":"max-image-preview:large","max-video-preview":"max-video-preview:-1"},"canonical":"https:\/\/cmnordeste.pt\/municipio\/servicos\/espacos-internet\/","og_locale":"pt_PT","og_type":"article","og_title":"Espa\u00e7os Internet - Munic\u00edpio","og_description":"&nbsp; &nbsp; Centro de Inform\u00e1tica Casa Jo\u00e3o de Melo Achadinha &#8211; Rua Direita Seg\u00aa a Sexta 8h30-12h30 e 13h30-16h30 Tel.:296 452 026 E-mail: casajoaodemelo@cmnordeste.pt Acesso gratuito &nbsp; Centro de inform\u00e1tica da Algarvia (de momento encerrado) Rua D. David Dias Pimentel Seg\u00aa a Sexta 9h00-12h30\/13h30-17h00 Tel.:296 452 206 E-mail: internetalgarvia@hotmail.pt Acesso gratuito &nbsp; &nbsp;","og_url":"https:\/\/cmnordeste.pt\/municipio\/servicos\/espacos-internet\/","og_site_name":"Munic\u00edpio","og_image":[{"url":"https:\/\/cmnordeste.pt\/municipio\/wp-content\/uploads\/sites\/3\/2014\/07\/DSC_0002_602.jpg","type":"","width":"","height":""}],"twitter_card":"summary_large_image","schema":{"@context":"https:\/\/schema.org","@graph":[{"@type":"WebPage","@id":"https:\/\/cmnordeste.pt\/municipio\/servicos\/espacos-internet\/","url":"https:\/\/cmnordeste.pt\/municipio\/servicos\/espacos-internet\/","name":"Espa\u00e7os Internet - Munic\u00edpio","isPartOf":{"@id":"https:\/\/cmnordeste.pt\/municipio\/#website"},"datePublished":"2025-09-17T17:09:13+00:00","breadcrumb":{"@id":"https:\/\/cmnordeste.pt\/municipio\/servicos\/espacos-internet\/#breadcrumb"},"inLanguage":"pt-PT","potentialAction":[{"@type":"ReadAction","target":["https:\/\/cmnordeste.pt\/municipio\/servicos\/espacos-internet\/"]}]},{"@type":"BreadcrumbList","@id":"https:\/\/cmnordeste.pt\/municipio\/servicos\/espacos-internet\/#breadcrumb","itemListElement":[{"@type":"ListItem","position":1,"name":"In\u00edcio","item":"https:\/\/cmnordeste.pt\/municipio\/"},{"@type":"ListItem","position":2,"name":"Servi\u00e7os","item":"https:\/\/cmnordeste.pt\/municipio\/servicos\/"},{"@type":"ListItem","position":3,"name":"Espa\u00e7os Internet"}]},{"@type":"WebSite","@id":"https:\/\/cmnordeste.pt\/municipio\/#website","url":"https:\/\/cmnordeste.pt\/municipio\/","name":"Munic\u00edpio","description":"Munic\u00edpio do Nordeste","potentialAction":[{"@type":"SearchAction","target":{"@type":"EntryPoint","urlTemplate":"https:\/\/cmnordeste.pt\/municipio\/?s={search_term_string}"},"query-input":{"@type":"PropertyValueSpecification","valueRequired":true,"valueName":"search_term_string"}}],"inLanguage":"pt-PT"}]}},"_links":{"self":[{"href":"https:\/\/cmnordeste.pt\/municipio\/wp-json\/wp\/v2\/pages\/83","targetHints":{"allow":["GET"]}}],"collection":[{"href":"https:\/\/cmnordeste.pt\/municipio\/wp-json\/wp\/v2\/pages"}],"about":[{"href":"https:\/\/cmnordeste.pt\/municipio\/wp-json\/wp\/v2\/types\/page"}],"author":[{"embeddable":true,"href":"https:\/\/cmnordeste.pt\/municipio\/wp-json\/wp\/v2\/users\/1"}],"replies":[{"embeddable":true,"href":"https:\/\/cmnordeste.pt\/municipio\/wp-json\/wp\/v2\/comments?post=83"}],"version-history":[{"count":6,"href":"https:\/\/cmnordeste.pt\/municipio\/wp-json\/wp\/v2\/pages\/83\/revisions"}],"predecessor-version":[{"id":13927,"href":"https:\/\/cmnordeste.pt\/municipio\/wp-json\/wp\/v2\/pages\/83\/revisions\/13927"}],"up":[{"embeddable":true,"href":"https:\/\/cmnordeste.pt\/municipio\/wp-json\/wp\/v2\/pages\/11"}],"wp:attachment":[{"href":"https:\/\/cmnordeste.pt\/municipio\/wp-json\/wp\/v2\/media?parent=83"}],"curies":[{"name":"wp","href":"https:\/\/api.w.org\/{rel}","templated":true}]}}