{"id":9322,"date":"2025-09-17T15:50:25","date_gmt":"2025-09-17T15:50:25","guid":{"rendered":"https:\/\/cmnordeste.pt\/municipio\/?page_id=9322"},"modified":"2025-09-17T16:01:59","modified_gmt":"2025-09-17T16:01:59","slug":"contactos-sos","status":"publish","type":"page","link":"https:\/\/cmnordeste.pt\/municipio\/protecao-civil\/contactos-sos\/","title":{"rendered":"Contactos (SOS)"},"content":{"rendered":"<p>N\u00famero nacional de emerg\u00eancia: <a href=\"tel:112\">112<\/a><br \/>\nBombeiros Volunt\u00e1rios do Nordeste: <a href=\"tel:296 488 111\">296 488 111<\/a><br \/>\nPSP do Nordeste: <a href=\"tel:296 480 112\">296 105 250<\/a><br \/>\nCentro de Sa\u00fade do Nordeste: <a href=\"tel:296 480 090\">296 480 090<\/a><br \/>\nProte\u00e7\u00e3o Civil do Nordeste (C\u00e2mara Municipal): <a href=\"tel:296 480 060\">296 480 060<\/a><\/p>\n<h4>Links \u00dateis<\/h4>\n<p>SRPCBA &#8211; Avisos meteorol\u00f3gicos do Servi\u00e7o Regional de Prote\u00e7\u00e3o Civil e Bombeiros dos A\u00e7ores:\u00a0<a href=\"http:\/\/www.prociv.azores.gov.pt\/\"> Aqui! <\/a><\/p>\n<p>IPMA &#8211; Instituto Portugu\u00eas do Mar e da Atmosfera: <a href=\"https:\/\/www.ipma.pt\/pt\/index.html\">Aqui!<\/a><\/p>\n<p>IVAR &#8211; Instituto de Investiga\u00e7\u00e3o em Vulcanologia e Avalia\u00e7\u00e3o de Riscos: <a href=\"https:\/\/ivar.uac.pt\/\">Aqui!<\/a><\/p>\n<p>National Hurricane Center (EUA): <a class=\"normal\" href=\"http:\/\/www.nhc.noaa.gov\/\" target=\"_blank\" rel=\"noopener noreferrer\">Aqui!<\/a><\/p>\n<p>&nbsp;<\/p>\n<p><strong>MEDIDAS DE AUTOPROTE\u00c7\u00c3O<\/strong><\/p>\n<p>V\u00eddeos<\/p>\n<p>Kit de emerg\u00eancia: <a href=\"https:\/\/www.youtube.com\/watch?v=oNZBY8XUE-c\">https:\/\/www.youtube.com\/watch?v=oNZBY8XUE-c<\/a><\/p>\n<p>Medidas de autoprote\u00e7\u00e3o \u2013 tempestades: <a href=\"https:\/\/www.youtube.com\/watch?v=PJJrztv9xb8\">https:\/\/www.youtube.com\/watch?v=PJJrztv9xb8<\/a><\/p>\n<p>Medidas de autoprote\u00e7\u00e3o \u2013 sismos: <a href=\"https:\/\/www.youtube.com\/watch?v=fI4_OhESYyA\">https:\/\/www.youtube.com\/watch?v=fI4_OhESYyA<\/a><\/p>\n","protected":false},"excerpt":{"rendered":"<p>N\u00famero nacional de emerg\u00eancia: 112 Bombeiros Volunt\u00e1rios do Nordeste: 296 488 111 PSP do Nordeste: 296 105 250 Centro de Sa\u00fade do Nordeste: 296 480 090 Prote\u00e7\u00e3o Civil do Nordeste (C\u00e2mara Municipal): 296 480 060 Links \u00dateis SRPCBA &#8211; Avisos meteorol\u00f3gicos do Servi\u00e7o Regional de Prote\u00e7\u00e3o Civil e Bombeiros dos A\u00e7ores:\u00a0 Aqui! IPMA &#8211; Instituto [&hellip;]<\/p>\n","protected":false},"author":6,"featured_media":9390,"parent":13,"menu_order":-1,"comment_status":"closed","ping_status":"closed","template":"","meta":{"_acf_changed":false,"footnotes":""},"class_list":["post-9322","page","type-page","status-publish","has-post-thumbnail","hentry"],"acf":[],"yoast_head":"<!-- This site is optimized with the Yoast SEO plugin v27.4 - https:\/\/yoast.com\/product\/yoast-seo-wordpress\/ -->\n<title>Contactos (SOS) - Munic\u00edpio<\/title>\n<meta name=\"robots\" content=\"index, follow, max-snippet:-1, max-image-preview:large, max-video-preview:-1\" \/>\n<link rel=\"canonical\" href=\"https:\/\/cmnordeste.pt\/municipio\/protecao-civil\/contactos-sos\/\" \/>\n<meta property=\"og:locale\" content=\"pt_PT\" \/>\n<meta property=\"og:type\" content=\"article\" \/>\n<meta property=\"og:title\" content=\"Contactos (SOS) - Munic\u00edpio\" \/>\n<meta property=\"og:description\" content=\"N\u00famero nacional de emerg\u00eancia: 112 Bombeiros Volunt\u00e1rios do Nordeste: 296 488 111 PSP do Nordeste: 296 105 250 Centro de Sa\u00fade do Nordeste: 296 480 090 Prote\u00e7\u00e3o Civil do Nordeste (C\u00e2mara Municipal): 296 480 060 Links \u00dateis SRPCBA &#8211; Avisos meteorol\u00f3gicos do Servi\u00e7o Regional de Prote\u00e7\u00e3o Civil e Bombeiros dos A\u00e7ores:\u00a0 Aqui! IPMA &#8211; Instituto [&hellip;]\" \/>\n<meta property=\"og:url\" content=\"https:\/\/cmnordeste.pt\/municipio\/protecao-civil\/contactos-sos\/\" \/>\n<meta property=\"og:site_name\" content=\"Munic\u00edpio\" \/>\n<meta property=\"article:modified_time\" content=\"2025-09-17T16:01:59+00:00\" \/>\n<meta property=\"og:image\" content=\"https:\/\/cmnordeste.pt\/municipio\/wp-content\/uploads\/sites\/3\/2017\/03\/S\u00edmbolo-Prote\u00e7\u00e3o-Civil-Nordeste-1-e1537356294242.jpg\" \/>\n\t<meta property=\"og:image:width\" content=\"155\" \/>\n\t<meta property=\"og:image:height\" content=\"89\" \/>\n\t<meta property=\"og:image:type\" content=\"image\/jpeg\" \/>\n<meta name=\"twitter:card\" content=\"summary_large_image\" \/>\n<meta name=\"twitter:label1\" content=\"Tempo estimado de leitura\" \/>\n\t<meta name=\"twitter:data1\" content=\"1 minuto\" \/>\n<script type=\"application\/ld+json\" class=\"yoast-schema-graph\">{\"@context\":\"https:\\\/\\\/schema.org\",\"@graph\":[{\"@type\":\"WebPage\",\"@id\":\"https:\\\/\\\/cmnordeste.pt\\\/municipio\\\/protecao-civil\\\/contactos-sos\\\/\",\"url\":\"https:\\\/\\\/cmnordeste.pt\\\/municipio\\\/protecao-civil\\\/contactos-sos\\\/\",\"name\":\"Contactos (SOS) - Munic\u00edpio\",\"isPartOf\":{\"@id\":\"https:\\\/\\\/cmnordeste.pt\\\/municipio\\\/#website\"},\"primaryImageOfPage\":{\"@id\":\"https:\\\/\\\/cmnordeste.pt\\\/municipio\\\/protecao-civil\\\/contactos-sos\\\/#primaryimage\"},\"image\":{\"@id\":\"https:\\\/\\\/cmnordeste.pt\\\/municipio\\\/protecao-civil\\\/contactos-sos\\\/#primaryimage\"},\"thumbnailUrl\":\"https:\\\/\\\/cmnordeste.pt\\\/municipio\\\/wp-content\\\/uploads\\\/sites\\\/3\\\/2017\\\/03\\\/S\u00edmbolo-Prote\u00e7\u00e3o-Civil-Nordeste-1-e1537356294242.jpg\",\"datePublished\":\"2025-09-17T15:50:25+00:00\",\"dateModified\":\"2025-09-17T16:01:59+00:00\",\"breadcrumb\":{\"@id\":\"https:\\\/\\\/cmnordeste.pt\\\/municipio\\\/protecao-civil\\\/contactos-sos\\\/#breadcrumb\"},\"inLanguage\":\"pt-PT\",\"potentialAction\":[{\"@type\":\"ReadAction\",\"target\":[\"https:\\\/\\\/cmnordeste.pt\\\/municipio\\\/protecao-civil\\\/contactos-sos\\\/\"]}]},{\"@type\":\"ImageObject\",\"inLanguage\":\"pt-PT\",\"@id\":\"https:\\\/\\\/cmnordeste.pt\\\/municipio\\\/protecao-civil\\\/contactos-sos\\\/#primaryimage\",\"url\":\"https:\\\/\\\/cmnordeste.pt\\\/municipio\\\/wp-content\\\/uploads\\\/sites\\\/3\\\/2017\\\/03\\\/S\u00edmbolo-Prote\u00e7\u00e3o-Civil-Nordeste-1-e1537356294242.jpg\",\"contentUrl\":\"https:\\\/\\\/cmnordeste.pt\\\/municipio\\\/wp-content\\\/uploads\\\/sites\\\/3\\\/2017\\\/03\\\/S\u00edmbolo-Prote\u00e7\u00e3o-Civil-Nordeste-1-e1537356294242.jpg\",\"width\":155,\"height\":89},{\"@type\":\"BreadcrumbList\",\"@id\":\"https:\\\/\\\/cmnordeste.pt\\\/municipio\\\/protecao-civil\\\/contactos-sos\\\/#breadcrumb\",\"itemListElement\":[{\"@type\":\"ListItem\",\"position\":1,\"name\":\"In\u00edcio\",\"item\":\"https:\\\/\\\/cmnordeste.pt\\\/municipio\\\/\"},{\"@type\":\"ListItem\",\"position\":2,\"name\":\"Prote\u00e7\u00e3o Civil\",\"item\":\"https:\\\/\\\/cmnordeste.pt\\\/municipio\\\/protecao-civil\\\/\"},{\"@type\":\"ListItem\",\"position\":3,\"name\":\"Contactos (SOS)\"}]},{\"@type\":\"WebSite\",\"@id\":\"https:\\\/\\\/cmnordeste.pt\\\/municipio\\\/#website\",\"url\":\"https:\\\/\\\/cmnordeste.pt\\\/municipio\\\/\",\"name\":\"Munic\u00edpio\",\"description\":\"Munic\u00edpio do Nordeste\",\"potentialAction\":[{\"@type\":\"SearchAction\",\"target\":{\"@type\":\"EntryPoint\",\"urlTemplate\":\"https:\\\/\\\/cmnordeste.pt\\\/municipio\\\/?s={search_term_string}\"},\"query-input\":{\"@type\":\"PropertyValueSpecification\",\"valueRequired\":true,\"valueName\":\"search_term_string\"}}],\"inLanguage\":\"pt-PT\"}]}<\/script>\n<!-- \/ Yoast SEO plugin. -->","yoast_head_json":{"title":"Contactos (SOS) - Munic\u00edpio","robots":{"index":"index","follow":"follow","max-snippet":"max-snippet:-1","max-image-preview":"max-image-preview:large","max-video-preview":"max-video-preview:-1"},"canonical":"https:\/\/cmnordeste.pt\/municipio\/protecao-civil\/contactos-sos\/","og_locale":"pt_PT","og_type":"article","og_title":"Contactos (SOS) - Munic\u00edpio","og_description":"N\u00famero nacional de emerg\u00eancia: 112 Bombeiros Volunt\u00e1rios do Nordeste: 296 488 111 PSP do Nordeste: 296 105 250 Centro de Sa\u00fade do Nordeste: 296 480 090 Prote\u00e7\u00e3o Civil do Nordeste (C\u00e2mara Municipal): 296 480 060 Links \u00dateis SRPCBA &#8211; Avisos meteorol\u00f3gicos do Servi\u00e7o Regional de Prote\u00e7\u00e3o Civil e Bombeiros dos A\u00e7ores:\u00a0 Aqui! IPMA &#8211; Instituto [&hellip;]","og_url":"https:\/\/cmnordeste.pt\/municipio\/protecao-civil\/contactos-sos\/","og_site_name":"Munic\u00edpio","article_modified_time":"2025-09-17T16:01:59+00:00","og_image":[{"width":155,"height":89,"url":"https:\/\/cmnordeste.pt\/municipio\/wp-content\/uploads\/sites\/3\/2017\/03\/S\u00edmbolo-Prote\u00e7\u00e3o-Civil-Nordeste-1-e1537356294242.jpg","type":"image\/jpeg"}],"twitter_card":"summary_large_image","twitter_misc":{"Tempo estimado de leitura":"1 minuto"},"schema":{"@context":"https:\/\/schema.org","@graph":[{"@type":"WebPage","@id":"https:\/\/cmnordeste.pt\/municipio\/protecao-civil\/contactos-sos\/","url":"https:\/\/cmnordeste.pt\/municipio\/protecao-civil\/contactos-sos\/","name":"Contactos (SOS) - Munic\u00edpio","isPartOf":{"@id":"https:\/\/cmnordeste.pt\/municipio\/#website"},"primaryImageOfPage":{"@id":"https:\/\/cmnordeste.pt\/municipio\/protecao-civil\/contactos-sos\/#primaryimage"},"image":{"@id":"https:\/\/cmnordeste.pt\/municipio\/protecao-civil\/contactos-sos\/#primaryimage"},"thumbnailUrl":"https:\/\/cmnordeste.pt\/municipio\/wp-content\/uploads\/sites\/3\/2017\/03\/S\u00edmbolo-Prote\u00e7\u00e3o-Civil-Nordeste-1-e1537356294242.jpg","datePublished":"2025-09-17T15:50:25+00:00","dateModified":"2025-09-17T16:01:59+00:00","breadcrumb":{"@id":"https:\/\/cmnordeste.pt\/municipio\/protecao-civil\/contactos-sos\/#breadcrumb"},"inLanguage":"pt-PT","potentialAction":[{"@type":"ReadAction","target":["https:\/\/cmnordeste.pt\/municipio\/protecao-civil\/contactos-sos\/"]}]},{"@type":"ImageObject","inLanguage":"pt-PT","@id":"https:\/\/cmnordeste.pt\/municipio\/protecao-civil\/contactos-sos\/#primaryimage","url":"https:\/\/cmnordeste.pt\/municipio\/wp-content\/uploads\/sites\/3\/2017\/03\/S\u00edmbolo-Prote\u00e7\u00e3o-Civil-Nordeste-1-e1537356294242.jpg","contentUrl":"https:\/\/cmnordeste.pt\/municipio\/wp-content\/uploads\/sites\/3\/2017\/03\/S\u00edmbolo-Prote\u00e7\u00e3o-Civil-Nordeste-1-e1537356294242.jpg","width":155,"height":89},{"@type":"BreadcrumbList","@id":"https:\/\/cmnordeste.pt\/municipio\/protecao-civil\/contactos-sos\/#breadcrumb","itemListElement":[{"@type":"ListItem","position":1,"name":"In\u00edcio","item":"https:\/\/cmnordeste.pt\/municipio\/"},{"@type":"ListItem","position":2,"name":"Prote\u00e7\u00e3o Civil","item":"https:\/\/cmnordeste.pt\/municipio\/protecao-civil\/"},{"@type":"ListItem","position":3,"name":"Contactos (SOS)"}]},{"@type":"WebSite","@id":"https:\/\/cmnordeste.pt\/municipio\/#website","url":"https:\/\/cmnordeste.pt\/municipio\/","name":"Munic\u00edpio","description":"Munic\u00edpio do Nordeste","potentialAction":[{"@type":"SearchAction","target":{"@type":"EntryPoint","urlTemplate":"https:\/\/cmnordeste.pt\/municipio\/?s={search_term_string}"},"query-input":{"@type":"PropertyValueSpecification","valueRequired":true,"valueName":"search_term_string"}}],"inLanguage":"pt-PT"}]}},"_links":{"self":[{"href":"https:\/\/cmnordeste.pt\/municipio\/wp-json\/wp\/v2\/pages\/9322","targetHints":{"allow":["GET"]}}],"collection":[{"href":"https:\/\/cmnordeste.pt\/municipio\/wp-json\/wp\/v2\/pages"}],"about":[{"href":"https:\/\/cmnordeste.pt\/municipio\/wp-json\/wp\/v2\/types\/page"}],"author":[{"embeddable":true,"href":"https:\/\/cmnordeste.pt\/municipio\/wp-json\/wp\/v2\/users\/6"}],"replies":[{"embeddable":true,"href":"https:\/\/cmnordeste.pt\/municipio\/wp-json\/wp\/v2\/comments?post=9322"}],"version-history":[{"count":9,"href":"https:\/\/cmnordeste.pt\/municipio\/wp-json\/wp\/v2\/pages\/9322\/revisions"}],"predecessor-version":[{"id":13925,"href":"https:\/\/cmnordeste.pt\/municipio\/wp-json\/wp\/v2\/pages\/9322\/revisions\/13925"}],"up":[{"embeddable":true,"href":"https:\/\/cmnordeste.pt\/municipio\/wp-json\/wp\/v2\/pages\/13"}],"wp:featuredmedia":[{"embeddable":true,"href":"https:\/\/cmnordeste.pt\/municipio\/wp-json\/wp\/v2\/media\/9390"}],"wp:attachment":[{"href":"https:\/\/cmnordeste.pt\/municipio\/wp-json\/wp\/v2\/media?parent=9322"}],"curies":[{"name":"wp","href":"https:\/\/api.w.org\/{rel}","templated":true}]}}