{"id":9341,"date":"2025-09-25T12:00:03","date_gmt":"2025-09-25T12:00:03","guid":{"rendered":"https:\/\/cmnordeste.pt\/municipio\/?page_id=9341"},"modified":"2025-12-30T11:18:30","modified_gmt":"2025-12-30T11:18:30","slug":"exercicios","status":"publish","type":"page","link":"https:\/\/cmnordeste.pt\/municipio\/protecao-civil\/exercicios\/","title":{"rendered":"Avisos e Exerc\u00edcios SMPC"},"content":{"rendered":"<p>P\u00e1gina destinada \u00e0 divulga\u00e7\u00e3o de Avisos e futuros simulacros do Servi\u00e7o Municipal de Prote\u00e7\u00e3o Civil.\u00a0<\/p>\n<h2><\/h2>\n<p>&nbsp;<\/p>\n<h4 style=\"text-align: center\"><strong>AVISOS<\/strong><\/h4>\n<h4><\/h4>\n<h4 class=\"print-txt-cor-azul\"><strong>Ciclone tropical Gabrielle &#8211; Aviso Meteorol\u00f3gico<\/strong> <strong>65\/2025 &#8211; <span>25 de Setembro de 2025 \u00e0s 09:45<\/span><\/strong><\/h4>\n<p>Na sequ\u00eancia do aviso 066\/2025, emitido pelo Instituto Portugu\u00eas do Mar e Atmosfera que aqui se reproduz.<\/p>\n<p>Na sequ\u00eancia do comunicado anterior, e tendo em conta o ajuste da trajet\u00f3ria do Ciclone Tropical Gabrielle prevista na \u00faltima atualiza\u00e7\u00e3o dos modelos meteorl\u00f3gicos \u00e9 esperado um maior agravamento do estado do tempo nos Grupos Central e Oriental, mantendo-se as condi\u00e7\u00f5es anteriormente previstas para o Grupo Ocidental. Nestas condi\u00e7\u00f5es, emite-se:<\/p>\n<h2 class=\"cabeca-alertas\">Grupo Oriental<\/h2>\n<table class=\"parametros stack\">\n<thead>\n<tr>\n<th>Cor<\/th>\n<th>Aviso<\/th>\n<th>In\u00edcio<\/th>\n<th>Fim<\/th>\n<th>Texto<\/th>\n<\/tr>\n<\/thead>\n<tbody>\n<tr>\n<td class=\"cor-amarelo\">Amarelo<\/td>\n<td>Precipita\u00e7\u00e3o<\/td>\n<td>2025-09-26 06:00<\/td>\n<td>2025-09-26 18:00<\/td>\n<td>Precipita\u00e7\u00e3o por vezes FORTE.<\/td>\n<\/tr>\n<tr>\n<td class=\"cor-amarelo\">Amarelo<\/td>\n<td>Vento<\/td>\n<td>2025-09-26 00:00<\/td>\n<td>2025-09-26 06:00<\/td>\n<td>Dire\u00e7\u00e3o de sul (S).<\/td>\n<\/tr>\n<tr>\n<td class=\"cor-laranja\">Laranja<\/td>\n<td>Vento<\/td>\n<td>2025-09-26 06:00<\/td>\n<td>2025-09-26 15:00<\/td>\n<td>Dire\u00e7\u00e3o de sul (S), rodando para oeste (W).<\/td>\n<\/tr>\n<tr>\n<td class=\"cor-amarelo\">Amarelo<\/td>\n<td>Vento<\/td>\n<td>2025-09-26 15:00<\/td>\n<td>2025-09-26 18:00<\/td>\n<td>Dire\u00e7\u00e3o de oeste (W), rodando para noroeste (NW).<\/td>\n<\/tr>\n<tr>\n<td class=\"cor-amarelo\">Amarelo<\/td>\n<td>Agita\u00e7\u00e3o Mar\u00edtima<\/td>\n<td>2025-09-26 00:00<\/td>\n<td>2025-09-26 06:00<\/td>\n<td>Ondas de sudoeste (SW).<\/td>\n<\/tr>\n<tr>\n<td class=\"cor-laranja\">Laranja<\/td>\n<td>Agita\u00e7\u00e3o Mar\u00edtima<\/td>\n<td>2025-09-26 06:00<\/td>\n<td>2025-09-26 15:00<\/td>\n<td>Ondas de sudoeste (SW), passando a oeste (W).<\/td>\n<\/tr>\n<tr>\n<td class=\"cor-amarelo\">Amarelo<\/td>\n<td>Agita\u00e7\u00e3o Mar\u00edtima<\/td>\n<td>2025-09-26 15:00<\/td>\n<td>2025-09-26 18:00<\/td>\n<td>Ondas de oeste (W).<\/td>\n<\/tr>\n<\/tbody>\n<\/table>\n<p>&nbsp;<\/p>\n<h4><strong>Ciclone tropical Gabrielle &#8211; Aviso Meteorol\u00f3gico 64\/2025 &#8211; 24 Setembro de 2025 \u00e0s 09:55<\/strong><\/h4>\n<p><span>A aproxima\u00e7\u00e3o e passagem do ciclone tropical GABRIELLE provocar\u00e1 um agravamento significativo do estado do tempo em todo o Arquip\u00e9lago, especialmente nas ilhas dos Grupos Ocidental e Central. Nestas condi\u00e7\u00f5es, emite-se:<\/span><\/p>\n<h2 class=\"cabeca-alertas\">Grupo Oriental<\/h2>\n<table class=\"parametros stack\">\n<thead>\n<tr>\n<th>Cor<\/th>\n<th>Aviso<\/th>\n<th>In\u00edcio<\/th>\n<th>Fim<\/th>\n<th>Texto<\/th>\n<\/tr>\n<\/thead>\n<tbody>\n<tr>\n<td class=\"cor-amarelo\">Amarelo<\/td>\n<td>\u00a0Precipita\u00e7\u00e3o<\/td>\n<td>2025-09-26 06:00<\/td>\n<td>2025-09-26 18:00<\/td>\n<td>Precipita\u00e7\u00e3o por vezes FORTE.<\/td>\n<\/tr>\n<tr>\n<td class=\"cor-amarelo\">Amarelo<\/td>\n<td>Vento<\/td>\n<td>2025-09-26 06:00<\/td>\n<td>2025-09-26 18:00<\/td>\n<td>Dire\u00e7\u00e3o de sul (S), rodando para noroeste (NW).<\/td>\n<\/tr>\n<tr>\n<td class=\"cor-amarelo\">Amarelo<\/td>\n<td>Agita\u00e7\u00e3o Mar\u00edtima<\/td>\n<td>2025-09-26 06:00<\/td>\n<td>2025-09-26 18:00<\/td>\n<td>Ondas de sudoeste (SW), passando a oeste (W).<\/td>\n<\/tr>\n<\/tbody>\n<\/table>\n<p>&nbsp;<\/p>\n<p>Medidas de Autoprote\u00e7\u00e3o:<\/p>\n<p>&#8211; Evite percorrer trilhos e realizar atividades ao ar livre, principalmente em \u00e1reas arborizadas;<\/p>\n<p>&#8211; Evite zonas balneares e outras \u00e1reas costeiras vulner\u00e1veis \u00e0 agita\u00e7\u00e3o mar\u00edtima;<\/p>\n<p>&#8211; Proceda \u00e0 recolha das embarca\u00e7\u00f5es para zonas seguras e abrigadas;<\/p>\n<p>&#8211; Proteja a sua casa e os seus bens;<\/p>\n<p>&#8211; Adote as medidas de autoprote\u00e7\u00e3o divulgadas pela Prote\u00e7\u00e3o Civil: <a href=\"https:\/\/www.prociv.azores.gov.pt\/sensibilizacao\/riscos\/ver.php?id=1\">https:\/\/www.prociv.azores.gov.pt\/sensibilizacao\/riscos\/ver.php?id=1<\/a> e <a href=\"https:\/\/www.prociv.azores.gov.pt\/fotos\/paginas\/41593620645.pdf\" class=\"mtli_attachment mtli_pdf\">https:\/\/www.prociv.azores.gov.pt\/fotos\/paginas\/41593620645.pdf<\/a><\/p>\n<p>&#8211; Respeite as instru\u00e7\u00f5es das autoridades.<\/p>\n","protected":false},"excerpt":{"rendered":"<p>P\u00e1gina destinada \u00e0 divulga\u00e7\u00e3o de Avisos e futuros simulacros do Servi\u00e7o Municipal de Prote\u00e7\u00e3o Civil.\u00a0 &nbsp; AVISOS Ciclone tropical Gabrielle &#8211; Aviso Meteorol\u00f3gico 65\/2025 &#8211; 25 de Setembro de 2025 \u00e0s 09:45 Na sequ\u00eancia do aviso 066\/2025, emitido pelo Instituto Portugu\u00eas do Mar e Atmosfera que aqui se reproduz. Na sequ\u00eancia do comunicado anterior, e [&hellip;]<\/p>\n","protected":false},"author":6,"featured_media":12163,"parent":13,"menu_order":-1,"comment_status":"closed","ping_status":"closed","template":"","meta":{"_acf_changed":false,"footnotes":""},"class_list":["post-9341","page","type-page","status-publish","has-post-thumbnail","hentry"],"acf":[],"yoast_head":"<!-- This site is optimized with the Yoast SEO plugin v27.4 - https:\/\/yoast.com\/product\/yoast-seo-wordpress\/ -->\n<title>Avisos e Exerc\u00edcios SMPC - Munic\u00edpio<\/title>\n<meta name=\"robots\" content=\"index, follow, max-snippet:-1, max-image-preview:large, max-video-preview:-1\" \/>\n<link rel=\"canonical\" href=\"https:\/\/cmnordeste.pt\/municipio\/protecao-civil\/exercicios\/\" \/>\n<meta property=\"og:locale\" content=\"pt_PT\" \/>\n<meta property=\"og:type\" content=\"article\" \/>\n<meta property=\"og:title\" content=\"Avisos e Exerc\u00edcios SMPC - Munic\u00edpio\" \/>\n<meta property=\"og:description\" content=\"P\u00e1gina destinada \u00e0 divulga\u00e7\u00e3o de Avisos e futuros simulacros do Servi\u00e7o Municipal de Prote\u00e7\u00e3o Civil.\u00a0 &nbsp; AVISOS Ciclone tropical Gabrielle &#8211; Aviso Meteorol\u00f3gico 65\/2025 &#8211; 25 de Setembro de 2025 \u00e0s 09:45 Na sequ\u00eancia do aviso 066\/2025, emitido pelo Instituto Portugu\u00eas do Mar e Atmosfera que aqui se reproduz. Na sequ\u00eancia do comunicado anterior, e [&hellip;]\" \/>\n<meta property=\"og:url\" content=\"https:\/\/cmnordeste.pt\/municipio\/protecao-civil\/exercicios\/\" \/>\n<meta property=\"og:site_name\" content=\"Munic\u00edpio\" \/>\n<meta property=\"article:modified_time\" content=\"2025-12-30T11:18:30+00:00\" \/>\n<meta property=\"og:image\" content=\"https:\/\/cmnordeste.pt\/municipio\/wp-content\/uploads\/sites\/3\/2017\/03\/S\u00edmbolo-Prote\u00e7\u00e3o-Civil-Nordeste1-430x295.jpg\" \/>\n\t<meta property=\"og:image:width\" content=\"430\" \/>\n\t<meta property=\"og:image:height\" content=\"295\" \/>\n\t<meta property=\"og:image:type\" content=\"image\/jpeg\" \/>\n<meta name=\"twitter:card\" content=\"summary_large_image\" \/>\n<meta name=\"twitter:label1\" content=\"Tempo estimado de leitura\" \/>\n\t<meta name=\"twitter:data1\" content=\"2 minutos\" \/>\n<script type=\"application\/ld+json\" class=\"yoast-schema-graph\">{\"@context\":\"https:\\\/\\\/schema.org\",\"@graph\":[{\"@type\":\"WebPage\",\"@id\":\"https:\\\/\\\/cmnordeste.pt\\\/municipio\\\/protecao-civil\\\/exercicios\\\/\",\"url\":\"https:\\\/\\\/cmnordeste.pt\\\/municipio\\\/protecao-civil\\\/exercicios\\\/\",\"name\":\"Avisos e Exerc\u00edcios SMPC - Munic\u00edpio\",\"isPartOf\":{\"@id\":\"https:\\\/\\\/cmnordeste.pt\\\/municipio\\\/#website\"},\"primaryImageOfPage\":{\"@id\":\"https:\\\/\\\/cmnordeste.pt\\\/municipio\\\/protecao-civil\\\/exercicios\\\/#primaryimage\"},\"image\":{\"@id\":\"https:\\\/\\\/cmnordeste.pt\\\/municipio\\\/protecao-civil\\\/exercicios\\\/#primaryimage\"},\"thumbnailUrl\":\"https:\\\/\\\/cmnordeste.pt\\\/municipio\\\/wp-content\\\/uploads\\\/sites\\\/3\\\/2017\\\/03\\\/S\u00edmbolo-Prote\u00e7\u00e3o-Civil-Nordeste1-430x295.jpg\",\"datePublished\":\"2025-09-25T12:00:03+00:00\",\"dateModified\":\"2025-12-30T11:18:30+00:00\",\"breadcrumb\":{\"@id\":\"https:\\\/\\\/cmnordeste.pt\\\/municipio\\\/protecao-civil\\\/exercicios\\\/#breadcrumb\"},\"inLanguage\":\"pt-PT\",\"potentialAction\":[{\"@type\":\"ReadAction\",\"target\":[\"https:\\\/\\\/cmnordeste.pt\\\/municipio\\\/protecao-civil\\\/exercicios\\\/\"]}]},{\"@type\":\"ImageObject\",\"inLanguage\":\"pt-PT\",\"@id\":\"https:\\\/\\\/cmnordeste.pt\\\/municipio\\\/protecao-civil\\\/exercicios\\\/#primaryimage\",\"url\":\"https:\\\/\\\/cmnordeste.pt\\\/municipio\\\/wp-content\\\/uploads\\\/sites\\\/3\\\/2017\\\/03\\\/S\u00edmbolo-Prote\u00e7\u00e3o-Civil-Nordeste1-430x295.jpg\",\"contentUrl\":\"https:\\\/\\\/cmnordeste.pt\\\/municipio\\\/wp-content\\\/uploads\\\/sites\\\/3\\\/2017\\\/03\\\/S\u00edmbolo-Prote\u00e7\u00e3o-Civil-Nordeste1-430x295.jpg\",\"width\":430,\"height\":295},{\"@type\":\"BreadcrumbList\",\"@id\":\"https:\\\/\\\/cmnordeste.pt\\\/municipio\\\/protecao-civil\\\/exercicios\\\/#breadcrumb\",\"itemListElement\":[{\"@type\":\"ListItem\",\"position\":1,\"name\":\"In\u00edcio\",\"item\":\"https:\\\/\\\/cmnordeste.pt\\\/municipio\\\/\"},{\"@type\":\"ListItem\",\"position\":2,\"name\":\"Prote\u00e7\u00e3o Civil\",\"item\":\"https:\\\/\\\/cmnordeste.pt\\\/municipio\\\/protecao-civil\\\/\"},{\"@type\":\"ListItem\",\"position\":3,\"name\":\"Exerc\u00edcios SMPC\"}]},{\"@type\":\"WebSite\",\"@id\":\"https:\\\/\\\/cmnordeste.pt\\\/municipio\\\/#website\",\"url\":\"https:\\\/\\\/cmnordeste.pt\\\/municipio\\\/\",\"name\":\"Munic\u00edpio\",\"description\":\"Munic\u00edpio do Nordeste\",\"potentialAction\":[{\"@type\":\"SearchAction\",\"target\":{\"@type\":\"EntryPoint\",\"urlTemplate\":\"https:\\\/\\\/cmnordeste.pt\\\/municipio\\\/?s={search_term_string}\"},\"query-input\":{\"@type\":\"PropertyValueSpecification\",\"valueRequired\":true,\"valueName\":\"search_term_string\"}}],\"inLanguage\":\"pt-PT\"}]}<\/script>\n<!-- \/ Yoast SEO plugin. -->","yoast_head_json":{"title":"Avisos e Exerc\u00edcios SMPC - Munic\u00edpio","robots":{"index":"index","follow":"follow","max-snippet":"max-snippet:-1","max-image-preview":"max-image-preview:large","max-video-preview":"max-video-preview:-1"},"canonical":"https:\/\/cmnordeste.pt\/municipio\/protecao-civil\/exercicios\/","og_locale":"pt_PT","og_type":"article","og_title":"Avisos e Exerc\u00edcios SMPC - Munic\u00edpio","og_description":"P\u00e1gina destinada \u00e0 divulga\u00e7\u00e3o de Avisos e futuros simulacros do Servi\u00e7o Municipal de Prote\u00e7\u00e3o Civil.\u00a0 &nbsp; AVISOS Ciclone tropical Gabrielle &#8211; Aviso Meteorol\u00f3gico 65\/2025 &#8211; 25 de Setembro de 2025 \u00e0s 09:45 Na sequ\u00eancia do aviso 066\/2025, emitido pelo Instituto Portugu\u00eas do Mar e Atmosfera que aqui se reproduz. Na sequ\u00eancia do comunicado anterior, e [&hellip;]","og_url":"https:\/\/cmnordeste.pt\/municipio\/protecao-civil\/exercicios\/","og_site_name":"Munic\u00edpio","article_modified_time":"2025-12-30T11:18:30+00:00","og_image":[{"width":430,"height":295,"url":"https:\/\/cmnordeste.pt\/municipio\/wp-content\/uploads\/sites\/3\/2017\/03\/S\u00edmbolo-Prote\u00e7\u00e3o-Civil-Nordeste1-430x295.jpg","type":"image\/jpeg"}],"twitter_card":"summary_large_image","twitter_misc":{"Tempo estimado de leitura":"2 minutos"},"schema":{"@context":"https:\/\/schema.org","@graph":[{"@type":"WebPage","@id":"https:\/\/cmnordeste.pt\/municipio\/protecao-civil\/exercicios\/","url":"https:\/\/cmnordeste.pt\/municipio\/protecao-civil\/exercicios\/","name":"Avisos e Exerc\u00edcios SMPC - Munic\u00edpio","isPartOf":{"@id":"https:\/\/cmnordeste.pt\/municipio\/#website"},"primaryImageOfPage":{"@id":"https:\/\/cmnordeste.pt\/municipio\/protecao-civil\/exercicios\/#primaryimage"},"image":{"@id":"https:\/\/cmnordeste.pt\/municipio\/protecao-civil\/exercicios\/#primaryimage"},"thumbnailUrl":"https:\/\/cmnordeste.pt\/municipio\/wp-content\/uploads\/sites\/3\/2017\/03\/S\u00edmbolo-Prote\u00e7\u00e3o-Civil-Nordeste1-430x295.jpg","datePublished":"2025-09-25T12:00:03+00:00","dateModified":"2025-12-30T11:18:30+00:00","breadcrumb":{"@id":"https:\/\/cmnordeste.pt\/municipio\/protecao-civil\/exercicios\/#breadcrumb"},"inLanguage":"pt-PT","potentialAction":[{"@type":"ReadAction","target":["https:\/\/cmnordeste.pt\/municipio\/protecao-civil\/exercicios\/"]}]},{"@type":"ImageObject","inLanguage":"pt-PT","@id":"https:\/\/cmnordeste.pt\/municipio\/protecao-civil\/exercicios\/#primaryimage","url":"https:\/\/cmnordeste.pt\/municipio\/wp-content\/uploads\/sites\/3\/2017\/03\/S\u00edmbolo-Prote\u00e7\u00e3o-Civil-Nordeste1-430x295.jpg","contentUrl":"https:\/\/cmnordeste.pt\/municipio\/wp-content\/uploads\/sites\/3\/2017\/03\/S\u00edmbolo-Prote\u00e7\u00e3o-Civil-Nordeste1-430x295.jpg","width":430,"height":295},{"@type":"BreadcrumbList","@id":"https:\/\/cmnordeste.pt\/municipio\/protecao-civil\/exercicios\/#breadcrumb","itemListElement":[{"@type":"ListItem","position":1,"name":"In\u00edcio","item":"https:\/\/cmnordeste.pt\/municipio\/"},{"@type":"ListItem","position":2,"name":"Prote\u00e7\u00e3o Civil","item":"https:\/\/cmnordeste.pt\/municipio\/protecao-civil\/"},{"@type":"ListItem","position":3,"name":"Exerc\u00edcios SMPC"}]},{"@type":"WebSite","@id":"https:\/\/cmnordeste.pt\/municipio\/#website","url":"https:\/\/cmnordeste.pt\/municipio\/","name":"Munic\u00edpio","description":"Munic\u00edpio do Nordeste","potentialAction":[{"@type":"SearchAction","target":{"@type":"EntryPoint","urlTemplate":"https:\/\/cmnordeste.pt\/municipio\/?s={search_term_string}"},"query-input":{"@type":"PropertyValueSpecification","valueRequired":true,"valueName":"search_term_string"}}],"inLanguage":"pt-PT"}]}},"_links":{"self":[{"href":"https:\/\/cmnordeste.pt\/municipio\/wp-json\/wp\/v2\/pages\/9341","targetHints":{"allow":["GET"]}}],"collection":[{"href":"https:\/\/cmnordeste.pt\/municipio\/wp-json\/wp\/v2\/pages"}],"about":[{"href":"https:\/\/cmnordeste.pt\/municipio\/wp-json\/wp\/v2\/types\/page"}],"author":[{"embeddable":true,"href":"https:\/\/cmnordeste.pt\/municipio\/wp-json\/wp\/v2\/users\/6"}],"replies":[{"embeddable":true,"href":"https:\/\/cmnordeste.pt\/municipio\/wp-json\/wp\/v2\/comments?post=9341"}],"version-history":[{"count":23,"href":"https:\/\/cmnordeste.pt\/municipio\/wp-json\/wp\/v2\/pages\/9341\/revisions"}],"predecessor-version":[{"id":13962,"href":"https:\/\/cmnordeste.pt\/municipio\/wp-json\/wp\/v2\/pages\/9341\/revisions\/13962"}],"up":[{"embeddable":true,"href":"https:\/\/cmnordeste.pt\/municipio\/wp-json\/wp\/v2\/pages\/13"}],"wp:featuredmedia":[{"embeddable":true,"href":"https:\/\/cmnordeste.pt\/municipio\/wp-json\/wp\/v2\/media\/12163"}],"wp:attachment":[{"href":"https:\/\/cmnordeste.pt\/municipio\/wp-json\/wp\/v2\/media?parent=9341"}],"curies":[{"name":"wp","href":"https:\/\/api.w.org\/{rel}","templated":true}]}}