{"id":17,"date":"2026-04-13T09:20:35","date_gmt":"2026-04-13T09:20:35","guid":{"rendered":"https:\/\/cmnordeste.pt\/publicacoes\/?page_id=17"},"modified":"2026-04-13T09:29:09","modified_gmt":"2026-04-13T09:29:09","slug":"sessoes-da-assembleia-convocatorias-e-ordens-do-dia","status":"publish","type":"page","link":"https:\/\/cmnordeste.pt\/publicacoes\/sessoes-da-assembleia\/sessoes-da-assembleia-convocatorias-e-ordens-do-dia\/","title":{"rendered":"Sess\u00f5es da Assembleia &#8211; Convocat\u00f3rias e Ordens do Dia"},"content":{"rendered":"<p><a href=\"https:\/\/cmnordeste.pt\/publicacoes\/wp-content\/uploads\/sites\/8\/2026\/04\/convocatoria-sessao-de-30-de-abril-de-2026.pdf\" class=\"mtli_attachment mtli_pdf\">Convocat\u00f3ria &#8211; Sess\u00e3o de 30 de abril de 2026<\/a><\/p>\n<p><a href=\"https:\/\/cmnordeste.pt\/publicacoes\/wp-content\/uploads\/sites\/8\/2026\/02\/ordem-do-dia-sessao-de-19-de-fevereiro-de-2026.pdf\" class=\"mtli_attachment mtli_pdf\">Ordem do Dia &#8211; Sess\u00e3o de 19 de fevereiro de 2026<\/a><\/p>\n<p><a href=\"https:\/\/cmnordeste.pt\/publicacoes\/wp-content\/uploads\/sites\/8\/2026\/01\/sessao-ordinaria-da-assembleia-municipal-19-fevereiro-2026.pdf\" class=\"mtli_attachment mtli_pdf\">Convocat\u00f3ria &#8211; Reuni\u00e3o de 19 de fevereiro de 2026<\/a><\/p>\n<p><a href=\"https:\/\/cmnordeste.pt\/publicacoes\/wp-content\/uploads\/sites\/8\/2025\/11\/20251121_comunicacao_edital-de-convocatoria-ordinaria.pdf\" class=\"mtli_attachment mtli_pdf\">Convocat\u00f3ria &#8211; Reuni\u00e3o de 10 de\u00a0 dezembro de 2025<\/a><\/p>\n<p><a href=\"https:\/\/cmnordeste.pt\/publicacoes\/wp-content\/uploads\/sites\/8\/2025\/09\/convocatoria-para-a-assembleia-municipal-de-24-09-2025.pdf\" class=\"mtli_attachment mtli_pdf\">Convocat\u00f3ria &#8211; Reuni\u00e3o de 24 de setembro de 2025<\/a><\/p>\n<p><a href=\"https:\/\/cmnordeste.pt\/publicacoes\/wp-content\/uploads\/sites\/8\/2025\/06\/ordem-do-dia-reuniao-de-30-de-junho-de-2025.pdf\" class=\"mtli_attachment mtli_pdf\">Ordem do Dia &#8211; Reuni\u00e3o de 30 de junho de 2025<\/a><\/p>\n<p><a href=\"https:\/\/cmnordeste.pt\/publicacoes\/wp-content\/uploads\/sites\/8\/2025\/06\/convocatoria-para-a-assembleia-municipal-de-30-de-junho-de-2025.pdf\" class=\"mtli_attachment mtli_pdf\">Convocat\u00f3ria &#8211; Reuni\u00e3o de 30 de junho de 2025<\/a><\/p>\n<p><a href=\"https:\/\/cmnordeste.pt\/publicacoes\/wp-content\/uploads\/sites\/8\/2025\/04\/ordem-do-dia-28-de-abril-de-2025.pdf\" class=\"mtli_attachment mtli_pdf\">Ordem do Dia &#8211; 28 de abril de 2025<\/a><\/p>\n<p><a href=\"https:\/\/cmnordeste.pt\/publicacoes\/wp-content\/uploads\/sites\/8\/2025\/04\/convocatoria-da-assembleia-municipal-28-abril-2025.pdf\" class=\"mtli_attachment mtli_pdf\">Convocat\u00f3ria &#8211; Reuni\u00e3o de 28 abril 2025<\/a><\/p>\n<p><a href=\"https:\/\/cmnordeste.pt\/publicacoes\/wp-content\/uploads\/sites\/8\/2025\/02\/ordem-do-dia-reuniao-de-22-de-fevereiro-de-2025.pdf\" class=\"mtli_attachment mtli_pdf\">Ordem do Dia &#8211; Reuni\u00e3o de 22 de fevereiro de 2025<\/a><\/p>\n<p><a href=\"https:\/\/cmnordeste.pt\/publicacoes\/wp-content\/uploads\/sites\/8\/2025\/02\/convocatoria-assembleia-municipal-de-21-de-fevereiro-de-2025.pdf\" class=\"mtli_attachment mtli_pdf\">Convocat\u00f3ria &#8211; Reuni\u00e3o de 21 de fevereiro de 2025<\/a><\/p>\n<p><a href=\"https:\/\/cmnordeste.pt\/publicacoes\/wp-content\/uploads\/sites\/8\/2024\/12\/ordem-do-dia-reuniao-de-12-de-dezembro-de-2024.pdf\" class=\"mtli_attachment mtli_pdf\">Ordem do Dia &#8211; Reuni\u00e3o de 12 de dezembro de 2024<\/a><\/p>\n<p><a href=\"https:\/\/cmnordeste.pt\/publicacoes\/wp-content\/uploads\/sites\/8\/2024\/11\/convocatoria-para-a-a-m-de-12-12-2024.pdf\" class=\"mtli_attachment mtli_pdf\">Convocat\u00f3ria &#8211; Reuni\u00e3o de 12 de dezembro de 2024<\/a><\/p>\n<p><a href=\"https:\/\/cmnordeste.pt\/publicacoes\/wp-content\/uploads\/sites\/8\/2024\/09\/ordem-do-dia-reuniao-de-26-de-setembro-de-2024.pdf\" class=\"mtli_attachment mtli_pdf\">Ordem do Dia &#8211; Reuni\u00e3o de 26 de setembro de 2024<\/a><\/p>\n<p><a href=\"https:\/\/cmnordeste.pt\/publicacoes\/wp-content\/uploads\/sites\/8\/2024\/09\/convocatoria-dos-membros-para-a-assembleia-municipal-de-26-09-2024.pdf\" class=\"mtli_attachment mtli_pdf\">Convocat\u00f3ria\u00a0 para a Assembleia Municipal de 26 de setembro de 2024<\/a><\/p>\n<p><a href=\"https:\/\/cmnordeste.pt\/publicacoes\/wp-content\/uploads\/sites\/8\/2024\/06\/ordem-do-dia-26-de-junho-de-2024.pdf\" class=\"mtli_attachment mtli_pdf\">Ordem do Dia &#8211;\u00a0 Reuni\u00e3o de 26 de junho de 2024<\/a><\/p>\n<p><a href=\"https:\/\/cmnordeste.pt\/publicacoes\/wp-content\/uploads\/sites\/8\/2024\/06\/convocatoria-sessao-ordinaria-da-assembleia-municipal-de-26-de-junho-de-2024.pdf\" class=\"mtli_attachment mtli_pdf\">Convocat\u00f3ria Sess\u00e3o Ordin\u00e1ria da Assembleia Municipal de 26 de junho de 2024<\/a><\/p>\n<p><a href=\"https:\/\/cmnordeste.pt\/publicacoes\/wp-content\/uploads\/sites\/8\/2024\/04\/ordem-do-dia-reuniao-de.pdf\" class=\"mtli_attachment mtli_pdf\">Ordem do Dia &#8211; Reuni\u00e3o de 24 de abril de 2024<\/a><\/p>\n<p><a href=\"https:\/\/cmnordeste.pt\/publicacoes\/wp-content\/uploads\/sites\/8\/2024\/04\/convocatoria-dos-membros-para-a-assembleia-municipal-do-dia-24-04-2024.pdf\" class=\"mtli_attachment mtli_pdf\">Convocat\u00f3ria para a Assembleia Municipal de 24 de abril de 2024<\/a><\/p>\n<p><a href=\"https:\/\/cmnordeste.pt\/publicacoes\/wp-content\/uploads\/sites\/8\/2024\/02\/ordem-do-dia-reuniao-de-22-de-fevereiro-de-2024.pdf\" class=\"mtli_attachment mtli_pdf\">Ordem do Dia &#8211; Reuni\u00e3o de 22 de fevereiro de 2024<\/a><\/p>\n<p><a href=\"https:\/\/cmnordeste.pt\/publicacoes\/wp-content\/uploads\/sites\/8\/2024\/02\/convocatoria-a-m-de-22-02-2024.pdf\" class=\"mtli_attachment mtli_pdf\">Convocat\u00f3ria para a Assembleia Municipal de 22 de fevereiro de 2024<\/a><\/p>\n<p>&nbsp;<\/p>\n","protected":false},"excerpt":{"rendered":"<p>Convocat\u00f3ria &#8211; Sess\u00e3o de 30 de abril de 2026 Ordem do Dia &#8211; Sess\u00e3o de 19 de fevereiro de 2026 Convocat\u00f3ria &#8211; Reuni\u00e3o de 19 de fevereiro de 2026 Convocat\u00f3ria &#8211; Reuni\u00e3o de 10 de\u00a0 dezembro de 2025 Convocat\u00f3ria &#8211; Reuni\u00e3o de 24 de setembro de 2025 Ordem do Dia &#8211; Reuni\u00e3o de 30 de [&hellip;]<\/p>\n","protected":false},"author":1,"featured_media":0,"parent":15,"menu_order":25,"comment_status":"closed","ping_status":"closed","template":"page-publicacoes.php","meta":{"_acf_changed":false,"footnotes":""},"class_list":["post-17","page","type-page","status-publish","hentry"],"acf":[],"yoast_head":"<!-- This site is optimized with the Yoast SEO plugin v27.4 - https:\/\/yoast.com\/product\/yoast-seo-wordpress\/ -->\n<title>Sess\u00f5es da Assembleia - Convocat\u00f3rias e Ordens do Dia - Publica\u00e7\u00f5es<\/title>\n<meta name=\"robots\" content=\"index, follow, max-snippet:-1, max-image-preview:large, max-video-preview:-1\" \/>\n<link rel=\"canonical\" href=\"https:\/\/cmnordeste.pt\/publicacoes\/sessoes-da-assembleia\/sessoes-da-assembleia-convocatorias-e-ordens-do-dia\/\" \/>\n<meta property=\"og:locale\" content=\"pt_PT\" \/>\n<meta property=\"og:type\" content=\"article\" \/>\n<meta property=\"og:title\" content=\"Sess\u00f5es da Assembleia - Convocat\u00f3rias e Ordens do Dia - Publica\u00e7\u00f5es\" \/>\n<meta property=\"og:description\" content=\"Convocat\u00f3ria &#8211; Sess\u00e3o de 30 de abril de 2026 Ordem do Dia &#8211; Sess\u00e3o de 19 de fevereiro de 2026 Convocat\u00f3ria &#8211; Reuni\u00e3o de 19 de fevereiro de 2026 Convocat\u00f3ria &#8211; Reuni\u00e3o de 10 de\u00a0 dezembro de 2025 Convocat\u00f3ria &#8211; Reuni\u00e3o de 24 de setembro de 2025 Ordem do Dia &#8211; Reuni\u00e3o de 30 de [&hellip;]\" \/>\n<meta property=\"og:url\" content=\"https:\/\/cmnordeste.pt\/publicacoes\/sessoes-da-assembleia\/sessoes-da-assembleia-convocatorias-e-ordens-do-dia\/\" \/>\n<meta property=\"og:site_name\" content=\"Publica\u00e7\u00f5es\" \/>\n<meta property=\"article:modified_time\" content=\"2026-04-13T09:29:09+00:00\" \/>\n<meta name=\"twitter:card\" content=\"summary_large_image\" \/>\n<meta name=\"twitter:label1\" content=\"Tempo estimado de leitura\" \/>\n\t<meta name=\"twitter:data1\" content=\"1 minuto\" \/>\n<script type=\"application\/ld+json\" class=\"yoast-schema-graph\">{\"@context\":\"https:\\\/\\\/schema.org\",\"@graph\":[{\"@type\":\"WebPage\",\"@id\":\"https:\\\/\\\/cmnordeste.pt\\\/publicacoes\\\/sessoes-da-assembleia\\\/sessoes-da-assembleia-convocatorias-e-ordens-do-dia\\\/\",\"url\":\"https:\\\/\\\/cmnordeste.pt\\\/publicacoes\\\/sessoes-da-assembleia\\\/sessoes-da-assembleia-convocatorias-e-ordens-do-dia\\\/\",\"name\":\"Sess\u00f5es da Assembleia - Convocat\u00f3rias e Ordens do Dia - Publica\u00e7\u00f5es\",\"isPartOf\":{\"@id\":\"https:\\\/\\\/cmnordeste.pt\\\/publicacoes\\\/#website\"},\"datePublished\":\"2026-04-13T09:20:35+00:00\",\"dateModified\":\"2026-04-13T09:29:09+00:00\",\"breadcrumb\":{\"@id\":\"https:\\\/\\\/cmnordeste.pt\\\/publicacoes\\\/sessoes-da-assembleia\\\/sessoes-da-assembleia-convocatorias-e-ordens-do-dia\\\/#breadcrumb\"},\"inLanguage\":\"pt-PT\",\"potentialAction\":[{\"@type\":\"ReadAction\",\"target\":[\"https:\\\/\\\/cmnordeste.pt\\\/publicacoes\\\/sessoes-da-assembleia\\\/sessoes-da-assembleia-convocatorias-e-ordens-do-dia\\\/\"]}]},{\"@type\":\"BreadcrumbList\",\"@id\":\"https:\\\/\\\/cmnordeste.pt\\\/publicacoes\\\/sessoes-da-assembleia\\\/sessoes-da-assembleia-convocatorias-e-ordens-do-dia\\\/#breadcrumb\",\"itemListElement\":[{\"@type\":\"ListItem\",\"position\":1,\"name\":\"In\u00edcio\",\"item\":\"https:\\\/\\\/cmnordeste.pt\\\/publicacoes\\\/\"},{\"@type\":\"ListItem\",\"position\":2,\"name\":\"Sess\u00f5es da Assembleia\",\"item\":\"https:\\\/\\\/cmnordeste.pt\\\/publicacoes\\\/sessoes-da-assembleia\\\/\"},{\"@type\":\"ListItem\",\"position\":3,\"name\":\"Sess\u00f5es da Assembleia &#8211; Convocat\u00f3rias e Ordens do Dia\"}]},{\"@type\":\"WebSite\",\"@id\":\"https:\\\/\\\/cmnordeste.pt\\\/publicacoes\\\/#website\",\"url\":\"https:\\\/\\\/cmnordeste.pt\\\/publicacoes\\\/\",\"name\":\"Publica\u00e7\u00f5es\",\"description\":\"Publica\u00e7\u00f5es do Munic\u00edpio de Nordeste\",\"potentialAction\":[{\"@type\":\"SearchAction\",\"target\":{\"@type\":\"EntryPoint\",\"urlTemplate\":\"https:\\\/\\\/cmnordeste.pt\\\/publicacoes\\\/?s={search_term_string}\"},\"query-input\":{\"@type\":\"PropertyValueSpecification\",\"valueRequired\":true,\"valueName\":\"search_term_string\"}}],\"inLanguage\":\"pt-PT\"}]}<\/script>\n<!-- \/ Yoast SEO plugin. -->","yoast_head_json":{"title":"Sess\u00f5es da Assembleia - Convocat\u00f3rias e Ordens do Dia - Publica\u00e7\u00f5es","robots":{"index":"index","follow":"follow","max-snippet":"max-snippet:-1","max-image-preview":"max-image-preview:large","max-video-preview":"max-video-preview:-1"},"canonical":"https:\/\/cmnordeste.pt\/publicacoes\/sessoes-da-assembleia\/sessoes-da-assembleia-convocatorias-e-ordens-do-dia\/","og_locale":"pt_PT","og_type":"article","og_title":"Sess\u00f5es da Assembleia - Convocat\u00f3rias e Ordens do Dia - Publica\u00e7\u00f5es","og_description":"Convocat\u00f3ria &#8211; Sess\u00e3o de 30 de abril de 2026 Ordem do Dia &#8211; Sess\u00e3o de 19 de fevereiro de 2026 Convocat\u00f3ria &#8211; Reuni\u00e3o de 19 de fevereiro de 2026 Convocat\u00f3ria &#8211; Reuni\u00e3o de 10 de\u00a0 dezembro de 2025 Convocat\u00f3ria &#8211; Reuni\u00e3o de 24 de setembro de 2025 Ordem do Dia &#8211; Reuni\u00e3o de 30 de [&hellip;]","og_url":"https:\/\/cmnordeste.pt\/publicacoes\/sessoes-da-assembleia\/sessoes-da-assembleia-convocatorias-e-ordens-do-dia\/","og_site_name":"Publica\u00e7\u00f5es","article_modified_time":"2026-04-13T09:29:09+00:00","twitter_card":"summary_large_image","twitter_misc":{"Tempo estimado de leitura":"1 minuto"},"schema":{"@context":"https:\/\/schema.org","@graph":[{"@type":"WebPage","@id":"https:\/\/cmnordeste.pt\/publicacoes\/sessoes-da-assembleia\/sessoes-da-assembleia-convocatorias-e-ordens-do-dia\/","url":"https:\/\/cmnordeste.pt\/publicacoes\/sessoes-da-assembleia\/sessoes-da-assembleia-convocatorias-e-ordens-do-dia\/","name":"Sess\u00f5es da Assembleia - Convocat\u00f3rias e Ordens do Dia - Publica\u00e7\u00f5es","isPartOf":{"@id":"https:\/\/cmnordeste.pt\/publicacoes\/#website"},"datePublished":"2026-04-13T09:20:35+00:00","dateModified":"2026-04-13T09:29:09+00:00","breadcrumb":{"@id":"https:\/\/cmnordeste.pt\/publicacoes\/sessoes-da-assembleia\/sessoes-da-assembleia-convocatorias-e-ordens-do-dia\/#breadcrumb"},"inLanguage":"pt-PT","potentialAction":[{"@type":"ReadAction","target":["https:\/\/cmnordeste.pt\/publicacoes\/sessoes-da-assembleia\/sessoes-da-assembleia-convocatorias-e-ordens-do-dia\/"]}]},{"@type":"BreadcrumbList","@id":"https:\/\/cmnordeste.pt\/publicacoes\/sessoes-da-assembleia\/sessoes-da-assembleia-convocatorias-e-ordens-do-dia\/#breadcrumb","itemListElement":[{"@type":"ListItem","position":1,"name":"In\u00edcio","item":"https:\/\/cmnordeste.pt\/publicacoes\/"},{"@type":"ListItem","position":2,"name":"Sess\u00f5es da Assembleia","item":"https:\/\/cmnordeste.pt\/publicacoes\/sessoes-da-assembleia\/"},{"@type":"ListItem","position":3,"name":"Sess\u00f5es da Assembleia &#8211; Convocat\u00f3rias e Ordens do Dia"}]},{"@type":"WebSite","@id":"https:\/\/cmnordeste.pt\/publicacoes\/#website","url":"https:\/\/cmnordeste.pt\/publicacoes\/","name":"Publica\u00e7\u00f5es","description":"Publica\u00e7\u00f5es do Munic\u00edpio de Nordeste","potentialAction":[{"@type":"SearchAction","target":{"@type":"EntryPoint","urlTemplate":"https:\/\/cmnordeste.pt\/publicacoes\/?s={search_term_string}"},"query-input":{"@type":"PropertyValueSpecification","valueRequired":true,"valueName":"search_term_string"}}],"inLanguage":"pt-PT"}]}},"_links":{"self":[{"href":"https:\/\/cmnordeste.pt\/publicacoes\/wp-json\/wp\/v2\/pages\/17","targetHints":{"allow":["GET"]}}],"collection":[{"href":"https:\/\/cmnordeste.pt\/publicacoes\/wp-json\/wp\/v2\/pages"}],"about":[{"href":"https:\/\/cmnordeste.pt\/publicacoes\/wp-json\/wp\/v2\/types\/page"}],"author":[{"embeddable":true,"href":"https:\/\/cmnordeste.pt\/publicacoes\/wp-json\/wp\/v2\/users\/1"}],"replies":[{"embeddable":true,"href":"https:\/\/cmnordeste.pt\/publicacoes\/wp-json\/wp\/v2\/comments?post=17"}],"version-history":[{"count":21,"href":"https:\/\/cmnordeste.pt\/publicacoes\/wp-json\/wp\/v2\/pages\/17\/revisions"}],"predecessor-version":[{"id":6479,"href":"https:\/\/cmnordeste.pt\/publicacoes\/wp-json\/wp\/v2\/pages\/17\/revisions\/6479"}],"up":[{"embeddable":true,"href":"https:\/\/cmnordeste.pt\/publicacoes\/wp-json\/wp\/v2\/pages\/15"}],"wp:attachment":[{"href":"https:\/\/cmnordeste.pt\/publicacoes\/wp-json\/wp\/v2\/media?parent=17"}],"curies":[{"name":"wp","href":"https:\/\/api.w.org\/{rel}","templated":true}]}}