{"id":28,"date":"2026-04-16T09:20:21","date_gmt":"2026-04-16T09:20:21","guid":{"rendered":"https:\/\/cmnordeste.pt\/publicacoes\/?page_id=28"},"modified":"2026-04-16T09:21:11","modified_gmt":"2026-04-16T09:21:11","slug":"reunioes-de-camara-deliberacoes","status":"publish","type":"page","link":"https:\/\/cmnordeste.pt\/publicacoes\/reunioes-de-camara\/reunioes-de-camara-deliberacoes\/","title":{"rendered":"Reuni\u00f5es de C\u00e2mara &#8211; Delibera\u00e7\u00f5es"},"content":{"rendered":"<p><a href=\"https:\/\/cmnordeste.pt\/publicacoes\/wp-content\/uploads\/sites\/8\/2026\/04\/deliberacoes-da-reuniao-de-13-de-abril-de-2026.pdf\" class=\"mtli_attachment mtli_pdf\">Delibera\u00e7\u00f5es de 13 de abril de 2026<\/a><\/p>\n<p><a href=\"https:\/\/cmnordeste.pt\/publicacoes\/wp-content\/uploads\/sites\/8\/2026\/04\/deliberacoes-de-30-de-marco-de-2026.pdf\" class=\"mtli_attachment mtli_pdf\">Delibera\u00e7\u00f5es de 30 de mar\u00e7o de 2026<\/a><\/p>\n<p><a href=\"https:\/\/cmnordeste.pt\/publicacoes\/wp-content\/uploads\/sites\/8\/2026\/03\/deliberacoes-de-16-de-marco-de-2026.pdf\" class=\"mtli_attachment mtli_pdf\">Delibera\u00e7\u00f5es de 16 de mar\u00e7o de 2026<\/a><\/p>\n<p><a href=\"https:\/\/cmnordeste.pt\/publicacoes\/wp-content\/uploads\/sites\/8\/2026\/03\/deliberacoes-de-2-de-marco-de-2026.pdf\" class=\"mtli_attachment mtli_pdf\">Delibera\u00e7\u00f5es de 2 de mar\u00e7o de 2026<\/a><\/p>\n<p><a href=\"https:\/\/cmnordeste.pt\/publicacoes\/wp-content\/uploads\/sites\/8\/2026\/02\/deliberacoes-de-13-de-fevereiro-de-2026-1.pdf\" class=\"mtli_attachment mtli_pdf\">Delibera\u00e7\u00f5es de 13 de fevereiro de 2026<\/a><\/p>\n<p><a href=\"https:\/\/cmnordeste.pt\/publicacoes\/wp-content\/uploads\/sites\/8\/2026\/02\/deliberacoes-de-2-de-fevereiro-de-2026.pdf\" class=\"mtli_attachment mtli_pdf\">Delibera\u00e7\u00f5es de 2 de fevereiro de 2026<\/a><\/p>\n<p><a href=\"https:\/\/cmnordeste.pt\/publicacoes\/wp-content\/uploads\/sites\/8\/2026\/02\/deliberacoes-de-19-de-janeiro-de-2026.pdf\" class=\"mtli_attachment mtli_pdf\">Delibera\u00e7\u00f5es de 19 de janeiro de 2026<\/a><\/p>\n<p><a href=\"https:\/\/cmnordeste.pt\/publicacoes\/wp-content\/uploads\/sites\/8\/2026\/01\/deliberacoes-reuniao-de-5-de-janeiro-de-2026.pdf\" class=\"mtli_attachment mtli_pdf\">Delibera\u00e7\u00f5es de 5 de janeiro de 2026<\/a><\/p>\n<p><a href=\"https:\/\/cmnordeste.pt\/publicacoes\/wp-content\/uploads\/sites\/8\/2025\/12\/deliberacoes-de-9-de-dezembro-de-2025.pdf\" class=\"mtli_attachment mtli_pdf\">Delibera\u00e7\u00f5es de 9 de dezembro de 2025<\/a><\/p>\n<p><a href=\"https:\/\/cmnordeste.pt\/publicacoes\/wp-content\/uploads\/sites\/8\/2025\/11\/reuniao-de-24-de-novembro-de-2025.pdf\" class=\"mtli_attachment mtli_pdf\">Reuni\u00e3o de 24 de novembro de 2025<\/a><\/p>\n<p><a href=\"https:\/\/cmnordeste.pt\/publicacoes\/wp-content\/uploads\/sites\/8\/2025\/11\/reuniao-de-10-de-novembro-de-2025.pdf\" class=\"mtli_attachment mtli_pdf\">Reuni\u00e3o de 10 de novembro de 2025<\/a><\/p>\n<p><a href=\"https:\/\/cmnordeste.pt\/publicacoes\/wp-content\/uploads\/sites\/8\/2025\/11\/deliberacoes-de-10-de-novembro-de-2025.pdf\" class=\"mtli_attachment mtli_pdf\">Delibera\u00e7\u00f5es de 10 de novembro de 2025<\/a><\/p>\n<p><a href=\"https:\/\/cmnordeste.pt\/publicacoes\/wp-content\/uploads\/sites\/8\/2025\/10\/deliberacoes-de-27-de-outubro-de-2025.pdf\" class=\"mtli_attachment mtli_pdf\">Delibera\u00e7\u00f5es de 27 de outubro de 2025<\/a><\/p>\n<p><a href=\"https:\/\/cmnordeste.pt\/publicacoes\/wp-content\/uploads\/sites\/8\/2025\/10\/deliberacoes-de-6-de-outubro-de-2025.pdf\" class=\"mtli_attachment mtli_pdf\">Delibera\u00e7\u00f5es de 6 de outubro de 2025<\/a><\/p>\n<p><a href=\"https:\/\/cmnordeste.pt\/publicacoes\/wp-content\/uploads\/sites\/8\/2025\/09\/deliberacoes-de-22-de-setembro-de-2025.pdf\" class=\"mtli_attachment mtli_pdf\">Delibera\u00e7\u00f5es de 22 de setembro de 2025<\/a><\/p>\n<p><a href=\"https:\/\/cmnordeste.pt\/publicacoes\/wp-content\/uploads\/sites\/8\/2025\/09\/deliberacoes-reuniao-de-5-de-setembro-de-2025.pdf\" class=\"mtli_attachment mtli_pdf\">Delibera\u00e7\u00f5es de 5 de setembro de 2025<\/a><\/p>\n<p><a href=\"https:\/\/cmnordeste.pt\/publicacoes\/wp-content\/uploads\/sites\/8\/2025\/08\/deliberacoes-tomadas-na-reuniao-da-camara-municipal-de-25-08-2025.pdf\" class=\"mtli_attachment mtli_pdf\">Delibera\u00e7\u00f5es de 25 de agosto de 2025<\/a><\/p>\n<p><a href=\"https:\/\/cmnordeste.pt\/publicacoes\/wp-content\/uploads\/sites\/8\/2025\/08\/20250812_deliberacao_edital-das-deliberacoes.pdf\" class=\"mtli_attachment mtli_pdf\">Delibera\u00e7\u00f5es de 11 de agosto de 2025<\/a><\/p>\n<p><a href=\"https:\/\/cmnordeste.pt\/publicacoes\/wp-content\/uploads\/sites\/8\/2025\/08\/20250728_deliberacao_deliberacoes-1.pdf\" class=\"mtli_attachment mtli_pdf\">Delibera\u00e7\u00f5es de 28 de julho de 2025<\/a><\/p>\n<p><a href=\"https:\/\/cmnordeste.pt\/publicacoes\/wp-content\/uploads\/sites\/8\/2025\/09\/deliberacoes-de-15-de-julho-de-2025.pdf\" class=\"mtli_attachment mtli_pdf\">Delibera\u00e7\u00f5es de 15 de julho de 2025<\/a><\/p>\n<p><a href=\"https:\/\/cmnordeste.pt\/publicacoes\/wp-content\/uploads\/sites\/8\/2025\/07\/deliberacoes-de-23-de-junho-1.pdf\" class=\"mtli_attachment mtli_pdf\">Delibera\u00e7\u00f5es de 23 de junho de 2025<\/a><\/p>\n<p><a href=\"https:\/\/cmnordeste.pt\/publicacoes\/wp-content\/uploads\/sites\/8\/2025\/06\/deliberacoes-da-reuniao-de-16-de-junho-de-2025.pdf\" class=\"mtli_attachment mtli_pdf\">Delibera\u00e7\u00f5es de 16 de junho de 2025<\/a><\/p>\n<p><a href=\"https:\/\/cmnordeste.pt\/publicacoes\/wp-content\/uploads\/sites\/8\/2025\/09\/deliberacoes-de-2-de-junho-de-2025.pdf\" class=\"mtli_attachment mtli_pdf\">Delibera\u00e7\u00f5es de 2 de junho de 2025<\/a><\/p>\n<p><a href=\"https:\/\/cmnordeste.pt\/publicacoes\/wp-content\/uploads\/sites\/8\/2025\/05\/deliberacoes-de-19-de-maio-de-2025.pdf\" class=\"mtli_attachment mtli_pdf\">Delibera\u00e7\u00f5es de 19 de maio de 2025<\/a><\/p>\n<p><a href=\"https:\/\/cmnordeste.pt\/publicacoes\/wp-content\/uploads\/sites\/8\/2025\/05\/deliberacoes-de-7-de-maio-de-2025.pdf\" class=\"mtli_attachment mtli_pdf\">Delibera\u00e7\u00f5es de 7 de maio de 2025<\/a><\/p>\n<p><a href=\"https:\/\/cmnordeste.pt\/publicacoes\/wp-content\/uploads\/sites\/8\/2025\/04\/deliberacoes-reuniao-de-21-de-abril-de-2025.pdf\" class=\"mtli_attachment mtli_pdf\">Delibera\u00e7\u00f5es de\u00a0 21 de abril de 2025<\/a><\/p>\n<p><a href=\"https:\/\/cmnordeste.pt\/publicacoes\/wp-content\/uploads\/sites\/8\/2025\/04\/20250407_outros_edital-deliberacoes.pdf\" class=\"mtli_attachment mtli_pdf\">Delibera\u00e7\u00f5es de 7 de abril de 2025<\/a><\/p>\n<p><a href=\"https:\/\/cmnordeste.pt\/publicacoes\/wp-content\/uploads\/sites\/8\/2025\/03\/20250324_outros_edital-deliberacoes.pdf\" class=\"mtli_attachment mtli_pdf\">\u00a0Delibera\u00e7\u00f5es de 24 de mar\u00e7o de 2025<\/a><\/p>\n<p><a href=\"https:\/\/cmnordeste.pt\/publicacoes\/wp-content\/uploads\/sites\/8\/2025\/03\/deliberacoes-de-10-de-marco-de-2025.pdf\" class=\"mtli_attachment mtli_pdf\">Delibera\u00e7\u00f5es de 10 de mar\u00e7o de 2025<\/a><\/p>\n<p><a href=\"https:\/\/cmnordeste.pt\/publicacoes\/wp-content\/uploads\/sites\/8\/2025\/02\/deliberacoes-de-21-de-fevereiro-de-2025.pdf\" class=\"mtli_attachment mtli_pdf\">Delibera\u00e7\u00f5es de 21 de fevereiro de 2025<\/a><\/p>\n<p><a href=\"https:\/\/cmnordeste.pt\/publicacoes\/wp-content\/uploads\/sites\/8\/2025\/02\/deliberacoes-de-10-de-fevereiro-de-2025.pdf\" class=\"mtli_attachment mtli_pdf\">Delibera\u00e7\u00f5es de 10 de fevereiro de 2025<\/a><\/p>\n<p><a href=\"https:\/\/cmnordeste.pt\/publicacoes\/wp-content\/uploads\/sites\/8\/2025\/01\/deliberacoes-de-27-de-janeiro-de-2025.pdf\" class=\"mtli_attachment mtli_pdf\">Delibera\u00e7\u00f5es de 27 de janeiro de 2025<\/a><\/p>\n<p><a href=\"https:\/\/cmnordeste.pt\/publicacoes\/wp-content\/uploads\/sites\/8\/2025\/01\/deliberacoes-de-13-de-janeiro-de-2025.pdf\" class=\"mtli_attachment mtli_pdf\">Delibera\u00e7\u00f5es de 13 de janeiro de 2025<\/a><\/p>\n<p>&nbsp;<\/p>\n","protected":false},"excerpt":{"rendered":"<p>Delibera\u00e7\u00f5es de 13 de abril de 2026 Delibera\u00e7\u00f5es de 30 de mar\u00e7o de 2026 Delibera\u00e7\u00f5es de 16 de mar\u00e7o de 2026 Delibera\u00e7\u00f5es de 2 de mar\u00e7o de 2026 Delibera\u00e7\u00f5es de 13 de fevereiro de 2026 Delibera\u00e7\u00f5es de 2 de fevereiro de 2026 Delibera\u00e7\u00f5es de 19 de janeiro de 2026 Delibera\u00e7\u00f5es de 5 de janeiro de [&hellip;]<\/p>\n","protected":false},"author":1,"featured_media":119,"parent":23,"menu_order":23,"comment_status":"closed","ping_status":"closed","template":"page-publicacoes.php","meta":{"_acf_changed":false,"footnotes":""},"class_list":["post-28","page","type-page","status-publish","has-post-thumbnail","hentry"],"acf":[],"yoast_head":"<!-- This site is optimized with the Yoast SEO plugin v27.2 - https:\/\/yoast.com\/product\/yoast-seo-wordpress\/ -->\n<title>Reuni\u00f5es de C\u00e2mara - Delibera\u00e7\u00f5es - Publica\u00e7\u00f5es<\/title>\n<meta name=\"robots\" content=\"index, follow, max-snippet:-1, max-image-preview:large, max-video-preview:-1\" \/>\n<link rel=\"canonical\" href=\"https:\/\/cmnordeste.pt\/publicacoes\/reunioes-de-camara\/reunioes-de-camara-deliberacoes\/\" \/>\n<meta property=\"og:locale\" content=\"pt_PT\" \/>\n<meta property=\"og:type\" content=\"article\" \/>\n<meta property=\"og:title\" content=\"Reuni\u00f5es de C\u00e2mara - Delibera\u00e7\u00f5es - Publica\u00e7\u00f5es\" \/>\n<meta property=\"og:description\" content=\"Delibera\u00e7\u00f5es de 13 de abril de 2026 Delibera\u00e7\u00f5es de 30 de mar\u00e7o de 2026 Delibera\u00e7\u00f5es de 16 de mar\u00e7o de 2026 Delibera\u00e7\u00f5es de 2 de mar\u00e7o de 2026 Delibera\u00e7\u00f5es de 13 de fevereiro de 2026 Delibera\u00e7\u00f5es de 2 de fevereiro de 2026 Delibera\u00e7\u00f5es de 19 de janeiro de 2026 Delibera\u00e7\u00f5es de 5 de janeiro de [&hellip;]\" \/>\n<meta property=\"og:url\" content=\"https:\/\/cmnordeste.pt\/publicacoes\/reunioes-de-camara\/reunioes-de-camara-deliberacoes\/\" \/>\n<meta property=\"og:site_name\" content=\"Publica\u00e7\u00f5es\" \/>\n<meta property=\"article:modified_time\" content=\"2026-04-16T09:21:11+00:00\" \/>\n<meta property=\"og:image\" content=\"https:\/\/cmnordeste.pt\/publicacoes\/wp-content\/uploads\/sites\/8\/2019\/05\/Depositphotos_141712642_xl-2015-1920x1080.jpg\" \/>\n\t<meta property=\"og:image:width\" content=\"1920\" \/>\n\t<meta property=\"og:image:height\" content=\"1280\" \/>\n\t<meta property=\"og:image:type\" content=\"image\/jpeg\" \/>\n<meta name=\"twitter:card\" content=\"summary_large_image\" \/>\n<meta name=\"twitter:label1\" content=\"Tempo estimado de leitura\" \/>\n\t<meta name=\"twitter:data1\" content=\"1 minuto\" \/>\n<script type=\"application\/ld+json\" class=\"yoast-schema-graph\">{\"@context\":\"https:\/\/schema.org\",\"@graph\":[{\"@type\":\"WebPage\",\"@id\":\"https:\/\/cmnordeste.pt\/publicacoes\/reunioes-de-camara\/reunioes-de-camara-deliberacoes\/\",\"url\":\"https:\/\/cmnordeste.pt\/publicacoes\/reunioes-de-camara\/reunioes-de-camara-deliberacoes\/\",\"name\":\"Reuni\u00f5es de C\u00e2mara - Delibera\u00e7\u00f5es - Publica\u00e7\u00f5es\",\"isPartOf\":{\"@id\":\"https:\/\/cmnordeste.pt\/publicacoes\/#website\"},\"primaryImageOfPage\":{\"@id\":\"https:\/\/cmnordeste.pt\/publicacoes\/reunioes-de-camara\/reunioes-de-camara-deliberacoes\/#primaryimage\"},\"image\":{\"@id\":\"https:\/\/cmnordeste.pt\/publicacoes\/reunioes-de-camara\/reunioes-de-camara-deliberacoes\/#primaryimage\"},\"thumbnailUrl\":\"https:\/\/cmnordeste.pt\/publicacoes\/wp-content\/uploads\/sites\/8\/2019\/05\/Depositphotos_141712642_xl-2015-1920x1080.jpg\",\"datePublished\":\"2026-04-16T09:20:21+00:00\",\"dateModified\":\"2026-04-16T09:21:11+00:00\",\"breadcrumb\":{\"@id\":\"https:\/\/cmnordeste.pt\/publicacoes\/reunioes-de-camara\/reunioes-de-camara-deliberacoes\/#breadcrumb\"},\"inLanguage\":\"pt-PT\",\"potentialAction\":[{\"@type\":\"ReadAction\",\"target\":[\"https:\/\/cmnordeste.pt\/publicacoes\/reunioes-de-camara\/reunioes-de-camara-deliberacoes\/\"]}]},{\"@type\":\"ImageObject\",\"inLanguage\":\"pt-PT\",\"@id\":\"https:\/\/cmnordeste.pt\/publicacoes\/reunioes-de-camara\/reunioes-de-camara-deliberacoes\/#primaryimage\",\"url\":\"https:\/\/cmnordeste.pt\/publicacoes\/wp-content\/uploads\/sites\/8\/2019\/05\/Depositphotos_141712642_xl-2015-1920x1080.jpg\",\"contentUrl\":\"https:\/\/cmnordeste.pt\/publicacoes\/wp-content\/uploads\/sites\/8\/2019\/05\/Depositphotos_141712642_xl-2015-1920x1080.jpg\",\"width\":1920,\"height\":1280,\"caption\":\"Delibera\u00e7\u00f5es\"},{\"@type\":\"BreadcrumbList\",\"@id\":\"https:\/\/cmnordeste.pt\/publicacoes\/reunioes-de-camara\/reunioes-de-camara-deliberacoes\/#breadcrumb\",\"itemListElement\":[{\"@type\":\"ListItem\",\"position\":1,\"name\":\"In\u00edcio\",\"item\":\"https:\/\/cmnordeste.pt\/publicacoes\/\"},{\"@type\":\"ListItem\",\"position\":2,\"name\":\"Reuni\u00f5es de C\u00e2mara\",\"item\":\"https:\/\/cmnordeste.pt\/publicacoes\/reunioes-de-camara\/\"},{\"@type\":\"ListItem\",\"position\":3,\"name\":\"Reuni\u00f5es de C\u00e2mara &#8211; Delibera\u00e7\u00f5es\"}]},{\"@type\":\"WebSite\",\"@id\":\"https:\/\/cmnordeste.pt\/publicacoes\/#website\",\"url\":\"https:\/\/cmnordeste.pt\/publicacoes\/\",\"name\":\"Publica\u00e7\u00f5es\",\"description\":\"Publica\u00e7\u00f5es do Munic\u00edpio de Nordeste\",\"potentialAction\":[{\"@type\":\"SearchAction\",\"target\":{\"@type\":\"EntryPoint\",\"urlTemplate\":\"https:\/\/cmnordeste.pt\/publicacoes\/?s={search_term_string}\"},\"query-input\":{\"@type\":\"PropertyValueSpecification\",\"valueRequired\":true,\"valueName\":\"search_term_string\"}}],\"inLanguage\":\"pt-PT\"}]}<\/script>\n<!-- \/ Yoast SEO plugin. -->","yoast_head_json":{"title":"Reuni\u00f5es de C\u00e2mara - Delibera\u00e7\u00f5es - Publica\u00e7\u00f5es","robots":{"index":"index","follow":"follow","max-snippet":"max-snippet:-1","max-image-preview":"max-image-preview:large","max-video-preview":"max-video-preview:-1"},"canonical":"https:\/\/cmnordeste.pt\/publicacoes\/reunioes-de-camara\/reunioes-de-camara-deliberacoes\/","og_locale":"pt_PT","og_type":"article","og_title":"Reuni\u00f5es de C\u00e2mara - Delibera\u00e7\u00f5es - Publica\u00e7\u00f5es","og_description":"Delibera\u00e7\u00f5es de 13 de abril de 2026 Delibera\u00e7\u00f5es de 30 de mar\u00e7o de 2026 Delibera\u00e7\u00f5es de 16 de mar\u00e7o de 2026 Delibera\u00e7\u00f5es de 2 de mar\u00e7o de 2026 Delibera\u00e7\u00f5es de 13 de fevereiro de 2026 Delibera\u00e7\u00f5es de 2 de fevereiro de 2026 Delibera\u00e7\u00f5es de 19 de janeiro de 2026 Delibera\u00e7\u00f5es de 5 de janeiro de [&hellip;]","og_url":"https:\/\/cmnordeste.pt\/publicacoes\/reunioes-de-camara\/reunioes-de-camara-deliberacoes\/","og_site_name":"Publica\u00e7\u00f5es","article_modified_time":"2026-04-16T09:21:11+00:00","og_image":[{"width":1920,"height":1280,"url":"https:\/\/cmnordeste.pt\/publicacoes\/wp-content\/uploads\/sites\/8\/2019\/05\/Depositphotos_141712642_xl-2015-1920x1080.jpg","type":"image\/jpeg"}],"twitter_card":"summary_large_image","twitter_misc":{"Tempo estimado de leitura":"1 minuto"},"schema":{"@context":"https:\/\/schema.org","@graph":[{"@type":"WebPage","@id":"https:\/\/cmnordeste.pt\/publicacoes\/reunioes-de-camara\/reunioes-de-camara-deliberacoes\/","url":"https:\/\/cmnordeste.pt\/publicacoes\/reunioes-de-camara\/reunioes-de-camara-deliberacoes\/","name":"Reuni\u00f5es de C\u00e2mara - Delibera\u00e7\u00f5es - Publica\u00e7\u00f5es","isPartOf":{"@id":"https:\/\/cmnordeste.pt\/publicacoes\/#website"},"primaryImageOfPage":{"@id":"https:\/\/cmnordeste.pt\/publicacoes\/reunioes-de-camara\/reunioes-de-camara-deliberacoes\/#primaryimage"},"image":{"@id":"https:\/\/cmnordeste.pt\/publicacoes\/reunioes-de-camara\/reunioes-de-camara-deliberacoes\/#primaryimage"},"thumbnailUrl":"https:\/\/cmnordeste.pt\/publicacoes\/wp-content\/uploads\/sites\/8\/2019\/05\/Depositphotos_141712642_xl-2015-1920x1080.jpg","datePublished":"2026-04-16T09:20:21+00:00","dateModified":"2026-04-16T09:21:11+00:00","breadcrumb":{"@id":"https:\/\/cmnordeste.pt\/publicacoes\/reunioes-de-camara\/reunioes-de-camara-deliberacoes\/#breadcrumb"},"inLanguage":"pt-PT","potentialAction":[{"@type":"ReadAction","target":["https:\/\/cmnordeste.pt\/publicacoes\/reunioes-de-camara\/reunioes-de-camara-deliberacoes\/"]}]},{"@type":"ImageObject","inLanguage":"pt-PT","@id":"https:\/\/cmnordeste.pt\/publicacoes\/reunioes-de-camara\/reunioes-de-camara-deliberacoes\/#primaryimage","url":"https:\/\/cmnordeste.pt\/publicacoes\/wp-content\/uploads\/sites\/8\/2019\/05\/Depositphotos_141712642_xl-2015-1920x1080.jpg","contentUrl":"https:\/\/cmnordeste.pt\/publicacoes\/wp-content\/uploads\/sites\/8\/2019\/05\/Depositphotos_141712642_xl-2015-1920x1080.jpg","width":1920,"height":1280,"caption":"Delibera\u00e7\u00f5es"},{"@type":"BreadcrumbList","@id":"https:\/\/cmnordeste.pt\/publicacoes\/reunioes-de-camara\/reunioes-de-camara-deliberacoes\/#breadcrumb","itemListElement":[{"@type":"ListItem","position":1,"name":"In\u00edcio","item":"https:\/\/cmnordeste.pt\/publicacoes\/"},{"@type":"ListItem","position":2,"name":"Reuni\u00f5es de C\u00e2mara","item":"https:\/\/cmnordeste.pt\/publicacoes\/reunioes-de-camara\/"},{"@type":"ListItem","position":3,"name":"Reuni\u00f5es de C\u00e2mara &#8211; Delibera\u00e7\u00f5es"}]},{"@type":"WebSite","@id":"https:\/\/cmnordeste.pt\/publicacoes\/#website","url":"https:\/\/cmnordeste.pt\/publicacoes\/","name":"Publica\u00e7\u00f5es","description":"Publica\u00e7\u00f5es do Munic\u00edpio de Nordeste","potentialAction":[{"@type":"SearchAction","target":{"@type":"EntryPoint","urlTemplate":"https:\/\/cmnordeste.pt\/publicacoes\/?s={search_term_string}"},"query-input":{"@type":"PropertyValueSpecification","valueRequired":true,"valueName":"search_term_string"}}],"inLanguage":"pt-PT"}]}},"_links":{"self":[{"href":"https:\/\/cmnordeste.pt\/publicacoes\/wp-json\/wp\/v2\/pages\/28","targetHints":{"allow":["GET"]}}],"collection":[{"href":"https:\/\/cmnordeste.pt\/publicacoes\/wp-json\/wp\/v2\/pages"}],"about":[{"href":"https:\/\/cmnordeste.pt\/publicacoes\/wp-json\/wp\/v2\/types\/page"}],"author":[{"embeddable":true,"href":"https:\/\/cmnordeste.pt\/publicacoes\/wp-json\/wp\/v2\/users\/1"}],"replies":[{"embeddable":true,"href":"https:\/\/cmnordeste.pt\/publicacoes\/wp-json\/wp\/v2\/comments?post=28"}],"version-history":[{"count":49,"href":"https:\/\/cmnordeste.pt\/publicacoes\/wp-json\/wp\/v2\/pages\/28\/revisions"}],"predecessor-version":[{"id":6483,"href":"https:\/\/cmnordeste.pt\/publicacoes\/wp-json\/wp\/v2\/pages\/28\/revisions\/6483"}],"up":[{"embeddable":true,"href":"https:\/\/cmnordeste.pt\/publicacoes\/wp-json\/wp\/v2\/pages\/23"}],"wp:featuredmedia":[{"embeddable":true,"href":"https:\/\/cmnordeste.pt\/publicacoes\/wp-json\/wp\/v2\/media\/119"}],"wp:attachment":[{"href":"https:\/\/cmnordeste.pt\/publicacoes\/wp-json\/wp\/v2\/media?parent=28"}],"curies":[{"name":"wp","href":"https:\/\/api.w.org\/{rel}","templated":true}]}}