{"id":46,"date":"2026-03-20T09:20:35","date_gmt":"2026-03-20T09:20:35","guid":{"rendered":"https:\/\/cmnordeste.pt\/publicacoes\/?page_id=46"},"modified":"2026-03-20T10:29:13","modified_gmt":"2026-03-20T10:29:13","slug":"regulamentos","status":"publish","type":"page","link":"https:\/\/cmnordeste.pt\/publicacoes\/regulamentos\/","title":{"rendered":"Regulamentos"},"content":{"rendered":"<p style=\"text-align: center\"><strong>Taxa Tur\u00edstica do Munic\u00edpio do Nordeste<\/strong><\/p>\n<p>Aprova\u00e7\u00e3o do Regulamento &#8211; Di\u00e1rio da Rep\u00fablica de 8 de maio de 2025<\/p>\n<p><a href=\"https:\/\/cmnordeste.pt\/publicacoes\/wp-content\/uploads\/sites\/8\/2025\/05\/regulamento-de-criacao-e-aplicacao-da-taxa-turisitica-para-o-municipio-do-nordeste.pdf\" class=\"mtli_attachment mtli_pdf\">Regulamento de Cria\u00e7\u00e3o e Aplica\u00e7\u00e3o da Taxa Tur\u00edstica para o Munic\u00edpio do Nordeste<\/a><\/p>\n<p style=\"text-align: center\"><strong>Outros Regulamentos<\/strong><\/p>\n<p><a href=\"https:\/\/cmnordeste.pt\/publicacoes\/wp-content\/uploads\/sites\/8\/2026\/03\/regulamento-relativo-as-instrucoes-tecnicas-aplicaveis-a-implantacao-de-pontos-de-acesso-sem-fios-de-area-reduzida.pdf\" class=\"mtli_attachment mtli_pdf\">Regulamento Relativo \u00e0s Instru\u00e7\u00f5es T\u00e9cnicas Aplic\u00e1veis \u00e0 Implanta\u00e7\u00e3o de Pontos de Acesso Sem Fios de \u00c1rea Reduzida<\/a><\/p>\n<p><a href=\"https:\/\/cmnordeste.pt\/publicacoes\/wp-content\/uploads\/sites\/8\/2025\/05\/regulamaneto-de-utilizacao-e-funcionamento-do-campo-municipal-do-nordeste.pdf\" class=\"mtli_attachment mtli_pdf\">Regulamaneto de Utiliza\u00e7\u00e3o e Funcionamento do Campo Municipal do Nordeste<\/a><\/p>\n<p><a href=\"https:\/\/cmnordeste.pt\/publicacoes\/wp-content\/uploads\/sites\/8\/2025\/03\/regulamento-municipal-de-aoio-as-atividades-desportivas-2025.pdf\" class=\"mtli_attachment mtli_pdf\">Regulamento Municipal de Apoio \u00e0s Atividades Desportivas <\/a><\/p>\n<p><a href=\"https:\/\/cmnordeste.pt\/publicacoes\/wp-content\/uploads\/sites\/8\/2025\/01\/regulamento-zona-industrial-do-nordeste.pdf\" class=\"mtli_attachment mtli_pdf\">Regulamento Zona Industrial do Nordeste<\/a><\/p>\n<p><a href=\"https:\/\/cmnordeste.pt\/publicacoes\/wp-content\/uploads\/sites\/8\/2025\/01\/regulamento-de-apoio-a-mobilidade-e-intercambio-cultural.pdf\" class=\"mtli_attachment mtli_pdf\">Regulamento de Apoio \u00e0 Mobilidade e Interc\u00e2mbio Cultural<\/a><\/p>\n<p><a href=\"https:\/\/cmnordeste.pt\/publicacoes\/wp-content\/uploads\/sites\/8\/2024\/05\/normas-para-concessao-de-espacos-no-recinto-e-envolvente-das-festa-do-concelho.pdf\" class=\"mtli_attachment mtli_pdf\">Normas para Concess\u00e3o de Espa\u00e7os no Recinto e Envolvente da Festa do Concelho<\/a><\/p>\n<p><a href=\"https:\/\/cmnordeste.pt\/publicacoes\/wp-content\/uploads\/sites\/8\/2024\/05\/regulamento-de-acesso-ao-recintos-das-festas-concelhias-do-municipio-do-nordeste.pdf\" class=\"mtli_attachment mtli_pdf\">Regulamento de Acesso ao Recintos das Festas Concelhias do Munic\u00edpio do Nordeste<\/a><\/p>\n<p><a href=\"https:\/\/cmnordeste.pt\/publicacoes\/wp-content\/uploads\/sites\/8\/2024\/05\/norma-de-controlo-interno-cmn-2024-site-1.pdf\" class=\"mtli_attachment mtli_pdf\">Norma de Controlo Interno CMN 2024<\/a><\/p>\n<p><a href=\"https:\/\/cmnordeste.pt\/publicacoes\/wp-content\/uploads\/sites\/8\/2023\/05\/regulamento-do-transporte-publico-de-aluguer-em-veiculos-automoveis-ligeiros-de-passageiros.pdf\" class=\"mtli_attachment mtli_pdf\">Regulamento do Transporte P\u00fablico de Aluguer em Ve\u00edculos Autom\u00f3veis Ligeiros de Passageiros<\/a><\/p>\n<p><a href=\"https:\/\/cmnordeste.pt\/publicacoes\/wp-content\/uploads\/sites\/8\/2021\/09\/codigo-de-boa-conduta-para-a-prevencao-e-combate-ao-assedio-no-trabalho.pdf\" class=\"mtli_attachment mtli_pdf\">C\u00f3digo de Boa Conduta para a Preven\u00e7\u00e3o e Combate ao Ass\u00e9dio no Trabalho<\/a><\/p>\n<p><a href=\"https:\/\/cmnordeste.pt\/publicacoes\/wp-content\/uploads\/sites\/8\/2019\/05\/regulamento-no-453-2019-aguas-residuais.pdf\" class=\"mtli_attachment mtli_pdf\">Regulamento n\u00ba 453-2019 &#8211; \u00c1guas Residuais<\/a><\/p>\n<p><a href=\"https:\/\/cmnordeste.pt\/publicacoes\/wp-content\/uploads\/sites\/8\/2019\/05\/regulamento-no-452-2019-servico-de-gestao-de-residuos.pdf\" class=\"mtli_attachment mtli_pdf\">Regulamento n\u00ba 452-2019 &#8211; Servi\u00e7o de Gest\u00e3o de Res\u00edduos<\/a><\/p>\n<p><a href=\"https:\/\/cmnordeste.pt\/publicacoes\/wp-content\/uploads\/sites\/8\/2019\/05\/regulamento-no-448-2019-abastecimento-publico-de-agua.pdf\" class=\"mtli_attachment mtli_pdf\">Regulamento n\u00ba 448-2019 &#8211; Abastecimento P\u00fablico de \u00c1gua<\/a><\/p>\n<p><a href=\"https:\/\/cmnordeste.pt\/municipio\/wp-content\/uploads\/sites\/3\/2014\/12\/Regulamento-de-Publicidade-da-C\u00e2mara-Municipal-de-Nordeste.pdf\" class=\"mtli_attachment mtli_pdf\" rel=\"\">Regulamento de Publicidade da C\u00e2mara Municipal de Nordeste<\/a><\/p>\n<p><a href=\"https:\/\/cmnordeste.pt\/municipio\/wp-content\/uploads\/sites\/3\/2014\/12\/Regulamento-Municipal-de-Posturas-Tr\u00e2nsito-e-Estacionamento-do-Concelho-do-Nordeste.pdf\" class=\"mtli_attachment mtli_pdf\" rel=\"\">Regulamento Municipal Posturas, Tr\u00e2nsito e Estacionamento Concelho Nordeste<\/a><\/p>\n<p><a href=\"https:\/\/cmnordeste.pt\/municipio\/wp-content\/uploads\/sites\/3\/2014\/12\/Regulamento-do-Banco-de-Ajudas-T\u00e9cnicas.pdf\" class=\"mtli_attachment mtli_pdf\">Regulamento do Banco de Ajudas T\u00e9cnicas<\/a><\/p>\n<p><a href=\"https:\/\/cmnordeste.pt\/municipio\/wp-content\/uploads\/sites\/3\/2014\/12\/Regulamento-Municipal-da-Urbaniza\u00e7\u00e3o-e-Edifica\u00e7\u00e3o.pdf\" class=\"mtli_attachment mtli_pdf\">Regulamento Municipal da Urbaniza\u00e7\u00e3o e Edifica\u00e7\u00e3o<\/a><\/p>\n<p><a href=\"https:\/\/cmnordeste.pt\/municipio\/wp-content\/uploads\/sites\/3\/2014\/12\/parque_campismo_1.pdf\" class=\"mtli_attachment mtli_pdf\">Parque de Campismo<\/a><\/p>\n<p><a href=\"https:\/\/cmnordeste.pt\/municipio\/wp-content\/uploads\/sites\/3\/2014\/12\/codigo_posturas_municipais.pdf\" class=\"mtli_attachment mtli_pdf\">C\u00f3digo Posturas Municipais<\/a><\/p>\n<p><a href=\"https:\/\/cmnordeste.pt\/municipio\/wp-content\/uploads\/sites\/3\/2014\/12\/cemiterio_municipal_16_08_2007.pdf\" class=\"mtli_attachment mtli_pdf\">Cemit\u00e9rio Municipal<\/a><\/p>\n<p><a href=\"https:\/\/cmnordeste.pt\/municipio\/wp-content\/uploads\/sites\/3\/2014\/12\/Regulamento-da-Comiss\u00e3o-Municipal-de-Tr\u00e2nsito-do-Concelho-do-Nordeste.pdf\" class=\"mtli_attachment mtli_pdf\">Regulamento da Comiss\u00e3o Municipal de Tr\u00e2nsito do Concelho do Nordeste<\/a><\/p>\n<p><a href=\"https:\/\/cmnordeste.pt\/municipio\/wp-content\/uploads\/sites\/3\/2014\/12\/201_regulamento_flores_plantas_plantios.pdf\" class=\"mtli_attachment mtli_pdf\">Regulamento de Ced\u00eancia de Plantas, Flores e Plantios do Concelho de Nordeste<\/a><\/p>\n<p><a href=\"https:\/\/cmnordeste.pt\/municipio\/wp-content\/uploads\/sites\/3\/2014\/12\/197_regulamento_instalacoes_e_funcionamento_recintos_espectaculos.pdf\" class=\"mtli_attachment mtli_pdf\">Instala\u00e7\u00e3o e funcionamento de recintos de espet\u00e1culos e divertimentos p\u00fablicos<\/a><\/p>\n<p><a href=\"https:\/\/cmnordeste.pt\/publicacoes\/wp-content\/uploads\/sites\/8\/2024\/08\/regulamento-de-atribuicao-de-apoios-as-instituicoes-da-carater-recreativo-cultural-religioso-social-e-outras-do-concelho-do-nordeste.pdf\" class=\"mtli_attachment mtli_pdf\">Regulamento de Atribui\u00e7\u00e3o de Apoios \u00e0s Institui\u00e7\u00f5es da Car\u00e1ter Recreativo, Cultural, Religioso, Social e outras do Concelho do Nordeste<\/a><\/p>\n<p><a href=\"https:\/\/cmnordeste.pt\/publicacoes\/wp-content\/uploads\/sites\/8\/2024\/08\/Ficha-de-candidatura.doc\" class=\"mtli_attachment mtli_doc\">Ficha de candidatura Apoio a Institui\u00e7\u00f5es de Car\u00e1ter Recreativo, Cultural, Religioso, Social e Outras<\/a><\/p>\n<p><a href=\"https:\/\/cmnordeste.pt\/municipio\/wp-content\/uploads\/sites\/3\/2014\/12\/16_regulamento_quiosques_publicos_19_03_2010.pdf\" class=\"mtli_attachment mtli_pdf\">Regulamento para Explora\u00e7\u00e3o de Quiosques na Via P\u00fablica<\/a><\/p>\n<h2>Venda ambulante e feiras<\/h2>\n<p><a href=\"https:\/\/cmnordeste.pt\/municipio\/wp-content\/uploads\/sites\/3\/2014\/12\/Regulamento-Com\u00e9rcio-a-Retalho-N\u00e3o-Sedent\u00e1rio.pdf\" class=\"mtli_attachment mtli_pdf\" rel=\"\">Regulamento Com\u00e9rcio a Retalho N\u00e3o Sedent\u00e1rio<\/a><\/p>\n<p><a href=\"https:\/\/cmnordeste.pt\/municipio\/wp-content\/uploads\/sites\/3\/2014\/12\/Anexo-I1.pdf\" class=\"mtli_attachment mtli_pdf\">Anexo I<\/a><br \/>\n<a href=\"https:\/\/cmnordeste.pt\/municipio\/wp-content\/uploads\/sites\/3\/2014\/12\/Anexo-III-pagina-1.pdf\" class=\"mtli_attachment mtli_pdf\">Anexo III pagina 1<\/a><br \/>\n<a href=\"https:\/\/cmnordeste.pt\/municipio\/wp-content\/uploads\/sites\/3\/2014\/12\/Anexo-III-pagina-2.pdf\" class=\"mtli_attachment mtli_pdf\">Anexo III pagina 2<\/a><br \/>\n<a href=\"https:\/\/cmnordeste.pt\/municipio\/wp-content\/uploads\/sites\/3\/2014\/12\/Anexo-III-pagina-3.pdf\" class=\"mtli_attachment mtli_pdf\">Anexo III pagina 3<\/a><\/p>\n","protected":false},"excerpt":{"rendered":"<p>Taxa Tur\u00edstica do Munic\u00edpio do Nordeste Aprova\u00e7\u00e3o do Regulamento &#8211; Di\u00e1rio da Rep\u00fablica de 8 de maio de 2025 Regulamento de Cria\u00e7\u00e3o e Aplica\u00e7\u00e3o da Taxa Tur\u00edstica para o Munic\u00edpio do Nordeste Outros Regulamentos Regulamento Relativo \u00e0s Instru\u00e7\u00f5es T\u00e9cnicas Aplic\u00e1veis \u00e0 Implanta\u00e7\u00e3o de Pontos de Acesso Sem Fios de \u00c1rea Reduzida Regulamaneto de Utiliza\u00e7\u00e3o e [&hellip;]<\/p>\n","protected":false},"author":1,"featured_media":188,"parent":0,"menu_order":63,"comment_status":"closed","ping_status":"closed","template":"page-publicacoes.php","meta":{"_acf_changed":false,"footnotes":""},"class_list":["post-46","page","type-page","status-publish","has-post-thumbnail","hentry"],"acf":[],"yoast_head":"<!-- This site is optimized with the Yoast SEO plugin v27.4 - https:\/\/yoast.com\/product\/yoast-seo-wordpress\/ -->\n<title>Regulamentos - Publica\u00e7\u00f5es<\/title>\n<meta name=\"robots\" content=\"index, follow, max-snippet:-1, max-image-preview:large, max-video-preview:-1\" \/>\n<link rel=\"canonical\" href=\"https:\/\/cmnordeste.pt\/publicacoes\/regulamentos\/\" \/>\n<meta property=\"og:locale\" content=\"pt_PT\" \/>\n<meta property=\"og:type\" content=\"article\" \/>\n<meta property=\"og:title\" content=\"Regulamentos - Publica\u00e7\u00f5es\" \/>\n<meta property=\"og:description\" content=\"Taxa Tur\u00edstica do Munic\u00edpio do Nordeste Aprova\u00e7\u00e3o do Regulamento &#8211; Di\u00e1rio da Rep\u00fablica de 8 de maio de 2025 Regulamento de Cria\u00e7\u00e3o e Aplica\u00e7\u00e3o da Taxa Tur\u00edstica para o Munic\u00edpio do Nordeste Outros Regulamentos Regulamento Relativo \u00e0s Instru\u00e7\u00f5es T\u00e9cnicas Aplic\u00e1veis \u00e0 Implanta\u00e7\u00e3o de Pontos de Acesso Sem Fios de \u00c1rea Reduzida Regulamaneto de Utiliza\u00e7\u00e3o e [&hellip;]\" \/>\n<meta property=\"og:url\" content=\"https:\/\/cmnordeste.pt\/publicacoes\/regulamentos\/\" \/>\n<meta property=\"og:site_name\" content=\"Publica\u00e7\u00f5es\" \/>\n<meta property=\"article:modified_time\" content=\"2026-03-20T10:29:13+00:00\" \/>\n<meta property=\"og:image\" content=\"https:\/\/cmnordeste.pt\/publicacoes\/wp-content\/uploads\/sites\/8\/2019\/05\/depositphotos_97936552_xl-2015-1920x1080.jpg\" \/>\n\t<meta property=\"og:image:width\" content=\"1920\" \/>\n\t<meta property=\"og:image:height\" content=\"1281\" \/>\n\t<meta property=\"og:image:type\" content=\"image\/jpeg\" \/>\n<meta name=\"twitter:card\" content=\"summary_large_image\" \/>\n<meta name=\"twitter:label1\" content=\"Tempo estimado de leitura\" \/>\n\t<meta name=\"twitter:data1\" content=\"2 minutos\" \/>\n<script type=\"application\/ld+json\" class=\"yoast-schema-graph\">{\"@context\":\"https:\\\/\\\/schema.org\",\"@graph\":[{\"@type\":\"WebPage\",\"@id\":\"https:\\\/\\\/cmnordeste.pt\\\/publicacoes\\\/regulamentos\\\/\",\"url\":\"https:\\\/\\\/cmnordeste.pt\\\/publicacoes\\\/regulamentos\\\/\",\"name\":\"Regulamentos - Publica\u00e7\u00f5es\",\"isPartOf\":{\"@id\":\"https:\\\/\\\/cmnordeste.pt\\\/publicacoes\\\/#website\"},\"primaryImageOfPage\":{\"@id\":\"https:\\\/\\\/cmnordeste.pt\\\/publicacoes\\\/regulamentos\\\/#primaryimage\"},\"image\":{\"@id\":\"https:\\\/\\\/cmnordeste.pt\\\/publicacoes\\\/regulamentos\\\/#primaryimage\"},\"thumbnailUrl\":\"https:\\\/\\\/cmnordeste.pt\\\/publicacoes\\\/wp-content\\\/uploads\\\/sites\\\/8\\\/2019\\\/05\\\/depositphotos_97936552_xl-2015-1920x1080.jpg\",\"datePublished\":\"2026-03-20T09:20:35+00:00\",\"dateModified\":\"2026-03-20T10:29:13+00:00\",\"breadcrumb\":{\"@id\":\"https:\\\/\\\/cmnordeste.pt\\\/publicacoes\\\/regulamentos\\\/#breadcrumb\"},\"inLanguage\":\"pt-PT\",\"potentialAction\":[{\"@type\":\"ReadAction\",\"target\":[\"https:\\\/\\\/cmnordeste.pt\\\/publicacoes\\\/regulamentos\\\/\"]}]},{\"@type\":\"ImageObject\",\"inLanguage\":\"pt-PT\",\"@id\":\"https:\\\/\\\/cmnordeste.pt\\\/publicacoes\\\/regulamentos\\\/#primaryimage\",\"url\":\"https:\\\/\\\/cmnordeste.pt\\\/publicacoes\\\/wp-content\\\/uploads\\\/sites\\\/8\\\/2019\\\/05\\\/depositphotos_97936552_xl-2015-1920x1080.jpg\",\"contentUrl\":\"https:\\\/\\\/cmnordeste.pt\\\/publicacoes\\\/wp-content\\\/uploads\\\/sites\\\/8\\\/2019\\\/05\\\/depositphotos_97936552_xl-2015-1920x1080.jpg\",\"width\":1920,\"height\":1281,\"caption\":\"Regulamentos\"},{\"@type\":\"BreadcrumbList\",\"@id\":\"https:\\\/\\\/cmnordeste.pt\\\/publicacoes\\\/regulamentos\\\/#breadcrumb\",\"itemListElement\":[{\"@type\":\"ListItem\",\"position\":1,\"name\":\"In\u00edcio\",\"item\":\"https:\\\/\\\/cmnordeste.pt\\\/publicacoes\\\/\"},{\"@type\":\"ListItem\",\"position\":2,\"name\":\"Regulamentos\"}]},{\"@type\":\"WebSite\",\"@id\":\"https:\\\/\\\/cmnordeste.pt\\\/publicacoes\\\/#website\",\"url\":\"https:\\\/\\\/cmnordeste.pt\\\/publicacoes\\\/\",\"name\":\"Publica\u00e7\u00f5es\",\"description\":\"Publica\u00e7\u00f5es do Munic\u00edpio de Nordeste\",\"potentialAction\":[{\"@type\":\"SearchAction\",\"target\":{\"@type\":\"EntryPoint\",\"urlTemplate\":\"https:\\\/\\\/cmnordeste.pt\\\/publicacoes\\\/?s={search_term_string}\"},\"query-input\":{\"@type\":\"PropertyValueSpecification\",\"valueRequired\":true,\"valueName\":\"search_term_string\"}}],\"inLanguage\":\"pt-PT\"}]}<\/script>\n<!-- \/ Yoast SEO plugin. -->","yoast_head_json":{"title":"Regulamentos - Publica\u00e7\u00f5es","robots":{"index":"index","follow":"follow","max-snippet":"max-snippet:-1","max-image-preview":"max-image-preview:large","max-video-preview":"max-video-preview:-1"},"canonical":"https:\/\/cmnordeste.pt\/publicacoes\/regulamentos\/","og_locale":"pt_PT","og_type":"article","og_title":"Regulamentos - Publica\u00e7\u00f5es","og_description":"Taxa Tur\u00edstica do Munic\u00edpio do Nordeste Aprova\u00e7\u00e3o do Regulamento &#8211; Di\u00e1rio da Rep\u00fablica de 8 de maio de 2025 Regulamento de Cria\u00e7\u00e3o e Aplica\u00e7\u00e3o da Taxa Tur\u00edstica para o Munic\u00edpio do Nordeste Outros Regulamentos Regulamento Relativo \u00e0s Instru\u00e7\u00f5es T\u00e9cnicas Aplic\u00e1veis \u00e0 Implanta\u00e7\u00e3o de Pontos de Acesso Sem Fios de \u00c1rea Reduzida Regulamaneto de Utiliza\u00e7\u00e3o e [&hellip;]","og_url":"https:\/\/cmnordeste.pt\/publicacoes\/regulamentos\/","og_site_name":"Publica\u00e7\u00f5es","article_modified_time":"2026-03-20T10:29:13+00:00","og_image":[{"width":1920,"height":1281,"url":"https:\/\/cmnordeste.pt\/publicacoes\/wp-content\/uploads\/sites\/8\/2019\/05\/depositphotos_97936552_xl-2015-1920x1080.jpg","type":"image\/jpeg"}],"twitter_card":"summary_large_image","twitter_misc":{"Tempo estimado de leitura":"2 minutos"},"schema":{"@context":"https:\/\/schema.org","@graph":[{"@type":"WebPage","@id":"https:\/\/cmnordeste.pt\/publicacoes\/regulamentos\/","url":"https:\/\/cmnordeste.pt\/publicacoes\/regulamentos\/","name":"Regulamentos - Publica\u00e7\u00f5es","isPartOf":{"@id":"https:\/\/cmnordeste.pt\/publicacoes\/#website"},"primaryImageOfPage":{"@id":"https:\/\/cmnordeste.pt\/publicacoes\/regulamentos\/#primaryimage"},"image":{"@id":"https:\/\/cmnordeste.pt\/publicacoes\/regulamentos\/#primaryimage"},"thumbnailUrl":"https:\/\/cmnordeste.pt\/publicacoes\/wp-content\/uploads\/sites\/8\/2019\/05\/depositphotos_97936552_xl-2015-1920x1080.jpg","datePublished":"2026-03-20T09:20:35+00:00","dateModified":"2026-03-20T10:29:13+00:00","breadcrumb":{"@id":"https:\/\/cmnordeste.pt\/publicacoes\/regulamentos\/#breadcrumb"},"inLanguage":"pt-PT","potentialAction":[{"@type":"ReadAction","target":["https:\/\/cmnordeste.pt\/publicacoes\/regulamentos\/"]}]},{"@type":"ImageObject","inLanguage":"pt-PT","@id":"https:\/\/cmnordeste.pt\/publicacoes\/regulamentos\/#primaryimage","url":"https:\/\/cmnordeste.pt\/publicacoes\/wp-content\/uploads\/sites\/8\/2019\/05\/depositphotos_97936552_xl-2015-1920x1080.jpg","contentUrl":"https:\/\/cmnordeste.pt\/publicacoes\/wp-content\/uploads\/sites\/8\/2019\/05\/depositphotos_97936552_xl-2015-1920x1080.jpg","width":1920,"height":1281,"caption":"Regulamentos"},{"@type":"BreadcrumbList","@id":"https:\/\/cmnordeste.pt\/publicacoes\/regulamentos\/#breadcrumb","itemListElement":[{"@type":"ListItem","position":1,"name":"In\u00edcio","item":"https:\/\/cmnordeste.pt\/publicacoes\/"},{"@type":"ListItem","position":2,"name":"Regulamentos"}]},{"@type":"WebSite","@id":"https:\/\/cmnordeste.pt\/publicacoes\/#website","url":"https:\/\/cmnordeste.pt\/publicacoes\/","name":"Publica\u00e7\u00f5es","description":"Publica\u00e7\u00f5es do Munic\u00edpio de Nordeste","potentialAction":[{"@type":"SearchAction","target":{"@type":"EntryPoint","urlTemplate":"https:\/\/cmnordeste.pt\/publicacoes\/?s={search_term_string}"},"query-input":{"@type":"PropertyValueSpecification","valueRequired":true,"valueName":"search_term_string"}}],"inLanguage":"pt-PT"}]}},"_links":{"self":[{"href":"https:\/\/cmnordeste.pt\/publicacoes\/wp-json\/wp\/v2\/pages\/46","targetHints":{"allow":["GET"]}}],"collection":[{"href":"https:\/\/cmnordeste.pt\/publicacoes\/wp-json\/wp\/v2\/pages"}],"about":[{"href":"https:\/\/cmnordeste.pt\/publicacoes\/wp-json\/wp\/v2\/types\/page"}],"author":[{"embeddable":true,"href":"https:\/\/cmnordeste.pt\/publicacoes\/wp-json\/wp\/v2\/users\/1"}],"replies":[{"embeddable":true,"href":"https:\/\/cmnordeste.pt\/publicacoes\/wp-json\/wp\/v2\/comments?post=46"}],"version-history":[{"count":12,"href":"https:\/\/cmnordeste.pt\/publicacoes\/wp-json\/wp\/v2\/pages\/46\/revisions"}],"predecessor-version":[{"id":6455,"href":"https:\/\/cmnordeste.pt\/publicacoes\/wp-json\/wp\/v2\/pages\/46\/revisions\/6455"}],"wp:featuredmedia":[{"embeddable":true,"href":"https:\/\/cmnordeste.pt\/publicacoes\/wp-json\/wp\/v2\/media\/188"}],"wp:attachment":[{"href":"https:\/\/cmnordeste.pt\/publicacoes\/wp-json\/wp\/v2\/media?parent=46"}],"curies":[{"name":"wp","href":"https:\/\/api.w.org\/{rel}","templated":true}]}}