{"id":4782,"date":"2024-01-25T16:43:33","date_gmt":"2024-01-25T16:43:33","guid":{"rendered":"https:\/\/cmnordeste.pt\/publicacoes\/?page_id=4782"},"modified":"2024-06-05T12:34:52","modified_gmt":"2024-06-05T12:34:52","slug":"procedimentos-concursais-concluidos","status":"publish","type":"page","link":"https:\/\/cmnordeste.pt\/publicacoes\/recursos-humanos\/procedimentos-concursais-concluidos\/","title":{"rendered":"Procedimentos Concursais Conclu\u00eddos"},"content":{"rendered":"<p><strong>Procedimento Concursal comum para constitui\u00e7\u00e3o de rela\u00e7\u00e3o jur\u00eddica de emprego p\u00fablico por tempo indeterminado de cinco assistentes operacionais<\/strong><br \/>\n<strong><\/strong><\/p>\n<p><a href=\"https:\/\/cmnordeste.pt\/publicacoes\/wp-content\/uploads\/sites\/8\/2019\/12\/lista-unitaria-ordenacao-final-dos-candidatos-aprovados-assistente-operacional-referencia-d-telefonista.pdf\" class=\"mtli_attachment mtli_pdf\">Lista Unit\u00e1ria Ordena\u00e7\u00e3o Final dos Candidatos Aprovados &#8211; Procedimento Concursal Assistente Operacional Refer\u00eancia D &#8211; Telefonista<\/a><\/p>\n<p><a href=\"https:\/\/cmnordeste.pt\/publicacoes\/wp-content\/uploads\/sites\/8\/2019\/12\/lista-unitaria-de-ordenacao-final-dos-candidatos-aprovados-procedimento-concursal-assistente-operacional-referencia-c-motorista-de-pesados.pdf\" class=\"mtli_attachment mtli_pdf\">Lista Unit\u00e1ria de Ordena\u00e7\u00e3o Final dos Candidatos Aprovados &#8211; Procedimento Concursal Assistente Operacional Refer\u00eancia C- Motorista de Pesados<\/a><\/p>\n<p><a href=\"https:\/\/cmnordeste.pt\/publicacoes\/wp-content\/uploads\/sites\/8\/2019\/12\/lista-unitaria-de-ordenacao-final-dos-candidatos-aprovados-procedimento-concursal-assistente-operacional-referencia-a-fiel-de-armazem-1.pdf\" class=\"mtli_attachment mtli_pdf\">Lista Unit\u00e1ria de Ordena\u00e7\u00e3o Final dos Candidatos Aprovados &#8211; Procedimento Concursal Assistente Operacional Refer\u00eancia A &#8211; Fiel de Armaz\u00e9m<\/a><\/p>\n<p><a href=\"https:\/\/cmnordeste.pt\/publicacoes\/wp-content\/uploads\/sites\/8\/2019\/12\/doc001.pdf\" class=\"mtli_attachment mtli_pdf\"> Lista Unit\u00e1ria de Ordena\u00e7\u00e3o Final dos Candidatos Aprovados &#8211; Procedimento Concursal Assistente Operacional Refer\u00eancia B &#8211; Cantoneiro<\/a><\/p>\n<p><a href=\"https:\/\/cmnordeste.pt\/publicacoes\/wp-content\/uploads\/sites\/8\/2019\/11\/lista-de-classificacao-prova-de-avaliacao-psicologica-procedimento-concursal-assistente-operacional-referencia-d-telefonista.pdf\" class=\"mtli_attachment mtli_pdf\">Lista de Classifica\u00e7\u00e3o Prova de Avalia\u00e7\u00e3o Psicol\u00f3gica &#8211; Procedimento Concursal Assistente Operacional Refer\u00eancia D &#8211; Telefonista<\/a><\/p>\n<p><a href=\"https:\/\/cmnordeste.pt\/publicacoes\/wp-content\/uploads\/sites\/8\/2019\/11\/lista-de-classificacao-prova-de-avaliacao-psicologica-procedimento-concursal-assistente-operacional-referencia-c-motorista-de-pesados.pdf\" class=\"mtli_attachment mtli_pdf\">Lista de Classifica\u00e7\u00e3o Prova de Avalia\u00e7\u00e3o Psicol\u00f3gica &#8211; Procedimento Concursal Assistente Operacional Refer\u00eancia C &#8211; Motorista de Pesados<\/a><\/p>\n<p><a href=\"https:\/\/cmnordeste.pt\/publicacoes\/wp-content\/uploads\/sites\/8\/2019\/11\/lista-de-classificacao-prova-de-avaliacao-psicologica-procedimento-concursal-assistente-operacional-referencia-b-cantoneiro.pdf\" class=\"mtli_attachment mtli_pdf\">Lista de Classifica\u00e7\u00e3o Prova de Avalia\u00e7\u00e3o Psicol\u00f3gica &#8211; Procedimento Concursal Assistente Operacional Refer\u00eancia B &#8211; Cantoneiro<\/a><\/p>\n<p><a href=\"https:\/\/cmnordeste.pt\/publicacoes\/wp-content\/uploads\/sites\/8\/2019\/11\/lista-de-classificacao-prova-de-avaliacao-psicologica-procedimento-concursal-assistente-operacional-referencia-a-fiel-de-armazem.pdf\" class=\"mtli_attachment mtli_pdf\">Lista de Classifica\u00e7\u00e3o Prova de Avalia\u00e7\u00e3o Psicol\u00f3gica &#8211; Procedimento Concursal Assistente Operacional Refer\u00eancia A &#8211; Fiel de Armaz\u00e9m<\/a><\/p>\n<p><a href=\"https:\/\/cmnordeste.pt\/publicacoes\/wp-content\/uploads\/sites\/8\/2019\/11\/doc.pdf\" class=\"mtli_attachment mtli_pdf\">Lista de Classifica\u00e7\u00e3o Prova Pr\u00e1tica de Conhecimentos &#8211; Procedimento Concursal Assistente Operacional Refer\u00eancia A &#8211; Fiel de Armaz\u00e9m <\/a><\/p>\n<p><a href=\"https:\/\/cmnordeste.pt\/publicacoes\/wp-content\/uploads\/sites\/8\/2019\/11\/doc001-1.pdf\" class=\"mtli_attachment mtli_pdf\">Lista de Classifica\u00e7\u00e3o Prova Pr\u00e1tica de Conhecimentos &#8211; Procedimento Concursal Assistente Operacional Refer\u00eancia D &#8211; Telefonista<\/a><\/p>\n<p><a href=\"https:\/\/cmnordeste.pt\/publicacoes\/wp-content\/uploads\/sites\/8\/2019\/11\/doc001.pdf\" class=\"mtli_attachment mtli_pdf\">Lista de Classifica\u00e7\u00e3o da Prova de Avalia\u00e7\u00e3o Curricular &#8211; Procedimento Concursal Assistente Operacional Refer\u00eancia B &#8211; Cantoneiro<\/a><\/p>\n<p><a href=\"https:\/\/cmnordeste.pt\/publicacoes\/wp-content\/uploads\/sites\/8\/2019\/10\/lista-de-classificacao-prova-pratica-de-conhecimentos-procedimento-concursal-assistentes-operacionais-referencia-c-motorista-de-pesados.pdf\" class=\"mtli_attachment mtli_pdf\">Lista de Classifica\u00e7\u00e3o Prova Pr\u00e1tica de Conhecimentos &#8211; Procedimento Concursal Assistentes Operacionais Refer\u00eancia C &#8211; Motorista de Pesados<\/a><\/p>\n<p><a href=\"https:\/\/cmnordeste.pt\/publicacoes\/wp-content\/uploads\/sites\/8\/2019\/10\/lista-de-classificacao-prova-pratica-de-conhecimentos-procedimento-concursal-assistentes-operacionais-referencia-a-fiel-de-armazem.pdf\" class=\"mtli_attachment mtli_pdf\">Lista de Classifica\u00e7\u00e3o de Prova Pr\u00e1tica de Conhecimentos &#8211; Procedimento Concursal Assistente Operacional Refer\u00eancia A &#8211; Fiel de Armaz\u00e9m<\/a><\/p>\n<p><a href=\"https:\/\/cmnordeste.pt\/publicacoes\/wp-content\/uploads\/sites\/8\/2019\/10\/lista-de-classificacao-de-prova-escrita-de-conhecimentos-procedimento-concursal-assistente-operacional-na-area-de-referencia-d-telefonista.pdf\" class=\"mtli_attachment mtli_pdf\">Lista de Classifica\u00e7\u00e3o de Prova Escrita de Conhecimentos &#8211; Procedimento Concursal Assistente Operacional na \u00c1rea de Refer\u00eancia D &#8211; Telefonista<\/a><\/p>\n<p>&nbsp;<\/p>\n<p><strong>Condi\u00e7\u00f5es e prazo de candidatura<\/strong><\/p>\n<p><a href=\"https:\/\/cmnordeste.pt\/municipio\/wp-content\/uploads\/sites\/3\/2018\/12\/Aviso.pdf\" class=\"mtli_attachment mtli_pdf\" rel=\"\">Aviso do Di\u00e1rio da Rep\u00fablica de 4 de dezembro de 2018<\/a><\/p>\n<p>&nbsp;<\/p>\n<p><strong>Formul\u00e1rio de Candidatura<\/strong><\/p>\n<p><a href=\"https:\/\/cmnordeste.pt\/municipio\/wp-content\/uploads\/sites\/3\/2018\/12\/FORMUL\u00c1RIO-DE-CANDIDATURA.pdf\" class=\"mtli_attachment mtli_pdf\" rel=\"\">Formul\u00e1rio<\/a><\/p>\n","protected":false},"excerpt":{"rendered":"<p>Procedimento Concursal comum para constitui\u00e7\u00e3o de rela\u00e7\u00e3o jur\u00eddica de emprego p\u00fablico por tempo indeterminado de cinco assistentes operacionais Lista Unit\u00e1ria Ordena\u00e7\u00e3o Final dos Candidatos Aprovados &#8211; Procedimento Concursal Assistente Operacional Refer\u00eancia D &#8211; Telefonista Lista Unit\u00e1ria de Ordena\u00e7\u00e3o Final dos Candidatos Aprovados &#8211; Procedimento Concursal Assistente Operacional Refer\u00eancia C- Motorista de Pesados Lista Unit\u00e1ria de [&hellip;]<\/p>\n","protected":false},"author":1,"featured_media":0,"parent":66,"menu_order":88,"comment_status":"closed","ping_status":"closed","template":"page-publicacoes.php","meta":{"_acf_changed":false,"footnotes":""},"class_list":["post-4782","page","type-page","status-publish","hentry"],"acf":[],"yoast_head":"<!-- This site is optimized with the Yoast SEO plugin v27.4 - https:\/\/yoast.com\/product\/yoast-seo-wordpress\/ -->\n<title>Procedimentos Concursais Conclu\u00eddos - Publica\u00e7\u00f5es<\/title>\n<meta name=\"robots\" content=\"index, follow, max-snippet:-1, max-image-preview:large, max-video-preview:-1\" \/>\n<link rel=\"canonical\" href=\"https:\/\/cmnordeste.pt\/publicacoes\/recursos-humanos\/procedimentos-concursais-concluidos\/\" \/>\n<meta property=\"og:locale\" content=\"pt_PT\" \/>\n<meta property=\"og:type\" content=\"article\" \/>\n<meta property=\"og:title\" content=\"Procedimentos Concursais Conclu\u00eddos - Publica\u00e7\u00f5es\" \/>\n<meta property=\"og:description\" content=\"Procedimento Concursal comum para constitui\u00e7\u00e3o de rela\u00e7\u00e3o jur\u00eddica de emprego p\u00fablico por tempo indeterminado de cinco assistentes operacionais Lista Unit\u00e1ria Ordena\u00e7\u00e3o Final dos Candidatos Aprovados &#8211; Procedimento Concursal Assistente Operacional Refer\u00eancia D &#8211; Telefonista Lista Unit\u00e1ria de Ordena\u00e7\u00e3o Final dos Candidatos Aprovados &#8211; Procedimento Concursal Assistente Operacional Refer\u00eancia C- Motorista de Pesados Lista Unit\u00e1ria de [&hellip;]\" \/>\n<meta property=\"og:url\" content=\"https:\/\/cmnordeste.pt\/publicacoes\/recursos-humanos\/procedimentos-concursais-concluidos\/\" \/>\n<meta property=\"og:site_name\" content=\"Publica\u00e7\u00f5es\" \/>\n<meta property=\"article:modified_time\" content=\"2024-06-05T12:34:52+00:00\" \/>\n<meta name=\"twitter:card\" content=\"summary_large_image\" \/>\n<script type=\"application\/ld+json\" class=\"yoast-schema-graph\">{\"@context\":\"https:\\\/\\\/schema.org\",\"@graph\":[{\"@type\":\"WebPage\",\"@id\":\"https:\\\/\\\/cmnordeste.pt\\\/publicacoes\\\/recursos-humanos\\\/procedimentos-concursais-concluidos\\\/\",\"url\":\"https:\\\/\\\/cmnordeste.pt\\\/publicacoes\\\/recursos-humanos\\\/procedimentos-concursais-concluidos\\\/\",\"name\":\"Procedimentos Concursais Conclu\u00eddos - Publica\u00e7\u00f5es\",\"isPartOf\":{\"@id\":\"https:\\\/\\\/cmnordeste.pt\\\/publicacoes\\\/#website\"},\"datePublished\":\"2024-01-25T16:43:33+00:00\",\"dateModified\":\"2024-06-05T12:34:52+00:00\",\"breadcrumb\":{\"@id\":\"https:\\\/\\\/cmnordeste.pt\\\/publicacoes\\\/recursos-humanos\\\/procedimentos-concursais-concluidos\\\/#breadcrumb\"},\"inLanguage\":\"pt-PT\",\"potentialAction\":[{\"@type\":\"ReadAction\",\"target\":[\"https:\\\/\\\/cmnordeste.pt\\\/publicacoes\\\/recursos-humanos\\\/procedimentos-concursais-concluidos\\\/\"]}]},{\"@type\":\"BreadcrumbList\",\"@id\":\"https:\\\/\\\/cmnordeste.pt\\\/publicacoes\\\/recursos-humanos\\\/procedimentos-concursais-concluidos\\\/#breadcrumb\",\"itemListElement\":[{\"@type\":\"ListItem\",\"position\":1,\"name\":\"In\u00edcio\",\"item\":\"https:\\\/\\\/cmnordeste.pt\\\/publicacoes\\\/\"},{\"@type\":\"ListItem\",\"position\":2,\"name\":\"Recursos Humanos\",\"item\":\"https:\\\/\\\/cmnordeste.pt\\\/publicacoes\\\/recursos-humanos\\\/\"},{\"@type\":\"ListItem\",\"position\":3,\"name\":\"Procedimentos Concursais Conclu\u00eddos\"}]},{\"@type\":\"WebSite\",\"@id\":\"https:\\\/\\\/cmnordeste.pt\\\/publicacoes\\\/#website\",\"url\":\"https:\\\/\\\/cmnordeste.pt\\\/publicacoes\\\/\",\"name\":\"Publica\u00e7\u00f5es\",\"description\":\"Publica\u00e7\u00f5es do Munic\u00edpio de Nordeste\",\"potentialAction\":[{\"@type\":\"SearchAction\",\"target\":{\"@type\":\"EntryPoint\",\"urlTemplate\":\"https:\\\/\\\/cmnordeste.pt\\\/publicacoes\\\/?s={search_term_string}\"},\"query-input\":{\"@type\":\"PropertyValueSpecification\",\"valueRequired\":true,\"valueName\":\"search_term_string\"}}],\"inLanguage\":\"pt-PT\"}]}<\/script>\n<!-- \/ Yoast SEO plugin. -->","yoast_head_json":{"title":"Procedimentos Concursais Conclu\u00eddos - Publica\u00e7\u00f5es","robots":{"index":"index","follow":"follow","max-snippet":"max-snippet:-1","max-image-preview":"max-image-preview:large","max-video-preview":"max-video-preview:-1"},"canonical":"https:\/\/cmnordeste.pt\/publicacoes\/recursos-humanos\/procedimentos-concursais-concluidos\/","og_locale":"pt_PT","og_type":"article","og_title":"Procedimentos Concursais Conclu\u00eddos - Publica\u00e7\u00f5es","og_description":"Procedimento Concursal comum para constitui\u00e7\u00e3o de rela\u00e7\u00e3o jur\u00eddica de emprego p\u00fablico por tempo indeterminado de cinco assistentes operacionais Lista Unit\u00e1ria Ordena\u00e7\u00e3o Final dos Candidatos Aprovados &#8211; Procedimento Concursal Assistente Operacional Refer\u00eancia D &#8211; Telefonista Lista Unit\u00e1ria de Ordena\u00e7\u00e3o Final dos Candidatos Aprovados &#8211; Procedimento Concursal Assistente Operacional Refer\u00eancia C- Motorista de Pesados Lista Unit\u00e1ria de [&hellip;]","og_url":"https:\/\/cmnordeste.pt\/publicacoes\/recursos-humanos\/procedimentos-concursais-concluidos\/","og_site_name":"Publica\u00e7\u00f5es","article_modified_time":"2024-06-05T12:34:52+00:00","twitter_card":"summary_large_image","schema":{"@context":"https:\/\/schema.org","@graph":[{"@type":"WebPage","@id":"https:\/\/cmnordeste.pt\/publicacoes\/recursos-humanos\/procedimentos-concursais-concluidos\/","url":"https:\/\/cmnordeste.pt\/publicacoes\/recursos-humanos\/procedimentos-concursais-concluidos\/","name":"Procedimentos Concursais Conclu\u00eddos - Publica\u00e7\u00f5es","isPartOf":{"@id":"https:\/\/cmnordeste.pt\/publicacoes\/#website"},"datePublished":"2024-01-25T16:43:33+00:00","dateModified":"2024-06-05T12:34:52+00:00","breadcrumb":{"@id":"https:\/\/cmnordeste.pt\/publicacoes\/recursos-humanos\/procedimentos-concursais-concluidos\/#breadcrumb"},"inLanguage":"pt-PT","potentialAction":[{"@type":"ReadAction","target":["https:\/\/cmnordeste.pt\/publicacoes\/recursos-humanos\/procedimentos-concursais-concluidos\/"]}]},{"@type":"BreadcrumbList","@id":"https:\/\/cmnordeste.pt\/publicacoes\/recursos-humanos\/procedimentos-concursais-concluidos\/#breadcrumb","itemListElement":[{"@type":"ListItem","position":1,"name":"In\u00edcio","item":"https:\/\/cmnordeste.pt\/publicacoes\/"},{"@type":"ListItem","position":2,"name":"Recursos Humanos","item":"https:\/\/cmnordeste.pt\/publicacoes\/recursos-humanos\/"},{"@type":"ListItem","position":3,"name":"Procedimentos Concursais Conclu\u00eddos"}]},{"@type":"WebSite","@id":"https:\/\/cmnordeste.pt\/publicacoes\/#website","url":"https:\/\/cmnordeste.pt\/publicacoes\/","name":"Publica\u00e7\u00f5es","description":"Publica\u00e7\u00f5es do Munic\u00edpio de Nordeste","potentialAction":[{"@type":"SearchAction","target":{"@type":"EntryPoint","urlTemplate":"https:\/\/cmnordeste.pt\/publicacoes\/?s={search_term_string}"},"query-input":{"@type":"PropertyValueSpecification","valueRequired":true,"valueName":"search_term_string"}}],"inLanguage":"pt-PT"}]}},"_links":{"self":[{"href":"https:\/\/cmnordeste.pt\/publicacoes\/wp-json\/wp\/v2\/pages\/4782","targetHints":{"allow":["GET"]}}],"collection":[{"href":"https:\/\/cmnordeste.pt\/publicacoes\/wp-json\/wp\/v2\/pages"}],"about":[{"href":"https:\/\/cmnordeste.pt\/publicacoes\/wp-json\/wp\/v2\/types\/page"}],"author":[{"embeddable":true,"href":"https:\/\/cmnordeste.pt\/publicacoes\/wp-json\/wp\/v2\/users\/1"}],"replies":[{"embeddable":true,"href":"https:\/\/cmnordeste.pt\/publicacoes\/wp-json\/wp\/v2\/comments?post=4782"}],"version-history":[{"count":4,"href":"https:\/\/cmnordeste.pt\/publicacoes\/wp-json\/wp\/v2\/pages\/4782\/revisions"}],"predecessor-version":[{"id":4825,"href":"https:\/\/cmnordeste.pt\/publicacoes\/wp-json\/wp\/v2\/pages\/4782\/revisions\/4825"}],"up":[{"embeddable":true,"href":"https:\/\/cmnordeste.pt\/publicacoes\/wp-json\/wp\/v2\/pages\/66"}],"wp:attachment":[{"href":"https:\/\/cmnordeste.pt\/publicacoes\/wp-json\/wp\/v2\/media?parent=4782"}],"curies":[{"name":"wp","href":"https:\/\/api.w.org\/{rel}","templated":true}]}}