{"id":5801,"date":"2025-05-15T16:11:36","date_gmt":"2025-05-15T16:11:36","guid":{"rendered":"https:\/\/cmnordeste.pt\/publicacoes\/?page_id=5801"},"modified":"2025-05-15T16:15:45","modified_gmt":"2025-05-15T16:15:45","slug":"acumulacao-de-funcoes","status":"publish","type":"page","link":"https:\/\/cmnordeste.pt\/publicacoes\/recursos-humanos\/acumulacao-de-funcoes\/","title":{"rendered":"Acumula\u00e7\u00e3o de Fun\u00e7\u00f5es"},"content":{"rendered":"<p><a href=\"https:\/\/cmnordeste.pt\/publicacoes\/wp-content\/uploads\/sites\/8\/2025\/05\/alteracao-de-acumulacao.pdf\" class=\"mtli_attachment mtli_pdf\">Altera\u00e7\u00e3o de acumula\u00e7\u00e3o<\/a><\/p>\n<p><a href=\"https:\/\/cmnordeste.pt\/publicacoes\/wp-content\/uploads\/sites\/8\/2025\/05\/cessacao-de-funcoes.pdf\" class=\"mtli_attachment mtli_pdf\">Cessa\u00e7\u00e3o de fun\u00e7\u00f5es<\/a><\/p>\n<p><a href=\"https:\/\/cmnordeste.pt\/publicacoes\/wp-content\/uploads\/sites\/8\/2025\/05\/informacao-1_2025.pdf\" class=\"mtli_attachment mtli_pdf\">Informa\u00e7\u00e3o 1 2025<\/a><\/p>\n<p><a href=\"https:\/\/cmnordeste.pt\/publicacoes\/wp-content\/uploads\/sites\/8\/2025\/05\/legislacao.pdf\" class=\"mtli_attachment mtli_pdf\">Legisla\u00e7\u00e3o<\/a><\/p>\n<p><a href=\"https:\/\/cmnordeste.pt\/publicacoes\/wp-content\/uploads\/sites\/8\/2025\/05\/pedido-de-autorizacao.pdf\" class=\"mtli_attachment mtli_pdf\">Pedido de autoriza\u00e7\u00e3o<\/a><\/p>\n","protected":false},"excerpt":{"rendered":"<p>Altera\u00e7\u00e3o de acumula\u00e7\u00e3o Cessa\u00e7\u00e3o de fun\u00e7\u00f5es Informa\u00e7\u00e3o 1 2025 Legisla\u00e7\u00e3o Pedido de autoriza\u00e7\u00e3o<\/p>\n","protected":false},"author":1,"featured_media":0,"parent":66,"menu_order":89,"comment_status":"closed","ping_status":"closed","template":"page-publicacoes.php","meta":{"_acf_changed":false,"footnotes":""},"class_list":["post-5801","page","type-page","status-publish","hentry"],"acf":[],"yoast_head":"<!-- This site is optimized with the Yoast SEO plugin v27.4 - https:\/\/yoast.com\/product\/yoast-seo-wordpress\/ -->\n<title>Acumula\u00e7\u00e3o de Fun\u00e7\u00f5es - Publica\u00e7\u00f5es<\/title>\n<meta name=\"robots\" content=\"index, follow, max-snippet:-1, max-image-preview:large, max-video-preview:-1\" \/>\n<link rel=\"canonical\" href=\"https:\/\/cmnordeste.pt\/publicacoes\/?page_id=5801\" \/>\n<meta property=\"og:locale\" content=\"pt_PT\" \/>\n<meta property=\"og:type\" content=\"article\" \/>\n<meta property=\"og:title\" content=\"Acumula\u00e7\u00e3o de Fun\u00e7\u00f5es - Publica\u00e7\u00f5es\" \/>\n<meta property=\"og:description\" content=\"Altera\u00e7\u00e3o de acumula\u00e7\u00e3o Cessa\u00e7\u00e3o de fun\u00e7\u00f5es Informa\u00e7\u00e3o 1 2025 Legisla\u00e7\u00e3o Pedido de autoriza\u00e7\u00e3o\" \/>\n<meta property=\"og:url\" content=\"https:\/\/cmnordeste.pt\/publicacoes\/?page_id=5801\" \/>\n<meta property=\"og:site_name\" content=\"Publica\u00e7\u00f5es\" \/>\n<meta property=\"article:modified_time\" content=\"2025-05-15T16:15:45+00:00\" \/>\n<meta name=\"twitter:card\" content=\"summary_large_image\" \/>\n<script type=\"application\/ld+json\" class=\"yoast-schema-graph\">{\"@context\":\"https:\\\/\\\/schema.org\",\"@graph\":[{\"@type\":\"WebPage\",\"@id\":\"https:\\\/\\\/cmnordeste.pt\\\/publicacoes\\\/?page_id=5801\",\"url\":\"https:\\\/\\\/cmnordeste.pt\\\/publicacoes\\\/?page_id=5801\",\"name\":\"Acumula\u00e7\u00e3o de Fun\u00e7\u00f5es - Publica\u00e7\u00f5es\",\"isPartOf\":{\"@id\":\"https:\\\/\\\/cmnordeste.pt\\\/publicacoes\\\/#website\"},\"datePublished\":\"2025-05-15T16:11:36+00:00\",\"dateModified\":\"2025-05-15T16:15:45+00:00\",\"breadcrumb\":{\"@id\":\"https:\\\/\\\/cmnordeste.pt\\\/publicacoes\\\/?page_id=5801#breadcrumb\"},\"inLanguage\":\"pt-PT\",\"potentialAction\":[{\"@type\":\"ReadAction\",\"target\":[\"https:\\\/\\\/cmnordeste.pt\\\/publicacoes\\\/?page_id=5801\"]}]},{\"@type\":\"BreadcrumbList\",\"@id\":\"https:\\\/\\\/cmnordeste.pt\\\/publicacoes\\\/?page_id=5801#breadcrumb\",\"itemListElement\":[{\"@type\":\"ListItem\",\"position\":1,\"name\":\"In\u00edcio\",\"item\":\"https:\\\/\\\/cmnordeste.pt\\\/publicacoes\\\/\"},{\"@type\":\"ListItem\",\"position\":2,\"name\":\"Recursos Humanos\",\"item\":\"https:\\\/\\\/cmnordeste.pt\\\/publicacoes\\\/recursos-humanos\\\/\"},{\"@type\":\"ListItem\",\"position\":3,\"name\":\"Acumula\u00e7\u00e3o de Fun\u00e7\u00f5es\"}]},{\"@type\":\"WebSite\",\"@id\":\"https:\\\/\\\/cmnordeste.pt\\\/publicacoes\\\/#website\",\"url\":\"https:\\\/\\\/cmnordeste.pt\\\/publicacoes\\\/\",\"name\":\"Publica\u00e7\u00f5es\",\"description\":\"Publica\u00e7\u00f5es do Munic\u00edpio de Nordeste\",\"potentialAction\":[{\"@type\":\"SearchAction\",\"target\":{\"@type\":\"EntryPoint\",\"urlTemplate\":\"https:\\\/\\\/cmnordeste.pt\\\/publicacoes\\\/?s={search_term_string}\"},\"query-input\":{\"@type\":\"PropertyValueSpecification\",\"valueRequired\":true,\"valueName\":\"search_term_string\"}}],\"inLanguage\":\"pt-PT\"}]}<\/script>\n<!-- \/ Yoast SEO plugin. -->","yoast_head_json":{"title":"Acumula\u00e7\u00e3o de Fun\u00e7\u00f5es - Publica\u00e7\u00f5es","robots":{"index":"index","follow":"follow","max-snippet":"max-snippet:-1","max-image-preview":"max-image-preview:large","max-video-preview":"max-video-preview:-1"},"canonical":"https:\/\/cmnordeste.pt\/publicacoes\/?page_id=5801","og_locale":"pt_PT","og_type":"article","og_title":"Acumula\u00e7\u00e3o de Fun\u00e7\u00f5es - Publica\u00e7\u00f5es","og_description":"Altera\u00e7\u00e3o de acumula\u00e7\u00e3o Cessa\u00e7\u00e3o de fun\u00e7\u00f5es Informa\u00e7\u00e3o 1 2025 Legisla\u00e7\u00e3o Pedido de autoriza\u00e7\u00e3o","og_url":"https:\/\/cmnordeste.pt\/publicacoes\/?page_id=5801","og_site_name":"Publica\u00e7\u00f5es","article_modified_time":"2025-05-15T16:15:45+00:00","twitter_card":"summary_large_image","schema":{"@context":"https:\/\/schema.org","@graph":[{"@type":"WebPage","@id":"https:\/\/cmnordeste.pt\/publicacoes\/?page_id=5801","url":"https:\/\/cmnordeste.pt\/publicacoes\/?page_id=5801","name":"Acumula\u00e7\u00e3o de Fun\u00e7\u00f5es - Publica\u00e7\u00f5es","isPartOf":{"@id":"https:\/\/cmnordeste.pt\/publicacoes\/#website"},"datePublished":"2025-05-15T16:11:36+00:00","dateModified":"2025-05-15T16:15:45+00:00","breadcrumb":{"@id":"https:\/\/cmnordeste.pt\/publicacoes\/?page_id=5801#breadcrumb"},"inLanguage":"pt-PT","potentialAction":[{"@type":"ReadAction","target":["https:\/\/cmnordeste.pt\/publicacoes\/?page_id=5801"]}]},{"@type":"BreadcrumbList","@id":"https:\/\/cmnordeste.pt\/publicacoes\/?page_id=5801#breadcrumb","itemListElement":[{"@type":"ListItem","position":1,"name":"In\u00edcio","item":"https:\/\/cmnordeste.pt\/publicacoes\/"},{"@type":"ListItem","position":2,"name":"Recursos Humanos","item":"https:\/\/cmnordeste.pt\/publicacoes\/recursos-humanos\/"},{"@type":"ListItem","position":3,"name":"Acumula\u00e7\u00e3o de Fun\u00e7\u00f5es"}]},{"@type":"WebSite","@id":"https:\/\/cmnordeste.pt\/publicacoes\/#website","url":"https:\/\/cmnordeste.pt\/publicacoes\/","name":"Publica\u00e7\u00f5es","description":"Publica\u00e7\u00f5es do Munic\u00edpio de Nordeste","potentialAction":[{"@type":"SearchAction","target":{"@type":"EntryPoint","urlTemplate":"https:\/\/cmnordeste.pt\/publicacoes\/?s={search_term_string}"},"query-input":{"@type":"PropertyValueSpecification","valueRequired":true,"valueName":"search_term_string"}}],"inLanguage":"pt-PT"}]}},"_links":{"self":[{"href":"https:\/\/cmnordeste.pt\/publicacoes\/wp-json\/wp\/v2\/pages\/5801","targetHints":{"allow":["GET"]}}],"collection":[{"href":"https:\/\/cmnordeste.pt\/publicacoes\/wp-json\/wp\/v2\/pages"}],"about":[{"href":"https:\/\/cmnordeste.pt\/publicacoes\/wp-json\/wp\/v2\/types\/page"}],"author":[{"embeddable":true,"href":"https:\/\/cmnordeste.pt\/publicacoes\/wp-json\/wp\/v2\/users\/1"}],"replies":[{"embeddable":true,"href":"https:\/\/cmnordeste.pt\/publicacoes\/wp-json\/wp\/v2\/comments?post=5801"}],"version-history":[{"count":3,"href":"https:\/\/cmnordeste.pt\/publicacoes\/wp-json\/wp\/v2\/pages\/5801\/revisions"}],"predecessor-version":[{"id":5805,"href":"https:\/\/cmnordeste.pt\/publicacoes\/wp-json\/wp\/v2\/pages\/5801\/revisions\/5805"}],"up":[{"embeddable":true,"href":"https:\/\/cmnordeste.pt\/publicacoes\/wp-json\/wp\/v2\/pages\/66"}],"wp:attachment":[{"href":"https:\/\/cmnordeste.pt\/publicacoes\/wp-json\/wp\/v2\/media?parent=5801"}],"curies":[{"name":"wp","href":"https:\/\/api.w.org\/{rel}","templated":true}]}}