{"id":62,"date":"2026-04-15T12:15:55","date_gmt":"2026-04-15T12:15:55","guid":{"rendered":"https:\/\/cmnordeste.pt\/publicacoes\/?page_id=62"},"modified":"2026-04-15T12:16:24","modified_gmt":"2026-04-15T12:16:24","slug":"obrigacoes-legislativas","status":"publish","type":"page","link":"https:\/\/cmnordeste.pt\/publicacoes\/obrigacoes-legislativas\/","title":{"rendered":"Obriga\u00e7\u00f5es Legislativas"},"content":{"rendered":"<h2>Delega\u00e7\u00e3o de Compet\u00eancias 2025-2029<\/h2>\n<p><strong>Presidente<\/strong><\/p>\n<p><a href=\"https:\/\/cmnordeste.pt\/publicacoes\/wp-content\/uploads\/sites\/8\/2025\/11\/1-distribuicao-de-pelouros-pelos-membros-do-orgao-executivo.pdf\" class=\"mtli_attachment mtli_pdf\">Distribui\u00e7\u00e3o de Pelouros pelos Membros do \u00d3rg\u00e3o Executivo<\/a><\/p>\n<p><a href=\"https:\/\/cmnordeste.pt\/publicacoes\/wp-content\/uploads\/sites\/8\/2025\/11\/2-delegacao-de-competencias-ao-abrigo-da-lei-n-o-75_2013-de-12-de-setembro.pdf\" class=\"mtli_attachment mtli_pdf\">Delega\u00e7\u00e3o de Compet\u00eancias ao Abrigo da Lei n.\u00ba 75 2013 de 12 de setembro<\/a><\/p>\n<p><a href=\"https:\/\/cmnordeste.pt\/publicacoes\/wp-content\/uploads\/sites\/8\/2025\/11\/4-delegacao-de-competencias-ao-abrigo-do-decreto-lei-n-o-555_99-de-16-de-dezembro.pdf\" class=\"mtli_attachment mtli_pdf\">Delega\u00e7\u00e3o de Compet\u00eancias ao Abrigo do Decreto-Lei n.\u00ba 555 99 de 16 de dezembro<\/a><\/p>\n<p><a href=\"https:\/\/cmnordeste.pt\/publicacoes\/wp-content\/uploads\/sites\/8\/2025\/11\/5-autorizacao-previa-para-a-realizacao-de-despesas-ate-15-00000-e.pdf\" class=\"mtli_attachment mtli_pdf\">\u00a0Autoriza\u00e7\u00e3o Pr\u00e9via para a Realiza\u00e7\u00e3o de Despesas at\u00e9 15.000,00 \u20ac<\/a><\/p>\n<p><a href=\"https:\/\/cmnordeste.pt\/publicacoes\/wp-content\/uploads\/sites\/8\/2025\/11\/6-delegacao-de-competencias-para-realizacao-de-despesas-ate-748-19685-e.pdf\" class=\"mtli_attachment mtli_pdf\">Delega\u00e7\u00e3o de Compet\u00eancias para Realiza\u00e7\u00e3o de Despesas at\u00e9 748.196,85 \u20ac<\/a><\/p>\n<p><a href=\"https:\/\/cmnordeste.pt\/publicacoes\/wp-content\/uploads\/sites\/8\/2025\/11\/7-regulamento-do-cartao-municipal-do-idoso.pdf\" class=\"mtli_attachment mtli_pdf\">Regulamento do Cart\u00e3o Municipal do Idoso<\/a><\/p>\n<p><strong>Vice-presidente\u00a0<\/strong><\/p>\n<p><a href=\"https:\/\/cmnordeste.pt\/publicacoes\/wp-content\/uploads\/sites\/8\/2025\/11\/01-designacao-do-vice-presidente-da-camara.pdf\" class=\"mtli_attachment mtli_pdf\">Designa\u00e7\u00e3o do Vice-Presidente da C\u00e2mara<\/a><\/p>\n<p><a href=\"https:\/\/cmnordeste.pt\/publicacoes\/wp-content\/uploads\/sites\/8\/2025\/11\/1-delegacao-de-competencia-no-vereador-marco-mourao-sobre-a-comissao-de-transito-municipal.pdf\" class=\"mtli_attachment mtli_pdf\">Delega\u00e7\u00e3o de Compet\u00eancia no Vereador Marco Mour\u00e3o Sobre a Comiss\u00e3o de Tr\u00e2nsito Municipal<\/a><\/p>\n<p><a href=\"https:\/\/cmnordeste.pt\/publicacoes\/wp-content\/uploads\/sites\/8\/2025\/11\/3-delegacao-de-competencias-na-area-de-turismo-e-juventude.pdf\" class=\"mtli_attachment mtli_pdf\">Delega\u00e7\u00e3o de Compet\u00eancias na \u00e1rea de Turismo e Juventude<\/a><\/p>\n<p><a href=\"https:\/\/cmnordeste.pt\/publicacoes\/wp-content\/uploads\/sites\/8\/2025\/11\/4-subedelgacao-de-competenicas-ao-abrigo-da-lei-n-o-752013-de-12-de-setembro.pdf\" class=\"mtli_attachment mtli_pdf\">Subdelega\u00e7\u00e3o de Compet\u00eancias ao abrigo da Lei n.\u00ba 752013 de 12 de setembro<\/a><\/p>\n<p><strong>Vereadora\u00a0<\/strong><\/p>\n<p><a href=\"https:\/\/cmnordeste.pt\/publicacoes\/wp-content\/uploads\/sites\/8\/2025\/11\/1-designacao-da-vereadora-sara-sousa-em-regime-de-tempo-inteiro.pdf\" class=\"mtli_attachment mtli_pdf\">Designa\u00e7\u00e3o da Vereadora Sara Sousa em Regime de Tempo Inteiro<\/a><\/p>\n<p><a href=\"https:\/\/cmnordeste.pt\/publicacoes\/wp-content\/uploads\/sites\/8\/2025\/11\/2-delegacao-de-competencias-na-vereadora-sara-sousa-da-lei-n-o-75_2013-de-12-de-setembro.pdf\" class=\"mtli_attachment mtli_pdf\">Delega\u00e7\u00e3o de Compet\u00eancias na Vereadora Sara Sousa da Lei n.\u00ba 75 2013 de 12 de setembro<\/a><\/p>\n<p><a href=\"https:\/\/cmnordeste.pt\/publicacoes\/wp-content\/uploads\/sites\/8\/2025\/11\/3-subdelegacao-de-competencia-cartaomunnicipal-do-idoso.pdf\" class=\"mtli_attachment mtli_pdf\">Subdelega\u00e7\u00e3o de Compet\u00eancia Cart\u00e3o Municipal do Idoso<\/a><\/p>\n<p><a href=\"https:\/\/cmnordeste.pt\/publicacoes\/wp-content\/uploads\/sites\/8\/2025\/11\/4-subdelegacoes-de-competencias-na-vereadora-sousa-da-lei-n-o-75_2013-de-12-de-setembro.pdf\" class=\"mtli_attachment mtli_pdf\">Subdelega\u00e7\u00f5es de Compet\u00eancias na Vereadora Sousa da Lei n.\u00ba 75 2013 de 12 de setembro<\/a><\/p>\n<p><a href=\"https:\/\/cmnordeste.pt\/publicacoes\/wp-content\/uploads\/sites\/8\/2025\/11\/5-delegacao-de-competencias-na-ausencia-do-sr-presidente-e-do-vice-presidente.pdf\" class=\"mtli_attachment mtli_pdf\">Delega\u00e7\u00e3o de Compet\u00eancias na Aus\u00eancia do Sr. Presidente e do Vice-Presidente<\/a><\/p>\n<p>&nbsp;<\/p>\n<h2>C\u00f3digo de Conduta e \u00c9tica do Munic\u00edpio do Nordeste<\/h2>\n<p><a href=\"https:\/\/cmnordeste.pt\/publicacoes\/wp-content\/uploads\/sites\/8\/2023\/12\/codigo-de-etica-e-conduta-do-municipio-do-nordeste.pdf\" class=\"mtli_attachment mtli_pdf\">C\u00f3digo de \u00c9tica e Conduta do Munic\u00edpio do Nordeste<\/a><\/p>\n<p>&nbsp;<\/p>\n<h2>Relat\u00f3rios de Avalia\u00e7\u00e3o do Grau de Observ\u00e2ncia do Estatuto de Oposi\u00e7\u00e3o<\/h2>\n<p><a href=\"https:\/\/cmnordeste.pt\/publicacoes\/wp-content\/uploads\/sites\/8\/2026\/03\/relatorio-de-avaliacao-do-grau-de-observanica-do-estatuto-do-direito-de-oposicao-2025.pdf\" class=\"mtli_attachment mtli_pdf\">Relat\u00f3rio de Avalia\u00e7\u00e3o do Grau de Observ\u00e2nica do Estatuto do Direito de Oposi\u00e7\u00e3o 2025<\/a><\/p>\n<p><a href=\"https:\/\/cmnordeste.pt\/publicacoes\/wp-content\/uploads\/sites\/8\/2025\/02\/relatorio-de-avaliacao-do-grau-de-observancia-do-estatuto-do-direito-de-oposicao-2024.pdf\" class=\"mtli_attachment mtli_pdf\">Relat\u00f3rio de Avalia\u00e7\u00e3o do Grau de Observ\u00e2ncia do Estatuto do Direito de Oposi\u00e7\u00e3o 2024<\/a><\/p>\n<p><a href=\"https:\/\/cmnordeste.pt\/publicacoes\/wp-content\/uploads\/sites\/8\/2024\/03\/relatorio-de-avaliacao-do-grau-de-observancia-do-estatuto-do-direito-de-oposicao-2023.pdf\" class=\"mtli_attachment mtli_pdf\">Relat\u00f3rio de Avalia\u00e7\u00e3o do Grau de Observ\u00e2ncia do Estatuto do Direito de Oposi\u00e7\u00e3o 2023<\/a><\/p>\n<p><a href=\"https:\/\/cmnordeste.pt\/publicacoes\/wp-content\/uploads\/sites\/8\/2023\/04\/relatorio-de-avaliacao-do-grau-de-observancia-do-estatuto-do-direito-de-oposicao-2022.pdf\" class=\"mtli_attachment mtli_pdf\">Relat\u00f3rio de Avalia\u00e7\u00e3o do Grau de Observ\u00e2ncia do Estatuto do Direito de Oposi\u00e7\u00e3o 2022<\/a><\/p>\n<p>&nbsp;<\/p>\n<h2>Relat\u00f3rio Anual de Execu\u00e7\u00e3o do Plano de Preven\u00e7\u00e3o de Riscos e Corrup\u00e7\u00e3o e Infra\u00e7\u00f5es Conexas<\/h2>\n<p><a href=\"https:\/\/cmnordeste.pt\/publicacoes\/wp-content\/uploads\/sites\/8\/2026\/04\/relatorio-anual-de-execucao-do-plano-de-prevencao-de-riscos-de-corrupcao-e-infracoes-conexas-de-2025.pdf\" class=\"mtli_attachment mtli_pdf\">Relat\u00f3rio Anual de Execu\u00e7\u00e3o do Plano de Preven\u00e7\u00e3o de Riscos de Corrup\u00e7\u00e3o e Infra\u00e7\u00f5es Conexas de 2025<\/a><\/p>\n<p><a href=\"https:\/\/cmnordeste.pt\/publicacoes\/wp-content\/uploads\/sites\/8\/2025\/11\/relatorio-de-avaliacao-intercalar-de-execucao-do-plano-de-prevencao-de-riscos-de-corrupcao-e-infracoes-conexas-2025.pdf\" class=\"mtli_attachment mtli_pdf\">Relat\u00f3rio de Avalia\u00e7\u00e3o Intercalar de Execu\u00e7\u00e3o do Plano de Preven\u00e7\u00e3o de Riscos de Corrup\u00e7\u00e3o e Infra\u00e7\u00f5es Conexas 2025<\/a><\/p>\n<p><a href=\"https:\/\/cmnordeste.pt\/publicacoes\/wp-content\/uploads\/sites\/8\/2025\/06\/relatorio-anual-de-execucao-do-plano-de-prevencao-de-riscos-de-corrupcao-e-infracoes-conexas-de-2024.pdf\" class=\"mtli_attachment mtli_pdf\">Relat\u00f3rio Anual de Execu\u00e7\u00e3o do Plano de Preven\u00e7\u00e3o de Riscos de Corrup\u00e7\u00e3o e Infra\u00e7\u00f5es Conexas de 2024<\/a><\/p>\n<p><a href=\"https:\/\/cmnordeste.pt\/publicacoes\/wp-content\/uploads\/sites\/8\/2024\/11\/relatorio-intercalar-de-execucao-do-plano-de-prevencao-de-riscos-de-corrupcao-e-infracoes-conexas.pdf\" class=\"mtli_attachment mtli_pdf\">Relat\u00f3rio Intercalar de Execu\u00e7\u00e3o do Plano de Preven\u00e7\u00e3o de Riscos de Corrup\u00e7\u00e3o e Infra\u00e7\u00f5es Conexas<\/a><\/p>\n<p><a href=\"https:\/\/cmnordeste.pt\/publicacoes\/wp-content\/uploads\/sites\/8\/2024\/06\/relatorio-anual-de-execucao-do-plano-de-prevencao-de-riscos-de-corrupcao-e-infracoes-conexas-2023-novembro-a-dezembro.pdf\" class=\"mtli_attachment mtli_pdf\">Relat\u00f3rio Anual de Execu\u00e7\u00e3o do Plano de Preven\u00e7\u00e3o de Riscos de Corrup\u00e7\u00e3o e Infra\u00e7\u00f5es Conexas 2023 (Novembro a Dezembro<\/a><\/p>\n<p><a href=\"https:\/\/cmnordeste.pt\/publicacoes\/wp-content\/uploads\/sites\/8\/2024\/06\/relatorio-anual-de-execucao-do-plano-de-prevencao-de-riscos-de-corrupcao-e-infracoes-conexas-2023-janeiro-de-outubro.pdf\" class=\"mtli_attachment mtli_pdf\">Relat\u00f3rio Anual de Execu\u00e7\u00e3o do Plano de Preven\u00e7\u00e3o de Riscos de Corrup\u00e7\u00e3o e Infra\u00e7\u00f5es Conexas 2023 (Janeiro de Outubro)<\/a><\/p>\n<p><a href=\"https:\/\/cmnordeste.pt\/publicacoes\/wp-content\/uploads\/sites\/8\/2023\/04\/relatorio-anual-do-plano-de-prevencao-de-riscos-e-corrupcao-e-infracoes-conexas-2022.pdf\" class=\"mtli_attachment mtli_pdf\">Relat\u00f3rio Anual de Execu\u00e7\u00e3o do Plano de Preven\u00e7\u00e3o de Riscos e Corrup\u00e7\u00e3o e Infra\u00e7\u00f5es Conexas 2022<\/a><\/p>\n<p><a href=\"https:\/\/cmnordeste.pt\/publicacoes\/wp-content\/uploads\/sites\/8\/2022\/02\/relatorio-anual-de-execucao-do-plano-de-prevencao-de-riscos-e-corrupcao-e-infracoes-conexas-2021.pdf\" class=\"mtli_attachment mtli_pdf\">Relat\u00f3rio Anual de Execu\u00e7\u00e3o do Plano de Preven\u00e7\u00e3o de Riscos e Corrup\u00e7\u00e3o e Infra\u00e7\u00f5es Conexas 2021<\/a><\/p>\n<p>&nbsp;<\/p>\n<h2>Plano de Preven\u00e7\u00e3o de Riscos Corrup\u00e7\u00e3o e Infra\u00e7\u00f5es Conexas<\/h2>\n<p><a href=\"https:\/\/cmnordeste.pt\/publicacoes\/wp-content\/uploads\/sites\/8\/2026\/03\/declaracao-politica-antifraude.pdf\" class=\"mtli_attachment mtli_pdf\">Declara\u00e7\u00e3o Pol\u00edtica Antifraude<\/a><\/p>\n<p><a href=\"https:\/\/cmnordeste.pt\/publicacoes\/wp-content\/uploads\/sites\/8\/2023\/11\/plano-de-prevencao-de-riscos-corrupcao-e-infracoes-conexas-a.pdf\" class=\"mtli_attachment mtli_pdf\">Plano de Preven\u00e7\u00e3o de Riscos Corrup\u00e7\u00e3o e Infra\u00e7\u00f5es Conexas<\/a><\/p>\n<p>&nbsp;<\/p>\n<h2>Declara\u00e7\u00e3o de Recebimentos e Pagamentos em Atraso<\/h2>\n<p><a href=\"https:\/\/cmnordeste.pt\/publicacoes\/wp-content\/uploads\/sites\/8\/2026\/02\/declaracao-de-todos-os-pagamentos-e-recebimentos-em-atraso-existentes-em-31_12_2025.pdf\" class=\"mtli_attachment mtli_pdf\">Declara\u00e7\u00e3o de Todos os Pagamentos e Recebimentos em Atraso Existentes em 31 de dezembro de 2025<\/a><\/p>\n<p><a href=\"https:\/\/cmnordeste.pt\/publicacoes\/wp-content\/uploads\/sites\/8\/2025\/02\/declaracao-de-pagamentos-e-recebimentos-em-atraso-existentes-em-31-de-dezembro-de-2024.pdf\" class=\"mtli_attachment mtli_pdf\">Declara\u00e7\u00e3o de Pagamentos e Recebimentos em Atraso Existentes em 31 de dezembro de 2024<\/a><\/p>\n<p><a href=\"https:\/\/cmnordeste.pt\/publicacoes\/wp-content\/uploads\/sites\/8\/2024\/03\/declaracao-de-todos-os-pagamentos-e-recebimentos-em-atraso-existentes-a-31-de-dezembro-de-2023.pdf\" class=\"mtli_attachment mtli_pdf\">Declara\u00e7\u00e3o de Todos os Pagamentos e Recebimentos em Atraso Existentes a 31 de dezembro de 2023<\/a><\/p>\n<p><a href=\"https:\/\/cmnordeste.pt\/publicacoes\/wp-content\/uploads\/sites\/8\/2023\/02\/declaracao-de-todos-os-pagamentos-e-recebimentos-em-atraso-existentes-a-31-de-dezembro-de-2022.pdf\" class=\"mtli_attachment mtli_pdf\">Declara\u00e7\u00e3o de Todos os Pagamentos e Recebimentos em Atraso existentes a 31 de dezembro de 2022<\/a><\/p>\n<p>&nbsp;<\/p>\n<h2>Declara\u00e7\u00e3o de Compromissos Plurianuais<\/h2>\n<p><a href=\"https:\/\/cmnordeste.pt\/publicacoes\/wp-content\/uploads\/sites\/8\/2026\/02\/declaracao-dos-compromissos-plurianuais-existentes-a-31_12_2025.pdf\" class=\"mtli_attachment mtli_pdf\">Declara\u00e7\u00e3o dos Compromissos Plurianuais Existentes a 31 de dezembro de 2025<\/a><\/p>\n<p><a href=\"https:\/\/cmnordeste.pt\/publicacoes\/wp-content\/uploads\/sites\/8\/2025\/02\/declaracao-dos-compromissos-plurianuais-existentes-em-31-de-dezembro-de-2024.pdf\" class=\"mtli_attachment mtli_pdf\">Declara\u00e7\u00e3o dos Compromissos Plurianuais Existentes em 31 de dezembro de 2024<\/a><\/p>\n<p><a href=\"https:\/\/cmnordeste.pt\/publicacoes\/wp-content\/uploads\/sites\/8\/2024\/03\/declaracao-de-compromissos-plurianuais-existentes-a-31-de-dezembro-de-2023.pdf\" class=\"mtli_attachment mtli_pdf\">Declara\u00e7\u00e3o de Compromissos Plurianuais Existentes a 31 de dezembro de 2023<\/a><\/p>\n<p><a href=\"https:\/\/cmnordeste.pt\/publicacoes\/wp-content\/uploads\/sites\/8\/2023\/02\/declaracao-de-compromissos-plurianuais-existentes-a-31-de-dezembro-de-2022.pdf\" class=\"mtli_attachment mtli_pdf\">Declara\u00e7\u00e3o de Compromissos Plurianuais Existentes a 31 de dezembro de 2022<\/a><\/p>\n<p>&nbsp;<\/p>\n<h2>Rela\u00e7\u00e3o de D\u00edvidas a Fornecedores<\/h2>\n<p><a href=\"https:\/\/cmnordeste.pt\/publicacoes\/wp-content\/uploads\/sites\/8\/2025\/09\/relacao-de-dividas-a-fornecedores-1o-semstre-de-2025.pdf\" class=\"mtli_attachment mtli_pdf\">Rela\u00e7\u00e3o de dividas a fornecedores 1\u00ba semestre de 2025<\/a><\/p>\n<p><a href=\"https:\/\/cmnordeste.pt\/publicacoes\/wp-content\/uploads\/sites\/8\/2025\/02\/dividas-a-fornecedores-2-semestre-2024.pdf\" class=\"mtli_attachment mtli_pdf\">D\u00edvidas a Fornecedores 2\u00ba semestre 2024<\/a><\/p>\n<p><a href=\"https:\/\/cmnordeste.pt\/publicacoes\/wp-content\/uploads\/sites\/8\/2024\/08\/dividas-a-fornecedores-1-o-semestre-2024.pdf\" class=\"mtli_attachment mtli_pdf\">D\u00edvidas a fornecedores 1.\u00ba semestre 2024<\/a><\/p>\n<p><a href=\"https:\/\/cmnordeste.pt\/publicacoes\/wp-content\/uploads\/sites\/8\/2024\/01\/relacao-de-dividas-a-fornecedores-2-semestre.pdf\" class=\"mtli_attachment mtli_pdf\">D\u00edvidas a Fornecedores 2\u00ba semestre 2023<\/a><\/p>\n<p><a href=\"https:\/\/cmnordeste.pt\/publicacoes\/wp-content\/uploads\/sites\/8\/2023\/12\/dividas-a-fornecedores-1o-semestre-de-2023.pdf\" class=\"mtli_attachment mtli_pdf\">D\u00edvidas a Fornecedores 1\u00ba semestre de 2023<\/a><\/p>\n<p><a href=\"https:\/\/cmnordeste.pt\/publicacoes\/wp-content\/uploads\/sites\/8\/2023\/12\/dividas-a-fornecedores-2o-semestre-de-2022.pdf\" class=\"mtli_attachment mtli_pdf\">D\u00edvidas a Fornecedores 2\u00ba semestre de 2022<\/a><\/p>\n<p><a href=\"https:\/\/cmnordeste.pt\/publicacoes\/wp-content\/uploads\/sites\/8\/2022\/07\/relacao-de-dividas-1-o-semestre-de-2022.pdf\" class=\"mtli_attachment mtli_pdf\">Rela\u00e7\u00e3o de D\u00edvidas a Fornecedores &#8211; 1\u00ba Semestre de 2022<\/a><\/p>\n<p><a href=\"https:\/\/cmnordeste.pt\/publicacoes\/wp-content\/uploads\/sites\/8\/2022\/01\/relacao-de-dividas-a-fornecedores-2o-semestre-de-2021.pdf\" class=\"mtli_attachment mtli_pdf\">Rela\u00e7\u00e3o de D\u00edvidas a Fornecedores &#8211; 2\u00ba Semestre de 2021<\/a><\/p>\n<p>&nbsp;<\/p>\n<p>&nbsp;<\/p>\n<p>&nbsp;<\/p>\n<p>&nbsp;<\/p>\n<p>&nbsp;<\/p>\n<p>&nbsp;<\/p>\n","protected":false},"excerpt":{"rendered":"<p>Delega\u00e7\u00e3o de Compet\u00eancias 2025-2029 Presidente Distribui\u00e7\u00e3o de Pelouros pelos Membros do \u00d3rg\u00e3o Executivo Delega\u00e7\u00e3o de Compet\u00eancias ao Abrigo da Lei n.\u00ba 75 2013 de 12 de setembro Delega\u00e7\u00e3o de Compet\u00eancias ao Abrigo do Decreto-Lei n.\u00ba 555 99 de 16 de dezembro \u00a0Autoriza\u00e7\u00e3o Pr\u00e9via para a Realiza\u00e7\u00e3o de Despesas at\u00e9 15.000,00 \u20ac Delega\u00e7\u00e3o de Compet\u00eancias para [&hellip;]<\/p>\n","protected":false},"author":1,"featured_media":183,"parent":0,"menu_order":81,"comment_status":"closed","ping_status":"closed","template":"page-publicacoes.php","meta":{"_acf_changed":false,"footnotes":""},"class_list":["post-62","page","type-page","status-publish","has-post-thumbnail","hentry"],"acf":[],"yoast_head":"<!-- This site is optimized with the Yoast SEO plugin v27.2 - https:\/\/yoast.com\/product\/yoast-seo-wordpress\/ -->\n<title>Obriga\u00e7\u00f5es Legislativas - Publica\u00e7\u00f5es<\/title>\n<meta name=\"robots\" content=\"index, follow, max-snippet:-1, max-image-preview:large, max-video-preview:-1\" \/>\n<link rel=\"canonical\" href=\"https:\/\/cmnordeste.pt\/publicacoes\/obrigacoes-legislativas\/\" \/>\n<meta property=\"og:locale\" content=\"pt_PT\" \/>\n<meta property=\"og:type\" content=\"article\" \/>\n<meta property=\"og:title\" content=\"Obriga\u00e7\u00f5es Legislativas - Publica\u00e7\u00f5es\" \/>\n<meta property=\"og:description\" content=\"Delega\u00e7\u00e3o de Compet\u00eancias 2025-2029 Presidente Distribui\u00e7\u00e3o de Pelouros pelos Membros do \u00d3rg\u00e3o Executivo Delega\u00e7\u00e3o de Compet\u00eancias ao Abrigo da Lei n.\u00ba 75 2013 de 12 de setembro Delega\u00e7\u00e3o de Compet\u00eancias ao Abrigo do Decreto-Lei n.\u00ba 555 99 de 16 de dezembro \u00a0Autoriza\u00e7\u00e3o Pr\u00e9via para a Realiza\u00e7\u00e3o de Despesas at\u00e9 15.000,00 \u20ac Delega\u00e7\u00e3o de Compet\u00eancias para [&hellip;]\" \/>\n<meta property=\"og:url\" content=\"https:\/\/cmnordeste.pt\/publicacoes\/obrigacoes-legislativas\/\" \/>\n<meta property=\"og:site_name\" content=\"Publica\u00e7\u00f5es\" \/>\n<meta property=\"article:modified_time\" content=\"2026-04-15T12:16:24+00:00\" \/>\n<meta property=\"og:image\" content=\"https:\/\/cmnordeste.pt\/publicacoes\/wp-content\/uploads\/sites\/8\/2019\/05\/depositphotos_29071923_xl-2015-1920x1080.jpg\" \/>\n\t<meta property=\"og:image:width\" content=\"1920\" \/>\n\t<meta property=\"og:image:height\" content=\"1281\" \/>\n\t<meta property=\"og:image:type\" content=\"image\/jpeg\" \/>\n<meta name=\"twitter:card\" content=\"summary_large_image\" \/>\n<meta name=\"twitter:label1\" content=\"Tempo estimado de leitura\" \/>\n\t<meta name=\"twitter:data1\" content=\"3 minutos\" \/>\n<script type=\"application\/ld+json\" class=\"yoast-schema-graph\">{\"@context\":\"https:\/\/schema.org\",\"@graph\":[{\"@type\":\"WebPage\",\"@id\":\"https:\/\/cmnordeste.pt\/publicacoes\/obrigacoes-legislativas\/\",\"url\":\"https:\/\/cmnordeste.pt\/publicacoes\/obrigacoes-legislativas\/\",\"name\":\"Obriga\u00e7\u00f5es Legislativas - Publica\u00e7\u00f5es\",\"isPartOf\":{\"@id\":\"https:\/\/cmnordeste.pt\/publicacoes\/#website\"},\"primaryImageOfPage\":{\"@id\":\"https:\/\/cmnordeste.pt\/publicacoes\/obrigacoes-legislativas\/#primaryimage\"},\"image\":{\"@id\":\"https:\/\/cmnordeste.pt\/publicacoes\/obrigacoes-legislativas\/#primaryimage\"},\"thumbnailUrl\":\"https:\/\/cmnordeste.pt\/publicacoes\/wp-content\/uploads\/sites\/8\/2019\/05\/depositphotos_29071923_xl-2015-1920x1080.jpg\",\"datePublished\":\"2026-04-15T12:15:55+00:00\",\"dateModified\":\"2026-04-15T12:16:24+00:00\",\"breadcrumb\":{\"@id\":\"https:\/\/cmnordeste.pt\/publicacoes\/obrigacoes-legislativas\/#breadcrumb\"},\"inLanguage\":\"pt-PT\",\"potentialAction\":[{\"@type\":\"ReadAction\",\"target\":[\"https:\/\/cmnordeste.pt\/publicacoes\/obrigacoes-legislativas\/\"]}]},{\"@type\":\"ImageObject\",\"inLanguage\":\"pt-PT\",\"@id\":\"https:\/\/cmnordeste.pt\/publicacoes\/obrigacoes-legislativas\/#primaryimage\",\"url\":\"https:\/\/cmnordeste.pt\/publicacoes\/wp-content\/uploads\/sites\/8\/2019\/05\/depositphotos_29071923_xl-2015-1920x1080.jpg\",\"contentUrl\":\"https:\/\/cmnordeste.pt\/publicacoes\/wp-content\/uploads\/sites\/8\/2019\/05\/depositphotos_29071923_xl-2015-1920x1080.jpg\",\"width\":1920,\"height\":1281,\"caption\":\"Planos e Or\u00e7amentos\"},{\"@type\":\"BreadcrumbList\",\"@id\":\"https:\/\/cmnordeste.pt\/publicacoes\/obrigacoes-legislativas\/#breadcrumb\",\"itemListElement\":[{\"@type\":\"ListItem\",\"position\":1,\"name\":\"In\u00edcio\",\"item\":\"https:\/\/cmnordeste.pt\/publicacoes\/\"},{\"@type\":\"ListItem\",\"position\":2,\"name\":\"Obriga\u00e7\u00f5es Legislativas\"}]},{\"@type\":\"WebSite\",\"@id\":\"https:\/\/cmnordeste.pt\/publicacoes\/#website\",\"url\":\"https:\/\/cmnordeste.pt\/publicacoes\/\",\"name\":\"Publica\u00e7\u00f5es\",\"description\":\"Publica\u00e7\u00f5es do Munic\u00edpio de Nordeste\",\"potentialAction\":[{\"@type\":\"SearchAction\",\"target\":{\"@type\":\"EntryPoint\",\"urlTemplate\":\"https:\/\/cmnordeste.pt\/publicacoes\/?s={search_term_string}\"},\"query-input\":{\"@type\":\"PropertyValueSpecification\",\"valueRequired\":true,\"valueName\":\"search_term_string\"}}],\"inLanguage\":\"pt-PT\"}]}<\/script>\n<!-- \/ Yoast SEO plugin. -->","yoast_head_json":{"title":"Obriga\u00e7\u00f5es Legislativas - Publica\u00e7\u00f5es","robots":{"index":"index","follow":"follow","max-snippet":"max-snippet:-1","max-image-preview":"max-image-preview:large","max-video-preview":"max-video-preview:-1"},"canonical":"https:\/\/cmnordeste.pt\/publicacoes\/obrigacoes-legislativas\/","og_locale":"pt_PT","og_type":"article","og_title":"Obriga\u00e7\u00f5es Legislativas - Publica\u00e7\u00f5es","og_description":"Delega\u00e7\u00e3o de Compet\u00eancias 2025-2029 Presidente Distribui\u00e7\u00e3o de Pelouros pelos Membros do \u00d3rg\u00e3o Executivo Delega\u00e7\u00e3o de Compet\u00eancias ao Abrigo da Lei n.\u00ba 75 2013 de 12 de setembro Delega\u00e7\u00e3o de Compet\u00eancias ao Abrigo do Decreto-Lei n.\u00ba 555 99 de 16 de dezembro \u00a0Autoriza\u00e7\u00e3o Pr\u00e9via para a Realiza\u00e7\u00e3o de Despesas at\u00e9 15.000,00 \u20ac Delega\u00e7\u00e3o de Compet\u00eancias para [&hellip;]","og_url":"https:\/\/cmnordeste.pt\/publicacoes\/obrigacoes-legislativas\/","og_site_name":"Publica\u00e7\u00f5es","article_modified_time":"2026-04-15T12:16:24+00:00","og_image":[{"width":1920,"height":1281,"url":"https:\/\/cmnordeste.pt\/publicacoes\/wp-content\/uploads\/sites\/8\/2019\/05\/depositphotos_29071923_xl-2015-1920x1080.jpg","type":"image\/jpeg"}],"twitter_card":"summary_large_image","twitter_misc":{"Tempo estimado de leitura":"3 minutos"},"schema":{"@context":"https:\/\/schema.org","@graph":[{"@type":"WebPage","@id":"https:\/\/cmnordeste.pt\/publicacoes\/obrigacoes-legislativas\/","url":"https:\/\/cmnordeste.pt\/publicacoes\/obrigacoes-legislativas\/","name":"Obriga\u00e7\u00f5es Legislativas - Publica\u00e7\u00f5es","isPartOf":{"@id":"https:\/\/cmnordeste.pt\/publicacoes\/#website"},"primaryImageOfPage":{"@id":"https:\/\/cmnordeste.pt\/publicacoes\/obrigacoes-legislativas\/#primaryimage"},"image":{"@id":"https:\/\/cmnordeste.pt\/publicacoes\/obrigacoes-legislativas\/#primaryimage"},"thumbnailUrl":"https:\/\/cmnordeste.pt\/publicacoes\/wp-content\/uploads\/sites\/8\/2019\/05\/depositphotos_29071923_xl-2015-1920x1080.jpg","datePublished":"2026-04-15T12:15:55+00:00","dateModified":"2026-04-15T12:16:24+00:00","breadcrumb":{"@id":"https:\/\/cmnordeste.pt\/publicacoes\/obrigacoes-legislativas\/#breadcrumb"},"inLanguage":"pt-PT","potentialAction":[{"@type":"ReadAction","target":["https:\/\/cmnordeste.pt\/publicacoes\/obrigacoes-legislativas\/"]}]},{"@type":"ImageObject","inLanguage":"pt-PT","@id":"https:\/\/cmnordeste.pt\/publicacoes\/obrigacoes-legislativas\/#primaryimage","url":"https:\/\/cmnordeste.pt\/publicacoes\/wp-content\/uploads\/sites\/8\/2019\/05\/depositphotos_29071923_xl-2015-1920x1080.jpg","contentUrl":"https:\/\/cmnordeste.pt\/publicacoes\/wp-content\/uploads\/sites\/8\/2019\/05\/depositphotos_29071923_xl-2015-1920x1080.jpg","width":1920,"height":1281,"caption":"Planos e Or\u00e7amentos"},{"@type":"BreadcrumbList","@id":"https:\/\/cmnordeste.pt\/publicacoes\/obrigacoes-legislativas\/#breadcrumb","itemListElement":[{"@type":"ListItem","position":1,"name":"In\u00edcio","item":"https:\/\/cmnordeste.pt\/publicacoes\/"},{"@type":"ListItem","position":2,"name":"Obriga\u00e7\u00f5es Legislativas"}]},{"@type":"WebSite","@id":"https:\/\/cmnordeste.pt\/publicacoes\/#website","url":"https:\/\/cmnordeste.pt\/publicacoes\/","name":"Publica\u00e7\u00f5es","description":"Publica\u00e7\u00f5es do Munic\u00edpio de Nordeste","potentialAction":[{"@type":"SearchAction","target":{"@type":"EntryPoint","urlTemplate":"https:\/\/cmnordeste.pt\/publicacoes\/?s={search_term_string}"},"query-input":{"@type":"PropertyValueSpecification","valueRequired":true,"valueName":"search_term_string"}}],"inLanguage":"pt-PT"}]}},"_links":{"self":[{"href":"https:\/\/cmnordeste.pt\/publicacoes\/wp-json\/wp\/v2\/pages\/62","targetHints":{"allow":["GET"]}}],"collection":[{"href":"https:\/\/cmnordeste.pt\/publicacoes\/wp-json\/wp\/v2\/pages"}],"about":[{"href":"https:\/\/cmnordeste.pt\/publicacoes\/wp-json\/wp\/v2\/types\/page"}],"author":[{"embeddable":true,"href":"https:\/\/cmnordeste.pt\/publicacoes\/wp-json\/wp\/v2\/users\/1"}],"replies":[{"embeddable":true,"href":"https:\/\/cmnordeste.pt\/publicacoes\/wp-json\/wp\/v2\/comments?post=62"}],"version-history":[{"count":24,"href":"https:\/\/cmnordeste.pt\/publicacoes\/wp-json\/wp\/v2\/pages\/62\/revisions"}],"predecessor-version":[{"id":6481,"href":"https:\/\/cmnordeste.pt\/publicacoes\/wp-json\/wp\/v2\/pages\/62\/revisions\/6481"}],"wp:featuredmedia":[{"embeddable":true,"href":"https:\/\/cmnordeste.pt\/publicacoes\/wp-json\/wp\/v2\/media\/183"}],"wp:attachment":[{"href":"https:\/\/cmnordeste.pt\/publicacoes\/wp-json\/wp\/v2\/media?parent=62"}],"curies":[{"name":"wp","href":"https:\/\/api.w.org\/{rel}","templated":true}]}}