{"id":228,"date":"2026-04-08T15:02:54","date_gmt":"2026-04-08T15:02:54","guid":{"rendered":"https:\/\/cmnordeste.pt\/social\/?page_id=228"},"modified":"2026-04-08T15:02:59","modified_gmt":"2026-04-08T15:02:59","slug":"bolsas-de-estudo","status":"publish","type":"page","link":"https:\/\/cmnordeste.pt\/social\/infancia-e-juventude\/bolsas-de-estudo\/","title":{"rendered":"Apoios ao Ensino Superior"},"content":{"rendered":"\n<p>&nbsp;<\/p>\n<p><strong>Bolsa de Estudo\u00a0<\/strong><\/p>\n<p><a href=\"https:\/\/cmnordeste.pt\/social\/wp-content\/uploads\/sites\/6\/2026\/04\/edital-de-atribuicao-de-duas-bolsas-de-estudo-a-alunos-do-ensino-superior-corrigido.pdf\" class=\"mtli_attachment mtli_pdf\">Edital de Atribui\u00e7\u00e3o de duas Bolsas de Estudo a Alunos do Ensino Superior (Corrigido)<\/a><\/p>\n<p><a href=\"https:\/\/cmnordeste.pt\/social\/wp-content\/uploads\/sites\/6\/2025\/11\/edital-concurso-publico-para-atribuicao-de-cinco-bolsas-de-estudo-a-alunos-do-ensino-superior-2025-2026.pdf\" class=\"mtli_attachment mtli_pdf\">Edital Concurso P\u00fablico para Atribui\u00e7\u00e3o de Cinco Bolsas de Estudo a Alunos do Ensino Superior 2025 2026<\/a><\/p>\n<p><a href=\"https:\/\/cmnordeste.pt\/social\/wp-content\/uploads\/sites\/6\/2024\/10\/regulamento-municipal-de-atribuicao-de-bolsas-de-estudo-a-alunos-do-ensino-supeior.pdf\" class=\"mtli_attachment mtli_pdf\">Regulamento Municipal de Atribui\u00e7\u00e3o de Bolsas de Estudo a Alunos do Ensino Superior<\/a><\/p>\n<p><a href=\"https:\/\/cmnordeste.pt\/social\/wp-content\/uploads\/sites\/6\/2025\/05\/requerimento.pdf\" class=\"mtli_attachment mtli_pdf\">Requerimento<\/a><\/p>\n<p><a href=\"https:\/\/cmnordeste.pt\/social\/wp-content\/uploads\/sites\/6\/2025\/05\/ficha-inquerito.pdf\" class=\"mtli_attachment mtli_pdf\">Ficha Inqu\u00e9rito<\/a><\/p>\n<p><a href=\"https:\/\/cmnordeste.pt\/social\/wp-content\/uploads\/sites\/6\/2025\/05\/declaracao-honra.pdf\" class=\"mtli_attachment mtli_pdf\">Declara\u00e7\u00e3o de Honra<\/a><\/p>\n<p>&nbsp;<\/p>\n<p><strong>Pr\u00e9mio M\u00e9rito Ingresso Ensino Superior\u00a0<\/strong><\/p>\n<p><a href=\"https:\/\/cmnordeste.pt\/social\/wp-content\/uploads\/sites\/6\/2025\/08\/edital-de-aceitacao-de-candidaturas-ano-2025.pdf\" class=\"mtli_attachment mtli_pdf\">Edital de aceita\u00e7\u00e3o de candidaturas Ano 2025<\/a><\/p>\n<p><a href=\"https:\/\/cmnordeste.pt\/social\/wp-content\/uploads\/sites\/6\/2025\/08\/declaracao-autorizacao-publicitacao-dados.pdf\" class=\"mtli_attachment mtli_pdf\">Declara\u00e7\u00e3o autoriza\u00e7\u00e3o publicita\u00e7\u00e3o dados<\/a><\/p>\n<p><a href=\"https:\/\/cmnordeste.pt\/social\/wp-content\/uploads\/sites\/6\/2025\/08\/requerimento-premio-de-merito-de-ingresso-ao-ensino-superior.pdf\" class=\"mtli_attachment mtli_pdf\">Requerimento Pr\u00e9mio de M\u00e9rito de Ingresso ao Ensino Superior<\/a><\/p>\n<p><a href=\"https:\/\/cmnordeste.pt\/social\/wp-content\/uploads\/sites\/6\/2022\/05\/regulamento-municipal-de-atribuicao-de-premio-de-merito-de-ingresso-ao-ensino-supeiror.pdf\" class=\"mtli_attachment mtli_pdf\">Regulamento Municipal de atribui\u00e7\u00e3o de Pr\u00e9mio de M\u00e9rito de Ingresso ao Ensino Superior<\/a><\/p>\n","protected":false},"excerpt":{"rendered":"<p>&nbsp; Bolsa de Estudo\u00a0 Edital de Atribui\u00e7\u00e3o de duas Bolsas de Estudo a Alunos do Ensino Superior (Corrigido) Edital Concurso P\u00fablico para Atribui\u00e7\u00e3o de Cinco Bolsas de Estudo a Alunos do Ensino Superior 2025 2026 Regulamento Municipal de Atribui\u00e7\u00e3o de Bolsas de Estudo a Alunos do Ensino Superior Requerimento Ficha Inqu\u00e9rito Declara\u00e7\u00e3o de Honra &nbsp; [&hellip;]<\/p>\n","protected":false},"author":6,"featured_media":1573,"parent":188,"menu_order":0,"comment_status":"closed","ping_status":"closed","template":"","meta":{"_acf_changed":false,"footnotes":""},"class_list":["post-228","page","type-page","status-publish","has-post-thumbnail","hentry"],"acf":[],"yoast_head":"<!-- This site is optimized with the Yoast SEO plugin v27.4 - https:\/\/yoast.com\/product\/yoast-seo-wordpress\/ -->\n<title>Apoios ao Ensino Superior - Social<\/title>\n<meta name=\"robots\" content=\"index, follow, max-snippet:-1, max-image-preview:large, max-video-preview:-1\" \/>\n<link rel=\"canonical\" href=\"https:\/\/cmnordeste.pt\/social\/infancia-e-juventude\/bolsas-de-estudo\/\" \/>\n<meta property=\"og:locale\" content=\"pt_PT\" \/>\n<meta property=\"og:type\" content=\"article\" \/>\n<meta property=\"og:title\" content=\"Apoios ao Ensino Superior - Social\" \/>\n<meta property=\"og:description\" content=\"&nbsp; Bolsa de Estudo\u00a0 Edital de Atribui\u00e7\u00e3o de duas Bolsas de Estudo a Alunos do Ensino Superior (Corrigido) Edital Concurso P\u00fablico para Atribui\u00e7\u00e3o de Cinco Bolsas de Estudo a Alunos do Ensino Superior 2025 2026 Regulamento Municipal de Atribui\u00e7\u00e3o de Bolsas de Estudo a Alunos do Ensino Superior Requerimento Ficha Inqu\u00e9rito Declara\u00e7\u00e3o de Honra &nbsp; [&hellip;]\" \/>\n<meta property=\"og:url\" content=\"https:\/\/cmnordeste.pt\/social\/infancia-e-juventude\/bolsas-de-estudo\/\" \/>\n<meta property=\"og:site_name\" content=\"Social\" \/>\n<meta property=\"article:publisher\" content=\"https:\/\/www.facebook.com\/camaramunicipalnordeste\" \/>\n<meta property=\"article:modified_time\" content=\"2026-04-08T15:02:59+00:00\" \/>\n<meta property=\"og:image\" content=\"https:\/\/cmnordeste.pt\/social\/wp-content\/uploads\/sites\/6\/2022\/09\/estudantes_ensino_superior-1920x1080.jpg\" \/>\n\t<meta property=\"og:image:width\" content=\"1920\" \/>\n\t<meta property=\"og:image:height\" content=\"1280\" \/>\n\t<meta property=\"og:image:type\" content=\"image\/jpeg\" \/>\n<meta name=\"twitter:card\" content=\"summary_large_image\" \/>\n<meta name=\"twitter:label1\" content=\"Tempo estimado de leitura\" \/>\n\t<meta name=\"twitter:data1\" content=\"1 minuto\" \/>\n<script type=\"application\/ld+json\" class=\"yoast-schema-graph\">{\"@context\":\"https:\\\/\\\/schema.org\",\"@graph\":[{\"@type\":\"WebPage\",\"@id\":\"https:\\\/\\\/cmnordeste.pt\\\/social\\\/infancia-e-juventude\\\/bolsas-de-estudo\\\/\",\"url\":\"https:\\\/\\\/cmnordeste.pt\\\/social\\\/infancia-e-juventude\\\/bolsas-de-estudo\\\/\",\"name\":\"Apoios ao Ensino Superior - Social\",\"isPartOf\":{\"@id\":\"https:\\\/\\\/cmnordeste.pt\\\/social\\\/#website\"},\"primaryImageOfPage\":{\"@id\":\"https:\\\/\\\/cmnordeste.pt\\\/social\\\/infancia-e-juventude\\\/bolsas-de-estudo\\\/#primaryimage\"},\"image\":{\"@id\":\"https:\\\/\\\/cmnordeste.pt\\\/social\\\/infancia-e-juventude\\\/bolsas-de-estudo\\\/#primaryimage\"},\"thumbnailUrl\":\"https:\\\/\\\/cmnordeste.pt\\\/social\\\/wp-content\\\/uploads\\\/sites\\\/6\\\/2022\\\/09\\\/estudantes_ensino_superior-1920x1080.jpg\",\"datePublished\":\"2026-04-08T15:02:54+00:00\",\"dateModified\":\"2026-04-08T15:02:59+00:00\",\"breadcrumb\":{\"@id\":\"https:\\\/\\\/cmnordeste.pt\\\/social\\\/infancia-e-juventude\\\/bolsas-de-estudo\\\/#breadcrumb\"},\"inLanguage\":\"pt-PT\",\"potentialAction\":[{\"@type\":\"ReadAction\",\"target\":[\"https:\\\/\\\/cmnordeste.pt\\\/social\\\/infancia-e-juventude\\\/bolsas-de-estudo\\\/\"]}]},{\"@type\":\"ImageObject\",\"inLanguage\":\"pt-PT\",\"@id\":\"https:\\\/\\\/cmnordeste.pt\\\/social\\\/infancia-e-juventude\\\/bolsas-de-estudo\\\/#primaryimage\",\"url\":\"https:\\\/\\\/cmnordeste.pt\\\/social\\\/wp-content\\\/uploads\\\/sites\\\/6\\\/2022\\\/09\\\/estudantes_ensino_superior-1920x1080.jpg\",\"contentUrl\":\"https:\\\/\\\/cmnordeste.pt\\\/social\\\/wp-content\\\/uploads\\\/sites\\\/6\\\/2022\\\/09\\\/estudantes_ensino_superior-1920x1080.jpg\",\"width\":1920,\"height\":1280,\"caption\":\"Estudantes Ensino Superior\"},{\"@type\":\"BreadcrumbList\",\"@id\":\"https:\\\/\\\/cmnordeste.pt\\\/social\\\/infancia-e-juventude\\\/bolsas-de-estudo\\\/#breadcrumb\",\"itemListElement\":[{\"@type\":\"ListItem\",\"position\":1,\"name\":\"In\u00edcio\",\"item\":\"https:\\\/\\\/cmnordeste.pt\\\/social\\\/\"},{\"@type\":\"ListItem\",\"position\":2,\"name\":\"Inf\u00e2ncia e Juventude\",\"item\":\"https:\\\/\\\/cmnordeste.pt\\\/social\\\/infancia-e-juventude\\\/\"},{\"@type\":\"ListItem\",\"position\":3,\"name\":\"Apoios ao Ensino Superior\"}]},{\"@type\":\"WebSite\",\"@id\":\"https:\\\/\\\/cmnordeste.pt\\\/social\\\/#website\",\"url\":\"https:\\\/\\\/cmnordeste.pt\\\/social\\\/\",\"name\":\"Social\",\"description\":\"Social - Nordeste\",\"publisher\":{\"@id\":\"https:\\\/\\\/cmnordeste.pt\\\/social\\\/#organization\"},\"potentialAction\":[{\"@type\":\"SearchAction\",\"target\":{\"@type\":\"EntryPoint\",\"urlTemplate\":\"https:\\\/\\\/cmnordeste.pt\\\/social\\\/?s={search_term_string}\"},\"query-input\":{\"@type\":\"PropertyValueSpecification\",\"valueRequired\":true,\"valueName\":\"search_term_string\"}}],\"inLanguage\":\"pt-PT\"},{\"@type\":\"Organization\",\"@id\":\"https:\\\/\\\/cmnordeste.pt\\\/social\\\/#organization\",\"name\":\"Munic\u00edpio de Nordeste\",\"url\":\"https:\\\/\\\/cmnordeste.pt\\\/social\\\/\",\"logo\":{\"@type\":\"ImageObject\",\"inLanguage\":\"pt-PT\",\"@id\":\"https:\\\/\\\/cmnordeste.pt\\\/social\\\/#\\\/schema\\\/logo\\\/image\\\/\",\"url\":\"https:\\\/\\\/cmnordeste.pt\\\/social\\\/wp-content\\\/uploads\\\/sites\\\/6\\\/2019\\\/05\\\/logo_cmn_800.png\",\"contentUrl\":\"https:\\\/\\\/cmnordeste.pt\\\/social\\\/wp-content\\\/uploads\\\/sites\\\/6\\\/2019\\\/05\\\/logo_cmn_800.png\",\"width\":800,\"height\":254,\"caption\":\"Munic\u00edpio de Nordeste\"},\"image\":{\"@id\":\"https:\\\/\\\/cmnordeste.pt\\\/social\\\/#\\\/schema\\\/logo\\\/image\\\/\"},\"sameAs\":[\"https:\\\/\\\/www.facebook.com\\\/camaramunicipalnordeste\",\"https:\\\/\\\/www.instagram.com\\\/municipiodonordeste\"]}]}<\/script>\n<!-- \/ Yoast SEO plugin. -->","yoast_head_json":{"title":"Apoios ao Ensino Superior - Social","robots":{"index":"index","follow":"follow","max-snippet":"max-snippet:-1","max-image-preview":"max-image-preview:large","max-video-preview":"max-video-preview:-1"},"canonical":"https:\/\/cmnordeste.pt\/social\/infancia-e-juventude\/bolsas-de-estudo\/","og_locale":"pt_PT","og_type":"article","og_title":"Apoios ao Ensino Superior - Social","og_description":"&nbsp; Bolsa de Estudo\u00a0 Edital de Atribui\u00e7\u00e3o de duas Bolsas de Estudo a Alunos do Ensino Superior (Corrigido) Edital Concurso P\u00fablico para Atribui\u00e7\u00e3o de Cinco Bolsas de Estudo a Alunos do Ensino Superior 2025 2026 Regulamento Municipal de Atribui\u00e7\u00e3o de Bolsas de Estudo a Alunos do Ensino Superior Requerimento Ficha Inqu\u00e9rito Declara\u00e7\u00e3o de Honra &nbsp; [&hellip;]","og_url":"https:\/\/cmnordeste.pt\/social\/infancia-e-juventude\/bolsas-de-estudo\/","og_site_name":"Social","article_publisher":"https:\/\/www.facebook.com\/camaramunicipalnordeste","article_modified_time":"2026-04-08T15:02:59+00:00","og_image":[{"width":1920,"height":1280,"url":"https:\/\/cmnordeste.pt\/social\/wp-content\/uploads\/sites\/6\/2022\/09\/estudantes_ensino_superior-1920x1080.jpg","type":"image\/jpeg"}],"twitter_card":"summary_large_image","twitter_misc":{"Tempo estimado de leitura":"1 minuto"},"schema":{"@context":"https:\/\/schema.org","@graph":[{"@type":"WebPage","@id":"https:\/\/cmnordeste.pt\/social\/infancia-e-juventude\/bolsas-de-estudo\/","url":"https:\/\/cmnordeste.pt\/social\/infancia-e-juventude\/bolsas-de-estudo\/","name":"Apoios ao Ensino Superior - Social","isPartOf":{"@id":"https:\/\/cmnordeste.pt\/social\/#website"},"primaryImageOfPage":{"@id":"https:\/\/cmnordeste.pt\/social\/infancia-e-juventude\/bolsas-de-estudo\/#primaryimage"},"image":{"@id":"https:\/\/cmnordeste.pt\/social\/infancia-e-juventude\/bolsas-de-estudo\/#primaryimage"},"thumbnailUrl":"https:\/\/cmnordeste.pt\/social\/wp-content\/uploads\/sites\/6\/2022\/09\/estudantes_ensino_superior-1920x1080.jpg","datePublished":"2026-04-08T15:02:54+00:00","dateModified":"2026-04-08T15:02:59+00:00","breadcrumb":{"@id":"https:\/\/cmnordeste.pt\/social\/infancia-e-juventude\/bolsas-de-estudo\/#breadcrumb"},"inLanguage":"pt-PT","potentialAction":[{"@type":"ReadAction","target":["https:\/\/cmnordeste.pt\/social\/infancia-e-juventude\/bolsas-de-estudo\/"]}]},{"@type":"ImageObject","inLanguage":"pt-PT","@id":"https:\/\/cmnordeste.pt\/social\/infancia-e-juventude\/bolsas-de-estudo\/#primaryimage","url":"https:\/\/cmnordeste.pt\/social\/wp-content\/uploads\/sites\/6\/2022\/09\/estudantes_ensino_superior-1920x1080.jpg","contentUrl":"https:\/\/cmnordeste.pt\/social\/wp-content\/uploads\/sites\/6\/2022\/09\/estudantes_ensino_superior-1920x1080.jpg","width":1920,"height":1280,"caption":"Estudantes Ensino Superior"},{"@type":"BreadcrumbList","@id":"https:\/\/cmnordeste.pt\/social\/infancia-e-juventude\/bolsas-de-estudo\/#breadcrumb","itemListElement":[{"@type":"ListItem","position":1,"name":"In\u00edcio","item":"https:\/\/cmnordeste.pt\/social\/"},{"@type":"ListItem","position":2,"name":"Inf\u00e2ncia e Juventude","item":"https:\/\/cmnordeste.pt\/social\/infancia-e-juventude\/"},{"@type":"ListItem","position":3,"name":"Apoios ao Ensino Superior"}]},{"@type":"WebSite","@id":"https:\/\/cmnordeste.pt\/social\/#website","url":"https:\/\/cmnordeste.pt\/social\/","name":"Social","description":"Social - Nordeste","publisher":{"@id":"https:\/\/cmnordeste.pt\/social\/#organization"},"potentialAction":[{"@type":"SearchAction","target":{"@type":"EntryPoint","urlTemplate":"https:\/\/cmnordeste.pt\/social\/?s={search_term_string}"},"query-input":{"@type":"PropertyValueSpecification","valueRequired":true,"valueName":"search_term_string"}}],"inLanguage":"pt-PT"},{"@type":"Organization","@id":"https:\/\/cmnordeste.pt\/social\/#organization","name":"Munic\u00edpio de Nordeste","url":"https:\/\/cmnordeste.pt\/social\/","logo":{"@type":"ImageObject","inLanguage":"pt-PT","@id":"https:\/\/cmnordeste.pt\/social\/#\/schema\/logo\/image\/","url":"https:\/\/cmnordeste.pt\/social\/wp-content\/uploads\/sites\/6\/2019\/05\/logo_cmn_800.png","contentUrl":"https:\/\/cmnordeste.pt\/social\/wp-content\/uploads\/sites\/6\/2019\/05\/logo_cmn_800.png","width":800,"height":254,"caption":"Munic\u00edpio de Nordeste"},"image":{"@id":"https:\/\/cmnordeste.pt\/social\/#\/schema\/logo\/image\/"},"sameAs":["https:\/\/www.facebook.com\/camaramunicipalnordeste","https:\/\/www.instagram.com\/municipiodonordeste"]}]}},"_links":{"self":[{"href":"https:\/\/cmnordeste.pt\/social\/wp-json\/wp\/v2\/pages\/228","targetHints":{"allow":["GET"]}}],"collection":[{"href":"https:\/\/cmnordeste.pt\/social\/wp-json\/wp\/v2\/pages"}],"about":[{"href":"https:\/\/cmnordeste.pt\/social\/wp-json\/wp\/v2\/types\/page"}],"author":[{"embeddable":true,"href":"https:\/\/cmnordeste.pt\/social\/wp-json\/wp\/v2\/users\/6"}],"replies":[{"embeddable":true,"href":"https:\/\/cmnordeste.pt\/social\/wp-json\/wp\/v2\/comments?post=228"}],"version-history":[{"count":18,"href":"https:\/\/cmnordeste.pt\/social\/wp-json\/wp\/v2\/pages\/228\/revisions"}],"predecessor-version":[{"id":1704,"href":"https:\/\/cmnordeste.pt\/social\/wp-json\/wp\/v2\/pages\/228\/revisions\/1704"}],"up":[{"embeddable":true,"href":"https:\/\/cmnordeste.pt\/social\/wp-json\/wp\/v2\/pages\/188"}],"wp:featuredmedia":[{"embeddable":true,"href":"https:\/\/cmnordeste.pt\/social\/wp-json\/wp\/v2\/media\/1573"}],"wp:attachment":[{"href":"https:\/\/cmnordeste.pt\/social\/wp-json\/wp\/v2\/media?parent=228"}],"curies":[{"name":"wp","href":"https:\/\/api.w.org\/{rel}","templated":true}]}}