{"id":644,"date":"2022-02-24T15:12:10","date_gmt":"2022-02-24T15:12:10","guid":{"rendered":"https:\/\/cmnordeste.pt\/social\/?page_id=644"},"modified":"2023-03-02T17:31:40","modified_gmt":"2023-03-02T17:31:40","slug":"fundo-de-emergencia","status":"publish","type":"page","link":"https:\/\/cmnordeste.pt\/social\/fundo-de-emergencia\/","title":{"rendered":"Fundo de Emerg\u00eancia"},"content":{"rendered":"\n<p><a href=\"https:\/\/cmnordeste.pt\/social\/wp-content\/uploads\/sites\/6\/2022\/01\/inicio-do-procedimento-de-alteracao-do-regulamento-do-fundo-municipal-de-emergencia-social.pdf\" class=\"mtli_attachment mtli_pdf\">Inicio do Procedimento de Altera\u00e7\u00e3o do Regulamento do Fundo Municipal de Emerg\u00eancia Social<\/a><\/p>\n<p><a href=\"https:\/\/cmnordeste.pt\/social\/wp-content\/uploads\/sites\/6\/2017\/10\/Regulamento-do-Fundo-Municipal-de-Emerg\u00eancia-Social-FMES-de-Nordeste.pdf\" class=\"mtli_attachment mtli_pdf\" rel=\"\">Regulamento do Fundo Municipal de Emerg\u00eancia Social (FMES) de Nordeste<\/a><\/p>\n","protected":false},"excerpt":{"rendered":"<p>Inicio do Procedimento de Altera\u00e7\u00e3o do Regulamento do Fundo Municipal de Emerg\u00eancia Social Regulamento do Fundo Municipal de Emerg\u00eancia Social (FMES) de Nordeste<\/p>\n","protected":false},"author":6,"featured_media":343,"parent":0,"menu_order":35,"comment_status":"closed","ping_status":"closed","template":"","meta":{"_acf_changed":false,"footnotes":""},"class_list":["post-644","page","type-page","status-publish","has-post-thumbnail","hentry"],"acf":[],"yoast_head":"<!-- This site is optimized with the Yoast SEO plugin v27.4 - https:\/\/yoast.com\/product\/yoast-seo-wordpress\/ -->\n<title>Fundo de Emerg\u00eancia - Social<\/title>\n<meta name=\"robots\" content=\"index, follow, max-snippet:-1, max-image-preview:large, max-video-preview:-1\" \/>\n<link rel=\"canonical\" href=\"https:\/\/cmnordeste.pt\/social\/fundo-de-emergencia\/\" \/>\n<meta property=\"og:locale\" content=\"pt_PT\" \/>\n<meta property=\"og:type\" content=\"article\" \/>\n<meta property=\"og:title\" content=\"Fundo de Emerg\u00eancia - Social\" \/>\n<meta property=\"og:description\" content=\"Inicio do Procedimento de Altera\u00e7\u00e3o do Regulamento do Fundo Municipal de Emerg\u00eancia Social Regulamento do Fundo Municipal de Emerg\u00eancia Social (FMES) de Nordeste\" \/>\n<meta property=\"og:url\" content=\"https:\/\/cmnordeste.pt\/social\/fundo-de-emergencia\/\" \/>\n<meta property=\"og:site_name\" content=\"Social\" \/>\n<meta property=\"article:publisher\" content=\"https:\/\/www.facebook.com\/camaramunicipalnordeste\" \/>\n<meta property=\"article:modified_time\" content=\"2023-03-02T17:31:40+00:00\" \/>\n<meta property=\"og:image\" content=\"https:\/\/cmnordeste.pt\/social\/wp-content\/uploads\/sites\/6\/2016\/09\/foto_bebe.jpg\" \/>\n<meta name=\"twitter:card\" content=\"summary_large_image\" \/>\n<script type=\"application\/ld+json\" class=\"yoast-schema-graph\">{\"@context\":\"https:\\\/\\\/schema.org\",\"@graph\":[{\"@type\":\"WebPage\",\"@id\":\"https:\\\/\\\/cmnordeste.pt\\\/social\\\/fundo-de-emergencia\\\/\",\"url\":\"https:\\\/\\\/cmnordeste.pt\\\/social\\\/fundo-de-emergencia\\\/\",\"name\":\"Fundo de Emerg\u00eancia - Social\",\"isPartOf\":{\"@id\":\"https:\\\/\\\/cmnordeste.pt\\\/social\\\/#website\"},\"primaryImageOfPage\":{\"@id\":\"https:\\\/\\\/cmnordeste.pt\\\/social\\\/fundo-de-emergencia\\\/#primaryimage\"},\"image\":{\"@id\":\"https:\\\/\\\/cmnordeste.pt\\\/social\\\/fundo-de-emergencia\\\/#primaryimage\"},\"thumbnailUrl\":\"https:\\\/\\\/cmnordeste.pt\\\/social\\\/wp-content\\\/uploads\\\/sites\\\/6\\\/2015\\\/01\\\/imagem3.jpg\",\"datePublished\":\"2022-02-24T15:12:10+00:00\",\"dateModified\":\"2023-03-02T17:31:40+00:00\",\"breadcrumb\":{\"@id\":\"https:\\\/\\\/cmnordeste.pt\\\/social\\\/fundo-de-emergencia\\\/#breadcrumb\"},\"inLanguage\":\"pt-PT\",\"potentialAction\":[{\"@type\":\"ReadAction\",\"target\":[\"https:\\\/\\\/cmnordeste.pt\\\/social\\\/fundo-de-emergencia\\\/\"]}]},{\"@type\":\"ImageObject\",\"inLanguage\":\"pt-PT\",\"@id\":\"https:\\\/\\\/cmnordeste.pt\\\/social\\\/fundo-de-emergencia\\\/#primaryimage\",\"url\":\"https:\\\/\\\/cmnordeste.pt\\\/social\\\/wp-content\\\/uploads\\\/sites\\\/6\\\/2015\\\/01\\\/imagem3.jpg\",\"contentUrl\":\"https:\\\/\\\/cmnordeste.pt\\\/social\\\/wp-content\\\/uploads\\\/sites\\\/6\\\/2015\\\/01\\\/imagem3.jpg\",\"width\":1600,\"height\":400},{\"@type\":\"BreadcrumbList\",\"@id\":\"https:\\\/\\\/cmnordeste.pt\\\/social\\\/fundo-de-emergencia\\\/#breadcrumb\",\"itemListElement\":[{\"@type\":\"ListItem\",\"position\":1,\"name\":\"In\u00edcio\",\"item\":\"https:\\\/\\\/cmnordeste.pt\\\/social\\\/\"},{\"@type\":\"ListItem\",\"position\":2,\"name\":\"Fundo de Emerg\u00eancia\"}]},{\"@type\":\"WebSite\",\"@id\":\"https:\\\/\\\/cmnordeste.pt\\\/social\\\/#website\",\"url\":\"https:\\\/\\\/cmnordeste.pt\\\/social\\\/\",\"name\":\"Social\",\"description\":\"Social - Nordeste\",\"publisher\":{\"@id\":\"https:\\\/\\\/cmnordeste.pt\\\/social\\\/#organization\"},\"potentialAction\":[{\"@type\":\"SearchAction\",\"target\":{\"@type\":\"EntryPoint\",\"urlTemplate\":\"https:\\\/\\\/cmnordeste.pt\\\/social\\\/?s={search_term_string}\"},\"query-input\":{\"@type\":\"PropertyValueSpecification\",\"valueRequired\":true,\"valueName\":\"search_term_string\"}}],\"inLanguage\":\"pt-PT\"},{\"@type\":\"Organization\",\"@id\":\"https:\\\/\\\/cmnordeste.pt\\\/social\\\/#organization\",\"name\":\"Munic\u00edpio de Nordeste\",\"url\":\"https:\\\/\\\/cmnordeste.pt\\\/social\\\/\",\"logo\":{\"@type\":\"ImageObject\",\"inLanguage\":\"pt-PT\",\"@id\":\"https:\\\/\\\/cmnordeste.pt\\\/social\\\/#\\\/schema\\\/logo\\\/image\\\/\",\"url\":\"https:\\\/\\\/cmnordeste.pt\\\/social\\\/wp-content\\\/uploads\\\/sites\\\/6\\\/2019\\\/05\\\/logo_cmn_800.png\",\"contentUrl\":\"https:\\\/\\\/cmnordeste.pt\\\/social\\\/wp-content\\\/uploads\\\/sites\\\/6\\\/2019\\\/05\\\/logo_cmn_800.png\",\"width\":800,\"height\":254,\"caption\":\"Munic\u00edpio de Nordeste\"},\"image\":{\"@id\":\"https:\\\/\\\/cmnordeste.pt\\\/social\\\/#\\\/schema\\\/logo\\\/image\\\/\"},\"sameAs\":[\"https:\\\/\\\/www.facebook.com\\\/camaramunicipalnordeste\",\"https:\\\/\\\/www.instagram.com\\\/municipiodonordeste\"]}]}<\/script>\n<!-- \/ Yoast SEO plugin. -->","yoast_head_json":{"title":"Fundo de Emerg\u00eancia - Social","robots":{"index":"index","follow":"follow","max-snippet":"max-snippet:-1","max-image-preview":"max-image-preview:large","max-video-preview":"max-video-preview:-1"},"canonical":"https:\/\/cmnordeste.pt\/social\/fundo-de-emergencia\/","og_locale":"pt_PT","og_type":"article","og_title":"Fundo de Emerg\u00eancia - Social","og_description":"Inicio do Procedimento de Altera\u00e7\u00e3o do Regulamento do Fundo Municipal de Emerg\u00eancia Social Regulamento do Fundo Municipal de Emerg\u00eancia Social (FMES) de Nordeste","og_url":"https:\/\/cmnordeste.pt\/social\/fundo-de-emergencia\/","og_site_name":"Social","article_publisher":"https:\/\/www.facebook.com\/camaramunicipalnordeste","article_modified_time":"2023-03-02T17:31:40+00:00","og_image":[{"url":"https:\/\/cmnordeste.pt\/social\/wp-content\/uploads\/sites\/6\/2016\/09\/foto_bebe.jpg","type":"","width":"","height":""}],"twitter_card":"summary_large_image","schema":{"@context":"https:\/\/schema.org","@graph":[{"@type":"WebPage","@id":"https:\/\/cmnordeste.pt\/social\/fundo-de-emergencia\/","url":"https:\/\/cmnordeste.pt\/social\/fundo-de-emergencia\/","name":"Fundo de Emerg\u00eancia - Social","isPartOf":{"@id":"https:\/\/cmnordeste.pt\/social\/#website"},"primaryImageOfPage":{"@id":"https:\/\/cmnordeste.pt\/social\/fundo-de-emergencia\/#primaryimage"},"image":{"@id":"https:\/\/cmnordeste.pt\/social\/fundo-de-emergencia\/#primaryimage"},"thumbnailUrl":"https:\/\/cmnordeste.pt\/social\/wp-content\/uploads\/sites\/6\/2015\/01\/imagem3.jpg","datePublished":"2022-02-24T15:12:10+00:00","dateModified":"2023-03-02T17:31:40+00:00","breadcrumb":{"@id":"https:\/\/cmnordeste.pt\/social\/fundo-de-emergencia\/#breadcrumb"},"inLanguage":"pt-PT","potentialAction":[{"@type":"ReadAction","target":["https:\/\/cmnordeste.pt\/social\/fundo-de-emergencia\/"]}]},{"@type":"ImageObject","inLanguage":"pt-PT","@id":"https:\/\/cmnordeste.pt\/social\/fundo-de-emergencia\/#primaryimage","url":"https:\/\/cmnordeste.pt\/social\/wp-content\/uploads\/sites\/6\/2015\/01\/imagem3.jpg","contentUrl":"https:\/\/cmnordeste.pt\/social\/wp-content\/uploads\/sites\/6\/2015\/01\/imagem3.jpg","width":1600,"height":400},{"@type":"BreadcrumbList","@id":"https:\/\/cmnordeste.pt\/social\/fundo-de-emergencia\/#breadcrumb","itemListElement":[{"@type":"ListItem","position":1,"name":"In\u00edcio","item":"https:\/\/cmnordeste.pt\/social\/"},{"@type":"ListItem","position":2,"name":"Fundo de Emerg\u00eancia"}]},{"@type":"WebSite","@id":"https:\/\/cmnordeste.pt\/social\/#website","url":"https:\/\/cmnordeste.pt\/social\/","name":"Social","description":"Social - Nordeste","publisher":{"@id":"https:\/\/cmnordeste.pt\/social\/#organization"},"potentialAction":[{"@type":"SearchAction","target":{"@type":"EntryPoint","urlTemplate":"https:\/\/cmnordeste.pt\/social\/?s={search_term_string}"},"query-input":{"@type":"PropertyValueSpecification","valueRequired":true,"valueName":"search_term_string"}}],"inLanguage":"pt-PT"},{"@type":"Organization","@id":"https:\/\/cmnordeste.pt\/social\/#organization","name":"Munic\u00edpio de Nordeste","url":"https:\/\/cmnordeste.pt\/social\/","logo":{"@type":"ImageObject","inLanguage":"pt-PT","@id":"https:\/\/cmnordeste.pt\/social\/#\/schema\/logo\/image\/","url":"https:\/\/cmnordeste.pt\/social\/wp-content\/uploads\/sites\/6\/2019\/05\/logo_cmn_800.png","contentUrl":"https:\/\/cmnordeste.pt\/social\/wp-content\/uploads\/sites\/6\/2019\/05\/logo_cmn_800.png","width":800,"height":254,"caption":"Munic\u00edpio de Nordeste"},"image":{"@id":"https:\/\/cmnordeste.pt\/social\/#\/schema\/logo\/image\/"},"sameAs":["https:\/\/www.facebook.com\/camaramunicipalnordeste","https:\/\/www.instagram.com\/municipiodonordeste"]}]}},"_links":{"self":[{"href":"https:\/\/cmnordeste.pt\/social\/wp-json\/wp\/v2\/pages\/644","targetHints":{"allow":["GET"]}}],"collection":[{"href":"https:\/\/cmnordeste.pt\/social\/wp-json\/wp\/v2\/pages"}],"about":[{"href":"https:\/\/cmnordeste.pt\/social\/wp-json\/wp\/v2\/types\/page"}],"author":[{"embeddable":true,"href":"https:\/\/cmnordeste.pt\/social\/wp-json\/wp\/v2\/users\/6"}],"replies":[{"embeddable":true,"href":"https:\/\/cmnordeste.pt\/social\/wp-json\/wp\/v2\/comments?post=644"}],"version-history":[{"count":4,"href":"https:\/\/cmnordeste.pt\/social\/wp-json\/wp\/v2\/pages\/644\/revisions"}],"predecessor-version":[{"id":1618,"href":"https:\/\/cmnordeste.pt\/social\/wp-json\/wp\/v2\/pages\/644\/revisions\/1618"}],"wp:featuredmedia":[{"embeddable":true,"href":"https:\/\/cmnordeste.pt\/social\/wp-json\/wp\/v2\/media\/343"}],"wp:attachment":[{"href":"https:\/\/cmnordeste.pt\/social\/wp-json\/wp\/v2\/media?parent=644"}],"curies":[{"name":"wp","href":"https:\/\/api.w.org\/{rel}","templated":true}]}}