{"id":1422,"date":"2025-12-29T15:00:42","date_gmt":"2025-12-29T15:00:42","guid":{"rendered":"https:\/\/cmnordeste.pt\/turismo\/?page_id=1422"},"modified":"2025-12-30T12:20:34","modified_gmt":"2025-12-30T12:20:34","slug":"construcao-civil","status":"publish","type":"page","link":"https:\/\/cmnordeste.pt\/turismo\/comercio-local\/construcao-civil\/","title":{"rendered":"Constru\u00e7\u00e3o Civil"},"content":{"rendered":"<h4><strong>SM Raposo, Constru\u00e7\u00e3o Civil Soc. Unipessoal, Lda. (incluindo loja de materiais)<\/strong><\/h4>\n<p>Rua Ant\u00f3nio Alves de Oliveira n.\u00ba 26<\/p>\n<p>9630 &#8211;\u00a0 147 Vila de Nordeste<\/p>\n<p>Telem: 916 943 972<\/p>\n<p>Email: smraposolda@gmail.com<\/p>\n<h4><strong>Jos\u00e9 de Simas Moniz e Filhos, Lda. (incluindo loja de materiais)<\/strong><\/h4>\n<p>Rua Ant\u00f3nio Alves de Oliveira, 46<br \/>\n9630 \u2013 147 NORDESTE<br \/>\nTel: 296 480 000<\/p>\n<p>E-mail: jsm@jsm.pt<\/p>\n<h4><strong>Constru\u00e7\u00f5es Achadense, Lda.<\/strong><\/h4>\n<p>Ramal do Porto, 21<br \/>\n9630 \u2013 024 ACHADA<br \/>\nTel.: 296 452 970<\/p>\n<p>E.mail: const.achadense@mail.telepac.pt<\/p>\n<h4><strong>\u00c1lvaro Medeiros<\/strong><\/h4>\n<p>Rua do Valverde N\u00ba19, Feteira Pequena<\/p>\n<p>9630-313 Freguesia de Santana\u00a0<\/p>\n<p>Tel: 91 67 74 779<\/p>\n<p>Email: alvarmedeiros@hotmail.com<\/p>\n<h4><strong>Held\u00e9r Silva, Unipessoal, Lda.<\/strong><\/h4>\n<p><strong> Remodela\u00e7\u00f5es, Acabamentos e Constru\u00e7\u00e3o Civil<\/strong><\/p>\n<p style=\"text-align: left\">Estrada Regional N\u00ba 3, Almas, Lomba da Fazenda<\/p>\n<p style=\"text-align: left\">Tel: 910 871 529<\/p>\n<h4><strong>Loja da Patr\u00edcia &#8211; Materiais de Constru\u00e7\u00e3o Civil\u00a0<\/strong><\/h4>\n<p>Estrada Regional N\u00ba 7 Concei\u00e7\u00e3o<br \/>\n9630 -103 Lomba da Fazenda<\/p>\n<p><strong>Tel:<\/strong>\u00a0296 486 167<\/p>\n","protected":false},"excerpt":{"rendered":"<p>SM Raposo, Constru\u00e7\u00e3o Civil Soc. Unipessoal, Lda. (incluindo loja de materiais) Rua Ant\u00f3nio Alves de Oliveira n.\u00ba 26 9630 &#8211;\u00a0 147 Vila de Nordeste Telem: 916 943 972 Email: smraposolda@gmail.com Jos\u00e9 de Simas Moniz e Filhos, Lda. (incluindo loja de materiais) Rua Ant\u00f3nio Alves de Oliveira, 46 9630 \u2013 147 NORDESTE Tel: 296 480 000 [&hellip;]<\/p>\n","protected":false},"author":1,"featured_media":0,"parent":1420,"menu_order":0,"comment_status":"closed","ping_status":"closed","template":"page-servicos.php","meta":{"_acf_changed":false,"footnotes":""},"class_list":["post-1422","page","type-page","status-publish","hentry"],"acf":[],"yoast_head":"<!-- This site is optimized with the Yoast SEO plugin v27.2 - https:\/\/yoast.com\/product\/yoast-seo-wordpress\/ -->\n<title>Constru\u00e7\u00e3o Civil - Turismo<\/title>\n<meta name=\"robots\" content=\"index, follow, max-snippet:-1, max-image-preview:large, max-video-preview:-1\" \/>\n<link rel=\"canonical\" href=\"https:\/\/cmnordeste.pt\/turismo\/comercio-local\/construcao-civil\/\" \/>\n<meta property=\"og:locale\" content=\"pt_PT\" \/>\n<meta property=\"og:type\" content=\"article\" \/>\n<meta property=\"og:title\" content=\"Constru\u00e7\u00e3o Civil - Turismo\" \/>\n<meta property=\"og:description\" content=\"SM Raposo, Constru\u00e7\u00e3o Civil Soc. Unipessoal, Lda. (incluindo loja de materiais) Rua Ant\u00f3nio Alves de Oliveira n.\u00ba 26 9630 &#8211;\u00a0 147 Vila de Nordeste Telem: 916 943 972 Email: smraposolda@gmail.com Jos\u00e9 de Simas Moniz e Filhos, Lda. (incluindo loja de materiais) Rua Ant\u00f3nio Alves de Oliveira, 46 9630 \u2013 147 NORDESTE Tel: 296 480 000 [&hellip;]\" \/>\n<meta property=\"og:url\" content=\"https:\/\/cmnordeste.pt\/turismo\/comercio-local\/construcao-civil\/\" \/>\n<meta property=\"og:site_name\" content=\"Turismo\" \/>\n<meta property=\"article:modified_time\" content=\"2025-12-30T12:20:34+00:00\" \/>\n<meta name=\"twitter:card\" content=\"summary_large_image\" \/>\n<meta name=\"twitter:label1\" content=\"Tempo estimado de leitura\" \/>\n\t<meta name=\"twitter:data1\" content=\"1 minuto\" \/>\n<script type=\"application\/ld+json\" class=\"yoast-schema-graph\">{\"@context\":\"https:\/\/schema.org\",\"@graph\":[{\"@type\":\"WebPage\",\"@id\":\"https:\/\/cmnordeste.pt\/turismo\/comercio-local\/construcao-civil\/\",\"url\":\"https:\/\/cmnordeste.pt\/turismo\/comercio-local\/construcao-civil\/\",\"name\":\"Constru\u00e7\u00e3o Civil - Turismo\",\"isPartOf\":{\"@id\":\"https:\/\/cmnordeste.pt\/turismo\/#website\"},\"datePublished\":\"2025-12-29T15:00:42+00:00\",\"dateModified\":\"2025-12-30T12:20:34+00:00\",\"breadcrumb\":{\"@id\":\"https:\/\/cmnordeste.pt\/turismo\/comercio-local\/construcao-civil\/#breadcrumb\"},\"inLanguage\":\"pt-PT\",\"potentialAction\":[{\"@type\":\"ReadAction\",\"target\":[\"https:\/\/cmnordeste.pt\/turismo\/comercio-local\/construcao-civil\/\"]}]},{\"@type\":\"BreadcrumbList\",\"@id\":\"https:\/\/cmnordeste.pt\/turismo\/comercio-local\/construcao-civil\/#breadcrumb\",\"itemListElement\":[{\"@type\":\"ListItem\",\"position\":1,\"name\":\"In\u00edcio\",\"item\":\"https:\/\/cmnordeste.pt\/turismo\/pt\/\"},{\"@type\":\"ListItem\",\"position\":2,\"name\":\"Com\u00e9rcio local\",\"item\":\"https:\/\/cmnordeste.pt\/turismo\/comercio-local\/\"},{\"@type\":\"ListItem\",\"position\":3,\"name\":\"Constru\u00e7\u00e3o Civil\"}]},{\"@type\":\"WebSite\",\"@id\":\"https:\/\/cmnordeste.pt\/turismo\/#website\",\"url\":\"https:\/\/cmnordeste.pt\/turismo\/\",\"name\":\"Turismo\",\"description\":\"Turismo no Nordeste\",\"potentialAction\":[{\"@type\":\"SearchAction\",\"target\":{\"@type\":\"EntryPoint\",\"urlTemplate\":\"https:\/\/cmnordeste.pt\/turismo\/?s={search_term_string}\"},\"query-input\":{\"@type\":\"PropertyValueSpecification\",\"valueRequired\":true,\"valueName\":\"search_term_string\"}}],\"inLanguage\":\"pt-PT\"}]}<\/script>\n<!-- \/ Yoast SEO plugin. -->","yoast_head_json":{"title":"Constru\u00e7\u00e3o Civil - Turismo","robots":{"index":"index","follow":"follow","max-snippet":"max-snippet:-1","max-image-preview":"max-image-preview:large","max-video-preview":"max-video-preview:-1"},"canonical":"https:\/\/cmnordeste.pt\/turismo\/comercio-local\/construcao-civil\/","og_locale":"pt_PT","og_type":"article","og_title":"Constru\u00e7\u00e3o Civil - Turismo","og_description":"SM Raposo, Constru\u00e7\u00e3o Civil Soc. Unipessoal, Lda. (incluindo loja de materiais) Rua Ant\u00f3nio Alves de Oliveira n.\u00ba 26 9630 &#8211;\u00a0 147 Vila de Nordeste Telem: 916 943 972 Email: smraposolda@gmail.com Jos\u00e9 de Simas Moniz e Filhos, Lda. (incluindo loja de materiais) Rua Ant\u00f3nio Alves de Oliveira, 46 9630 \u2013 147 NORDESTE Tel: 296 480 000 [&hellip;]","og_url":"https:\/\/cmnordeste.pt\/turismo\/comercio-local\/construcao-civil\/","og_site_name":"Turismo","article_modified_time":"2025-12-30T12:20:34+00:00","twitter_card":"summary_large_image","twitter_misc":{"Tempo estimado de leitura":"1 minuto"},"schema":{"@context":"https:\/\/schema.org","@graph":[{"@type":"WebPage","@id":"https:\/\/cmnordeste.pt\/turismo\/comercio-local\/construcao-civil\/","url":"https:\/\/cmnordeste.pt\/turismo\/comercio-local\/construcao-civil\/","name":"Constru\u00e7\u00e3o Civil - Turismo","isPartOf":{"@id":"https:\/\/cmnordeste.pt\/turismo\/#website"},"datePublished":"2025-12-29T15:00:42+00:00","dateModified":"2025-12-30T12:20:34+00:00","breadcrumb":{"@id":"https:\/\/cmnordeste.pt\/turismo\/comercio-local\/construcao-civil\/#breadcrumb"},"inLanguage":"pt-PT","potentialAction":[{"@type":"ReadAction","target":["https:\/\/cmnordeste.pt\/turismo\/comercio-local\/construcao-civil\/"]}]},{"@type":"BreadcrumbList","@id":"https:\/\/cmnordeste.pt\/turismo\/comercio-local\/construcao-civil\/#breadcrumb","itemListElement":[{"@type":"ListItem","position":1,"name":"In\u00edcio","item":"https:\/\/cmnordeste.pt\/turismo\/pt\/"},{"@type":"ListItem","position":2,"name":"Com\u00e9rcio local","item":"https:\/\/cmnordeste.pt\/turismo\/comercio-local\/"},{"@type":"ListItem","position":3,"name":"Constru\u00e7\u00e3o Civil"}]},{"@type":"WebSite","@id":"https:\/\/cmnordeste.pt\/turismo\/#website","url":"https:\/\/cmnordeste.pt\/turismo\/","name":"Turismo","description":"Turismo no Nordeste","potentialAction":[{"@type":"SearchAction","target":{"@type":"EntryPoint","urlTemplate":"https:\/\/cmnordeste.pt\/turismo\/?s={search_term_string}"},"query-input":{"@type":"PropertyValueSpecification","valueRequired":true,"valueName":"search_term_string"}}],"inLanguage":"pt-PT"}]}},"_links":{"self":[{"href":"https:\/\/cmnordeste.pt\/turismo\/wp-json\/wp\/v2\/pages\/1422","targetHints":{"allow":["GET"]}}],"collection":[{"href":"https:\/\/cmnordeste.pt\/turismo\/wp-json\/wp\/v2\/pages"}],"about":[{"href":"https:\/\/cmnordeste.pt\/turismo\/wp-json\/wp\/v2\/types\/page"}],"author":[{"embeddable":true,"href":"https:\/\/cmnordeste.pt\/turismo\/wp-json\/wp\/v2\/users\/1"}],"replies":[{"embeddable":true,"href":"https:\/\/cmnordeste.pt\/turismo\/wp-json\/wp\/v2\/comments?post=1422"}],"version-history":[{"count":9,"href":"https:\/\/cmnordeste.pt\/turismo\/wp-json\/wp\/v2\/pages\/1422\/revisions"}],"predecessor-version":[{"id":8976,"href":"https:\/\/cmnordeste.pt\/turismo\/wp-json\/wp\/v2\/pages\/1422\/revisions\/8976"}],"up":[{"embeddable":true,"href":"https:\/\/cmnordeste.pt\/turismo\/wp-json\/wp\/v2\/pages\/1420"}],"wp:attachment":[{"href":"https:\/\/cmnordeste.pt\/turismo\/wp-json\/wp\/v2\/media?parent=1422"}],"curies":[{"name":"wp","href":"https:\/\/api.w.org\/{rel}","templated":true}]}}