{"id":1430,"date":"2025-12-29T16:20:29","date_gmt":"2025-12-29T16:20:29","guid":{"rendered":"https:\/\/cmnordeste.pt\/turismo\/?page_id=1430"},"modified":"2025-12-30T13:19:50","modified_gmt":"2025-12-30T13:19:50","slug":"oficinas-e-estacoes-de-servico","status":"publish","type":"page","link":"https:\/\/cmnordeste.pt\/turismo\/comercio-local\/oficinas-e-estacoes-de-servico\/","title":{"rendered":"Esta\u00e7\u00f5es de Servi\u00e7o\/ Oficinas\/ Aluguer"},"content":{"rendered":"<h4><strong>Ant\u00f3nio M. Fernandes e Filhos, Lda. (Esta\u00e7\u00e3o de Servi\u00e7o)<\/strong><\/h4>\n<p>Vila de Nordeste<br \/>\nEstrada Regional da Tronqueira<br \/>\nTel.: 296 488 253<\/p>\n<p>Hor\u00e1rio da Esta\u00e7\u00e3o de Servi\u00e7o<\/p>\n<ul>\n<li>Segunda a S\u00e1bado: 8h00 &#8211; 19h00<\/li>\n<li>Domingo: 8h00 &#8211; 12h00 e 13h00 &#8211; 19h00 <br \/>\n(Hor\u00e1rio de encerramento flex\u00edvel)<\/li>\n<\/ul>\n<h4><strong>Centro Lomba<\/strong> <strong>(oficina)<\/strong><\/h4>\n<p>Estrada Regional, Lomba da Fazenda<br \/>\n9630 Nordeste<br \/>\nTel.: 296 486 120<\/p>\n<p>&nbsp;<\/p>\n<h4><strong>Vasco Raposo Moniz (oficina)<\/strong><\/h4>\n<p>Parque Industrial, Rua do Poceir\u00e3o<\/p>\n<p>9630 Vila do Nordeste<\/p>\n<p>Tel: 960084372<\/p>\n<h4><strong>Esta\u00e7\u00e3o de Servi\u00e7o da BP<\/strong> <strong>\u2013 Loja de Conveni\u00eancia<\/strong><\/h4>\n<p>Feteira Grande, Estrada Regional N\u00ba 14<\/p>\n<p>Freguesia de Santana\u00a0<br \/>\nTel.: 910022579<br \/>\nHor\u00e1rio<\/p>\n<ul>\n<li>Segunda a S\u00e1bado: 7h00 &#8211; 20h00<\/li>\n<li>Domingo e Feriados: 8h00 &#8211; 16h00<\/li>\n<\/ul>\n<h4><strong>A\u00e7orCar Venda e Aluguer de Autom\u00f3veis<\/strong><\/h4>\n<p>Estrada Regional &#8211; Assomada\u00a0<\/p>\n<p>9630 Lomba da Fazenda<\/p>\n<p>Tel: 96 20 85 084<\/p>\n<h4><strong>Autojarrinha<\/strong> &#8211; <strong>Oficina e Venda de Autom\u00f3veis<\/strong><\/h4>\n<p>Rua do Largo do Jogo da Choca<br \/>\n9630 Vila do Nordeste <br \/>\nTel: 914 883 939<\/p>\n<h4><strong>Spazzio Car<\/strong> &#8211; <strong>Com\u00e9rcio de Ve\u00edculos Usados<\/strong><\/h4>\n<p>Rua do Ros\u00e1rio N\u00ba6 B<\/p>\n<p>9630 Vila do Nordeste<\/p>\n<p>Tel: 296 488 344 \u2013 91 21 29 342<\/p>\n<h4><strong>Armaz\u00e9ns Jacinto Pe\u00e7as de Auto<\/strong><\/h4>\n<p>Estrada Regional, Barreiros n.\u00ba 16<\/p>\n<p>9630 &#8211; 103 Lomba da Fazenda<\/p>\n<p>Tel: 296 684 100<\/p>\n<p>Email: contabilidade.armazenssjacinto@hotmail.com<\/p>\n","protected":false},"excerpt":{"rendered":"<p>Ant\u00f3nio M. Fernandes e Filhos, Lda. (Esta\u00e7\u00e3o de Servi\u00e7o) Vila de Nordeste Estrada Regional da Tronqueira Tel.: 296 488 253 Hor\u00e1rio da Esta\u00e7\u00e3o de Servi\u00e7o Segunda a S\u00e1bado: 8h00 &#8211; 19h00 Domingo: 8h00 &#8211; 12h00 e 13h00 &#8211; 19h00 (Hor\u00e1rio de encerramento flex\u00edvel) Centro Lomba (oficina) Estrada Regional, Lomba da Fazenda 9630 Nordeste Tel.: 296 [&hellip;]<\/p>\n","protected":false},"author":1,"featured_media":0,"parent":1420,"menu_order":0,"comment_status":"closed","ping_status":"closed","template":"page-servicos.php","meta":{"_acf_changed":false,"footnotes":""},"class_list":["post-1430","page","type-page","status-publish","hentry"],"acf":[],"yoast_head":"<!-- This site is optimized with the Yoast SEO plugin v27.4 - https:\/\/yoast.com\/product\/yoast-seo-wordpress\/ -->\n<title>Esta\u00e7\u00f5es de Servi\u00e7o\/ Oficinas\/ Aluguer - Turismo<\/title>\n<meta name=\"robots\" content=\"index, follow, max-snippet:-1, max-image-preview:large, max-video-preview:-1\" \/>\n<link rel=\"canonical\" href=\"https:\/\/cmnordeste.pt\/turismo\/comercio-local\/oficinas-e-estacoes-de-servico\/\" \/>\n<meta property=\"og:locale\" content=\"pt_PT\" \/>\n<meta property=\"og:type\" content=\"article\" \/>\n<meta property=\"og:title\" content=\"Esta\u00e7\u00f5es de Servi\u00e7o\/ Oficinas\/ Aluguer - Turismo\" \/>\n<meta property=\"og:description\" content=\"Ant\u00f3nio M. Fernandes e Filhos, Lda. (Esta\u00e7\u00e3o de Servi\u00e7o) Vila de Nordeste Estrada Regional da Tronqueira Tel.: 296 488 253 Hor\u00e1rio da Esta\u00e7\u00e3o de Servi\u00e7o Segunda a S\u00e1bado: 8h00 &#8211; 19h00 Domingo: 8h00 &#8211; 12h00 e 13h00 &#8211; 19h00 (Hor\u00e1rio de encerramento flex\u00edvel) Centro Lomba (oficina) Estrada Regional, Lomba da Fazenda 9630 Nordeste Tel.: 296 [&hellip;]\" \/>\n<meta property=\"og:url\" content=\"https:\/\/cmnordeste.pt\/turismo\/comercio-local\/oficinas-e-estacoes-de-servico\/\" \/>\n<meta property=\"og:site_name\" content=\"Turismo\" \/>\n<meta property=\"article:modified_time\" content=\"2025-12-30T13:19:50+00:00\" \/>\n<meta name=\"twitter:card\" content=\"summary_large_image\" \/>\n<meta name=\"twitter:label1\" content=\"Tempo estimado de leitura\" \/>\n\t<meta name=\"twitter:data1\" content=\"2 minutos\" \/>\n<script type=\"application\/ld+json\" class=\"yoast-schema-graph\">{\"@context\":\"https:\\\/\\\/schema.org\",\"@graph\":[{\"@type\":\"WebPage\",\"@id\":\"https:\\\/\\\/cmnordeste.pt\\\/turismo\\\/comercio-local\\\/oficinas-e-estacoes-de-servico\\\/\",\"url\":\"https:\\\/\\\/cmnordeste.pt\\\/turismo\\\/comercio-local\\\/oficinas-e-estacoes-de-servico\\\/\",\"name\":\"Esta\u00e7\u00f5es de Servi\u00e7o\\\/ Oficinas\\\/ Aluguer - Turismo\",\"isPartOf\":{\"@id\":\"https:\\\/\\\/cmnordeste.pt\\\/turismo\\\/#website\"},\"datePublished\":\"2025-12-29T16:20:29+00:00\",\"dateModified\":\"2025-12-30T13:19:50+00:00\",\"breadcrumb\":{\"@id\":\"https:\\\/\\\/cmnordeste.pt\\\/turismo\\\/comercio-local\\\/oficinas-e-estacoes-de-servico\\\/#breadcrumb\"},\"inLanguage\":\"pt-PT\",\"potentialAction\":[{\"@type\":\"ReadAction\",\"target\":[\"https:\\\/\\\/cmnordeste.pt\\\/turismo\\\/comercio-local\\\/oficinas-e-estacoes-de-servico\\\/\"]}]},{\"@type\":\"BreadcrumbList\",\"@id\":\"https:\\\/\\\/cmnordeste.pt\\\/turismo\\\/comercio-local\\\/oficinas-e-estacoes-de-servico\\\/#breadcrumb\",\"itemListElement\":[{\"@type\":\"ListItem\",\"position\":1,\"name\":\"In\u00edcio\",\"item\":\"https:\\\/\\\/cmnordeste.pt\\\/turismo\\\/pt\\\/\"},{\"@type\":\"ListItem\",\"position\":2,\"name\":\"Com\u00e9rcio local\",\"item\":\"https:\\\/\\\/cmnordeste.pt\\\/turismo\\\/comercio-local\\\/\"},{\"@type\":\"ListItem\",\"position\":3,\"name\":\"Esta\u00e7\u00f5es de Servi\u00e7o\\\/ Oficinas\\\/ Aluguer\"}]},{\"@type\":\"WebSite\",\"@id\":\"https:\\\/\\\/cmnordeste.pt\\\/turismo\\\/#website\",\"url\":\"https:\\\/\\\/cmnordeste.pt\\\/turismo\\\/\",\"name\":\"Turismo\",\"description\":\"Turismo no Nordeste\",\"potentialAction\":[{\"@type\":\"SearchAction\",\"target\":{\"@type\":\"EntryPoint\",\"urlTemplate\":\"https:\\\/\\\/cmnordeste.pt\\\/turismo\\\/?s={search_term_string}\"},\"query-input\":{\"@type\":\"PropertyValueSpecification\",\"valueRequired\":true,\"valueName\":\"search_term_string\"}}],\"inLanguage\":\"pt-PT\"}]}<\/script>\n<!-- \/ Yoast SEO plugin. -->","yoast_head_json":{"title":"Esta\u00e7\u00f5es de Servi\u00e7o\/ Oficinas\/ Aluguer - Turismo","robots":{"index":"index","follow":"follow","max-snippet":"max-snippet:-1","max-image-preview":"max-image-preview:large","max-video-preview":"max-video-preview:-1"},"canonical":"https:\/\/cmnordeste.pt\/turismo\/comercio-local\/oficinas-e-estacoes-de-servico\/","og_locale":"pt_PT","og_type":"article","og_title":"Esta\u00e7\u00f5es de Servi\u00e7o\/ Oficinas\/ Aluguer - Turismo","og_description":"Ant\u00f3nio M. Fernandes e Filhos, Lda. (Esta\u00e7\u00e3o de Servi\u00e7o) Vila de Nordeste Estrada Regional da Tronqueira Tel.: 296 488 253 Hor\u00e1rio da Esta\u00e7\u00e3o de Servi\u00e7o Segunda a S\u00e1bado: 8h00 &#8211; 19h00 Domingo: 8h00 &#8211; 12h00 e 13h00 &#8211; 19h00 (Hor\u00e1rio de encerramento flex\u00edvel) Centro Lomba (oficina) Estrada Regional, Lomba da Fazenda 9630 Nordeste Tel.: 296 [&hellip;]","og_url":"https:\/\/cmnordeste.pt\/turismo\/comercio-local\/oficinas-e-estacoes-de-servico\/","og_site_name":"Turismo","article_modified_time":"2025-12-30T13:19:50+00:00","twitter_card":"summary_large_image","twitter_misc":{"Tempo estimado de leitura":"2 minutos"},"schema":{"@context":"https:\/\/schema.org","@graph":[{"@type":"WebPage","@id":"https:\/\/cmnordeste.pt\/turismo\/comercio-local\/oficinas-e-estacoes-de-servico\/","url":"https:\/\/cmnordeste.pt\/turismo\/comercio-local\/oficinas-e-estacoes-de-servico\/","name":"Esta\u00e7\u00f5es de Servi\u00e7o\/ Oficinas\/ Aluguer - Turismo","isPartOf":{"@id":"https:\/\/cmnordeste.pt\/turismo\/#website"},"datePublished":"2025-12-29T16:20:29+00:00","dateModified":"2025-12-30T13:19:50+00:00","breadcrumb":{"@id":"https:\/\/cmnordeste.pt\/turismo\/comercio-local\/oficinas-e-estacoes-de-servico\/#breadcrumb"},"inLanguage":"pt-PT","potentialAction":[{"@type":"ReadAction","target":["https:\/\/cmnordeste.pt\/turismo\/comercio-local\/oficinas-e-estacoes-de-servico\/"]}]},{"@type":"BreadcrumbList","@id":"https:\/\/cmnordeste.pt\/turismo\/comercio-local\/oficinas-e-estacoes-de-servico\/#breadcrumb","itemListElement":[{"@type":"ListItem","position":1,"name":"In\u00edcio","item":"https:\/\/cmnordeste.pt\/turismo\/pt\/"},{"@type":"ListItem","position":2,"name":"Com\u00e9rcio local","item":"https:\/\/cmnordeste.pt\/turismo\/comercio-local\/"},{"@type":"ListItem","position":3,"name":"Esta\u00e7\u00f5es de Servi\u00e7o\/ Oficinas\/ Aluguer"}]},{"@type":"WebSite","@id":"https:\/\/cmnordeste.pt\/turismo\/#website","url":"https:\/\/cmnordeste.pt\/turismo\/","name":"Turismo","description":"Turismo no Nordeste","potentialAction":[{"@type":"SearchAction","target":{"@type":"EntryPoint","urlTemplate":"https:\/\/cmnordeste.pt\/turismo\/?s={search_term_string}"},"query-input":{"@type":"PropertyValueSpecification","valueRequired":true,"valueName":"search_term_string"}}],"inLanguage":"pt-PT"}]}},"_links":{"self":[{"href":"https:\/\/cmnordeste.pt\/turismo\/wp-json\/wp\/v2\/pages\/1430","targetHints":{"allow":["GET"]}}],"collection":[{"href":"https:\/\/cmnordeste.pt\/turismo\/wp-json\/wp\/v2\/pages"}],"about":[{"href":"https:\/\/cmnordeste.pt\/turismo\/wp-json\/wp\/v2\/types\/page"}],"author":[{"embeddable":true,"href":"https:\/\/cmnordeste.pt\/turismo\/wp-json\/wp\/v2\/users\/1"}],"replies":[{"embeddable":true,"href":"https:\/\/cmnordeste.pt\/turismo\/wp-json\/wp\/v2\/comments?post=1430"}],"version-history":[{"count":15,"href":"https:\/\/cmnordeste.pt\/turismo\/wp-json\/wp\/v2\/pages\/1430\/revisions"}],"predecessor-version":[{"id":8984,"href":"https:\/\/cmnordeste.pt\/turismo\/wp-json\/wp\/v2\/pages\/1430\/revisions\/8984"}],"up":[{"embeddable":true,"href":"https:\/\/cmnordeste.pt\/turismo\/wp-json\/wp\/v2\/pages\/1420"}],"wp:attachment":[{"href":"https:\/\/cmnordeste.pt\/turismo\/wp-json\/wp\/v2\/media?parent=1430"}],"curies":[{"name":"wp","href":"https:\/\/api.w.org\/{rel}","templated":true}]}}